{"id":6316,"date":"2024-04-08T12:13:32","date_gmt":"2024-04-08T15:13:32","guid":{"rendered":"https:\/\/ajimport.com.br\/?post_type=product&#038;p=6316"},"modified":"2024-04-08T12:18:30","modified_gmt":"2024-04-08T15:18:30","slug":"conjunto-mesa-com-4-cadeiras-com-textura-de-madeira","status":"publish","type":"product","link":"https:\/\/ajimport.com.br\/en\/product\/conjunto-mesa-com-4-cadeiras-com-textura-de-madeira\/","title":{"rendered":"Conjunto Mesa com 4 cadeiras com textura de madeira"},"content":{"rendered":"","protected":false},"excerpt":{"rendered":"<p>Cadeiras:<br \/>\nEstrutura: Tubo de a\u00e7o<br \/>\nAssento: Madeira Sint\u00e9tica ( PP)<\/p>\n<p>Altura do assento at\u00e9 o ch\u00e3o: 43 cm.<br \/>\nAltura total: 84 cm.<br \/>\nProfundidade: 44 cm.<br \/>\nLargura: 57 cm.<\/p>\n<p>Mesa:<br \/>\nEstrutura: Tudo de A\u00e7o<br \/>\nTampo: Madeira Sint\u00e9tica ( PP)<\/p>\n<p>Mesa:<br \/>\nProdundidade: 90 cm<br \/>\nLargura: 1,5 cm<br \/>\nAltura: 0,76 cm<\/p>","protected":false},"featured_media":6327,"comment_status":"open","ping_status":"closed","template":"","meta":[],"product_brand":[],"product_cat":[457],"product_tag":[],"e-destaque":[],"marca":[64],"class_list":{"0":"post-6316","1":"product","2":"type-product","3":"status-publish","4":"has-post-thumbnail","6":"product_cat-area-externa","7":"marca-aj-import","9":"first","10":"instock","11":"shipping-taxable","12":"purchasable","13":"product-type-simple"},"yoast_head":"<!-- This site is optimized with the Yoast SEO Premium plugin v24.7 (Yoast SEO v27.4) - https:\/\/yoast.com\/product\/yoast-seo-premium-wordpress\/ -->\n<title>Conjunto Mesa com 4 cadeiras com textura de madeira - AJ Import<\/title>\n<meta name=\"robots\" content=\"index, follow, max-snippet:-1, max-image-preview:large, max-video-preview:-1\" \/>\n<link rel=\"canonical\" href=\"https:\/\/ajimport.com.br\/en\/product\/conjunto-mesa-com-4-cadeiras-com-textura-de-madeira\/\" \/>\n<meta property=\"og:locale\" content=\"en_US\" \/>\n<meta property=\"og:type\" content=\"article\" \/>\n<meta property=\"og:title\" content=\"Conjunto Mesa com 4 cadeiras com textura de madeira\" \/>\n<meta property=\"og:description\" content=\"Cadeiras: Estrutura: Tubo de a\u00e7o Assento: Madeira Sint\u00e9tica ( PP)  Altura do assento at\u00e9 o ch\u00e3o: 43 cm. Altura total: 84 cm. Profundidade: 44 cm. Largura: 57 cm.  Mesa: Estrutura: Tudo de A\u00e7o Tampo: Madeira Sint\u00e9tica ( PP)  Mesa: Produndidade: 90 cm Largura: 1,5 cm Altura: 0,76 cm\" \/>\n<meta property=\"og:url\" content=\"https:\/\/ajimport.com.br\/en\/product\/conjunto-mesa-com-4-cadeiras-com-textura-de-madeira\/\" \/>\n<meta property=\"og:site_name\" content=\"AJ Import\" \/>\n<meta property=\"article:publisher\" content=\"https:\/\/www.facebook.com\/grupoajimport\/?locale=pt_BR\" \/>\n<meta property=\"article:modified_time\" content=\"2024-04-08T15:18:30+00:00\" \/>\n<meta property=\"og:image\" content=\"https:\/\/ajimport.com.br\/wp-content\/uploads\/2024\/04\/EXCJ288-kit.jpg\" \/>\n\t<meta property=\"og:image:width\" content=\"1000\" \/>\n\t<meta property=\"og:image:height\" content=\"1000\" \/>\n\t<meta property=\"og:image:type\" content=\"image\/jpeg\" \/>\n<meta name=\"twitter:card\" content=\"summary_large_image\" \/>\n<script type=\"application\/ld+json\" class=\"yoast-schema-graph\">{\"@context\":\"https:\\\/\\\/schema.org\",\"@graph\":[{\"@type\":\"WebPage\",\"@id\":\"https:\\\/\\\/ajimport.com.br\\\/produto\\\/conjunto-mesa-com-4-cadeiras-com-textura-de-madeira\\\/\",\"url\":\"https:\\\/\\\/ajimport.com.br\\\/produto\\\/conjunto-mesa-com-4-cadeiras-com-textura-de-madeira\\\/\",\"name\":\"Conjunto Mesa com 4 cadeiras com textura de madeira - AJ Import\",\"isPartOf\":{\"@id\":\"https:\\\/\\\/ajimport.com.br\\\/#website\"},\"primaryImageOfPage\":{\"@id\":\"https:\\\/\\\/ajimport.com.br\\\/produto\\\/conjunto-mesa-com-4-cadeiras-com-textura-de-madeira\\\/#primaryimage\"},\"image\":{\"@id\":\"https:\\\/\\\/ajimport.com.br\\\/produto\\\/conjunto-mesa-com-4-cadeiras-com-textura-de-madeira\\\/#primaryimage\"},\"thumbnailUrl\":\"https:\\\/\\\/ajimport.com.br\\\/wp-content\\\/uploads\\\/2024\\\/04\\\/EXCJ288-kit.jpg\",\"datePublished\":\"2024-04-08T15:13:32+00:00\",\"dateModified\":\"2024-04-08T15:18:30+00:00\",\"breadcrumb\":{\"@id\":\"https:\\\/\\\/ajimport.com.br\\\/produto\\\/conjunto-mesa-com-4-cadeiras-com-textura-de-madeira\\\/#breadcrumb\"},\"inLanguage\":\"en-US\",\"potentialAction\":[{\"@type\":\"ReadAction\",\"target\":[\"https:\\\/\\\/ajimport.com.br\\\/produto\\\/conjunto-mesa-com-4-cadeiras-com-textura-de-madeira\\\/\"]}]},{\"@type\":\"ImageObject\",\"inLanguage\":\"en-US\",\"@id\":\"https:\\\/\\\/ajimport.com.br\\\/produto\\\/conjunto-mesa-com-4-cadeiras-com-textura-de-madeira\\\/#primaryimage\",\"url\":\"https:\\\/\\\/ajimport.com.br\\\/wp-content\\\/uploads\\\/2024\\\/04\\\/EXCJ288-kit.jpg\",\"contentUrl\":\"https:\\\/\\\/ajimport.com.br\\\/wp-content\\\/uploads\\\/2024\\\/04\\\/EXCJ288-kit.jpg\",\"width\":1000,\"height\":1000},{\"@type\":\"BreadcrumbList\",\"@id\":\"https:\\\/\\\/ajimport.com.br\\\/produto\\\/conjunto-mesa-com-4-cadeiras-com-textura-de-madeira\\\/#breadcrumb\",\"itemListElement\":[{\"@type\":\"ListItem\",\"position\":1,\"name\":\"Home\",\"item\":\"https:\\\/\\\/ajimport.com.br\\\/\"},{\"@type\":\"ListItem\",\"position\":2,\"name\":\"Cat\u00e1logo\",\"item\":\"https:\\\/\\\/ajimport.com.br\\\/catalogo\\\/\"},{\"@type\":\"ListItem\",\"position\":3,\"name\":\"Conjunto Mesa com 4 cadeiras com textura de madeira\"}]},{\"@type\":\"WebSite\",\"@id\":\"https:\\\/\\\/ajimport.com.br\\\/#website\",\"url\":\"https:\\\/\\\/ajimport.com.br\\\/\",\"name\":\"AJ Import\",\"description\":\"A maior especialista em cadeiras  importadas do pa\u00eds.\",\"publisher\":{\"@id\":\"https:\\\/\\\/ajimport.com.br\\\/#organization\"},\"potentialAction\":[{\"@type\":\"SearchAction\",\"target\":{\"@type\":\"EntryPoint\",\"urlTemplate\":\"https:\\\/\\\/ajimport.com.br\\\/?s={search_term_string}\"},\"query-input\":{\"@type\":\"PropertyValueSpecification\",\"valueRequired\":true,\"valueName\":\"search_term_string\"}}],\"inLanguage\":\"en-US\"},{\"@type\":\"Organization\",\"@id\":\"https:\\\/\\\/ajimport.com.br\\\/#organization\",\"name\":\"Grupo AJ Import\",\"url\":\"https:\\\/\\\/ajimport.com.br\\\/\",\"logo\":{\"@type\":\"ImageObject\",\"inLanguage\":\"en-US\",\"@id\":\"https:\\\/\\\/ajimport.com.br\\\/#\\\/schema\\\/logo\\\/image\\\/\",\"url\":\"https:\\\/\\\/ajimport.com.br\\\/wp-content\\\/uploads\\\/2022\\\/10\\\/Grupo-53-1.png\",\"contentUrl\":\"https:\\\/\\\/ajimport.com.br\\\/wp-content\\\/uploads\\\/2022\\\/10\\\/Grupo-53-1.png\",\"width\":80,\"height\":64,\"caption\":\"Grupo AJ Import\"},\"image\":{\"@id\":\"https:\\\/\\\/ajimport.com.br\\\/#\\\/schema\\\/logo\\\/image\\\/\"},\"sameAs\":[\"https:\\\/\\\/www.facebook.com\\\/grupoajimport\\\/?locale=pt_BR\",\"https:\\\/\\\/www.instagram.com\\\/grupoajimport\\\/\",\"https:\\\/\\\/br.linkedin.com\\\/company\\\/grupoajimport\"]}]}<\/script>\n<!-- \/ Yoast SEO Premium plugin. -->","yoast_head_json":{"title":"Conjunto Mesa com 4 cadeiras com textura de madeira - AJ Import","robots":{"index":"index","follow":"follow","max-snippet":"max-snippet:-1","max-image-preview":"max-image-preview:large","max-video-preview":"max-video-preview:-1"},"canonical":"https:\/\/ajimport.com.br\/en\/product\/conjunto-mesa-com-4-cadeiras-com-textura-de-madeira\/","og_locale":"en_US","og_type":"article","og_title":"Conjunto Mesa com 4 cadeiras com textura de madeira","og_description":"Cadeiras: Estrutura: Tubo de a\u00e7o Assento: Madeira Sint\u00e9tica ( PP)  Altura do assento at\u00e9 o ch\u00e3o: 43 cm. Altura total: 84 cm. Profundidade: 44 cm. Largura: 57 cm.  Mesa: Estrutura: Tudo de A\u00e7o Tampo: Madeira Sint\u00e9tica ( PP)  Mesa: Produndidade: 90 cm Largura: 1,5 cm Altura: 0,76 cm","og_url":"https:\/\/ajimport.com.br\/en\/product\/conjunto-mesa-com-4-cadeiras-com-textura-de-madeira\/","og_site_name":"AJ Import","article_publisher":"https:\/\/www.facebook.com\/grupoajimport\/?locale=pt_BR","article_modified_time":"2024-04-08T15:18:30+00:00","og_image":[{"width":1000,"height":1000,"url":"https:\/\/ajimport.com.br\/wp-content\/uploads\/2024\/04\/EXCJ288-kit.jpg","type":"image\/jpeg"}],"twitter_card":"summary_large_image","schema":{"@context":"https:\/\/schema.org","@graph":[{"@type":"WebPage","@id":"https:\/\/ajimport.com.br\/produto\/conjunto-mesa-com-4-cadeiras-com-textura-de-madeira\/","url":"https:\/\/ajimport.com.br\/produto\/conjunto-mesa-com-4-cadeiras-com-textura-de-madeira\/","name":"Conjunto Mesa com 4 cadeiras com textura de madeira - AJ Import","isPartOf":{"@id":"https:\/\/ajimport.com.br\/#website"},"primaryImageOfPage":{"@id":"https:\/\/ajimport.com.br\/produto\/conjunto-mesa-com-4-cadeiras-com-textura-de-madeira\/#primaryimage"},"image":{"@id":"https:\/\/ajimport.com.br\/produto\/conjunto-mesa-com-4-cadeiras-com-textura-de-madeira\/#primaryimage"},"thumbnailUrl":"https:\/\/ajimport.com.br\/wp-content\/uploads\/2024\/04\/EXCJ288-kit.jpg","datePublished":"2024-04-08T15:13:32+00:00","dateModified":"2024-04-08T15:18:30+00:00","breadcrumb":{"@id":"https:\/\/ajimport.com.br\/produto\/conjunto-mesa-com-4-cadeiras-com-textura-de-madeira\/#breadcrumb"},"inLanguage":"en-US","potentialAction":[{"@type":"ReadAction","target":["https:\/\/ajimport.com.br\/produto\/conjunto-mesa-com-4-cadeiras-com-textura-de-madeira\/"]}]},{"@type":"ImageObject","inLanguage":"en-US","@id":"https:\/\/ajimport.com.br\/produto\/conjunto-mesa-com-4-cadeiras-com-textura-de-madeira\/#primaryimage","url":"https:\/\/ajimport.com.br\/wp-content\/uploads\/2024\/04\/EXCJ288-kit.jpg","contentUrl":"https:\/\/ajimport.com.br\/wp-content\/uploads\/2024\/04\/EXCJ288-kit.jpg","width":1000,"height":1000},{"@type":"BreadcrumbList","@id":"https:\/\/ajimport.com.br\/produto\/conjunto-mesa-com-4-cadeiras-com-textura-de-madeira\/#breadcrumb","itemListElement":[{"@type":"ListItem","position":1,"name":"Home","item":"https:\/\/ajimport.com.br\/"},{"@type":"ListItem","position":2,"name":"Cat\u00e1logo","item":"https:\/\/ajimport.com.br\/catalogo\/"},{"@type":"ListItem","position":3,"name":"Conjunto Mesa com 4 cadeiras com textura de madeira"}]},{"@type":"WebSite","@id":"https:\/\/ajimport.com.br\/#website","url":"https:\/\/ajimport.com.br\/","name":"AJ Import","description":"A maior especialista em cadeiras  importadas do pa\u00eds.","publisher":{"@id":"https:\/\/ajimport.com.br\/#organization"},"potentialAction":[{"@type":"SearchAction","target":{"@type":"EntryPoint","urlTemplate":"https:\/\/ajimport.com.br\/?s={search_term_string}"},"query-input":{"@type":"PropertyValueSpecification","valueRequired":true,"valueName":"search_term_string"}}],"inLanguage":"en-US"},{"@type":"Organization","@id":"https:\/\/ajimport.com.br\/#organization","name":"Grupo AJ Import","url":"https:\/\/ajimport.com.br\/","logo":{"@type":"ImageObject","inLanguage":"en-US","@id":"https:\/\/ajimport.com.br\/#\/schema\/logo\/image\/","url":"https:\/\/ajimport.com.br\/wp-content\/uploads\/2022\/10\/Grupo-53-1.png","contentUrl":"https:\/\/ajimport.com.br\/wp-content\/uploads\/2022\/10\/Grupo-53-1.png","width":80,"height":64,"caption":"Grupo AJ Import"},"image":{"@id":"https:\/\/ajimport.com.br\/#\/schema\/logo\/image\/"},"sameAs":["https:\/\/www.facebook.com\/grupoajimport\/?locale=pt_BR","https:\/\/www.instagram.com\/grupoajimport\/","https:\/\/br.linkedin.com\/company\/grupoajimport"]}]}},"_links":{"self":[{"href":"https:\/\/ajimport.com.br\/en\/wp-json\/wp\/v2\/product\/6316","targetHints":{"allow":["GET"]}}],"collection":[{"href":"https:\/\/ajimport.com.br\/en\/wp-json\/wp\/v2\/product"}],"about":[{"href":"https:\/\/ajimport.com.br\/en\/wp-json\/wp\/v2\/types\/product"}],"replies":[{"embeddable":true,"href":"https:\/\/ajimport.com.br\/en\/wp-json\/wp\/v2\/comments?post=6316"}],"wp:featuredmedia":[{"embeddable":true,"href":"https:\/\/ajimport.com.br\/en\/wp-json\/wp\/v2\/media\/6327"}],"wp:attachment":[{"href":"https:\/\/ajimport.com.br\/en\/wp-json\/wp\/v2\/media?parent=6316"}],"wp:term":[{"taxonomy":"product_brand","embeddable":true,"href":"https:\/\/ajimport.com.br\/en\/wp-json\/wp\/v2\/product_brand?post=6316"},{"taxonomy":"product_cat","embeddable":true,"href":"https:\/\/ajimport.com.br\/en\/wp-json\/wp\/v2\/product_cat?post=6316"},{"taxonomy":"product_tag","embeddable":true,"href":"https:\/\/ajimport.com.br\/en\/wp-json\/wp\/v2\/product_tag?post=6316"},{"taxonomy":"e-destaque","embeddable":true,"href":"https:\/\/ajimport.com.br\/en\/wp-json\/wp\/v2\/e-destaque?post=6316"},{"taxonomy":"marca","embeddable":true,"href":"https:\/\/ajimport.com.br\/en\/wp-json\/wp\/v2\/marca?post=6316"}],"curies":[{"name":"wp","href":"https:\/\/api.w.org\/{rel}","templated":true}]}}