{"id":6062,"date":"2024-03-23T20:04:13","date_gmt":"2024-03-23T23:04:13","guid":{"rendered":"https:\/\/ajimport.com.br\/?post_type=product&#038;p=6062"},"modified":"2024-12-03T08:53:03","modified_gmt":"2024-12-03T11:53:03","slug":"conjunto-de-sofa-com-poltronas-e-mesa-de-centro","status":"publish","type":"product","link":"https:\/\/ajimport.com.br\/en\/product\/conjunto-de-sofa-com-poltronas-e-mesa-de-centro\/","title":{"rendered":"Conjunto de sof\u00e1 com poltronas e mesa de centro"},"content":{"rendered":"","protected":false},"excerpt":{"rendered":"<p>Sof\u00e1 2 lugares:<br \/>\nAssento: Esponja de Alta Densidade a Prova D&#8217;agua<br \/>\nEstrutura: A\u00e7o E Madeira Pl\u00e1stica<br \/>\nComprimento: 153 cm<br \/>\nLargura: 80 cm<br \/>\nAltura Total: 73 cm<\/p>\n<p>Poltronas Individuais:<br \/>\nComprimento: 74 cm<br \/>\nLargura: 79 cm<br \/>\nAltura Total: 73 cm<\/p>\n<p>Mesa de Centro:<br \/>\nTampo: A\u00e7o Met\u00e1lico<br \/>\nComprimento: 100 cm<br \/>\nLargura: 60 cm<br \/>\nAltura Total: 44 cm<\/p>\n<p>Avisos: As medidas totais consideram as almofadas do assento.<\/p>","protected":false},"featured_media":6063,"comment_status":"open","ping_status":"closed","template":"","meta":[],"product_brand":[],"product_cat":[457],"product_tag":[],"e-destaque":[],"marca":[65],"class_list":{"0":"post-6062","1":"product","2":"type-product","3":"status-publish","4":"has-post-thumbnail","6":"product_cat-area-externa","7":"marca-futura-design","9":"first","10":"instock","11":"shipping-taxable","12":"purchasable","13":"product-type-variable"},"yoast_head":"<!-- This site is optimized with the Yoast SEO Premium plugin v24.7 (Yoast SEO v27.4) - https:\/\/yoast.com\/product\/yoast-seo-premium-wordpress\/ -->\n<title>Conjunto de sof\u00e1 com poltronas e mesa de centro - AJ Import<\/title>\n<meta name=\"robots\" content=\"index, follow, max-snippet:-1, max-image-preview:large, max-video-preview:-1\" \/>\n<link rel=\"canonical\" href=\"https:\/\/ajimport.com.br\/en\/product\/conjunto-de-sofa-com-poltronas-e-mesa-de-centro\/\" \/>\n<meta property=\"og:locale\" content=\"en_US\" \/>\n<meta property=\"og:type\" content=\"article\" \/>\n<meta property=\"og:title\" content=\"Conjunto de sof\u00e1 com poltronas e mesa de centro\" \/>\n<meta property=\"og:description\" content=\"Sof\u00e1 2 lugares: Assento: Esponja de Alta Densidade a Prova D&#039;agua Estrutura: A\u00e7o E Madeira Pl\u00e1stica Comprimento: 153 cm Largura: 80 cm Altura Total: 73 cm  Poltronas Individuais: Comprimento: 74 cm Largura: 79 cm Altura Total: 73 cm  Mesa de Centro: Tampo: A\u00e7o Met\u00e1lico Comprimento: 100 cm Largura: 60 cm Altura Total: 44 cm  Avisos: As medidas totais consideram as almofadas do assento.\" \/>\n<meta property=\"og:url\" content=\"https:\/\/ajimport.com.br\/en\/product\/conjunto-de-sofa-com-poltronas-e-mesa-de-centro\/\" \/>\n<meta property=\"og:site_name\" content=\"AJ Import\" \/>\n<meta property=\"article:publisher\" content=\"https:\/\/www.facebook.com\/grupoajimport\/?locale=pt_BR\" \/>\n<meta property=\"article:modified_time\" content=\"2024-12-03T11:53:03+00:00\" \/>\n<meta property=\"og:image\" content=\"https:\/\/ajimport.com.br\/wp-content\/uploads\/2024\/03\/kit.jpg\" \/>\n\t<meta property=\"og:image:width\" content=\"1000\" \/>\n\t<meta property=\"og:image:height\" content=\"1000\" \/>\n\t<meta property=\"og:image:type\" content=\"image\/jpeg\" \/>\n<meta name=\"twitter:card\" content=\"summary_large_image\" \/>\n<script type=\"application\/ld+json\" class=\"yoast-schema-graph\">{\"@context\":\"https:\\\/\\\/schema.org\",\"@graph\":[{\"@type\":\"WebPage\",\"@id\":\"https:\\\/\\\/ajimport.com.br\\\/en\\\/product\\\/conjunto-de-sofa-com-poltronas-e-mesa-de-centro\\\/\",\"url\":\"https:\\\/\\\/ajimport.com.br\\\/en\\\/product\\\/conjunto-de-sofa-com-poltronas-e-mesa-de-centro\\\/\",\"name\":\"Conjunto de sof\u00e1 com poltronas e mesa de centro - AJ Import\",\"isPartOf\":{\"@id\":\"https:\\\/\\\/ajimport.com.br\\\/#website\"},\"primaryImageOfPage\":{\"@id\":\"https:\\\/\\\/ajimport.com.br\\\/en\\\/product\\\/conjunto-de-sofa-com-poltronas-e-mesa-de-centro\\\/#primaryimage\"},\"image\":{\"@id\":\"https:\\\/\\\/ajimport.com.br\\\/en\\\/product\\\/conjunto-de-sofa-com-poltronas-e-mesa-de-centro\\\/#primaryimage\"},\"thumbnailUrl\":\"https:\\\/\\\/ajimport.com.br\\\/wp-content\\\/uploads\\\/2024\\\/03\\\/kit.jpg\",\"datePublished\":\"2024-03-23T23:04:13+00:00\",\"dateModified\":\"2024-12-03T11:53:03+00:00\",\"breadcrumb\":{\"@id\":\"https:\\\/\\\/ajimport.com.br\\\/en\\\/product\\\/conjunto-de-sofa-com-poltronas-e-mesa-de-centro\\\/#breadcrumb\"},\"inLanguage\":\"en-US\",\"potentialAction\":[{\"@type\":\"ReadAction\",\"target\":[\"https:\\\/\\\/ajimport.com.br\\\/en\\\/product\\\/conjunto-de-sofa-com-poltronas-e-mesa-de-centro\\\/\"]}]},{\"@type\":\"ImageObject\",\"inLanguage\":\"en-US\",\"@id\":\"https:\\\/\\\/ajimport.com.br\\\/en\\\/product\\\/conjunto-de-sofa-com-poltronas-e-mesa-de-centro\\\/#primaryimage\",\"url\":\"https:\\\/\\\/ajimport.com.br\\\/wp-content\\\/uploads\\\/2024\\\/03\\\/kit.jpg\",\"contentUrl\":\"https:\\\/\\\/ajimport.com.br\\\/wp-content\\\/uploads\\\/2024\\\/03\\\/kit.jpg\",\"width\":1000,\"height\":1000},{\"@type\":\"BreadcrumbList\",\"@id\":\"https:\\\/\\\/ajimport.com.br\\\/en\\\/product\\\/conjunto-de-sofa-com-poltronas-e-mesa-de-centro\\\/#breadcrumb\",\"itemListElement\":[{\"@type\":\"ListItem\",\"position\":1,\"name\":\"Home\",\"item\":\"https:\\\/\\\/ajimport.com.br\\\/\"},{\"@type\":\"ListItem\",\"position\":2,\"name\":\"Cat\u00e1logo\",\"item\":\"https:\\\/\\\/ajimport.com.br\\\/catalogo\\\/\"},{\"@type\":\"ListItem\",\"position\":3,\"name\":\"Conjunto de sof\u00e1 com poltronas e mesa de centro\"}]},{\"@type\":\"WebSite\",\"@id\":\"https:\\\/\\\/ajimport.com.br\\\/#website\",\"url\":\"https:\\\/\\\/ajimport.com.br\\\/\",\"name\":\"AJ Import\",\"description\":\"A maior especialista em cadeiras  importadas do pa\u00eds.\",\"publisher\":{\"@id\":\"https:\\\/\\\/ajimport.com.br\\\/#organization\"},\"potentialAction\":[{\"@type\":\"SearchAction\",\"target\":{\"@type\":\"EntryPoint\",\"urlTemplate\":\"https:\\\/\\\/ajimport.com.br\\\/?s={search_term_string}\"},\"query-input\":{\"@type\":\"PropertyValueSpecification\",\"valueRequired\":true,\"valueName\":\"search_term_string\"}}],\"inLanguage\":\"en-US\"},{\"@type\":\"Organization\",\"@id\":\"https:\\\/\\\/ajimport.com.br\\\/#organization\",\"name\":\"Grupo AJ Import\",\"url\":\"https:\\\/\\\/ajimport.com.br\\\/\",\"logo\":{\"@type\":\"ImageObject\",\"inLanguage\":\"en-US\",\"@id\":\"https:\\\/\\\/ajimport.com.br\\\/#\\\/schema\\\/logo\\\/image\\\/\",\"url\":\"https:\\\/\\\/ajimport.com.br\\\/wp-content\\\/uploads\\\/2022\\\/10\\\/Grupo-53-1.png\",\"contentUrl\":\"https:\\\/\\\/ajimport.com.br\\\/wp-content\\\/uploads\\\/2022\\\/10\\\/Grupo-53-1.png\",\"width\":80,\"height\":64,\"caption\":\"Grupo AJ Import\"},\"image\":{\"@id\":\"https:\\\/\\\/ajimport.com.br\\\/#\\\/schema\\\/logo\\\/image\\\/\"},\"sameAs\":[\"https:\\\/\\\/www.facebook.com\\\/grupoajimport\\\/?locale=pt_BR\",\"https:\\\/\\\/www.instagram.com\\\/grupoajimport\\\/\",\"https:\\\/\\\/br.linkedin.com\\\/company\\\/grupoajimport\"]}]}<\/script>\n<!-- \/ Yoast SEO Premium plugin. -->","yoast_head_json":{"title":"Conjunto de sof\u00e1 com poltronas e mesa de centro - AJ Import","robots":{"index":"index","follow":"follow","max-snippet":"max-snippet:-1","max-image-preview":"max-image-preview:large","max-video-preview":"max-video-preview:-1"},"canonical":"https:\/\/ajimport.com.br\/en\/product\/conjunto-de-sofa-com-poltronas-e-mesa-de-centro\/","og_locale":"en_US","og_type":"article","og_title":"Conjunto de sof\u00e1 com poltronas e mesa de centro","og_description":"Sof\u00e1 2 lugares: Assento: Esponja de Alta Densidade a Prova D'agua Estrutura: A\u00e7o E Madeira Pl\u00e1stica Comprimento: 153 cm Largura: 80 cm Altura Total: 73 cm  Poltronas Individuais: Comprimento: 74 cm Largura: 79 cm Altura Total: 73 cm  Mesa de Centro: Tampo: A\u00e7o Met\u00e1lico Comprimento: 100 cm Largura: 60 cm Altura Total: 44 cm  Avisos: As medidas totais consideram as almofadas do assento.","og_url":"https:\/\/ajimport.com.br\/en\/product\/conjunto-de-sofa-com-poltronas-e-mesa-de-centro\/","og_site_name":"AJ Import","article_publisher":"https:\/\/www.facebook.com\/grupoajimport\/?locale=pt_BR","article_modified_time":"2024-12-03T11:53:03+00:00","og_image":[{"width":1000,"height":1000,"url":"https:\/\/ajimport.com.br\/wp-content\/uploads\/2024\/03\/kit.jpg","type":"image\/jpeg"}],"twitter_card":"summary_large_image","schema":{"@context":"https:\/\/schema.org","@graph":[{"@type":"WebPage","@id":"https:\/\/ajimport.com.br\/en\/product\/conjunto-de-sofa-com-poltronas-e-mesa-de-centro\/","url":"https:\/\/ajimport.com.br\/en\/product\/conjunto-de-sofa-com-poltronas-e-mesa-de-centro\/","name":"Conjunto de sof\u00e1 com poltronas e mesa de centro - AJ Import","isPartOf":{"@id":"https:\/\/ajimport.com.br\/#website"},"primaryImageOfPage":{"@id":"https:\/\/ajimport.com.br\/en\/product\/conjunto-de-sofa-com-poltronas-e-mesa-de-centro\/#primaryimage"},"image":{"@id":"https:\/\/ajimport.com.br\/en\/product\/conjunto-de-sofa-com-poltronas-e-mesa-de-centro\/#primaryimage"},"thumbnailUrl":"https:\/\/ajimport.com.br\/wp-content\/uploads\/2024\/03\/kit.jpg","datePublished":"2024-03-23T23:04:13+00:00","dateModified":"2024-12-03T11:53:03+00:00","breadcrumb":{"@id":"https:\/\/ajimport.com.br\/en\/product\/conjunto-de-sofa-com-poltronas-e-mesa-de-centro\/#breadcrumb"},"inLanguage":"en-US","potentialAction":[{"@type":"ReadAction","target":["https:\/\/ajimport.com.br\/en\/product\/conjunto-de-sofa-com-poltronas-e-mesa-de-centro\/"]}]},{"@type":"ImageObject","inLanguage":"en-US","@id":"https:\/\/ajimport.com.br\/en\/product\/conjunto-de-sofa-com-poltronas-e-mesa-de-centro\/#primaryimage","url":"https:\/\/ajimport.com.br\/wp-content\/uploads\/2024\/03\/kit.jpg","contentUrl":"https:\/\/ajimport.com.br\/wp-content\/uploads\/2024\/03\/kit.jpg","width":1000,"height":1000},{"@type":"BreadcrumbList","@id":"https:\/\/ajimport.com.br\/en\/product\/conjunto-de-sofa-com-poltronas-e-mesa-de-centro\/#breadcrumb","itemListElement":[{"@type":"ListItem","position":1,"name":"Home","item":"https:\/\/ajimport.com.br\/"},{"@type":"ListItem","position":2,"name":"Cat\u00e1logo","item":"https:\/\/ajimport.com.br\/catalogo\/"},{"@type":"ListItem","position":3,"name":"Conjunto de sof\u00e1 com poltronas e mesa de centro"}]},{"@type":"WebSite","@id":"https:\/\/ajimport.com.br\/#website","url":"https:\/\/ajimport.com.br\/","name":"AJ Import","description":"A maior especialista em cadeiras  importadas do pa\u00eds.","publisher":{"@id":"https:\/\/ajimport.com.br\/#organization"},"potentialAction":[{"@type":"SearchAction","target":{"@type":"EntryPoint","urlTemplate":"https:\/\/ajimport.com.br\/?s={search_term_string}"},"query-input":{"@type":"PropertyValueSpecification","valueRequired":true,"valueName":"search_term_string"}}],"inLanguage":"en-US"},{"@type":"Organization","@id":"https:\/\/ajimport.com.br\/#organization","name":"Grupo AJ Import","url":"https:\/\/ajimport.com.br\/","logo":{"@type":"ImageObject","inLanguage":"en-US","@id":"https:\/\/ajimport.com.br\/#\/schema\/logo\/image\/","url":"https:\/\/ajimport.com.br\/wp-content\/uploads\/2022\/10\/Grupo-53-1.png","contentUrl":"https:\/\/ajimport.com.br\/wp-content\/uploads\/2022\/10\/Grupo-53-1.png","width":80,"height":64,"caption":"Grupo AJ Import"},"image":{"@id":"https:\/\/ajimport.com.br\/#\/schema\/logo\/image\/"},"sameAs":["https:\/\/www.facebook.com\/grupoajimport\/?locale=pt_BR","https:\/\/www.instagram.com\/grupoajimport\/","https:\/\/br.linkedin.com\/company\/grupoajimport"]}]}},"_links":{"self":[{"href":"https:\/\/ajimport.com.br\/en\/wp-json\/wp\/v2\/product\/6062","targetHints":{"allow":["GET"]}}],"collection":[{"href":"https:\/\/ajimport.com.br\/en\/wp-json\/wp\/v2\/product"}],"about":[{"href":"https:\/\/ajimport.com.br\/en\/wp-json\/wp\/v2\/types\/product"}],"replies":[{"embeddable":true,"href":"https:\/\/ajimport.com.br\/en\/wp-json\/wp\/v2\/comments?post=6062"}],"wp:featuredmedia":[{"embeddable":true,"href":"https:\/\/ajimport.com.br\/en\/wp-json\/wp\/v2\/media\/6063"}],"wp:attachment":[{"href":"https:\/\/ajimport.com.br\/en\/wp-json\/wp\/v2\/media?parent=6062"}],"wp:term":[{"taxonomy":"product_brand","embeddable":true,"href":"https:\/\/ajimport.com.br\/en\/wp-json\/wp\/v2\/product_brand?post=6062"},{"taxonomy":"product_cat","embeddable":true,"href":"https:\/\/ajimport.com.br\/en\/wp-json\/wp\/v2\/product_cat?post=6062"},{"taxonomy":"product_tag","embeddable":true,"href":"https:\/\/ajimport.com.br\/en\/wp-json\/wp\/v2\/product_tag?post=6062"},{"taxonomy":"e-destaque","embeddable":true,"href":"https:\/\/ajimport.com.br\/en\/wp-json\/wp\/v2\/e-destaque?post=6062"},{"taxonomy":"marca","embeddable":true,"href":"https:\/\/ajimport.com.br\/en\/wp-json\/wp\/v2\/marca?post=6062"}],"curies":[{"name":"wp","href":"https:\/\/api.w.org\/{rel}","templated":true}]}}