{"id":5675,"date":"2024-02-06T12:48:26","date_gmt":"2024-02-06T15:48:26","guid":{"rendered":"https:\/\/ajimport.com.br\/?post_type=product&#038;p=5675"},"modified":"2026-02-26T11:52:38","modified_gmt":"2026-02-26T14:52:38","slug":"banqueta-allegra-nude","status":"publish","type":"product","link":"https:\/\/ajimport.com.br\/en\/product\/banqueta-allegra-nude\/","title":{"rendered":"Banqueta Allegra Nude"},"content":{"rendered":"<p>A Banqueta Allegra \u00e9 a uni\u00e3o perfeita entre inova\u00e7\u00e3o e eleg\u00e2ncia. Com um design marcante nos apoios e encosto, essa pe\u00e7a se destaca pela est\u00e9tica contempor\u00e2nea e pelo toque sofisticado que agrega charme a qualquer ambiente. O seu visual leve e fluido transforma desde cozinhas gourmet at\u00e9 espa\u00e7os comerciais em locais mais estilosos e cheios de personalidade. Com linhas modernas e um acabamento arrojado, a banqueta vai al\u00e9m da est\u00e9tica, oferecendo tamb\u00e9m conforto e funcionalidade. Seja para compor um ambiente descontra\u00eddo ou para dar um ar mais ousado \u00e0 decora\u00e7\u00e3o, a Banqueta Allegra \u00e9 a escolha ideal.<\/p>\n<p>&nbsp;<\/p>\n<p><img decoding=\"async\" class=\"size-full wp-image-4139 alignleft\" src=\"https:\/\/ajimport.com.br\/wp-content\/uploads\/2023\/02\/Icone-Office.jpg\" sizes=\"(max-width: 70px) 100vw, 70px\" srcset=\"https:\/\/ajimport.com.br\/wp-content\/uploads\/2023\/02\/Icone-Office.jpg 70w, https:\/\/ajimport.com.br\/wp-content\/uploads\/2023\/02\/Icone-Office-12x12.jpg 12w\" alt=\"\" width=\"70\" height=\"70\" \/><\/p>\n<h2><strong>Cadeira de qualidade<\/strong><\/h2>\n<p>Produzida em <strong>polipropileno de alta resist\u00eancia<\/strong>, a Banqueta Allegra alia robustez e leveza em uma s\u00f3 pe\u00e7a, garantindo durabilidade sem abrir m\u00e3o da sofistica\u00e7\u00e3o. O seu material facilita a limpeza e manuten\u00e7\u00e3o, sendo perfeita para o uso di\u00e1rio em ambientes variados. A estrutura refor\u00e7ada foi projetada para suportar at\u00e9 <strong>120 kgs <\/strong>com uso frequente em <strong>\u00e1reas internas e externas cobertas, <\/strong>sem comprometer a estabilidade ou o conforto. Com acabamento bem trabalho e resistente a impactos, \u00e9 uma op\u00e7\u00e3o segura e pr\u00e1tica para quem valoriza design e funcionalidade. Al\u00e9m disso, sua versatilidade \u00e9 um diferencial com estilo atemporal, combina facilmente com propostas que v\u00e3o do industrial ao contempor\u00e2neo.<\/p>\n<p>&nbsp;<\/p>\n<h2><strong><img decoding=\"async\" class=\"size-full wp-image-4146 alignleft\" src=\"https:\/\/ajimport.com.br\/wp-content\/uploads\/2023\/02\/Icone-Garantia-1.jpg\" sizes=\"(max-width: 70px) 100vw, 70px\" srcset=\"https:\/\/ajimport.com.br\/wp-content\/uploads\/2023\/02\/Icone-Garantia-1.jpg 70w, https:\/\/ajimport.com.br\/wp-content\/uploads\/2023\/02\/Icone-Garantia-1-12x12.jpg 12w\" alt=\"\" width=\"70\" height=\"70\" \/>Garantia:<\/strong><\/h2>\n<p>A <strong>Banqueta Allegra Nude<\/strong><strong>\u00a0da AJ IMPORT<\/strong>\u00a0conta com 3 meses de garantia.<\/p>\n<p>&nbsp;<\/p>\n<h2><img decoding=\"async\" class=\"size-full wp-image-4141 alignleft\" src=\"https:\/\/ajimport.com.br\/wp-content\/uploads\/2023\/02\/Icone-Design-Conforto.jpg\" sizes=\"(max-width: 70px) 100vw, 70px\" srcset=\"https:\/\/ajimport.com.br\/wp-content\/uploads\/2023\/02\/Icone-Design-Conforto.jpg 70w, https:\/\/ajimport.com.br\/wp-content\/uploads\/2023\/02\/Icone-Design-Conforto-12x12.jpg 12w\" alt=\"\" width=\"70\" height=\"70\" \/><\/h2>\n<h1><strong>Conforto e Design:<\/strong><\/h1>\n<p>Mais do que uma banqueta estilosa, a Allegra \u00e9 ideal para quem busca resist\u00eancia, conforto e praticidade no dia a dia. Sua fabrica\u00e7\u00e3o em polipropileno de alta qualidade garante longevidade e \u00f3timo custo-benef\u00edcio, especialmente em ambientes comerciais como bares, cafeterias, cozinhas e \u00e1reas de conveni\u00eancia. Leve e resistente, a banqueta facilita o transporte e o armazenamento, sendo perfeita para quem busca um mobili\u00e1rio funcional, elegante e vers\u00e1til.<\/p>\n<p><img loading=\"lazy\" decoding=\"async\" class=\"alignnone wp-image-19940 size-full\" src=\"https:\/\/ajimport.com.br\/wp-content\/uploads\/2024\/02\/Foto-ambientada-das-Banquetas-Allegra-1-1.png\" alt=\"\" width=\"1200\" height=\"600\" srcset=\"https:\/\/ajimport.com.br\/wp-content\/uploads\/2024\/02\/Foto-ambientada-das-Banquetas-Allegra-1-1.png 1200w, https:\/\/ajimport.com.br\/wp-content\/uploads\/2024\/02\/Foto-ambientada-das-Banquetas-Allegra-1-1-300x150.png 300w, https:\/\/ajimport.com.br\/wp-content\/uploads\/2024\/02\/Foto-ambientada-das-Banquetas-Allegra-1-1-1024x512.png 1024w, https:\/\/ajimport.com.br\/wp-content\/uploads\/2024\/02\/Foto-ambientada-das-Banquetas-Allegra-1-1-768x384.png 768w, https:\/\/ajimport.com.br\/wp-content\/uploads\/2024\/02\/Foto-ambientada-das-Banquetas-Allegra-1-1-18x9.png 18w, https:\/\/ajimport.com.br\/wp-content\/uploads\/2024\/02\/Foto-ambientada-das-Banquetas-Allegra-1-1-600x300.png 600w\" sizes=\"(max-width: 1200px) 100vw, 1200px\" \/><\/p>\n<h2><img loading=\"lazy\" decoding=\"async\" class=\"size-full wp-image-4142 alignleft\" src=\"https:\/\/ajimport.com.br\/wp-content\/uploads\/2023\/02\/Icone-atendimento-posvenda.jpg\" sizes=\"(max-width: 70px) 100vw, 70px\" srcset=\"https:\/\/ajimport.com.br\/wp-content\/uploads\/2023\/02\/Icone-atendimento-posvenda.jpg 70w, https:\/\/ajimport.com.br\/wp-content\/uploads\/2023\/02\/Icone-atendimento-posvenda-12x12.jpg 12w\" alt=\"\" width=\"70\" height=\"70\" \/><strong>P\u00f3s-venda:<\/strong><\/h2>\n<p>A\u00a0<strong>AJ IMPORT<\/strong>\u00a0oferece um P\u00f3s-venda que realmente funciona e se preocupa com cada cliente. O nosso atendimento n\u00e3o para no momento da venda, estamos 100% focados em longas parcerias e entendemos que para isso, cada especialista comercial precisa resolver as necessidades particulares de cada cliente.<br \/>\nO nosso atendimento \u00e9 humanizado e centrado na resolu\u00e7\u00e3o de cada caso e estamos em constante processo de otimiza\u00e7\u00e3o no atendimento para melhorarmos a cada dia.<br \/>\nPode entrar em contato no WhatsApp: (11) 91755-0041, no telefone: (11) 4126-7070, ou no telefone do seu representante ou especialista comercial, caso tenha sido atendimento.<\/p>\n<p>&nbsp;<\/p>\n<h2><img loading=\"lazy\" decoding=\"async\" class=\"size-full wp-image-4143 alignleft\" src=\"https:\/\/ajimport.com.br\/wp-content\/uploads\/2023\/02\/Icone-Qualidade.jpg\" sizes=\"(max-width: 70px) 100vw, 70px\" srcset=\"https:\/\/ajimport.com.br\/wp-content\/uploads\/2023\/02\/Icone-Qualidade.jpg 70w, https:\/\/ajimport.com.br\/wp-content\/uploads\/2023\/02\/Icone-Qualidade-12x12.jpg 12w\" alt=\"\" width=\"70\" height=\"70\" \/><strong>Qualidade, Resist\u00eancia e Fabrica\u00e7\u00e3o da Banqueta Allegra Nude<\/strong><strong>.<\/strong><\/h2>\n<p>A\u00a0<strong>qualidade da AJ IMPORT<\/strong>\u00a0j\u00e1 \u00e9 reconhecida, importamos os modelos mais reconhecidos mundialmente e sempre com alta qualidade em cada pe\u00e7a para voc\u00ea.<br \/>\nEstamos no mercado h\u00e1 mais de 15 anos e estamos presentes em todo o Brasil, levando a mais alta qualidade em cada cadeira, mesa e banqueta.<br \/>\nA <strong>Banqueta Allegra Nude<\/strong><strong>\u00a0<\/strong>permite at\u00e9 120 quilos.<\/p>\n<p>&nbsp;<\/p>","protected":false},"excerpt":{"rendered":"<p>A Banqueta Allegra \u00e9 a uni\u00e3o perfeita entre inova\u00e7\u00e3o e eleg\u00e2ncia. Com um design marcante nos apoios e encosto, essa pe\u00e7a se destaca pela est\u00e9tica contempor\u00e2nea e pelo toque sofisticado que agrega charme a qualquer ambiente. O seu visual leve e fluido transforma desde cozinhas gourmet at\u00e9 espa\u00e7os comerciais em locais mais estilosos e cheios [&hellip;]<\/p>\n","protected":false},"featured_media":5677,"comment_status":"closed","ping_status":"closed","template":"","meta":[],"product_brand":[],"product_cat":[36],"product_tag":[],"e-destaque":[],"marca":[],"class_list":{"0":"post-5675","1":"product","2":"type-product","3":"status-publish","4":"has-post-thumbnail","6":"product_cat-banquetas","8":"first","9":"instock","10":"shipping-taxable","11":"purchasable","12":"product-type-simple"},"yoast_head":"<!-- This site is optimized with the Yoast SEO Premium plugin v24.7 (Yoast SEO v27.4) - https:\/\/yoast.com\/product\/yoast-seo-premium-wordpress\/ -->\n<title>Banqueta Allegra Nude - AJ Import<\/title>\n<meta name=\"robots\" content=\"index, follow, max-snippet:-1, max-image-preview:large, max-video-preview:-1\" \/>\n<link rel=\"canonical\" href=\"https:\/\/ajimport.com.br\/en\/product\/banqueta-allegra-nude\/\" \/>\n<meta property=\"og:locale\" content=\"en_US\" \/>\n<meta property=\"og:type\" content=\"article\" \/>\n<meta property=\"og:title\" content=\"Banqueta Allegra Nude\" \/>\n<meta property=\"og:description\" content=\"A Banqueta Allegra \u00e9 a uni\u00e3o perfeita entre inova\u00e7\u00e3o e eleg\u00e2ncia. Com um design marcante nos apoios e encosto, essa pe\u00e7a se destaca pela est\u00e9tica contempor\u00e2nea e pelo toque sofisticado que agrega charme a qualquer ambiente. O seu visual leve e fluido transforma desde cozinhas gourmet at\u00e9 espa\u00e7os comerciais em locais mais estilosos e cheios [&hellip;]\" \/>\n<meta property=\"og:url\" content=\"https:\/\/ajimport.com.br\/en\/product\/banqueta-allegra-nude\/\" \/>\n<meta property=\"og:site_name\" content=\"AJ Import\" \/>\n<meta property=\"article:publisher\" content=\"https:\/\/www.facebook.com\/grupoajimport\/?locale=pt_BR\" \/>\n<meta property=\"article:modified_time\" content=\"2026-02-26T14:52:38+00:00\" \/>\n<meta property=\"og:image\" content=\"https:\/\/ajimport.com.br\/wp-content\/uploads\/2024\/02\/2.jpg\" \/>\n\t<meta property=\"og:image:width\" content=\"1000\" \/>\n\t<meta property=\"og:image:height\" content=\"1000\" \/>\n\t<meta property=\"og:image:type\" content=\"image\/jpeg\" \/>\n<meta name=\"twitter:card\" content=\"summary_large_image\" \/>\n<meta name=\"twitter:label1\" content=\"Est. reading time\" \/>\n\t<meta name=\"twitter:data1\" content=\"4 minutes\" \/>\n<script type=\"application\/ld+json\" class=\"yoast-schema-graph\">{\"@context\":\"https:\\\/\\\/schema.org\",\"@graph\":[{\"@type\":\"WebPage\",\"@id\":\"https:\\\/\\\/ajimport.com.br\\\/produto\\\/banqueta-allegra-nude\\\/\",\"url\":\"https:\\\/\\\/ajimport.com.br\\\/produto\\\/banqueta-allegra-nude\\\/\",\"name\":\"Banqueta Allegra Nude - AJ Import\",\"isPartOf\":{\"@id\":\"https:\\\/\\\/ajimport.com.br\\\/#website\"},\"primaryImageOfPage\":{\"@id\":\"https:\\\/\\\/ajimport.com.br\\\/produto\\\/banqueta-allegra-nude\\\/#primaryimage\"},\"image\":{\"@id\":\"https:\\\/\\\/ajimport.com.br\\\/produto\\\/banqueta-allegra-nude\\\/#primaryimage\"},\"thumbnailUrl\":\"https:\\\/\\\/ajimport.com.br\\\/wp-content\\\/uploads\\\/2024\\\/02\\\/2.jpg\",\"datePublished\":\"2024-02-06T15:48:26+00:00\",\"dateModified\":\"2026-02-26T14:52:38+00:00\",\"breadcrumb\":{\"@id\":\"https:\\\/\\\/ajimport.com.br\\\/produto\\\/banqueta-allegra-nude\\\/#breadcrumb\"},\"inLanguage\":\"en-US\",\"potentialAction\":[{\"@type\":\"ReadAction\",\"target\":[\"https:\\\/\\\/ajimport.com.br\\\/produto\\\/banqueta-allegra-nude\\\/\"]}]},{\"@type\":\"ImageObject\",\"inLanguage\":\"en-US\",\"@id\":\"https:\\\/\\\/ajimport.com.br\\\/produto\\\/banqueta-allegra-nude\\\/#primaryimage\",\"url\":\"https:\\\/\\\/ajimport.com.br\\\/wp-content\\\/uploads\\\/2024\\\/02\\\/2.jpg\",\"contentUrl\":\"https:\\\/\\\/ajimport.com.br\\\/wp-content\\\/uploads\\\/2024\\\/02\\\/2.jpg\",\"width\":1000,\"height\":1000},{\"@type\":\"BreadcrumbList\",\"@id\":\"https:\\\/\\\/ajimport.com.br\\\/produto\\\/banqueta-allegra-nude\\\/#breadcrumb\",\"itemListElement\":[{\"@type\":\"ListItem\",\"position\":1,\"name\":\"Home\",\"item\":\"https:\\\/\\\/ajimport.com.br\\\/\"},{\"@type\":\"ListItem\",\"position\":2,\"name\":\"Cat\u00e1logo\",\"item\":\"https:\\\/\\\/ajimport.com.br\\\/catalogo\\\/\"},{\"@type\":\"ListItem\",\"position\":3,\"name\":\"Banqueta Allegra Nude\"}]},{\"@type\":\"WebSite\",\"@id\":\"https:\\\/\\\/ajimport.com.br\\\/#website\",\"url\":\"https:\\\/\\\/ajimport.com.br\\\/\",\"name\":\"AJ Import\",\"description\":\"A maior especialista em cadeiras  importadas do pa\u00eds.\",\"publisher\":{\"@id\":\"https:\\\/\\\/ajimport.com.br\\\/#organization\"},\"potentialAction\":[{\"@type\":\"SearchAction\",\"target\":{\"@type\":\"EntryPoint\",\"urlTemplate\":\"https:\\\/\\\/ajimport.com.br\\\/?s={search_term_string}\"},\"query-input\":{\"@type\":\"PropertyValueSpecification\",\"valueRequired\":true,\"valueName\":\"search_term_string\"}}],\"inLanguage\":\"en-US\"},{\"@type\":\"Organization\",\"@id\":\"https:\\\/\\\/ajimport.com.br\\\/#organization\",\"name\":\"Grupo AJ Import\",\"url\":\"https:\\\/\\\/ajimport.com.br\\\/\",\"logo\":{\"@type\":\"ImageObject\",\"inLanguage\":\"en-US\",\"@id\":\"https:\\\/\\\/ajimport.com.br\\\/#\\\/schema\\\/logo\\\/image\\\/\",\"url\":\"https:\\\/\\\/ajimport.com.br\\\/wp-content\\\/uploads\\\/2022\\\/10\\\/Grupo-53-1.png\",\"contentUrl\":\"https:\\\/\\\/ajimport.com.br\\\/wp-content\\\/uploads\\\/2022\\\/10\\\/Grupo-53-1.png\",\"width\":80,\"height\":64,\"caption\":\"Grupo AJ Import\"},\"image\":{\"@id\":\"https:\\\/\\\/ajimport.com.br\\\/#\\\/schema\\\/logo\\\/image\\\/\"},\"sameAs\":[\"https:\\\/\\\/www.facebook.com\\\/grupoajimport\\\/?locale=pt_BR\",\"https:\\\/\\\/www.instagram.com\\\/grupoajimport\\\/\",\"https:\\\/\\\/br.linkedin.com\\\/company\\\/grupoajimport\"]}]}<\/script>\n<!-- \/ Yoast SEO Premium plugin. -->","yoast_head_json":{"title":"Banqueta Allegra Nude - AJ Import","robots":{"index":"index","follow":"follow","max-snippet":"max-snippet:-1","max-image-preview":"max-image-preview:large","max-video-preview":"max-video-preview:-1"},"canonical":"https:\/\/ajimport.com.br\/en\/product\/banqueta-allegra-nude\/","og_locale":"en_US","og_type":"article","og_title":"Banqueta Allegra Nude","og_description":"A Banqueta Allegra \u00e9 a uni\u00e3o perfeita entre inova\u00e7\u00e3o e eleg\u00e2ncia. Com um design marcante nos apoios e encosto, essa pe\u00e7a se destaca pela est\u00e9tica contempor\u00e2nea e pelo toque sofisticado que agrega charme a qualquer ambiente. O seu visual leve e fluido transforma desde cozinhas gourmet at\u00e9 espa\u00e7os comerciais em locais mais estilosos e cheios [&hellip;]","og_url":"https:\/\/ajimport.com.br\/en\/product\/banqueta-allegra-nude\/","og_site_name":"AJ Import","article_publisher":"https:\/\/www.facebook.com\/grupoajimport\/?locale=pt_BR","article_modified_time":"2026-02-26T14:52:38+00:00","og_image":[{"width":1000,"height":1000,"url":"https:\/\/ajimport.com.br\/wp-content\/uploads\/2024\/02\/2.jpg","type":"image\/jpeg"}],"twitter_card":"summary_large_image","twitter_misc":{"Est. reading time":"4 minutes"},"schema":{"@context":"https:\/\/schema.org","@graph":[{"@type":"WebPage","@id":"https:\/\/ajimport.com.br\/produto\/banqueta-allegra-nude\/","url":"https:\/\/ajimport.com.br\/produto\/banqueta-allegra-nude\/","name":"Banqueta Allegra Nude - AJ Import","isPartOf":{"@id":"https:\/\/ajimport.com.br\/#website"},"primaryImageOfPage":{"@id":"https:\/\/ajimport.com.br\/produto\/banqueta-allegra-nude\/#primaryimage"},"image":{"@id":"https:\/\/ajimport.com.br\/produto\/banqueta-allegra-nude\/#primaryimage"},"thumbnailUrl":"https:\/\/ajimport.com.br\/wp-content\/uploads\/2024\/02\/2.jpg","datePublished":"2024-02-06T15:48:26+00:00","dateModified":"2026-02-26T14:52:38+00:00","breadcrumb":{"@id":"https:\/\/ajimport.com.br\/produto\/banqueta-allegra-nude\/#breadcrumb"},"inLanguage":"en-US","potentialAction":[{"@type":"ReadAction","target":["https:\/\/ajimport.com.br\/produto\/banqueta-allegra-nude\/"]}]},{"@type":"ImageObject","inLanguage":"en-US","@id":"https:\/\/ajimport.com.br\/produto\/banqueta-allegra-nude\/#primaryimage","url":"https:\/\/ajimport.com.br\/wp-content\/uploads\/2024\/02\/2.jpg","contentUrl":"https:\/\/ajimport.com.br\/wp-content\/uploads\/2024\/02\/2.jpg","width":1000,"height":1000},{"@type":"BreadcrumbList","@id":"https:\/\/ajimport.com.br\/produto\/banqueta-allegra-nude\/#breadcrumb","itemListElement":[{"@type":"ListItem","position":1,"name":"Home","item":"https:\/\/ajimport.com.br\/"},{"@type":"ListItem","position":2,"name":"Cat\u00e1logo","item":"https:\/\/ajimport.com.br\/catalogo\/"},{"@type":"ListItem","position":3,"name":"Banqueta Allegra Nude"}]},{"@type":"WebSite","@id":"https:\/\/ajimport.com.br\/#website","url":"https:\/\/ajimport.com.br\/","name":"AJ Import","description":"A maior especialista em cadeiras  importadas do pa\u00eds.","publisher":{"@id":"https:\/\/ajimport.com.br\/#organization"},"potentialAction":[{"@type":"SearchAction","target":{"@type":"EntryPoint","urlTemplate":"https:\/\/ajimport.com.br\/?s={search_term_string}"},"query-input":{"@type":"PropertyValueSpecification","valueRequired":true,"valueName":"search_term_string"}}],"inLanguage":"en-US"},{"@type":"Organization","@id":"https:\/\/ajimport.com.br\/#organization","name":"Grupo AJ Import","url":"https:\/\/ajimport.com.br\/","logo":{"@type":"ImageObject","inLanguage":"en-US","@id":"https:\/\/ajimport.com.br\/#\/schema\/logo\/image\/","url":"https:\/\/ajimport.com.br\/wp-content\/uploads\/2022\/10\/Grupo-53-1.png","contentUrl":"https:\/\/ajimport.com.br\/wp-content\/uploads\/2022\/10\/Grupo-53-1.png","width":80,"height":64,"caption":"Grupo AJ Import"},"image":{"@id":"https:\/\/ajimport.com.br\/#\/schema\/logo\/image\/"},"sameAs":["https:\/\/www.facebook.com\/grupoajimport\/?locale=pt_BR","https:\/\/www.instagram.com\/grupoajimport\/","https:\/\/br.linkedin.com\/company\/grupoajimport"]}]}},"_links":{"self":[{"href":"https:\/\/ajimport.com.br\/en\/wp-json\/wp\/v2\/product\/5675","targetHints":{"allow":["GET"]}}],"collection":[{"href":"https:\/\/ajimport.com.br\/en\/wp-json\/wp\/v2\/product"}],"about":[{"href":"https:\/\/ajimport.com.br\/en\/wp-json\/wp\/v2\/types\/product"}],"replies":[{"embeddable":true,"href":"https:\/\/ajimport.com.br\/en\/wp-json\/wp\/v2\/comments?post=5675"}],"wp:featuredmedia":[{"embeddable":true,"href":"https:\/\/ajimport.com.br\/en\/wp-json\/wp\/v2\/media\/5677"}],"wp:attachment":[{"href":"https:\/\/ajimport.com.br\/en\/wp-json\/wp\/v2\/media?parent=5675"}],"wp:term":[{"taxonomy":"product_brand","embeddable":true,"href":"https:\/\/ajimport.com.br\/en\/wp-json\/wp\/v2\/product_brand?post=5675"},{"taxonomy":"product_cat","embeddable":true,"href":"https:\/\/ajimport.com.br\/en\/wp-json\/wp\/v2\/product_cat?post=5675"},{"taxonomy":"product_tag","embeddable":true,"href":"https:\/\/ajimport.com.br\/en\/wp-json\/wp\/v2\/product_tag?post=5675"},{"taxonomy":"e-destaque","embeddable":true,"href":"https:\/\/ajimport.com.br\/en\/wp-json\/wp\/v2\/e-destaque?post=5675"},{"taxonomy":"marca","embeddable":true,"href":"https:\/\/ajimport.com.br\/en\/wp-json\/wp\/v2\/marca?post=5675"}],"curies":[{"name":"wp","href":"https:\/\/api.w.org\/{rel}","templated":true}]}}