{"id":4715,"date":"2023-04-25T15:39:36","date_gmt":"2023-04-25T18:39:36","guid":{"rendered":"https:\/\/ajimport.com.br\/?post_type=product&#038;p=4715"},"modified":"2025-10-31T16:06:45","modified_gmt":"2025-10-31T19:06:45","slug":"cadeira-auditorio","status":"publish","type":"product","link":"https:\/\/ajimport.com.br\/en\/product\/cadeira-auditorio\/","title":{"rendered":"Cadeira Audit\u00f3rio"},"content":{"rendered":"<p>As cadeiras de audit\u00f3rio s\u00e3o um item essencial em locais p\u00fablicos e privados, desde salas de confer\u00eancia at\u00e9 teatros e cinemas. A escolha da cadeira certa pode ter um grande impacto na experi\u00eancia do usu\u00e1rio, na efic\u00e1cia do espa\u00e7o e com a <strong>Cadeira Audit\u00f3rio da AJ Import, <\/strong>o<strong> conforto <\/strong>\u00e9 garantido por longas horas.<\/p>\n<p>&nbsp;<\/p>\n<p><img decoding=\"async\" class=\"size-full wp-image-4139 alignleft\" src=\"https:\/\/ajimport.com.br\/wp-content\/uploads\/2023\/02\/Icone-Office.jpg\" sizes=\"(max-width: 70px) 100vw, 70px\" srcset=\"https:\/\/ajimport.com.br\/wp-content\/uploads\/2023\/02\/Icone-Office.jpg 70w, https:\/\/ajimport.com.br\/wp-content\/uploads\/2023\/02\/Icone-Office-12x12.jpg 12w\" alt=\"\" width=\"70\" height=\"70\" \/><\/p>\n<h1><strong>Cadeira de qualidade<\/strong><\/h1>\n<p>Com uma estrutura robusta, a cadeira Audit\u00f3rio foi projetada para suportar o uso constante em ambientes como templos, igrejas, audit\u00f3rios, salas de confer\u00eancias e eventos corporativos. Sua base em a\u00e7o pintado garante durabilidade e resist\u00eancia, enquanto o design funcional proporciona conforto adequado para longas horas de uso, sem comprometer a praticidade. Ela \u00e9 uma excelente escolha para quem busca organiza\u00e7\u00e3o e efici\u00eancia, pois conta com prote\u00e7\u00f5es de borracha que evitam atritos e arranh\u00f5es ao empilhar as cadeiras. Essa caracter\u00edstica permite empilhar e armazenar as cadeiras com seguran\u00e7a e praticidade, preservando sua estrutura e acabamento.<\/p>\n<p>&nbsp;<\/p>\n<h1><strong><img decoding=\"async\" class=\"size-full wp-image-4146 alignleft\" src=\"https:\/\/ajimport.com.br\/wp-content\/uploads\/2023\/02\/Icone-Garantia-1.jpg\" alt=\"\" width=\"70\" height=\"70\" srcset=\"https:\/\/ajimport.com.br\/wp-content\/uploads\/2023\/02\/Icone-Garantia-1.jpg 70w, https:\/\/ajimport.com.br\/wp-content\/uploads\/2023\/02\/Icone-Garantia-1-12x12.jpg 12w\" sizes=\"(max-width: 70px) 100vw, 70px\" \/>Garantia:<\/strong><\/h1>\n<p>A <strong>Cadeira Audit\u00f3rio da AJ Import<\/strong> conta com 3 meses de garantia.<\/p>\n<p>&nbsp;<\/p>\n<h1><img decoding=\"async\" class=\"size-full wp-image-4141 alignleft\" src=\"https:\/\/ajimport.com.br\/wp-content\/uploads\/2023\/02\/Icone-Design-Conforto.jpg\" alt=\"\" width=\"70\" height=\"70\" srcset=\"https:\/\/ajimport.com.br\/wp-content\/uploads\/2023\/02\/Icone-Design-Conforto.jpg 70w, https:\/\/ajimport.com.br\/wp-content\/uploads\/2023\/02\/Icone-Design-Conforto-12x12.jpg 12w\" sizes=\"(max-width: 70px) 100vw, 70px\" \/><\/h1>\n<h1><strong>Conforto e Design:<\/strong><\/h1>\n<p>O conforto e o design s\u00e3o fatores extremamente importantes para cadeiras de audit\u00f3rio por v\u00e1rios motivos.<br \/>\nEm primeiro lugar, o <strong>conforto \u00e9 crucial<\/strong> para garantir que os espectadores possam assistir a um evento por longos per\u00edodos sem sentir desconforto ou dor, e a nossa <strong>Cadeira Audit\u00f3rio <\/strong>conta com um assento super macio, com uma acolchoado visivelmente grande e robusto, com \u00f3tima densidade. Cadeiras desconfort\u00e1veis podem prejudicar a experi\u00eancia do espectador, levando a distra\u00e7\u00f5es e desconforto f\u00edsico. Isso pode afetar a percep\u00e7\u00e3o do p\u00fablico sobre o evento, reduzindo a probabilidade de que eles desejem retornar no futuro. Al\u00e9m disso, o design \u00e9 fundamental para criar uma experi\u00eancia agrad\u00e1vel e envolvente para o p\u00fablico e a <strong>Cadeira Audit\u00f3rio da AJ Import <\/strong>conta com o cl\u00e1ssico design para audit\u00f3rios, mas com os detalhes no acabamento que s\u00f3 a AJ Importe tem.<\/p>\n<p>&nbsp;<\/p>\n<p><img loading=\"lazy\" decoding=\"async\" class=\"alignnone wp-image-19510 size-full\" src=\"https:\/\/ajimport.com.br\/wp-content\/uploads\/2023\/04\/Foto-Ambientada-da-cadeira-auditorio.png\" alt=\"\" width=\"1200\" height=\"600\" srcset=\"https:\/\/ajimport.com.br\/wp-content\/uploads\/2023\/04\/Foto-Ambientada-da-cadeira-auditorio.png 1200w, https:\/\/ajimport.com.br\/wp-content\/uploads\/2023\/04\/Foto-Ambientada-da-cadeira-auditorio-300x150.png 300w, https:\/\/ajimport.com.br\/wp-content\/uploads\/2023\/04\/Foto-Ambientada-da-cadeira-auditorio-1024x512.png 1024w, https:\/\/ajimport.com.br\/wp-content\/uploads\/2023\/04\/Foto-Ambientada-da-cadeira-auditorio-768x384.png 768w, https:\/\/ajimport.com.br\/wp-content\/uploads\/2023\/04\/Foto-Ambientada-da-cadeira-auditorio-18x9.png 18w, https:\/\/ajimport.com.br\/wp-content\/uploads\/2023\/04\/Foto-Ambientada-da-cadeira-auditorio-600x300.png 600w\" sizes=\"(max-width: 1200px) 100vw, 1200px\" \/><\/p>\n<h1><\/h1>\n<h1><img loading=\"lazy\" decoding=\"async\" class=\"size-full wp-image-4142 alignleft\" src=\"https:\/\/ajimport.com.br\/wp-content\/uploads\/2023\/02\/Icone-atendimento-posvenda.jpg\" alt=\"\" width=\"70\" height=\"70\" srcset=\"https:\/\/ajimport.com.br\/wp-content\/uploads\/2023\/02\/Icone-atendimento-posvenda.jpg 70w, https:\/\/ajimport.com.br\/wp-content\/uploads\/2023\/02\/Icone-atendimento-posvenda-12x12.jpg 12w\" sizes=\"(max-width: 70px) 100vw, 70px\" \/><strong>P\u00f3s-venda:<\/strong><\/h1>\n<p>A AJ Import oferece um P\u00f3s-venda que realmente funciona e se preocupa com cada cliente.\u00a0 O nosso atendimento n\u00e3o para no momento da venda, estamos 100% focados em longas parcerias e entendemos que para isso, cada especialista comercial precisa resolver as necessidades particulares de cada cliente.<br \/>\nNosso atendimento \u00e9 humanizado e centrado na resolu\u00e7\u00e3o de cada caso e estamos em constante processo de otimiza\u00e7\u00e3o no atendimento para melhorarmos a cada dia.<br \/>\nPode entrar em contato no WhatsApp: (11) 9 21267544, no telefone: (11) 4126-7070, ou no telefone do seu representante ou especialista comercial, caso tenha sido atendimento.<\/p>\n<p>&nbsp;<\/p>\n<p>&nbsp;<\/p>\n<h1><img loading=\"lazy\" decoding=\"async\" class=\"size-full wp-image-4143 alignleft\" src=\"https:\/\/ajimport.com.br\/wp-content\/uploads\/2023\/02\/Icone-Qualidade.jpg\" alt=\"\" width=\"70\" height=\"70\" srcset=\"https:\/\/ajimport.com.br\/wp-content\/uploads\/2023\/02\/Icone-Qualidade.jpg 70w, https:\/\/ajimport.com.br\/wp-content\/uploads\/2023\/02\/Icone-Qualidade-12x12.jpg 12w\" sizes=\"(max-width: 70px) 100vw, 70px\" \/><strong>Qualidade, Resist\u00eancia e Fabrica\u00e7\u00e3o da Cadeira Audit\u00f3rio.<\/strong><\/h1>\n<p>A <strong>qualidade da AJ Import<\/strong> j\u00e1 \u00e9 reconhecida, importamos os modelos mais reconhecidos mundialmente e sempre com alta qualidade em cada pe\u00e7a para voc\u00ea.<br \/>\nEstamos no mercado h\u00e1 mais de 14 anos e estamos presentes em todo o Brasil, levando a mais alta qualidade em cada cadeira, mesa e banqueta.<br \/>\nA <strong>Cadeira Audit\u00f3rio<\/strong> permite at\u00e9 130 quilos.<\/p>\n<p>&nbsp;<\/p>","protected":false},"excerpt":{"rendered":"<p>As cadeiras de audit\u00f3rio s\u00e3o um item essencial em locais p\u00fablicos e privados, desde salas de confer\u00eancia at\u00e9 teatros e cinemas. A escolha da cadeira certa pode ter um grande impacto na experi\u00eancia do usu\u00e1rio, na efic\u00e1cia do espa\u00e7o e com a Cadeira Audit\u00f3rio da AJ Import, o conforto \u00e9 garantido por longas horas. &nbsp; [&hellip;]<\/p>\n","protected":false},"featured_media":19384,"comment_status":"open","ping_status":"closed","template":"","meta":[],"product_brand":[],"product_cat":[20],"product_tag":[],"e-destaque":[],"marca":[64],"class_list":{"0":"post-4715","1":"product","2":"type-product","3":"status-publish","4":"has-post-thumbnail","6":"product_cat-office","7":"marca-aj-import","9":"first","10":"instock","11":"shipping-taxable","12":"purchasable","13":"product-type-simple"},"yoast_head":"<!-- This site is optimized with the Yoast SEO Premium plugin v24.7 (Yoast SEO v27.5) - https:\/\/yoast.com\/product\/yoast-seo-premium-wordpress\/ -->\n<title>Cadeira Audit\u00f3rio - AJ Import<\/title>\n<meta name=\"robots\" content=\"index, follow, max-snippet:-1, max-image-preview:large, max-video-preview:-1\" \/>\n<link rel=\"canonical\" href=\"https:\/\/ajimport.com.br\/en\/product\/cadeira-auditorio\/\" \/>\n<meta property=\"og:locale\" content=\"en_US\" \/>\n<meta property=\"og:type\" content=\"article\" \/>\n<meta property=\"og:title\" content=\"Cadeira Audit\u00f3rio\" \/>\n<meta property=\"og:description\" content=\"As cadeiras de audit\u00f3rio s\u00e3o um item essencial em locais p\u00fablicos e privados, desde salas de confer\u00eancia at\u00e9 teatros e cinemas. A escolha da cadeira certa pode ter um grande impacto na experi\u00eancia do usu\u00e1rio, na efic\u00e1cia do espa\u00e7o e com a Cadeira Audit\u00f3rio da AJ Import, o conforto \u00e9 garantido por longas horas. &nbsp; [&hellip;]\" \/>\n<meta property=\"og:url\" content=\"https:\/\/ajimport.com.br\/en\/product\/cadeira-auditorio\/\" \/>\n<meta property=\"og:site_name\" content=\"AJ Import\" \/>\n<meta property=\"article:publisher\" content=\"https:\/\/www.facebook.com\/grupoajimport\/?locale=pt_BR\" \/>\n<meta property=\"article:modified_time\" content=\"2025-10-31T19:06:45+00:00\" \/>\n<meta property=\"og:image\" content=\"https:\/\/ajimport.com.br\/wp-content\/uploads\/2023\/04\/2-3-1.jpg\" \/>\n\t<meta property=\"og:image:width\" content=\"1000\" \/>\n\t<meta property=\"og:image:height\" content=\"1000\" \/>\n\t<meta property=\"og:image:type\" content=\"image\/jpeg\" \/>\n<meta name=\"twitter:card\" content=\"summary_large_image\" \/>\n<meta name=\"twitter:label1\" content=\"Est. reading time\" \/>\n\t<meta name=\"twitter:data1\" content=\"4 minutes\" \/>\n<script type=\"application\/ld+json\" class=\"yoast-schema-graph\">{\"@context\":\"https:\\\/\\\/schema.org\",\"@graph\":[{\"@type\":\"WebPage\",\"@id\":\"https:\\\/\\\/ajimport.com.br\\\/produto\\\/cadeira-auditorio\\\/\",\"url\":\"https:\\\/\\\/ajimport.com.br\\\/produto\\\/cadeira-auditorio\\\/\",\"name\":\"Cadeira Audit\u00f3rio - AJ Import\",\"isPartOf\":{\"@id\":\"https:\\\/\\\/ajimport.com.br\\\/#website\"},\"primaryImageOfPage\":{\"@id\":\"https:\\\/\\\/ajimport.com.br\\\/produto\\\/cadeira-auditorio\\\/#primaryimage\"},\"image\":{\"@id\":\"https:\\\/\\\/ajimport.com.br\\\/produto\\\/cadeira-auditorio\\\/#primaryimage\"},\"thumbnailUrl\":\"https:\\\/\\\/ajimport.com.br\\\/wp-content\\\/uploads\\\/2023\\\/04\\\/2-3-1.jpg\",\"datePublished\":\"2023-04-25T18:39:36+00:00\",\"dateModified\":\"2025-10-31T19:06:45+00:00\",\"breadcrumb\":{\"@id\":\"https:\\\/\\\/ajimport.com.br\\\/produto\\\/cadeira-auditorio\\\/#breadcrumb\"},\"inLanguage\":\"en-US\",\"potentialAction\":[{\"@type\":\"ReadAction\",\"target\":[\"https:\\\/\\\/ajimport.com.br\\\/produto\\\/cadeira-auditorio\\\/\"]}]},{\"@type\":\"ImageObject\",\"inLanguage\":\"en-US\",\"@id\":\"https:\\\/\\\/ajimport.com.br\\\/produto\\\/cadeira-auditorio\\\/#primaryimage\",\"url\":\"https:\\\/\\\/ajimport.com.br\\\/wp-content\\\/uploads\\\/2023\\\/04\\\/2-3-1.jpg\",\"contentUrl\":\"https:\\\/\\\/ajimport.com.br\\\/wp-content\\\/uploads\\\/2023\\\/04\\\/2-3-1.jpg\",\"width\":1000,\"height\":1000},{\"@type\":\"BreadcrumbList\",\"@id\":\"https:\\\/\\\/ajimport.com.br\\\/produto\\\/cadeira-auditorio\\\/#breadcrumb\",\"itemListElement\":[{\"@type\":\"ListItem\",\"position\":1,\"name\":\"Home\",\"item\":\"https:\\\/\\\/ajimport.com.br\\\/\"},{\"@type\":\"ListItem\",\"position\":2,\"name\":\"Cat\u00e1logo\",\"item\":\"https:\\\/\\\/ajimport.com.br\\\/catalogo\\\/\"},{\"@type\":\"ListItem\",\"position\":3,\"name\":\"Cadeira Audit\u00f3rio\"}]},{\"@type\":\"WebSite\",\"@id\":\"https:\\\/\\\/ajimport.com.br\\\/#website\",\"url\":\"https:\\\/\\\/ajimport.com.br\\\/\",\"name\":\"AJ Import\",\"description\":\"A maior especialista em cadeiras  importadas do pa\u00eds.\",\"publisher\":{\"@id\":\"https:\\\/\\\/ajimport.com.br\\\/#organization\"},\"potentialAction\":[{\"@type\":\"SearchAction\",\"target\":{\"@type\":\"EntryPoint\",\"urlTemplate\":\"https:\\\/\\\/ajimport.com.br\\\/?s={search_term_string}\"},\"query-input\":{\"@type\":\"PropertyValueSpecification\",\"valueRequired\":true,\"valueName\":\"search_term_string\"}}],\"inLanguage\":\"en-US\"},{\"@type\":\"Organization\",\"@id\":\"https:\\\/\\\/ajimport.com.br\\\/#organization\",\"name\":\"Grupo AJ Import\",\"url\":\"https:\\\/\\\/ajimport.com.br\\\/\",\"logo\":{\"@type\":\"ImageObject\",\"inLanguage\":\"en-US\",\"@id\":\"https:\\\/\\\/ajimport.com.br\\\/#\\\/schema\\\/logo\\\/image\\\/\",\"url\":\"https:\\\/\\\/ajimport.com.br\\\/wp-content\\\/uploads\\\/2022\\\/10\\\/Grupo-53-1.png\",\"contentUrl\":\"https:\\\/\\\/ajimport.com.br\\\/wp-content\\\/uploads\\\/2022\\\/10\\\/Grupo-53-1.png\",\"width\":80,\"height\":64,\"caption\":\"Grupo AJ Import\"},\"image\":{\"@id\":\"https:\\\/\\\/ajimport.com.br\\\/#\\\/schema\\\/logo\\\/image\\\/\"},\"sameAs\":[\"https:\\\/\\\/www.facebook.com\\\/grupoajimport\\\/?locale=pt_BR\",\"https:\\\/\\\/www.instagram.com\\\/grupoajimport\\\/\",\"https:\\\/\\\/br.linkedin.com\\\/company\\\/grupoajimport\"]}]}<\/script>\n<!-- \/ Yoast SEO Premium plugin. -->","yoast_head_json":{"title":"Cadeira Audit\u00f3rio - AJ Import","robots":{"index":"index","follow":"follow","max-snippet":"max-snippet:-1","max-image-preview":"max-image-preview:large","max-video-preview":"max-video-preview:-1"},"canonical":"https:\/\/ajimport.com.br\/en\/product\/cadeira-auditorio\/","og_locale":"en_US","og_type":"article","og_title":"Cadeira Audit\u00f3rio","og_description":"As cadeiras de audit\u00f3rio s\u00e3o um item essencial em locais p\u00fablicos e privados, desde salas de confer\u00eancia at\u00e9 teatros e cinemas. A escolha da cadeira certa pode ter um grande impacto na experi\u00eancia do usu\u00e1rio, na efic\u00e1cia do espa\u00e7o e com a Cadeira Audit\u00f3rio da AJ Import, o conforto \u00e9 garantido por longas horas. &nbsp; [&hellip;]","og_url":"https:\/\/ajimport.com.br\/en\/product\/cadeira-auditorio\/","og_site_name":"AJ Import","article_publisher":"https:\/\/www.facebook.com\/grupoajimport\/?locale=pt_BR","article_modified_time":"2025-10-31T19:06:45+00:00","og_image":[{"width":1000,"height":1000,"url":"https:\/\/ajimport.com.br\/wp-content\/uploads\/2023\/04\/2-3-1.jpg","type":"image\/jpeg"}],"twitter_card":"summary_large_image","twitter_misc":{"Est. reading time":"4 minutes"},"schema":{"@context":"https:\/\/schema.org","@graph":[{"@type":"WebPage","@id":"https:\/\/ajimport.com.br\/produto\/cadeira-auditorio\/","url":"https:\/\/ajimport.com.br\/produto\/cadeira-auditorio\/","name":"Cadeira Audit\u00f3rio - AJ Import","isPartOf":{"@id":"https:\/\/ajimport.com.br\/#website"},"primaryImageOfPage":{"@id":"https:\/\/ajimport.com.br\/produto\/cadeira-auditorio\/#primaryimage"},"image":{"@id":"https:\/\/ajimport.com.br\/produto\/cadeira-auditorio\/#primaryimage"},"thumbnailUrl":"https:\/\/ajimport.com.br\/wp-content\/uploads\/2023\/04\/2-3-1.jpg","datePublished":"2023-04-25T18:39:36+00:00","dateModified":"2025-10-31T19:06:45+00:00","breadcrumb":{"@id":"https:\/\/ajimport.com.br\/produto\/cadeira-auditorio\/#breadcrumb"},"inLanguage":"en-US","potentialAction":[{"@type":"ReadAction","target":["https:\/\/ajimport.com.br\/produto\/cadeira-auditorio\/"]}]},{"@type":"ImageObject","inLanguage":"en-US","@id":"https:\/\/ajimport.com.br\/produto\/cadeira-auditorio\/#primaryimage","url":"https:\/\/ajimport.com.br\/wp-content\/uploads\/2023\/04\/2-3-1.jpg","contentUrl":"https:\/\/ajimport.com.br\/wp-content\/uploads\/2023\/04\/2-3-1.jpg","width":1000,"height":1000},{"@type":"BreadcrumbList","@id":"https:\/\/ajimport.com.br\/produto\/cadeira-auditorio\/#breadcrumb","itemListElement":[{"@type":"ListItem","position":1,"name":"Home","item":"https:\/\/ajimport.com.br\/"},{"@type":"ListItem","position":2,"name":"Cat\u00e1logo","item":"https:\/\/ajimport.com.br\/catalogo\/"},{"@type":"ListItem","position":3,"name":"Cadeira Audit\u00f3rio"}]},{"@type":"WebSite","@id":"https:\/\/ajimport.com.br\/#website","url":"https:\/\/ajimport.com.br\/","name":"AJ Import","description":"A maior especialista em cadeiras  importadas do pa\u00eds.","publisher":{"@id":"https:\/\/ajimport.com.br\/#organization"},"potentialAction":[{"@type":"SearchAction","target":{"@type":"EntryPoint","urlTemplate":"https:\/\/ajimport.com.br\/?s={search_term_string}"},"query-input":{"@type":"PropertyValueSpecification","valueRequired":true,"valueName":"search_term_string"}}],"inLanguage":"en-US"},{"@type":"Organization","@id":"https:\/\/ajimport.com.br\/#organization","name":"Grupo AJ Import","url":"https:\/\/ajimport.com.br\/","logo":{"@type":"ImageObject","inLanguage":"en-US","@id":"https:\/\/ajimport.com.br\/#\/schema\/logo\/image\/","url":"https:\/\/ajimport.com.br\/wp-content\/uploads\/2022\/10\/Grupo-53-1.png","contentUrl":"https:\/\/ajimport.com.br\/wp-content\/uploads\/2022\/10\/Grupo-53-1.png","width":80,"height":64,"caption":"Grupo AJ Import"},"image":{"@id":"https:\/\/ajimport.com.br\/#\/schema\/logo\/image\/"},"sameAs":["https:\/\/www.facebook.com\/grupoajimport\/?locale=pt_BR","https:\/\/www.instagram.com\/grupoajimport\/","https:\/\/br.linkedin.com\/company\/grupoajimport"]}]}},"_links":{"self":[{"href":"https:\/\/ajimport.com.br\/en\/wp-json\/wp\/v2\/product\/4715","targetHints":{"allow":["GET"]}}],"collection":[{"href":"https:\/\/ajimport.com.br\/en\/wp-json\/wp\/v2\/product"}],"about":[{"href":"https:\/\/ajimport.com.br\/en\/wp-json\/wp\/v2\/types\/product"}],"replies":[{"embeddable":true,"href":"https:\/\/ajimport.com.br\/en\/wp-json\/wp\/v2\/comments?post=4715"}],"wp:featuredmedia":[{"embeddable":true,"href":"https:\/\/ajimport.com.br\/en\/wp-json\/wp\/v2\/media\/19384"}],"wp:attachment":[{"href":"https:\/\/ajimport.com.br\/en\/wp-json\/wp\/v2\/media?parent=4715"}],"wp:term":[{"taxonomy":"product_brand","embeddable":true,"href":"https:\/\/ajimport.com.br\/en\/wp-json\/wp\/v2\/product_brand?post=4715"},{"taxonomy":"product_cat","embeddable":true,"href":"https:\/\/ajimport.com.br\/en\/wp-json\/wp\/v2\/product_cat?post=4715"},{"taxonomy":"product_tag","embeddable":true,"href":"https:\/\/ajimport.com.br\/en\/wp-json\/wp\/v2\/product_tag?post=4715"},{"taxonomy":"e-destaque","embeddable":true,"href":"https:\/\/ajimport.com.br\/en\/wp-json\/wp\/v2\/e-destaque?post=4715"},{"taxonomy":"marca","embeddable":true,"href":"https:\/\/ajimport.com.br\/en\/wp-json\/wp\/v2\/marca?post=4715"}],"curies":[{"name":"wp","href":"https:\/\/api.w.org\/{rel}","templated":true}]}}