{"id":4706,"date":"2023-04-25T15:04:27","date_gmt":"2023-04-25T18:04:27","guid":{"rendered":"https:\/\/ajimport.com.br\/?post_type=product&#038;p=4706"},"modified":"2025-01-20T15:36:50","modified_gmt":"2025-01-20T18:36:50","slug":"cadeira-escritorio-flex-mesh-diretor","status":"publish","type":"product","link":"https:\/\/ajimport.com.br\/en\/product\/cadeira-escritorio-flex-mesh-diretor\/","title":{"rendered":"Cadeira Escrit\u00f3rio Flex Mesh Diretor"},"content":{"rendered":"<p>Experimente o verdadeiro luxo com a nossa cadeira premium <strong>Flex Mesh Diretor<\/strong>. Combinando qualidade excepcional, conforto incompar\u00e1vel e tecnologia avan\u00e7ada, esta cadeira \u00e9 a escolha perfeita para quem busca o melhor com a <strong>certifica\u00e7\u00e3o NR17<\/strong>.<\/p>\n<p>&nbsp;<\/p>\n<h1><img decoding=\"async\" class=\"wp-image-4138 alignleft\" src=\"https:\/\/ajimport.com.br\/wp-content\/uploads\/2023\/02\/Icone-Eergonomia.jpg\" alt=\"\" width=\"50\" height=\"50\" srcset=\"https:\/\/ajimport.com.br\/wp-content\/uploads\/2023\/02\/Icone-Eergonomia.jpg 70w, https:\/\/ajimport.com.br\/wp-content\/uploads\/2023\/02\/Icone-Eergonomia-12x12.jpg 12w\" sizes=\"(max-width: 50px) 100vw, 50px\" \/><strong>Ergonomia:<\/strong><\/h1>\n<p>Sinta-se envolvido pela maciez do estofamento de alta qualidade, projetado para abra\u00e7ar seu corpo e proporcionar um apoio ergon\u00f4mico ideal com a certifica\u00e7\u00e3o NR17, o que prova que al\u00e9m de qualidade, A AJ Import leva at\u00e9 voc\u00ea todo o conforto e sa\u00fade para o usu\u00e1rio! Al\u00e9m disso, nossa cadeira est\u00e1 equipada com a fun\u00e7\u00e3o Back System.<br \/>\nEsse ajuste faz com que o encosto volte para a sua posi\u00e7\u00e3o inicial bem lentamente, protegendo assim, a sua coluna contra movimentos mec\u00e2nicos r\u00e1pidos que podem ocasionar em acidentes ou les\u00f5es.<br \/>\n<strong>O Back System<\/strong>, tamb\u00e9m conhecido como &#8220;sistema de encosto&#8221;, \u00e9 um conjunto de componentes que se concentram na parte de tr\u00e1s da cadeira. Seu objetivo \u00e9 oferecer suporte para a regi\u00e3o lombar e ajudar a prevenir dores nas costas e les\u00f5es relacionadas ao trabalho.<\/p>\n<p>&nbsp;<\/p>\n<p><img decoding=\"async\" class=\"size-full wp-image-4139 alignleft\" src=\"https:\/\/ajimport.com.br\/wp-content\/uploads\/2023\/02\/Icone-Office.jpg\" alt=\"\" width=\"70\" height=\"70\" srcset=\"https:\/\/ajimport.com.br\/wp-content\/uploads\/2023\/02\/Icone-Office.jpg 70w, https:\/\/ajimport.com.br\/wp-content\/uploads\/2023\/02\/Icone-Office-12x12.jpg 12w\" sizes=\"(max-width: 70px) 100vw, 70px\" \/><\/p>\n<h1><strong>Cadeira de escrit\u00f3rio no padr\u00e3o EUA<\/strong><\/h1>\n<p>Em resumo, o back system est\u00e1 diretamente ligado a sa\u00fade do usu\u00e1rio pois essa \u00e9 uma fun\u00e7\u00e3o essencial em cadeiras modernas que oferece suporte para a regi\u00e3o lombar, ajudando a prevenir dores nas costas e les\u00f5es relacionadas ao trabalho, tanto pelo uso constante, como tamb\u00e9m pelo ajuste que retorna para a posi\u00e7\u00e3o inicial de forma lenta e gradual que previne poss\u00edveis les\u00f5es e estresse na regi\u00e3o. A AJ Import trouxe esta novidade para o mercado nacional ao entender que a sa\u00fade \u00e9 um ponto primordial quando falamos em qualidade no trabalho, sendo uma grande exclusividade da a AJ Import!<\/p>\n<p>&nbsp;<\/p>\n<h1><strong><img decoding=\"async\" class=\"wp-image-19261 size-full alignleft\" src=\"https:\/\/ajimport.com.br\/wp-content\/uploads\/2022\/11\/Icone-Garantia-1-1.png\" alt=\"\" width=\"70\" height=\"70\" srcset=\"https:\/\/ajimport.com.br\/wp-content\/uploads\/2022\/11\/Icone-Garantia-1-1.png 70w, https:\/\/ajimport.com.br\/wp-content\/uploads\/2022\/11\/Icone-Garantia-1-1-12x12.png 12w\" sizes=\"(max-width: 70px) 100vw, 70px\" \/>Garantia:<\/strong><\/h1>\n<p>A <strong>cadeira para Escrit\u00f3rio Flex Mesh Diretor\u00a0da AJ Import<\/strong> conta com 2 ano de garantia.<\/p>\n<p>&nbsp;<\/p>\n<h1><img loading=\"lazy\" decoding=\"async\" class=\"size-full wp-image-4141 alignleft\" src=\"https:\/\/ajimport.com.br\/wp-content\/uploads\/2023\/02\/Icone-Design-Conforto.jpg\" alt=\"\" width=\"70\" height=\"70\" srcset=\"https:\/\/ajimport.com.br\/wp-content\/uploads\/2023\/02\/Icone-Design-Conforto.jpg 70w, https:\/\/ajimport.com.br\/wp-content\/uploads\/2023\/02\/Icone-Design-Conforto-12x12.jpg 12w\" sizes=\"(max-width: 70px) 100vw, 70px\" \/><\/h1>\n<h1><strong>Conforto e Design:<\/strong><\/h1>\n<p>Se voc\u00ea est\u00e1 procurando por uma cadeira de escrit\u00f3rio que ofere\u00e7a conforto e alta qualidade, a cadeira <strong>Flex Mesh Diretor<\/strong> \u00e9 a escolha perfeita para voc\u00ea.<br \/>\nEsta cadeira \u00e9 feita com materiais de alta qualidade e apresenta um design elegante e moderno. O encosto \u00e9 feito de uma malha respir\u00e1vel, que proporciona conforto durante todo o dia e ajuda a manter a temperatura corporal. A malha tamb\u00e9m \u00e9 f\u00e1cil de limpar e manter, o que \u00e9 ideal para um ambiente de trabalho ocupado.<br \/>\nAl\u00e9m disso, a <strong>cadeira Flex Mesh Diretor na AJ Import<\/strong> possui uma s\u00e9rie de recursos adicionais que a tornam uma op\u00e7\u00e3o ainda mais atraente. Um dos principais recursos \u00e9 o pr\u00f3prio sistema de encosto ajust\u00e1vel, que permite que voc\u00ea ajuste a inclina\u00e7\u00e3o do encosto como se fosse uma cadeira gamer, mas com toda a sofistica\u00e7\u00e3o, beleza e seriedade de uma Office.<\/p>\n<p><img loading=\"lazy\" decoding=\"async\" class=\"alignnone wp-image-19287 size-full\" src=\"https:\/\/ajimport.com.br\/wp-content\/uploads\/2023\/04\/Banner-Ambientado-Flex-Diretor-1.png\" alt=\"\" width=\"1200\" height=\"600\" srcset=\"https:\/\/ajimport.com.br\/wp-content\/uploads\/2023\/04\/Banner-Ambientado-Flex-Diretor-1.png 1200w, https:\/\/ajimport.com.br\/wp-content\/uploads\/2023\/04\/Banner-Ambientado-Flex-Diretor-1-300x150.png 300w, https:\/\/ajimport.com.br\/wp-content\/uploads\/2023\/04\/Banner-Ambientado-Flex-Diretor-1-1024x512.png 1024w, https:\/\/ajimport.com.br\/wp-content\/uploads\/2023\/04\/Banner-Ambientado-Flex-Diretor-1-768x384.png 768w, https:\/\/ajimport.com.br\/wp-content\/uploads\/2023\/04\/Banner-Ambientado-Flex-Diretor-1-18x9.png 18w, https:\/\/ajimport.com.br\/wp-content\/uploads\/2023\/04\/Banner-Ambientado-Flex-Diretor-1-600x300.png 600w\" sizes=\"(max-width: 1200px) 100vw, 1200px\" \/><\/p>\n<p>&nbsp;<\/p>\n<h1><img loading=\"lazy\" decoding=\"async\" class=\"size-full wp-image-4142 alignleft\" src=\"https:\/\/ajimport.com.br\/wp-content\/uploads\/2023\/02\/Icone-atendimento-posvenda.jpg\" alt=\"\" width=\"70\" height=\"70\" srcset=\"https:\/\/ajimport.com.br\/wp-content\/uploads\/2023\/02\/Icone-atendimento-posvenda.jpg 70w, https:\/\/ajimport.com.br\/wp-content\/uploads\/2023\/02\/Icone-atendimento-posvenda-12x12.jpg 12w\" sizes=\"(max-width: 70px) 100vw, 70px\" \/><strong>P\u00f3s-venda:<\/strong><\/h1>\n<p>A AJ Import oferece um P\u00f3s-venda que realmente funciona e se preocupa com cada cliente.\u00a0 O nosso atendimento n\u00e3o para no momento da venda, estamos 100% focados em longas parcerias e entendemos que para isso, cada especialista comercial precisa resolver as necessidades particulares de cada cliente.<br \/>\nNosso atendimento \u00e9 humanizado e centrado na resolu\u00e7\u00e3o de cada caso e estamos em constante processo de otimiza\u00e7\u00e3o no atendimento para melhorarmos a cada dia.<br \/>\nPode entrar em contato no WhatsApp: (11) 95940-0870, no telefone: \u00a0(11) 4126-7070, ou no telefone do seu representante ou especialista comercial, caso tenha sido atendimento.<\/p>\n<p>&nbsp;<\/p>\n<h1><img loading=\"lazy\" decoding=\"async\" class=\"size-full wp-image-4143 alignleft\" src=\"https:\/\/ajimport.com.br\/wp-content\/uploads\/2023\/02\/Icone-Qualidade.jpg\" alt=\"\" width=\"70\" height=\"70\" srcset=\"https:\/\/ajimport.com.br\/wp-content\/uploads\/2023\/02\/Icone-Qualidade.jpg 70w, https:\/\/ajimport.com.br\/wp-content\/uploads\/2023\/02\/Icone-Qualidade-12x12.jpg 12w\" sizes=\"(max-width: 70px) 100vw, 70px\" \/><strong>Qualidade, Resist\u00eancia e Fabrica\u00e7\u00e3o da cadeira Escrit\u00f3rio Flex Diretor.<\/strong><\/h1>\n<p>A <strong>qualidade da AJ Import<\/strong> j\u00e1 \u00e9 reconhecida, importamos os modelos mais reconhecidos mundialmente e sempre com alta qualidade em cada pe\u00e7a para voc\u00ea.<br \/>\nEstamos no mercado h\u00e1 mais de 14 anos e estamos presentes em todo o Brasil, levando a mais alta qualidade em cada cadeira, mesa e banqueta.<br \/>\nA <strong>Flex Mesh Diretor<\/strong> permite at\u00e9 120 quilos.<\/p>\n<p>&nbsp;<\/p>\n<p>&nbsp;<\/p>","protected":false},"excerpt":{"rendered":"<p>https:\/\/youtu.be\/Up9gbT-Q_I0?si=_bH9gN-OzHdivtUi<\/p>\n<p>&nbsp;<\/p>","protected":false},"featured_media":4707,"comment_status":"open","ping_status":"closed","template":"","meta":[],"product_brand":[],"product_cat":[20],"product_tag":[],"e-destaque":[],"marca":[64],"class_list":{"0":"post-4706","1":"product","2":"type-product","3":"status-publish","4":"has-post-thumbnail","6":"product_cat-office","7":"marca-aj-import","9":"first","10":"instock","11":"shipping-taxable","12":"purchasable","13":"product-type-simple"},"yoast_head":"<!-- This site is optimized with the Yoast SEO Premium plugin v24.7 (Yoast SEO v27.4) - https:\/\/yoast.com\/product\/yoast-seo-premium-wordpress\/ -->\n<title>Cadeira Escrit\u00f3rio Flex Mesh Diretor - AJ Import<\/title>\n<meta name=\"robots\" content=\"index, follow, max-snippet:-1, max-image-preview:large, max-video-preview:-1\" \/>\n<link rel=\"canonical\" href=\"https:\/\/ajimport.com.br\/en\/product\/cadeira-escritorio-flex-mesh-diretor\/\" \/>\n<meta property=\"og:locale\" content=\"en_US\" \/>\n<meta property=\"og:type\" content=\"article\" \/>\n<meta property=\"og:title\" content=\"Cadeira Escrit\u00f3rio Flex Mesh Diretor\" \/>\n<meta property=\"og:description\" content=\"https:\/\/youtu.be\/Up9gbT-Q_I0?si=_bH9gN-OzHdivtUi  &nbsp;\" \/>\n<meta property=\"og:url\" content=\"https:\/\/ajimport.com.br\/en\/product\/cadeira-escritorio-flex-mesh-diretor\/\" \/>\n<meta property=\"og:site_name\" content=\"AJ Import\" \/>\n<meta property=\"article:publisher\" content=\"https:\/\/www.facebook.com\/grupoajimport\/?locale=pt_BR\" \/>\n<meta property=\"article:modified_time\" content=\"2025-01-20T18:36:50+00:00\" \/>\n<meta property=\"og:image\" content=\"https:\/\/ajimport.com.br\/wp-content\/uploads\/2023\/04\/2-A-AJ.jpg\" \/>\n\t<meta property=\"og:image:width\" content=\"1500\" \/>\n\t<meta property=\"og:image:height\" content=\"1500\" \/>\n\t<meta property=\"og:image:type\" content=\"image\/jpeg\" \/>\n<meta name=\"twitter:card\" content=\"summary_large_image\" \/>\n<meta name=\"twitter:label1\" content=\"Est. reading time\" \/>\n\t<meta name=\"twitter:data1\" content=\"5 minutes\" \/>\n<script type=\"application\/ld+json\" class=\"yoast-schema-graph\">{\"@context\":\"https:\\\/\\\/schema.org\",\"@graph\":[{\"@type\":\"WebPage\",\"@id\":\"https:\\\/\\\/ajimport.com.br\\\/produto\\\/cadeira-escritorio-flex-mesh-diretor\\\/\",\"url\":\"https:\\\/\\\/ajimport.com.br\\\/produto\\\/cadeira-escritorio-flex-mesh-diretor\\\/\",\"name\":\"Cadeira Escrit\u00f3rio Flex Mesh Diretor - AJ Import\",\"isPartOf\":{\"@id\":\"https:\\\/\\\/ajimport.com.br\\\/#website\"},\"primaryImageOfPage\":{\"@id\":\"https:\\\/\\\/ajimport.com.br\\\/produto\\\/cadeira-escritorio-flex-mesh-diretor\\\/#primaryimage\"},\"image\":{\"@id\":\"https:\\\/\\\/ajimport.com.br\\\/produto\\\/cadeira-escritorio-flex-mesh-diretor\\\/#primaryimage\"},\"thumbnailUrl\":\"https:\\\/\\\/ajimport.com.br\\\/wp-content\\\/uploads\\\/2023\\\/04\\\/2-A-AJ.jpg\",\"datePublished\":\"2023-04-25T18:04:27+00:00\",\"dateModified\":\"2025-01-20T18:36:50+00:00\",\"breadcrumb\":{\"@id\":\"https:\\\/\\\/ajimport.com.br\\\/produto\\\/cadeira-escritorio-flex-mesh-diretor\\\/#breadcrumb\"},\"inLanguage\":\"en-US\",\"potentialAction\":[{\"@type\":\"ReadAction\",\"target\":[\"https:\\\/\\\/ajimport.com.br\\\/produto\\\/cadeira-escritorio-flex-mesh-diretor\\\/\"]}]},{\"@type\":\"ImageObject\",\"inLanguage\":\"en-US\",\"@id\":\"https:\\\/\\\/ajimport.com.br\\\/produto\\\/cadeira-escritorio-flex-mesh-diretor\\\/#primaryimage\",\"url\":\"https:\\\/\\\/ajimport.com.br\\\/wp-content\\\/uploads\\\/2023\\\/04\\\/2-A-AJ.jpg\",\"contentUrl\":\"https:\\\/\\\/ajimport.com.br\\\/wp-content\\\/uploads\\\/2023\\\/04\\\/2-A-AJ.jpg\",\"width\":1500,\"height\":1500},{\"@type\":\"BreadcrumbList\",\"@id\":\"https:\\\/\\\/ajimport.com.br\\\/produto\\\/cadeira-escritorio-flex-mesh-diretor\\\/#breadcrumb\",\"itemListElement\":[{\"@type\":\"ListItem\",\"position\":1,\"name\":\"Home\",\"item\":\"https:\\\/\\\/ajimport.com.br\\\/\"},{\"@type\":\"ListItem\",\"position\":2,\"name\":\"Cat\u00e1logo\",\"item\":\"https:\\\/\\\/ajimport.com.br\\\/catalogo\\\/\"},{\"@type\":\"ListItem\",\"position\":3,\"name\":\"Cadeira Escrit\u00f3rio Flex Mesh Diretor\"}]},{\"@type\":\"WebSite\",\"@id\":\"https:\\\/\\\/ajimport.com.br\\\/#website\",\"url\":\"https:\\\/\\\/ajimport.com.br\\\/\",\"name\":\"AJ Import\",\"description\":\"A maior especialista em cadeiras  importadas do pa\u00eds.\",\"publisher\":{\"@id\":\"https:\\\/\\\/ajimport.com.br\\\/#organization\"},\"potentialAction\":[{\"@type\":\"SearchAction\",\"target\":{\"@type\":\"EntryPoint\",\"urlTemplate\":\"https:\\\/\\\/ajimport.com.br\\\/?s={search_term_string}\"},\"query-input\":{\"@type\":\"PropertyValueSpecification\",\"valueRequired\":true,\"valueName\":\"search_term_string\"}}],\"inLanguage\":\"en-US\"},{\"@type\":\"Organization\",\"@id\":\"https:\\\/\\\/ajimport.com.br\\\/#organization\",\"name\":\"Grupo AJ Import\",\"url\":\"https:\\\/\\\/ajimport.com.br\\\/\",\"logo\":{\"@type\":\"ImageObject\",\"inLanguage\":\"en-US\",\"@id\":\"https:\\\/\\\/ajimport.com.br\\\/#\\\/schema\\\/logo\\\/image\\\/\",\"url\":\"https:\\\/\\\/ajimport.com.br\\\/wp-content\\\/uploads\\\/2022\\\/10\\\/Grupo-53-1.png\",\"contentUrl\":\"https:\\\/\\\/ajimport.com.br\\\/wp-content\\\/uploads\\\/2022\\\/10\\\/Grupo-53-1.png\",\"width\":80,\"height\":64,\"caption\":\"Grupo AJ Import\"},\"image\":{\"@id\":\"https:\\\/\\\/ajimport.com.br\\\/#\\\/schema\\\/logo\\\/image\\\/\"},\"sameAs\":[\"https:\\\/\\\/www.facebook.com\\\/grupoajimport\\\/?locale=pt_BR\",\"https:\\\/\\\/www.instagram.com\\\/grupoajimport\\\/\",\"https:\\\/\\\/br.linkedin.com\\\/company\\\/grupoajimport\"]}]}<\/script>\n<!-- \/ Yoast SEO Premium plugin. -->","yoast_head_json":{"title":"Cadeira Escrit\u00f3rio Flex Mesh Diretor - AJ Import","robots":{"index":"index","follow":"follow","max-snippet":"max-snippet:-1","max-image-preview":"max-image-preview:large","max-video-preview":"max-video-preview:-1"},"canonical":"https:\/\/ajimport.com.br\/en\/product\/cadeira-escritorio-flex-mesh-diretor\/","og_locale":"en_US","og_type":"article","og_title":"Cadeira Escrit\u00f3rio Flex Mesh Diretor","og_description":"https:\/\/youtu.be\/Up9gbT-Q_I0?si=_bH9gN-OzHdivtUi  &nbsp;","og_url":"https:\/\/ajimport.com.br\/en\/product\/cadeira-escritorio-flex-mesh-diretor\/","og_site_name":"AJ Import","article_publisher":"https:\/\/www.facebook.com\/grupoajimport\/?locale=pt_BR","article_modified_time":"2025-01-20T18:36:50+00:00","og_image":[{"width":1500,"height":1500,"url":"https:\/\/ajimport.com.br\/wp-content\/uploads\/2023\/04\/2-A-AJ.jpg","type":"image\/jpeg"}],"twitter_card":"summary_large_image","twitter_misc":{"Est. reading time":"5 minutes"},"schema":{"@context":"https:\/\/schema.org","@graph":[{"@type":"WebPage","@id":"https:\/\/ajimport.com.br\/produto\/cadeira-escritorio-flex-mesh-diretor\/","url":"https:\/\/ajimport.com.br\/produto\/cadeira-escritorio-flex-mesh-diretor\/","name":"Cadeira Escrit\u00f3rio Flex Mesh Diretor - AJ Import","isPartOf":{"@id":"https:\/\/ajimport.com.br\/#website"},"primaryImageOfPage":{"@id":"https:\/\/ajimport.com.br\/produto\/cadeira-escritorio-flex-mesh-diretor\/#primaryimage"},"image":{"@id":"https:\/\/ajimport.com.br\/produto\/cadeira-escritorio-flex-mesh-diretor\/#primaryimage"},"thumbnailUrl":"https:\/\/ajimport.com.br\/wp-content\/uploads\/2023\/04\/2-A-AJ.jpg","datePublished":"2023-04-25T18:04:27+00:00","dateModified":"2025-01-20T18:36:50+00:00","breadcrumb":{"@id":"https:\/\/ajimport.com.br\/produto\/cadeira-escritorio-flex-mesh-diretor\/#breadcrumb"},"inLanguage":"en-US","potentialAction":[{"@type":"ReadAction","target":["https:\/\/ajimport.com.br\/produto\/cadeira-escritorio-flex-mesh-diretor\/"]}]},{"@type":"ImageObject","inLanguage":"en-US","@id":"https:\/\/ajimport.com.br\/produto\/cadeira-escritorio-flex-mesh-diretor\/#primaryimage","url":"https:\/\/ajimport.com.br\/wp-content\/uploads\/2023\/04\/2-A-AJ.jpg","contentUrl":"https:\/\/ajimport.com.br\/wp-content\/uploads\/2023\/04\/2-A-AJ.jpg","width":1500,"height":1500},{"@type":"BreadcrumbList","@id":"https:\/\/ajimport.com.br\/produto\/cadeira-escritorio-flex-mesh-diretor\/#breadcrumb","itemListElement":[{"@type":"ListItem","position":1,"name":"Home","item":"https:\/\/ajimport.com.br\/"},{"@type":"ListItem","position":2,"name":"Cat\u00e1logo","item":"https:\/\/ajimport.com.br\/catalogo\/"},{"@type":"ListItem","position":3,"name":"Cadeira Escrit\u00f3rio Flex Mesh Diretor"}]},{"@type":"WebSite","@id":"https:\/\/ajimport.com.br\/#website","url":"https:\/\/ajimport.com.br\/","name":"AJ Import","description":"A maior especialista em cadeiras  importadas do pa\u00eds.","publisher":{"@id":"https:\/\/ajimport.com.br\/#organization"},"potentialAction":[{"@type":"SearchAction","target":{"@type":"EntryPoint","urlTemplate":"https:\/\/ajimport.com.br\/?s={search_term_string}"},"query-input":{"@type":"PropertyValueSpecification","valueRequired":true,"valueName":"search_term_string"}}],"inLanguage":"en-US"},{"@type":"Organization","@id":"https:\/\/ajimport.com.br\/#organization","name":"Grupo AJ Import","url":"https:\/\/ajimport.com.br\/","logo":{"@type":"ImageObject","inLanguage":"en-US","@id":"https:\/\/ajimport.com.br\/#\/schema\/logo\/image\/","url":"https:\/\/ajimport.com.br\/wp-content\/uploads\/2022\/10\/Grupo-53-1.png","contentUrl":"https:\/\/ajimport.com.br\/wp-content\/uploads\/2022\/10\/Grupo-53-1.png","width":80,"height":64,"caption":"Grupo AJ Import"},"image":{"@id":"https:\/\/ajimport.com.br\/#\/schema\/logo\/image\/"},"sameAs":["https:\/\/www.facebook.com\/grupoajimport\/?locale=pt_BR","https:\/\/www.instagram.com\/grupoajimport\/","https:\/\/br.linkedin.com\/company\/grupoajimport"]}]}},"_links":{"self":[{"href":"https:\/\/ajimport.com.br\/en\/wp-json\/wp\/v2\/product\/4706","targetHints":{"allow":["GET"]}}],"collection":[{"href":"https:\/\/ajimport.com.br\/en\/wp-json\/wp\/v2\/product"}],"about":[{"href":"https:\/\/ajimport.com.br\/en\/wp-json\/wp\/v2\/types\/product"}],"replies":[{"embeddable":true,"href":"https:\/\/ajimport.com.br\/en\/wp-json\/wp\/v2\/comments?post=4706"}],"wp:featuredmedia":[{"embeddable":true,"href":"https:\/\/ajimport.com.br\/en\/wp-json\/wp\/v2\/media\/4707"}],"wp:attachment":[{"href":"https:\/\/ajimport.com.br\/en\/wp-json\/wp\/v2\/media?parent=4706"}],"wp:term":[{"taxonomy":"product_brand","embeddable":true,"href":"https:\/\/ajimport.com.br\/en\/wp-json\/wp\/v2\/product_brand?post=4706"},{"taxonomy":"product_cat","embeddable":true,"href":"https:\/\/ajimport.com.br\/en\/wp-json\/wp\/v2\/product_cat?post=4706"},{"taxonomy":"product_tag","embeddable":true,"href":"https:\/\/ajimport.com.br\/en\/wp-json\/wp\/v2\/product_tag?post=4706"},{"taxonomy":"e-destaque","embeddable":true,"href":"https:\/\/ajimport.com.br\/en\/wp-json\/wp\/v2\/e-destaque?post=4706"},{"taxonomy":"marca","embeddable":true,"href":"https:\/\/ajimport.com.br\/en\/wp-json\/wp\/v2\/marca?post=4706"}],"curies":[{"name":"wp","href":"https:\/\/api.w.org\/{rel}","templated":true}]}}