{"id":4483,"date":"2023-02-24T11:20:05","date_gmt":"2023-02-24T14:20:05","guid":{"rendered":"https:\/\/ajimport.com.br\/?post_type=product&#038;p=4483"},"modified":"2025-01-14T16:17:39","modified_gmt":"2025-01-14T19:17:39","slug":"cadeira-ever-mesh-cinza","status":"publish","type":"product","link":"https:\/\/ajimport.com.br\/en\/product\/cadeira-ever-mesh-cinza\/","title":{"rendered":"Cadeira Ever Mesh Cinza"},"content":{"rendered":"<p>Est\u00e1 precisando focar na sa\u00fade? O que voc\u00ea est\u00e1 buscando \u00e9 a<strong> cadeira Ever Mesh Baixa da AJ Import<\/strong>.<br \/>\nCom as especifica\u00e7\u00f5es no padr\u00e3o dos EUA, essa cadeira tem o foco na sa\u00fade, oferecendo uma ergonomia e praticidade muito mais elevada, e sem perder o Design maravilhoso desta linha que j\u00e1 \u00e9 um grande sucesso na AJ Import.<\/p>\n<p>&nbsp;<\/p>\n<h1><img decoding=\"async\" class=\"wp-image-4138 alignleft\" src=\"https:\/\/ajimport.com.br\/wp-content\/uploads\/2023\/02\/Icone-Eergonomia.jpg\" alt=\"\" width=\"50\" height=\"50\" srcset=\"https:\/\/ajimport.com.br\/wp-content\/uploads\/2023\/02\/Icone-Eergonomia.jpg 70w, https:\/\/ajimport.com.br\/wp-content\/uploads\/2023\/02\/Icone-Eergonomia-12x12.jpg 12w\" sizes=\"(max-width: 50px) 100vw, 50px\" \/><strong>Ergonomia:<\/strong><\/h1>\n<p><strong>A cadeira Ever Mesh<\/strong> conta com um Design focado no bem-estar, permitindo longas horas de trabalho sem nenhum inc\u00f4modo, promovendo a sa\u00fade e um alto rendimento.<br \/>\nCom o padr\u00e3o de fabrica\u00e7\u00e3o Norte Americano, essa cadeira da AJ Import consegue levar um novo conceito em <strong>cadeiras Office<\/strong> para o mercado brasileiro, sendo super compacta, j\u00e1 que os bra\u00e7os delas s\u00e3o precisamente mais baixos do que a maioria das mesas convencionais no pa\u00eds, ela permite um \u00f3timo encaixe nas mesas da maioria dos ambientes, e tudo isso, com muito conforto, sem perder a sua ergonomia perfeita para os membros superiores. A altura dos bra\u00e7os ainda permanece confort\u00e1vel, conseguindo assim, manter uma \u00f3tima postura que possibilita criar uma rotina de trabalho saud\u00e1vel por longas horas sem sentir nenhum inc\u00f4modo.<\/p>\n<p>&nbsp;<\/p>\n<p><img decoding=\"async\" class=\"size-full wp-image-4139 alignleft\" src=\"https:\/\/ajimport.com.br\/wp-content\/uploads\/2023\/02\/Icone-Office.jpg\" alt=\"\" width=\"70\" height=\"70\" srcset=\"https:\/\/ajimport.com.br\/wp-content\/uploads\/2023\/02\/Icone-Office.jpg 70w, https:\/\/ajimport.com.br\/wp-content\/uploads\/2023\/02\/Icone-Office-12x12.jpg 12w\" sizes=\"(max-width: 70px) 100vw, 70px\" \/><\/p>\n<h1><strong>Cadeira de escrit\u00f3rio no padr\u00e3o EUA<\/strong><\/h1>\n<p>A sa\u00fade \u00e9 um fator muito importante no ambiente de trabalho, j\u00e1 que passamos mais horas no escrit\u00f3rio ou no Home Office do que em outros ambientes em casa, ent\u00e3o a cadeira do escrit\u00f3rio tem que promover a sa\u00fade, al\u00e9m de ser confort\u00e1vel, por isso a Ever Mesh chegou no mercado brasileiro com este novo posicionamento, levar a sa\u00fade corporal como prioridade.<br \/>\nA nossa <strong>cadeira Exclusiva Ever Mesh<\/strong> permite um bem-estar muito maior do que outros modelos presente no pa\u00eds, j\u00e1 que ela foi projetada com as especifica\u00e7\u00f5es Norte Americana. Sendo compacta, se torna a cadeira ideal para qualquer escrit\u00f3rio, tanto pela beleza do Design, como pelas vantagens pr\u00e1ticas que design oferece para a sa\u00fade.<br \/>\nOs bra\u00e7os mais baixos que a maioria das mesas comercializadas no Brasil, permite encaixar a cadeira quase totalmente abaixo da mesa, e este \u00e9 fator muito importante quando o assunto \u00e9 o aproveitamento do espa\u00e7o. A altura dos bra\u00e7os n\u00e3o perde nenhum ponto no conforto! Ela ainda consegue ser perfeitamente ergon\u00f4mica com o suporte para a lombar em seu encosto, e claro, o acolchoado \u00e9 super macio.<\/p>\n<p>&nbsp;<\/p>\n<h1><strong><img decoding=\"async\" class=\"wp-image-19231 size-full alignleft\" src=\"https:\/\/ajimport.com.br\/wp-content\/uploads\/2024\/04\/Icone-Garantia-1.png\" alt=\"\" width=\"70\" height=\"70\" srcset=\"https:\/\/ajimport.com.br\/wp-content\/uploads\/2024\/04\/Icone-Garantia-1.png 70w, https:\/\/ajimport.com.br\/wp-content\/uploads\/2024\/04\/Icone-Garantia-1-12x12.png 12w\" sizes=\"(max-width: 70px) 100vw, 70px\" \/>Garantia:<\/strong><\/h1>\n<p>A <strong>cadeira Ever Mesh Baixa da AJ Import<\/strong> conta com 1 ano de garantia.<\/p>\n<p>&nbsp;<\/p>\n<h1><img loading=\"lazy\" decoding=\"async\" class=\"size-full wp-image-4141 alignleft\" src=\"https:\/\/ajimport.com.br\/wp-content\/uploads\/2023\/02\/Icone-Design-Conforto.jpg\" alt=\"\" width=\"70\" height=\"70\" srcset=\"https:\/\/ajimport.com.br\/wp-content\/uploads\/2023\/02\/Icone-Design-Conforto.jpg 70w, https:\/\/ajimport.com.br\/wp-content\/uploads\/2023\/02\/Icone-Design-Conforto-12x12.jpg 12w\" sizes=\"(max-width: 70px) 100vw, 70px\" \/><\/h1>\n<h1><strong>Conforto e Design:<\/strong><\/h1>\n<p>A Ever Mesh j\u00e1 \u00e9 uma queridinha aqui na AJ Import. As cadeiras com o <strong>encosto Mesh<\/strong> fazem muito sucesso, e isso acontece gra\u00e7as a tecnologia super resistente do encosto. A <strong>tela Mesh<\/strong> abra\u00e7a o corpo, sendo muito confort\u00e1vel, possibilitando uma \u00f3tima ventila\u00e7\u00e3o e sem perder a qualidade e resist\u00eancia. Ela conta com um design super refinado,\u00a0 \u00f3timo acabamento e os detalhes do apoio da Lombar com as curvas do encosto permitem uma beleza fora do comum. Essa cadeira chama a aten\u00e7\u00e3o de qualquer escrit\u00f3rio e Home Office. N\u00e3o \u00e9 a toa que essa cadeira \u00e9 um verdadeiro Curinga na decora\u00e7\u00e3o.<\/p>\n<p>&nbsp;<\/p>\n<p><img loading=\"lazy\" decoding=\"async\" class=\"alignnone wp-image-19411 size-full\" src=\"https:\/\/ajimport.com.br\/wp-content\/uploads\/2023\/02\/Foto-Ambientada-Ever-Mesh-Cinza.png\" alt=\"\" width=\"1200\" height=\"600\" srcset=\"https:\/\/ajimport.com.br\/wp-content\/uploads\/2023\/02\/Foto-Ambientada-Ever-Mesh-Cinza.png 1200w, https:\/\/ajimport.com.br\/wp-content\/uploads\/2023\/02\/Foto-Ambientada-Ever-Mesh-Cinza-300x150.png 300w, https:\/\/ajimport.com.br\/wp-content\/uploads\/2023\/02\/Foto-Ambientada-Ever-Mesh-Cinza-1024x512.png 1024w, https:\/\/ajimport.com.br\/wp-content\/uploads\/2023\/02\/Foto-Ambientada-Ever-Mesh-Cinza-768x384.png 768w, https:\/\/ajimport.com.br\/wp-content\/uploads\/2023\/02\/Foto-Ambientada-Ever-Mesh-Cinza-18x9.png 18w, https:\/\/ajimport.com.br\/wp-content\/uploads\/2023\/02\/Foto-Ambientada-Ever-Mesh-Cinza-600x300.png 600w\" sizes=\"(max-width: 1200px) 100vw, 1200px\" \/><\/p>\n<p>&nbsp;<\/p>\n<h1><img loading=\"lazy\" decoding=\"async\" class=\"size-full wp-image-4142 alignleft\" src=\"https:\/\/ajimport.com.br\/wp-content\/uploads\/2023\/02\/Icone-atendimento-posvenda.jpg\" alt=\"\" width=\"70\" height=\"70\" srcset=\"https:\/\/ajimport.com.br\/wp-content\/uploads\/2023\/02\/Icone-atendimento-posvenda.jpg 70w, https:\/\/ajimport.com.br\/wp-content\/uploads\/2023\/02\/Icone-atendimento-posvenda-12x12.jpg 12w\" sizes=\"(max-width: 70px) 100vw, 70px\" \/><strong>P\u00f3s-venda:<\/strong><\/h1>\n<p>A AJ Import oferece um P\u00f3s-venda que realmente funciona e se preocupa com cada cliente.\u00a0 O nosso atendimento n\u00e3o para no momento da venda, estamos 100% focados em longas parcerias e entendemos que para isso, cada especialista comercial precisa resolver as necessidades particulares de cada cliente.<br \/>\nNosso atendimento \u00e9 humanizado e centrado na resolu\u00e7\u00e3o de cada caso e estamos em constante processo de otimiza\u00e7\u00e3o no atendimento para melhorarmos a cada dia.<br \/>\nPode entrar em contato no WhatsApp: (11) 95940-0870, no telefone: \u00a0(11) 4126-7070, ou no telefone do seu representante ou especialista comercial, caso tenha sido atendimento.<\/p>\n<p>&nbsp;<\/p>\n<h1><img loading=\"lazy\" decoding=\"async\" class=\"size-full wp-image-4143 alignleft\" src=\"https:\/\/ajimport.com.br\/wp-content\/uploads\/2023\/02\/Icone-Qualidade.jpg\" alt=\"\" width=\"70\" height=\"70\" srcset=\"https:\/\/ajimport.com.br\/wp-content\/uploads\/2023\/02\/Icone-Qualidade.jpg 70w, https:\/\/ajimport.com.br\/wp-content\/uploads\/2023\/02\/Icone-Qualidade-12x12.jpg 12w\" sizes=\"(max-width: 70px) 100vw, 70px\" \/><strong>Qualidade, Resist\u00eancia e Fabrica\u00e7\u00e3o da cadeira Ever Mesh Cinza.<\/strong><\/h1>\n<p>A <strong>qualidade da AJ Import<\/strong> j\u00e1 \u00e9 reconhecida, importamos os modelos mais reconhecidos mundialmente e sempre com alta qualidade em cada pe\u00e7a para voc\u00ea.<br \/>\nEstamos no mercado h\u00e1 mais de 14 anos e estamos presentes em todo o Brasil, levando a mais alta qualidade em cada cadeira, mesa e banqueta.<br \/>\nA <strong>cadeira Ever Mesh Cinza<\/strong> permite at\u00e9 113 quilos.<\/p>\n<p>&nbsp;<\/p>","protected":false},"excerpt":{"rendered":"<p>Est\u00e1 precisando focar na sa\u00fade? O que voc\u00ea est\u00e1 buscando \u00e9 a cadeira Ever Mesh Baixa da AJ Import. Com as especifica\u00e7\u00f5es no padr\u00e3o dos EUA, essa cadeira tem o foco na sa\u00fade, oferecendo uma ergonomia e praticidade muito mais elevada, e sem perder o Design maravilhoso desta linha que j\u00e1 \u00e9 um grande sucesso [&hellip;]<\/p>\n","protected":false},"featured_media":5735,"comment_status":"open","ping_status":"closed","template":"","meta":[],"product_brand":[],"product_cat":[20],"product_tag":[],"e-destaque":[],"marca":[64],"class_list":{"0":"post-4483","1":"product","2":"type-product","3":"status-publish","4":"has-post-thumbnail","6":"product_cat-office","7":"marca-aj-import","9":"first","10":"instock","11":"shipping-taxable","12":"purchasable","13":"product-type-simple"},"yoast_head":"<!-- This site is optimized with the Yoast SEO Premium plugin v24.7 (Yoast SEO v27.3) - https:\/\/yoast.com\/product\/yoast-seo-premium-wordpress\/ -->\n<title>Cadeira Ever Mesh Cinza - AJ Import<\/title>\n<meta name=\"robots\" content=\"index, follow, max-snippet:-1, max-image-preview:large, max-video-preview:-1\" \/>\n<link rel=\"canonical\" href=\"https:\/\/ajimport.com.br\/en\/product\/cadeira-ever-mesh-cinza\/\" \/>\n<meta property=\"og:locale\" content=\"en_US\" \/>\n<meta property=\"og:type\" content=\"article\" \/>\n<meta property=\"og:title\" content=\"Cadeira Ever Mesh Cinza\" \/>\n<meta property=\"og:description\" content=\"Est\u00e1 precisando focar na sa\u00fade? O que voc\u00ea est\u00e1 buscando \u00e9 a cadeira Ever Mesh Baixa da AJ Import. Com as especifica\u00e7\u00f5es no padr\u00e3o dos EUA, essa cadeira tem o foco na sa\u00fade, oferecendo uma ergonomia e praticidade muito mais elevada, e sem perder o Design maravilhoso desta linha que j\u00e1 \u00e9 um grande sucesso [&hellip;]\" \/>\n<meta property=\"og:url\" content=\"https:\/\/ajimport.com.br\/en\/product\/cadeira-ever-mesh-cinza\/\" \/>\n<meta property=\"og:site_name\" content=\"AJ Import\" \/>\n<meta property=\"article:publisher\" content=\"https:\/\/www.facebook.com\/grupoajimport\/?locale=pt_BR\" \/>\n<meta property=\"article:modified_time\" content=\"2025-01-14T19:17:39+00:00\" \/>\n<meta property=\"og:image\" content=\"https:\/\/ajimport.com.br\/wp-content\/uploads\/2023\/02\/2-3.jpg\" \/>\n\t<meta property=\"og:image:width\" content=\"1000\" \/>\n\t<meta property=\"og:image:height\" content=\"1000\" \/>\n\t<meta property=\"og:image:type\" content=\"image\/jpeg\" \/>\n<meta name=\"twitter:card\" content=\"summary_large_image\" \/>\n<meta name=\"twitter:label1\" content=\"Est. reading time\" \/>\n\t<meta name=\"twitter:data1\" content=\"6 minutes\" \/>\n<script type=\"application\/ld+json\" class=\"yoast-schema-graph\">{\"@context\":\"https:\\\/\\\/schema.org\",\"@graph\":[{\"@type\":\"WebPage\",\"@id\":\"https:\\\/\\\/ajimport.com.br\\\/en\\\/product\\\/cadeira-ever-mesh-cinza\\\/\",\"url\":\"https:\\\/\\\/ajimport.com.br\\\/en\\\/product\\\/cadeira-ever-mesh-cinza\\\/\",\"name\":\"Cadeira Ever Mesh Cinza - AJ Import\",\"isPartOf\":{\"@id\":\"https:\\\/\\\/ajimport.com.br\\\/#website\"},\"primaryImageOfPage\":{\"@id\":\"https:\\\/\\\/ajimport.com.br\\\/en\\\/product\\\/cadeira-ever-mesh-cinza\\\/#primaryimage\"},\"image\":{\"@id\":\"https:\\\/\\\/ajimport.com.br\\\/en\\\/product\\\/cadeira-ever-mesh-cinza\\\/#primaryimage\"},\"thumbnailUrl\":\"https:\\\/\\\/ajimport.com.br\\\/wp-content\\\/uploads\\\/2023\\\/02\\\/2-3.jpg\",\"datePublished\":\"2023-02-24T14:20:05+00:00\",\"dateModified\":\"2025-01-14T19:17:39+00:00\",\"breadcrumb\":{\"@id\":\"https:\\\/\\\/ajimport.com.br\\\/en\\\/product\\\/cadeira-ever-mesh-cinza\\\/#breadcrumb\"},\"inLanguage\":\"en-US\",\"potentialAction\":[{\"@type\":\"ReadAction\",\"target\":[\"https:\\\/\\\/ajimport.com.br\\\/en\\\/product\\\/cadeira-ever-mesh-cinza\\\/\"]}]},{\"@type\":\"ImageObject\",\"inLanguage\":\"en-US\",\"@id\":\"https:\\\/\\\/ajimport.com.br\\\/en\\\/product\\\/cadeira-ever-mesh-cinza\\\/#primaryimage\",\"url\":\"https:\\\/\\\/ajimport.com.br\\\/wp-content\\\/uploads\\\/2023\\\/02\\\/2-3.jpg\",\"contentUrl\":\"https:\\\/\\\/ajimport.com.br\\\/wp-content\\\/uploads\\\/2023\\\/02\\\/2-3.jpg\",\"width\":1000,\"height\":1000},{\"@type\":\"BreadcrumbList\",\"@id\":\"https:\\\/\\\/ajimport.com.br\\\/en\\\/product\\\/cadeira-ever-mesh-cinza\\\/#breadcrumb\",\"itemListElement\":[{\"@type\":\"ListItem\",\"position\":1,\"name\":\"Home\",\"item\":\"https:\\\/\\\/ajimport.com.br\\\/\"},{\"@type\":\"ListItem\",\"position\":2,\"name\":\"Cat\u00e1logo\",\"item\":\"https:\\\/\\\/ajimport.com.br\\\/catalogo\\\/\"},{\"@type\":\"ListItem\",\"position\":3,\"name\":\"Cadeira Ever Mesh Cinza\"}]},{\"@type\":\"WebSite\",\"@id\":\"https:\\\/\\\/ajimport.com.br\\\/#website\",\"url\":\"https:\\\/\\\/ajimport.com.br\\\/\",\"name\":\"AJ Import\",\"description\":\"A maior especialista em cadeiras  importadas do pa\u00eds.\",\"publisher\":{\"@id\":\"https:\\\/\\\/ajimport.com.br\\\/#organization\"},\"potentialAction\":[{\"@type\":\"SearchAction\",\"target\":{\"@type\":\"EntryPoint\",\"urlTemplate\":\"https:\\\/\\\/ajimport.com.br\\\/?s={search_term_string}\"},\"query-input\":{\"@type\":\"PropertyValueSpecification\",\"valueRequired\":true,\"valueName\":\"search_term_string\"}}],\"inLanguage\":\"en-US\"},{\"@type\":\"Organization\",\"@id\":\"https:\\\/\\\/ajimport.com.br\\\/#organization\",\"name\":\"Grupo AJ Import\",\"url\":\"https:\\\/\\\/ajimport.com.br\\\/\",\"logo\":{\"@type\":\"ImageObject\",\"inLanguage\":\"en-US\",\"@id\":\"https:\\\/\\\/ajimport.com.br\\\/#\\\/schema\\\/logo\\\/image\\\/\",\"url\":\"https:\\\/\\\/ajimport.com.br\\\/wp-content\\\/uploads\\\/2022\\\/10\\\/Grupo-53-1.png\",\"contentUrl\":\"https:\\\/\\\/ajimport.com.br\\\/wp-content\\\/uploads\\\/2022\\\/10\\\/Grupo-53-1.png\",\"width\":80,\"height\":64,\"caption\":\"Grupo AJ Import\"},\"image\":{\"@id\":\"https:\\\/\\\/ajimport.com.br\\\/#\\\/schema\\\/logo\\\/image\\\/\"},\"sameAs\":[\"https:\\\/\\\/www.facebook.com\\\/grupoajimport\\\/?locale=pt_BR\",\"https:\\\/\\\/www.instagram.com\\\/grupoajimport\\\/\",\"https:\\\/\\\/br.linkedin.com\\\/company\\\/grupoajimport\"]}]}<\/script>\n<!-- \/ Yoast SEO Premium plugin. -->","yoast_head_json":{"title":"Cadeira Ever Mesh Cinza - AJ Import","robots":{"index":"index","follow":"follow","max-snippet":"max-snippet:-1","max-image-preview":"max-image-preview:large","max-video-preview":"max-video-preview:-1"},"canonical":"https:\/\/ajimport.com.br\/en\/product\/cadeira-ever-mesh-cinza\/","og_locale":"en_US","og_type":"article","og_title":"Cadeira Ever Mesh Cinza","og_description":"Est\u00e1 precisando focar na sa\u00fade? O que voc\u00ea est\u00e1 buscando \u00e9 a cadeira Ever Mesh Baixa da AJ Import. Com as especifica\u00e7\u00f5es no padr\u00e3o dos EUA, essa cadeira tem o foco na sa\u00fade, oferecendo uma ergonomia e praticidade muito mais elevada, e sem perder o Design maravilhoso desta linha que j\u00e1 \u00e9 um grande sucesso [&hellip;]","og_url":"https:\/\/ajimport.com.br\/en\/product\/cadeira-ever-mesh-cinza\/","og_site_name":"AJ Import","article_publisher":"https:\/\/www.facebook.com\/grupoajimport\/?locale=pt_BR","article_modified_time":"2025-01-14T19:17:39+00:00","og_image":[{"width":1000,"height":1000,"url":"https:\/\/ajimport.com.br\/wp-content\/uploads\/2023\/02\/2-3.jpg","type":"image\/jpeg"}],"twitter_card":"summary_large_image","twitter_misc":{"Est. reading time":"6 minutes"},"schema":{"@context":"https:\/\/schema.org","@graph":[{"@type":"WebPage","@id":"https:\/\/ajimport.com.br\/en\/product\/cadeira-ever-mesh-cinza\/","url":"https:\/\/ajimport.com.br\/en\/product\/cadeira-ever-mesh-cinza\/","name":"Cadeira Ever Mesh Cinza - AJ Import","isPartOf":{"@id":"https:\/\/ajimport.com.br\/#website"},"primaryImageOfPage":{"@id":"https:\/\/ajimport.com.br\/en\/product\/cadeira-ever-mesh-cinza\/#primaryimage"},"image":{"@id":"https:\/\/ajimport.com.br\/en\/product\/cadeira-ever-mesh-cinza\/#primaryimage"},"thumbnailUrl":"https:\/\/ajimport.com.br\/wp-content\/uploads\/2023\/02\/2-3.jpg","datePublished":"2023-02-24T14:20:05+00:00","dateModified":"2025-01-14T19:17:39+00:00","breadcrumb":{"@id":"https:\/\/ajimport.com.br\/en\/product\/cadeira-ever-mesh-cinza\/#breadcrumb"},"inLanguage":"en-US","potentialAction":[{"@type":"ReadAction","target":["https:\/\/ajimport.com.br\/en\/product\/cadeira-ever-mesh-cinza\/"]}]},{"@type":"ImageObject","inLanguage":"en-US","@id":"https:\/\/ajimport.com.br\/en\/product\/cadeira-ever-mesh-cinza\/#primaryimage","url":"https:\/\/ajimport.com.br\/wp-content\/uploads\/2023\/02\/2-3.jpg","contentUrl":"https:\/\/ajimport.com.br\/wp-content\/uploads\/2023\/02\/2-3.jpg","width":1000,"height":1000},{"@type":"BreadcrumbList","@id":"https:\/\/ajimport.com.br\/en\/product\/cadeira-ever-mesh-cinza\/#breadcrumb","itemListElement":[{"@type":"ListItem","position":1,"name":"Home","item":"https:\/\/ajimport.com.br\/"},{"@type":"ListItem","position":2,"name":"Cat\u00e1logo","item":"https:\/\/ajimport.com.br\/catalogo\/"},{"@type":"ListItem","position":3,"name":"Cadeira Ever Mesh Cinza"}]},{"@type":"WebSite","@id":"https:\/\/ajimport.com.br\/#website","url":"https:\/\/ajimport.com.br\/","name":"AJ Import","description":"A maior especialista em cadeiras  importadas do pa\u00eds.","publisher":{"@id":"https:\/\/ajimport.com.br\/#organization"},"potentialAction":[{"@type":"SearchAction","target":{"@type":"EntryPoint","urlTemplate":"https:\/\/ajimport.com.br\/?s={search_term_string}"},"query-input":{"@type":"PropertyValueSpecification","valueRequired":true,"valueName":"search_term_string"}}],"inLanguage":"en-US"},{"@type":"Organization","@id":"https:\/\/ajimport.com.br\/#organization","name":"Grupo AJ Import","url":"https:\/\/ajimport.com.br\/","logo":{"@type":"ImageObject","inLanguage":"en-US","@id":"https:\/\/ajimport.com.br\/#\/schema\/logo\/image\/","url":"https:\/\/ajimport.com.br\/wp-content\/uploads\/2022\/10\/Grupo-53-1.png","contentUrl":"https:\/\/ajimport.com.br\/wp-content\/uploads\/2022\/10\/Grupo-53-1.png","width":80,"height":64,"caption":"Grupo AJ Import"},"image":{"@id":"https:\/\/ajimport.com.br\/#\/schema\/logo\/image\/"},"sameAs":["https:\/\/www.facebook.com\/grupoajimport\/?locale=pt_BR","https:\/\/www.instagram.com\/grupoajimport\/","https:\/\/br.linkedin.com\/company\/grupoajimport"]}]}},"_links":{"self":[{"href":"https:\/\/ajimport.com.br\/en\/wp-json\/wp\/v2\/product\/4483","targetHints":{"allow":["GET"]}}],"collection":[{"href":"https:\/\/ajimport.com.br\/en\/wp-json\/wp\/v2\/product"}],"about":[{"href":"https:\/\/ajimport.com.br\/en\/wp-json\/wp\/v2\/types\/product"}],"replies":[{"embeddable":true,"href":"https:\/\/ajimport.com.br\/en\/wp-json\/wp\/v2\/comments?post=4483"}],"wp:featuredmedia":[{"embeddable":true,"href":"https:\/\/ajimport.com.br\/en\/wp-json\/wp\/v2\/media\/5735"}],"wp:attachment":[{"href":"https:\/\/ajimport.com.br\/en\/wp-json\/wp\/v2\/media?parent=4483"}],"wp:term":[{"taxonomy":"product_brand","embeddable":true,"href":"https:\/\/ajimport.com.br\/en\/wp-json\/wp\/v2\/product_brand?post=4483"},{"taxonomy":"product_cat","embeddable":true,"href":"https:\/\/ajimport.com.br\/en\/wp-json\/wp\/v2\/product_cat?post=4483"},{"taxonomy":"product_tag","embeddable":true,"href":"https:\/\/ajimport.com.br\/en\/wp-json\/wp\/v2\/product_tag?post=4483"},{"taxonomy":"e-destaque","embeddable":true,"href":"https:\/\/ajimport.com.br\/en\/wp-json\/wp\/v2\/e-destaque?post=4483"},{"taxonomy":"marca","embeddable":true,"href":"https:\/\/ajimport.com.br\/en\/wp-json\/wp\/v2\/marca?post=4483"}],"curies":[{"name":"wp","href":"https:\/\/api.w.org\/{rel}","templated":true}]}}