{"id":3480,"date":"2022-11-03T15:57:03","date_gmt":"2022-11-03T18:57:03","guid":{"rendered":"https:\/\/ajimport.com.br\/?post_type=product&#038;p=3480"},"modified":"2025-03-06T16:34:09","modified_gmt":"2025-03-06T19:34:09","slug":"cadeira-allegra-preta","status":"publish","type":"product","link":"https:\/\/ajimport.com.br\/en\/product\/cadeira-allegra-preta\/","title":{"rendered":"Cadeira Allegra Preta"},"content":{"rendered":"<p>A <strong>Cadeira Allegra Preta<\/strong>\u00a0\u00e9 a uni\u00e3o perfeita entre inova\u00e7\u00e3o e eleg\u00e2ncia. Com um design diferenciado nos <strong>apoios de bra\u00e7o e encosto<\/strong>, essa pe\u00e7a se destaca pela est\u00e9tica moderna e pelo toque sofisticado que agrega a qualquer ambiente. O seu visual fluido faz\u00a0dela uma pe\u00e7a marcante, capaz de transformar desde salas de jantar at\u00e9 espa\u00e7os comerciais com muito mais charme e personalidade. Com linhas fluidas e um visual arrojado, essa cadeira se destaca n\u00e3o apenas pela est\u00e9tica, mas tamb\u00e9m pela funcionalidade e conforto que oferece. Seja para complementar uma decora\u00e7\u00e3o contempor\u00e2nea ou para criar um ambiente mais ousado e aut\u00eantico, a Cadeira Allegra \u00e9 a escolha certa.<\/p>\n<p>&nbsp;<\/p>\n<p><img decoding=\"async\" class=\"size-full wp-image-4139 alignleft\" src=\"https:\/\/ajimport.com.br\/wp-content\/uploads\/2023\/02\/Icone-Office.jpg\" sizes=\"(max-width: 70px) 100vw, 70px\" srcset=\"https:\/\/ajimport.com.br\/wp-content\/uploads\/2023\/02\/Icone-Office.jpg 70w, https:\/\/ajimport.com.br\/wp-content\/uploads\/2023\/02\/Icone-Office-12x12.jpg 12w\" alt=\"\" width=\"70\" height=\"70\" \/><\/p>\n<h1><strong>Cadeira de escrit\u00f3rio de qualidade<\/strong><\/h1>\n<p data-start=\"737\" data-end=\"1343\">Produzida em <strong data-start=\"750\" data-end=\"787\">polipropileno de alta resist\u00eancia<\/strong>, a Cadeira Allegra se diferencia por sua robustez e leveza, garantindo uma longa vida \u00fatil sem perder a sua eleg\u00e2ncia. O material utilizado na fabrica\u00e7\u00e3o proporciona alta durabilidade e f\u00e1cil manuten\u00e7\u00e3o, tornando-a ideal para o uso di\u00e1rio. Al\u00e9m disso, a sua estrutura foi projetada para suportar diferentes tipos de ambientes, seja em \u00e1reas internas ou externas cobertas, sem comprometer a qualidade e o conforto. O seu acabamento bem trabalhado e resistente a impactos a torna uma pe\u00e7a confi\u00e1vel, perfeita para quem busca praticidade sem abrir m\u00e3o do design. Al\u00e9m da resist\u00eancia, a sua versatilidade \u00e9 um grande diferencial. Com um estilo moderno e atemporal, ela adapta-se facilmente a diferentes propostas de decora\u00e7\u00e3o, indo do estilo minimalista at\u00e9 mesmo o retr\u00f4.<\/p>\n<h1><strong data-wp-editing=\"1\"><img decoding=\"async\" class=\"wp-image-19261 size-full alignleft\" src=\"https:\/\/ajimport.com.br\/wp-content\/uploads\/2022\/11\/Icone-Garantia-1-1.png\" sizes=\"(max-width: 70px) 100vw, 70px\" srcset=\"https:\/\/ajimport.com.br\/wp-content\/uploads\/2022\/11\/Icone-Garantia-1-1.png 70w, https:\/\/ajimport.com.br\/wp-content\/uploads\/2022\/11\/Icone-Garantia-1-1-12x12.png 12w\" alt=\"\" width=\"70\" height=\"70\" \/><\/strong><\/h1>\n<h1><strong data-wp-editing=\"1\">Garantia:<\/strong><\/h1>\n<p><strong>A Cadeira Allegra Preta da AJ Import <\/strong>conta com 2 anos de garantia.<\/p>\n<p>&nbsp;<\/p>\n<h1><img decoding=\"async\" class=\"size-full wp-image-4141 alignleft\" src=\"https:\/\/ajimport.com.br\/wp-content\/uploads\/2023\/02\/Icone-Design-Conforto.jpg\" sizes=\"(max-width: 70px) 100vw, 70px\" srcset=\"https:\/\/ajimport.com.br\/wp-content\/uploads\/2023\/02\/Icone-Design-Conforto.jpg 70w, https:\/\/ajimport.com.br\/wp-content\/uploads\/2023\/02\/Icone-Design-Conforto-12x12.jpg 12w\" alt=\"\" width=\"70\" height=\"70\" \/><\/h1>\n<h1><strong>Conforto e Design:<\/strong><\/h1>\n<p>Muito mais do que uma cadeira moderna, ela \u00e9 a escolha ideal para quem busca resist\u00eancia e funcionalismo no dia a dia. Fabricada em polipropileno de alta qualidade, ela \u00e9 altamente dur\u00e1vel e de f\u00e1cil manuten\u00e7\u00e3o, garantindo um excelente custo-beneficio para empresas e estabelecimentos comerciais. Al\u00e9m disso, a sua estrutura \u00e9 leve e empilh\u00e1vel facilitando o transporte e o armazenamento.<\/p>\n<p><img loading=\"lazy\" decoding=\"async\" class=\"alignnone wp-image-19724 size-full\" src=\"https:\/\/ajimport.com.br\/wp-content\/uploads\/2022\/11\/Foto-ambientada-da-cadeira-Allegra-Preta.png\" alt=\"\" width=\"1200\" height=\"600\" srcset=\"https:\/\/ajimport.com.br\/wp-content\/uploads\/2022\/11\/Foto-ambientada-da-cadeira-Allegra-Preta.png 1200w, https:\/\/ajimport.com.br\/wp-content\/uploads\/2022\/11\/Foto-ambientada-da-cadeira-Allegra-Preta-300x150.png 300w, https:\/\/ajimport.com.br\/wp-content\/uploads\/2022\/11\/Foto-ambientada-da-cadeira-Allegra-Preta-1024x512.png 1024w, https:\/\/ajimport.com.br\/wp-content\/uploads\/2022\/11\/Foto-ambientada-da-cadeira-Allegra-Preta-768x384.png 768w, https:\/\/ajimport.com.br\/wp-content\/uploads\/2022\/11\/Foto-ambientada-da-cadeira-Allegra-Preta-18x9.png 18w, https:\/\/ajimport.com.br\/wp-content\/uploads\/2022\/11\/Foto-ambientada-da-cadeira-Allegra-Preta-600x300.png 600w\" sizes=\"(max-width: 1200px) 100vw, 1200px\" \/><\/p>\n<p>&nbsp;<\/p>\n<h1><img loading=\"lazy\" decoding=\"async\" class=\"size-full wp-image-4142 alignleft\" src=\"https:\/\/ajimport.com.br\/wp-content\/uploads\/2023\/02\/Icone-atendimento-posvenda.jpg\" sizes=\"(max-width: 70px) 100vw, 70px\" srcset=\"https:\/\/ajimport.com.br\/wp-content\/uploads\/2023\/02\/Icone-atendimento-posvenda.jpg 70w, https:\/\/ajimport.com.br\/wp-content\/uploads\/2023\/02\/Icone-atendimento-posvenda-12x12.jpg 12w\" alt=\"\" width=\"70\" height=\"70\" \/><strong>P\u00f3s-venda:<\/strong><\/h1>\n<p>A\u00a0<strong>AJ IMPORT<\/strong> oferece um P\u00f3s-venda que realmente funciona e se preocupa com cada cliente. O nosso atendimento n\u00e3o para no momento da venda, estamos 100% focados em longas parcerias e entendemos que para isso, cada especialista comercial precisa resolver as necessidades particulares de cada cliente.<br \/>\nO nosso atendimento \u00e9 humanizado e centrado na resolu\u00e7\u00e3o de cada caso e estamos em constante processo de otimiza\u00e7\u00e3o no atendimento para melhorarmos a cada dia.<br \/>\nPode entrar em contato no WhatsApp: (11) 95940-0870, no telefone: \u00a0(11) 4126-7070, ou no telefone do seu representante, ou especialista comercial, caso tenha sido atendimento.<\/p>\n<p>&nbsp;<\/p>\n<h2><img loading=\"lazy\" decoding=\"async\" class=\"size-full wp-image-4143 alignleft\" src=\"https:\/\/ajimport.com.br\/wp-content\/uploads\/2023\/02\/Icone-Qualidade.jpg\" sizes=\"(max-width: 70px) 100vw, 70px\" srcset=\"https:\/\/ajimport.com.br\/wp-content\/uploads\/2023\/02\/Icone-Qualidade.jpg 70w, https:\/\/ajimport.com.br\/wp-content\/uploads\/2023\/02\/Icone-Qualidade-12x12.jpg 12w\" alt=\"\" width=\"70\" height=\"70\" \/><strong>Qualidade, Resist\u00eancia e Fabrica\u00e7\u00e3o da cadeira Allegra Preta<\/strong><strong>.<\/strong><\/h2>\n<p>A\u00a0<strong>qualidade da AJ IMPORT<\/strong>\u00a0j\u00e1 \u00e9 reconhecida, importamos os modelos mais reconhecidos mundialmente e sempre com alta qualidade em cada pe\u00e7a para voc\u00ea.<br \/>\nEstamos no mercado h\u00e1 mais de 14 anos e estamos presentes em todo o Brasil, levando a mais alta qualidade em cada cadeira, mesa e banqueta.<br \/>\nA\u00a0<strong>Cadeira Allegra Preta<\/strong>\u00a0permite at\u00e9 154 quilos.<\/p>\n<p>&nbsp;<\/p>\n<p>&nbsp;<\/p>\n<p>&nbsp;<\/p>","protected":false},"excerpt":{"rendered":"<p>A Cadeira Allegra Preta\u00a0\u00e9 a uni\u00e3o perfeita entre inova\u00e7\u00e3o e eleg\u00e2ncia. Com um design diferenciado nos apoios de bra\u00e7o e encosto, essa pe\u00e7a se destaca pela est\u00e9tica moderna e pelo toque sofisticado que agrega a qualquer ambiente. O seu visual fluido faz\u00a0dela uma pe\u00e7a marcante, capaz de transformar desde salas de jantar at\u00e9 espa\u00e7os comerciais [&hellip;]<\/p>\n","protected":false},"featured_media":3488,"comment_status":"open","ping_status":"closed","template":"","meta":[],"product_brand":[],"product_cat":[34],"product_tag":[],"e-destaque":[],"marca":[65],"class_list":{"0":"post-3480","1":"product","2":"type-product","3":"status-publish","4":"has-post-thumbnail","6":"product_cat-cadeiras-design","7":"marca-futura-design","9":"first","10":"instock","11":"shipping-taxable","12":"purchasable","13":"product-type-simple"},"yoast_head":"<!-- This site is optimized with the Yoast SEO Premium plugin v24.7 (Yoast SEO v27.3) - https:\/\/yoast.com\/product\/yoast-seo-premium-wordpress\/ -->\n<title>Cadeira Allegra Preta - AJ Import<\/title>\n<meta name=\"robots\" content=\"index, follow, max-snippet:-1, max-image-preview:large, max-video-preview:-1\" \/>\n<link rel=\"canonical\" href=\"https:\/\/ajimport.com.br\/en\/product\/cadeira-allegra-preta\/\" \/>\n<meta property=\"og:locale\" content=\"en_US\" \/>\n<meta property=\"og:type\" content=\"article\" \/>\n<meta property=\"og:title\" content=\"Cadeira Allegra Preta\" \/>\n<meta property=\"og:description\" content=\"A Cadeira Allegra Preta\u00a0\u00e9 a uni\u00e3o perfeita entre inova\u00e7\u00e3o e eleg\u00e2ncia. Com um design diferenciado nos apoios de bra\u00e7o e encosto, essa pe\u00e7a se destaca pela est\u00e9tica moderna e pelo toque sofisticado que agrega a qualquer ambiente. O seu visual fluido faz\u00a0dela uma pe\u00e7a marcante, capaz de transformar desde salas de jantar at\u00e9 espa\u00e7os comerciais [&hellip;]\" \/>\n<meta property=\"og:url\" content=\"https:\/\/ajimport.com.br\/en\/product\/cadeira-allegra-preta\/\" \/>\n<meta property=\"og:site_name\" content=\"AJ Import\" \/>\n<meta property=\"article:publisher\" content=\"https:\/\/www.facebook.com\/grupoajimport\/?locale=pt_BR\" \/>\n<meta property=\"article:modified_time\" content=\"2025-03-06T19:34:09+00:00\" \/>\n<meta property=\"og:image\" content=\"https:\/\/ajimport.com.br\/wp-content\/uploads\/2022\/11\/cadeira_allegra_preta_30793081_1_20191112085335-1.webp\" \/>\n\t<meta property=\"og:image:width\" content=\"1000\" \/>\n\t<meta property=\"og:image:height\" content=\"1000\" \/>\n\t<meta property=\"og:image:type\" content=\"image\/webp\" \/>\n<meta name=\"twitter:card\" content=\"summary_large_image\" \/>\n<meta name=\"twitter:label1\" content=\"Est. reading time\" \/>\n\t<meta name=\"twitter:data1\" content=\"4 minutes\" \/>\n<script type=\"application\/ld+json\" class=\"yoast-schema-graph\">{\"@context\":\"https:\\\/\\\/schema.org\",\"@graph\":[{\"@type\":\"WebPage\",\"@id\":\"https:\\\/\\\/ajimport.com.br\\\/produto\\\/cadeira-allegra-preta\\\/\",\"url\":\"https:\\\/\\\/ajimport.com.br\\\/produto\\\/cadeira-allegra-preta\\\/\",\"name\":\"Cadeira Allegra Preta - AJ Import\",\"isPartOf\":{\"@id\":\"https:\\\/\\\/ajimport.com.br\\\/#website\"},\"primaryImageOfPage\":{\"@id\":\"https:\\\/\\\/ajimport.com.br\\\/produto\\\/cadeira-allegra-preta\\\/#primaryimage\"},\"image\":{\"@id\":\"https:\\\/\\\/ajimport.com.br\\\/produto\\\/cadeira-allegra-preta\\\/#primaryimage\"},\"thumbnailUrl\":\"https:\\\/\\\/ajimport.com.br\\\/wp-content\\\/uploads\\\/2022\\\/11\\\/cadeira_allegra_preta_30793081_1_20191112085335-1.webp\",\"datePublished\":\"2022-11-03T18:57:03+00:00\",\"dateModified\":\"2025-03-06T19:34:09+00:00\",\"breadcrumb\":{\"@id\":\"https:\\\/\\\/ajimport.com.br\\\/produto\\\/cadeira-allegra-preta\\\/#breadcrumb\"},\"inLanguage\":\"en-US\",\"potentialAction\":[{\"@type\":\"ReadAction\",\"target\":[\"https:\\\/\\\/ajimport.com.br\\\/produto\\\/cadeira-allegra-preta\\\/\"]}]},{\"@type\":\"ImageObject\",\"inLanguage\":\"en-US\",\"@id\":\"https:\\\/\\\/ajimport.com.br\\\/produto\\\/cadeira-allegra-preta\\\/#primaryimage\",\"url\":\"https:\\\/\\\/ajimport.com.br\\\/wp-content\\\/uploads\\\/2022\\\/11\\\/cadeira_allegra_preta_30793081_1_20191112085335-1.webp\",\"contentUrl\":\"https:\\\/\\\/ajimport.com.br\\\/wp-content\\\/uploads\\\/2022\\\/11\\\/cadeira_allegra_preta_30793081_1_20191112085335-1.webp\",\"width\":1000,\"height\":1000},{\"@type\":\"BreadcrumbList\",\"@id\":\"https:\\\/\\\/ajimport.com.br\\\/produto\\\/cadeira-allegra-preta\\\/#breadcrumb\",\"itemListElement\":[{\"@type\":\"ListItem\",\"position\":1,\"name\":\"Home\",\"item\":\"https:\\\/\\\/ajimport.com.br\\\/\"},{\"@type\":\"ListItem\",\"position\":2,\"name\":\"Cat\u00e1logo\",\"item\":\"https:\\\/\\\/ajimport.com.br\\\/catalogo\\\/\"},{\"@type\":\"ListItem\",\"position\":3,\"name\":\"Cadeira Allegra Preta\"}]},{\"@type\":\"WebSite\",\"@id\":\"https:\\\/\\\/ajimport.com.br\\\/#website\",\"url\":\"https:\\\/\\\/ajimport.com.br\\\/\",\"name\":\"AJ Import\",\"description\":\"A maior especialista em cadeiras  importadas do pa\u00eds.\",\"publisher\":{\"@id\":\"https:\\\/\\\/ajimport.com.br\\\/#organization\"},\"potentialAction\":[{\"@type\":\"SearchAction\",\"target\":{\"@type\":\"EntryPoint\",\"urlTemplate\":\"https:\\\/\\\/ajimport.com.br\\\/?s={search_term_string}\"},\"query-input\":{\"@type\":\"PropertyValueSpecification\",\"valueRequired\":true,\"valueName\":\"search_term_string\"}}],\"inLanguage\":\"en-US\"},{\"@type\":\"Organization\",\"@id\":\"https:\\\/\\\/ajimport.com.br\\\/#organization\",\"name\":\"Grupo AJ Import\",\"url\":\"https:\\\/\\\/ajimport.com.br\\\/\",\"logo\":{\"@type\":\"ImageObject\",\"inLanguage\":\"en-US\",\"@id\":\"https:\\\/\\\/ajimport.com.br\\\/#\\\/schema\\\/logo\\\/image\\\/\",\"url\":\"https:\\\/\\\/ajimport.com.br\\\/wp-content\\\/uploads\\\/2022\\\/10\\\/Grupo-53-1.png\",\"contentUrl\":\"https:\\\/\\\/ajimport.com.br\\\/wp-content\\\/uploads\\\/2022\\\/10\\\/Grupo-53-1.png\",\"width\":80,\"height\":64,\"caption\":\"Grupo AJ Import\"},\"image\":{\"@id\":\"https:\\\/\\\/ajimport.com.br\\\/#\\\/schema\\\/logo\\\/image\\\/\"},\"sameAs\":[\"https:\\\/\\\/www.facebook.com\\\/grupoajimport\\\/?locale=pt_BR\",\"https:\\\/\\\/www.instagram.com\\\/grupoajimport\\\/\",\"https:\\\/\\\/br.linkedin.com\\\/company\\\/grupoajimport\"]}]}<\/script>\n<!-- \/ Yoast SEO Premium plugin. -->","yoast_head_json":{"title":"Cadeira Allegra Preta - AJ Import","robots":{"index":"index","follow":"follow","max-snippet":"max-snippet:-1","max-image-preview":"max-image-preview:large","max-video-preview":"max-video-preview:-1"},"canonical":"https:\/\/ajimport.com.br\/en\/product\/cadeira-allegra-preta\/","og_locale":"en_US","og_type":"article","og_title":"Cadeira Allegra Preta","og_description":"A Cadeira Allegra Preta\u00a0\u00e9 a uni\u00e3o perfeita entre inova\u00e7\u00e3o e eleg\u00e2ncia. Com um design diferenciado nos apoios de bra\u00e7o e encosto, essa pe\u00e7a se destaca pela est\u00e9tica moderna e pelo toque sofisticado que agrega a qualquer ambiente. O seu visual fluido faz\u00a0dela uma pe\u00e7a marcante, capaz de transformar desde salas de jantar at\u00e9 espa\u00e7os comerciais [&hellip;]","og_url":"https:\/\/ajimport.com.br\/en\/product\/cadeira-allegra-preta\/","og_site_name":"AJ Import","article_publisher":"https:\/\/www.facebook.com\/grupoajimport\/?locale=pt_BR","article_modified_time":"2025-03-06T19:34:09+00:00","og_image":[{"width":1000,"height":1000,"url":"https:\/\/ajimport.com.br\/wp-content\/uploads\/2022\/11\/cadeira_allegra_preta_30793081_1_20191112085335-1.webp","type":"image\/webp"}],"twitter_card":"summary_large_image","twitter_misc":{"Est. reading time":"4 minutes"},"schema":{"@context":"https:\/\/schema.org","@graph":[{"@type":"WebPage","@id":"https:\/\/ajimport.com.br\/produto\/cadeira-allegra-preta\/","url":"https:\/\/ajimport.com.br\/produto\/cadeira-allegra-preta\/","name":"Cadeira Allegra Preta - AJ Import","isPartOf":{"@id":"https:\/\/ajimport.com.br\/#website"},"primaryImageOfPage":{"@id":"https:\/\/ajimport.com.br\/produto\/cadeira-allegra-preta\/#primaryimage"},"image":{"@id":"https:\/\/ajimport.com.br\/produto\/cadeira-allegra-preta\/#primaryimage"},"thumbnailUrl":"https:\/\/ajimport.com.br\/wp-content\/uploads\/2022\/11\/cadeira_allegra_preta_30793081_1_20191112085335-1.webp","datePublished":"2022-11-03T18:57:03+00:00","dateModified":"2025-03-06T19:34:09+00:00","breadcrumb":{"@id":"https:\/\/ajimport.com.br\/produto\/cadeira-allegra-preta\/#breadcrumb"},"inLanguage":"en-US","potentialAction":[{"@type":"ReadAction","target":["https:\/\/ajimport.com.br\/produto\/cadeira-allegra-preta\/"]}]},{"@type":"ImageObject","inLanguage":"en-US","@id":"https:\/\/ajimport.com.br\/produto\/cadeira-allegra-preta\/#primaryimage","url":"https:\/\/ajimport.com.br\/wp-content\/uploads\/2022\/11\/cadeira_allegra_preta_30793081_1_20191112085335-1.webp","contentUrl":"https:\/\/ajimport.com.br\/wp-content\/uploads\/2022\/11\/cadeira_allegra_preta_30793081_1_20191112085335-1.webp","width":1000,"height":1000},{"@type":"BreadcrumbList","@id":"https:\/\/ajimport.com.br\/produto\/cadeira-allegra-preta\/#breadcrumb","itemListElement":[{"@type":"ListItem","position":1,"name":"Home","item":"https:\/\/ajimport.com.br\/"},{"@type":"ListItem","position":2,"name":"Cat\u00e1logo","item":"https:\/\/ajimport.com.br\/catalogo\/"},{"@type":"ListItem","position":3,"name":"Cadeira Allegra Preta"}]},{"@type":"WebSite","@id":"https:\/\/ajimport.com.br\/#website","url":"https:\/\/ajimport.com.br\/","name":"AJ Import","description":"A maior especialista em cadeiras  importadas do pa\u00eds.","publisher":{"@id":"https:\/\/ajimport.com.br\/#organization"},"potentialAction":[{"@type":"SearchAction","target":{"@type":"EntryPoint","urlTemplate":"https:\/\/ajimport.com.br\/?s={search_term_string}"},"query-input":{"@type":"PropertyValueSpecification","valueRequired":true,"valueName":"search_term_string"}}],"inLanguage":"en-US"},{"@type":"Organization","@id":"https:\/\/ajimport.com.br\/#organization","name":"Grupo AJ Import","url":"https:\/\/ajimport.com.br\/","logo":{"@type":"ImageObject","inLanguage":"en-US","@id":"https:\/\/ajimport.com.br\/#\/schema\/logo\/image\/","url":"https:\/\/ajimport.com.br\/wp-content\/uploads\/2022\/10\/Grupo-53-1.png","contentUrl":"https:\/\/ajimport.com.br\/wp-content\/uploads\/2022\/10\/Grupo-53-1.png","width":80,"height":64,"caption":"Grupo AJ Import"},"image":{"@id":"https:\/\/ajimport.com.br\/#\/schema\/logo\/image\/"},"sameAs":["https:\/\/www.facebook.com\/grupoajimport\/?locale=pt_BR","https:\/\/www.instagram.com\/grupoajimport\/","https:\/\/br.linkedin.com\/company\/grupoajimport"]}]}},"_links":{"self":[{"href":"https:\/\/ajimport.com.br\/en\/wp-json\/wp\/v2\/product\/3480","targetHints":{"allow":["GET"]}}],"collection":[{"href":"https:\/\/ajimport.com.br\/en\/wp-json\/wp\/v2\/product"}],"about":[{"href":"https:\/\/ajimport.com.br\/en\/wp-json\/wp\/v2\/types\/product"}],"replies":[{"embeddable":true,"href":"https:\/\/ajimport.com.br\/en\/wp-json\/wp\/v2\/comments?post=3480"}],"wp:featuredmedia":[{"embeddable":true,"href":"https:\/\/ajimport.com.br\/en\/wp-json\/wp\/v2\/media\/3488"}],"wp:attachment":[{"href":"https:\/\/ajimport.com.br\/en\/wp-json\/wp\/v2\/media?parent=3480"}],"wp:term":[{"taxonomy":"product_brand","embeddable":true,"href":"https:\/\/ajimport.com.br\/en\/wp-json\/wp\/v2\/product_brand?post=3480"},{"taxonomy":"product_cat","embeddable":true,"href":"https:\/\/ajimport.com.br\/en\/wp-json\/wp\/v2\/product_cat?post=3480"},{"taxonomy":"product_tag","embeddable":true,"href":"https:\/\/ajimport.com.br\/en\/wp-json\/wp\/v2\/product_tag?post=3480"},{"taxonomy":"e-destaque","embeddable":true,"href":"https:\/\/ajimport.com.br\/en\/wp-json\/wp\/v2\/e-destaque?post=3480"},{"taxonomy":"marca","embeddable":true,"href":"https:\/\/ajimport.com.br\/en\/wp-json\/wp\/v2\/marca?post=3480"}],"curies":[{"name":"wp","href":"https:\/\/api.w.org\/{rel}","templated":true}]}}