{"id":3429,"date":"2022-11-03T14:59:06","date_gmt":"2022-11-03T17:59:06","guid":{"rendered":"https:\/\/ajimport.com.br\/?post_type=product&#038;p=3429"},"modified":"2026-02-26T11:46:33","modified_gmt":"2026-02-26T14:46:33","slug":"banqueta-belo-horizonte-preta","status":"publish","type":"product","link":"https:\/\/ajimport.com.br\/en\/product\/banqueta-belo-horizonte-preta\/","title":{"rendered":"Banqueta Belo Horizonte Preta"},"content":{"rendered":"<p>A <strong>Banqueta Belo Horizonte <\/strong>\u00e9 a uni\u00e3o ideal entre conforto, versatilidade e design contempor\u00e2neo. O seu visual moderno e funcional se adapta com facilidade a diferentes ambientes, desde cozinhas planejadas e \u00e1reas gourmet at\u00e9 balc\u00f5es de atendimento ou espa\u00e7os comerciais. Com um estilo sofisticado e minimalista, ela traz um toque elegante \u00e0 decora\u00e7\u00e3o, destacando-se por suas linhas e acabamento refinado. Al\u00e9m disso, o seu assento acolchoado proporciona conforto superior, tornando qualquer ambiente mais convidativo e agrad\u00e1vel.<\/p>\n<p>&nbsp;<\/p>\n<p><img decoding=\"async\" class=\"size-full wp-image-4139 alignleft\" src=\"https:\/\/ajimport.com.br\/wp-content\/uploads\/2023\/02\/Icone-Office.jpg\" sizes=\"(max-width: 70px) 100vw, 70px\" srcset=\"https:\/\/ajimport.com.br\/wp-content\/uploads\/2023\/02\/Icone-Office.jpg 70w, https:\/\/ajimport.com.br\/wp-content\/uploads\/2023\/02\/Icone-Office-12x12.jpg 12w\" alt=\"\" width=\"70\" height=\"70\" \/><\/p>\n<h1><strong>Cadeira de escrit\u00f3rio de qualidade<\/strong><\/h1>\n<p>O grande diferencial da banqueta Belo Horizonte \u00e9 o <strong>sistema de ajuste de altura<\/strong>, que permite adaptar a pe\u00e7a conforme a necessidade de uso, seja em bancadas altas ou mais baixas. Sua <strong>base cromada<\/strong> confere um visual moderno e brilho sofisticado, al\u00e9m de garantir estabilidade e durabilidade no uso di\u00e1rio. O <strong>estofado revestido em pu (poliuretano)<\/strong> oferece um toque macio e confort\u00e1vel, al\u00e9m de ser f\u00e1cil de limpar e manter. Com capacidade para suportar at\u00e9 <strong>120 kg<\/strong>, essa banqueta alia resist\u00eancia e conforto com um design que valoriza qualquer espa\u00e7o.<\/p>\n<p>&nbsp;<\/p>\n<h2><strong><img decoding=\"async\" class=\"size-full wp-image-4146 alignleft\" src=\"https:\/\/ajimport.com.br\/wp-content\/uploads\/2023\/02\/Icone-Garantia-1.jpg\" sizes=\"(max-width: 70px) 100vw, 70px\" srcset=\"https:\/\/ajimport.com.br\/wp-content\/uploads\/2023\/02\/Icone-Garantia-1.jpg 70w, https:\/\/ajimport.com.br\/wp-content\/uploads\/2023\/02\/Icone-Garantia-1-12x12.jpg 12w\" alt=\"\" width=\"70\" height=\"70\" \/>Garantia:<\/strong><\/h2>\n<p>A <strong>Banqueta Belo Horizonte<\/strong><strong>\u00a0da AJ IMPORT<\/strong>\u00a0conta com 3 meses de garantia.<\/p>\n<p>&nbsp;<\/p>\n<h1><img decoding=\"async\" class=\"size-full wp-image-4141 alignleft\" src=\"https:\/\/ajimport.com.br\/wp-content\/uploads\/2023\/02\/Icone-Design-Conforto.jpg\" sizes=\"(max-width: 70px) 100vw, 70px\" srcset=\"https:\/\/ajimport.com.br\/wp-content\/uploads\/2023\/02\/Icone-Design-Conforto.jpg 70w, https:\/\/ajimport.com.br\/wp-content\/uploads\/2023\/02\/Icone-Design-Conforto-12x12.jpg 12w\" alt=\"\" width=\"70\" height=\"70\" \/><\/h1>\n<h1><strong>Conforto e Design:<\/strong><\/h1>\n<p>Mais do que uma banqueta bonita, a Belo Horizonte foi pensada para oferecer <strong>praticidade, conforto e durabilidade. <\/strong>O apoio para os p\u00e9s integrado \u00e1 base cromada proporciona conforto extra, especialmente para quem permanece mais tempo sentado. Com estrutura ajust\u00e1vel e acabamento de alto padr\u00e3o, ela \u00e9 perfeita para quem busca uma solu\u00e7\u00e3o elegante e funcional para o dia a dia seja em casa, no escrit\u00f3rio ou em ambientes comerciais.<\/p>\n<p><img loading=\"lazy\" decoding=\"async\" class=\"alignnone wp-image-19947 size-full\" src=\"https:\/\/ajimport.com.br\/wp-content\/uploads\/2022\/11\/Foto-ambientada-banqueta-BH-Preta.png\" alt=\"\" width=\"1200\" height=\"600\" srcset=\"https:\/\/ajimport.com.br\/wp-content\/uploads\/2022\/11\/Foto-ambientada-banqueta-BH-Preta.png 1200w, https:\/\/ajimport.com.br\/wp-content\/uploads\/2022\/11\/Foto-ambientada-banqueta-BH-Preta-300x150.png 300w, https:\/\/ajimport.com.br\/wp-content\/uploads\/2022\/11\/Foto-ambientada-banqueta-BH-Preta-1024x512.png 1024w, https:\/\/ajimport.com.br\/wp-content\/uploads\/2022\/11\/Foto-ambientada-banqueta-BH-Preta-768x384.png 768w, https:\/\/ajimport.com.br\/wp-content\/uploads\/2022\/11\/Foto-ambientada-banqueta-BH-Preta-18x9.png 18w, https:\/\/ajimport.com.br\/wp-content\/uploads\/2022\/11\/Foto-ambientada-banqueta-BH-Preta-600x300.png 600w\" sizes=\"(max-width: 1200px) 100vw, 1200px\" \/><\/p>\n<p>&nbsp;<\/p>\n<h1><img loading=\"lazy\" decoding=\"async\" class=\"size-full wp-image-4142 alignleft\" src=\"https:\/\/ajimport.com.br\/wp-content\/uploads\/2023\/02\/Icone-atendimento-posvenda.jpg\" sizes=\"(max-width: 70px) 100vw, 70px\" srcset=\"https:\/\/ajimport.com.br\/wp-content\/uploads\/2023\/02\/Icone-atendimento-posvenda.jpg 70w, https:\/\/ajimport.com.br\/wp-content\/uploads\/2023\/02\/Icone-atendimento-posvenda-12x12.jpg 12w\" alt=\"\" width=\"70\" height=\"70\" \/><strong>P\u00f3s-venda:<\/strong><\/h1>\n<p>A\u00a0<strong>AJ IMPORT<\/strong> oferece um P\u00f3s-venda que realmente funciona e se preocupa com cada cliente.\u00a0 O nosso atendimento n\u00e3o para no momento da venda, estamos 100% focados em longas parcerias e entendemos que para isso, cada especialista comercial precisa resolver as necessidades particulares de cada cliente.<br \/>\nNosso atendimento \u00e9 humanizado e centrado na resolu\u00e7\u00e3o de cada caso e estamos em constante processo de otimiza\u00e7\u00e3o no atendimento para melhorarmos a cada dia.<br \/>\nPode entrar em contato no WhatsApp: (11) 91755-0041, no telefone: \u00a0(11) 4126-7070, ou no telefone do seu representante ou especialista comercial, caso tenha sido atendimento.<\/p>\n<p>&nbsp;<\/p>\n<h2><img loading=\"lazy\" decoding=\"async\" class=\"size-full wp-image-4143 alignleft\" src=\"https:\/\/ajimport.com.br\/wp-content\/uploads\/2023\/02\/Icone-Qualidade.jpg\" sizes=\"(max-width: 70px) 100vw, 70px\" srcset=\"https:\/\/ajimport.com.br\/wp-content\/uploads\/2023\/02\/Icone-Qualidade.jpg 70w, https:\/\/ajimport.com.br\/wp-content\/uploads\/2023\/02\/Icone-Qualidade-12x12.jpg 12w\" alt=\"\" width=\"70\" height=\"70\" \/><strong>Qualidade, Resist\u00eancia e Fabrica\u00e7\u00e3o da Banqueta Belo Horizonte<\/strong><strong>.<\/strong><\/h2>\n<p>A\u00a0<strong>qualidade da AJ IMPORT<\/strong>\u00a0j\u00e1 \u00e9 reconhecida, importamos os modelos mais reconhecidos mundialmente e sempre com alta qualidade em cada pe\u00e7a para voc\u00ea.<br \/>\nEstamos no mercado h\u00e1 mais de 15 anos e estamos presentes em todo o Brasil, levando a mais alta qualidade em cada cadeira, mesa e banqueta.<br \/>\nA\u00a0<strong>Banqueta Belo Horizonte<\/strong>\u00a0permite at\u00e9 120 quilos.<\/p>\n<p>&nbsp;<\/p>\n<p>&nbsp;<\/p>\n<p>&nbsp;<\/p>","protected":false},"excerpt":{"rendered":"<p>A Banqueta Belo Horizonte \u00e9 a uni\u00e3o ideal entre conforto, versatilidade e design contempor\u00e2neo. O seu visual moderno e funcional se adapta com facilidade a diferentes ambientes, desde cozinhas planejadas e \u00e1reas gourmet at\u00e9 balc\u00f5es de atendimento ou espa\u00e7os comerciais. Com um estilo sofisticado e minimalista, ela traz um toque elegante \u00e0 decora\u00e7\u00e3o, destacando-se por [&hellip;]<\/p>\n","protected":false},"featured_media":3433,"comment_status":"closed","ping_status":"closed","template":"","meta":[],"product_brand":[],"product_cat":[36],"product_tag":[],"e-destaque":[],"marca":[65],"class_list":{"0":"post-3429","1":"product","2":"type-product","3":"status-publish","4":"has-post-thumbnail","6":"product_cat-banquetas","7":"marca-futura-design","9":"first","10":"instock","11":"shipping-taxable","12":"purchasable","13":"product-type-simple"},"yoast_head":"<!-- This site is optimized with the Yoast SEO Premium plugin v24.7 (Yoast SEO v27.4) - https:\/\/yoast.com\/product\/yoast-seo-premium-wordpress\/ -->\n<title>Banqueta Belo Horizonte Preta - AJ Import<\/title>\n<meta name=\"robots\" content=\"index, follow, max-snippet:-1, max-image-preview:large, max-video-preview:-1\" \/>\n<link rel=\"canonical\" href=\"https:\/\/ajimport.com.br\/en\/product\/banqueta-belo-horizonte-preta\/\" \/>\n<meta property=\"og:locale\" content=\"en_US\" \/>\n<meta property=\"og:type\" content=\"article\" \/>\n<meta property=\"og:title\" content=\"Banqueta Belo Horizonte Preta\" \/>\n<meta property=\"og:description\" content=\"A Banqueta Belo Horizonte \u00e9 a uni\u00e3o ideal entre conforto, versatilidade e design contempor\u00e2neo. O seu visual moderno e funcional se adapta com facilidade a diferentes ambientes, desde cozinhas planejadas e \u00e1reas gourmet at\u00e9 balc\u00f5es de atendimento ou espa\u00e7os comerciais. Com um estilo sofisticado e minimalista, ela traz um toque elegante \u00e0 decora\u00e7\u00e3o, destacando-se por [&hellip;]\" \/>\n<meta property=\"og:url\" content=\"https:\/\/ajimport.com.br\/en\/product\/banqueta-belo-horizonte-preta\/\" \/>\n<meta property=\"og:site_name\" content=\"AJ Import\" \/>\n<meta property=\"article:publisher\" content=\"https:\/\/www.facebook.com\/grupoajimport\/?locale=pt_BR\" \/>\n<meta property=\"article:modified_time\" content=\"2026-02-26T14:46:33+00:00\" \/>\n<meta property=\"og:image\" content=\"https:\/\/ajimport.com.br\/wp-content\/uploads\/2022\/11\/banqueta_belo_horizonte_preta_30793091_1_20191112093849.webp\" \/>\n\t<meta property=\"og:image:width\" content=\"1000\" \/>\n\t<meta property=\"og:image:height\" content=\"1000\" \/>\n\t<meta property=\"og:image:type\" content=\"image\/webp\" \/>\n<meta name=\"twitter:card\" content=\"summary_large_image\" \/>\n<meta name=\"twitter:label1\" content=\"Est. reading time\" \/>\n\t<meta name=\"twitter:data1\" content=\"4 minutes\" \/>\n<script type=\"application\/ld+json\" class=\"yoast-schema-graph\">{\"@context\":\"https:\\\/\\\/schema.org\",\"@graph\":[{\"@type\":\"WebPage\",\"@id\":\"https:\\\/\\\/ajimport.com.br\\\/produto\\\/banqueta-belo-horizonte-preta\\\/\",\"url\":\"https:\\\/\\\/ajimport.com.br\\\/produto\\\/banqueta-belo-horizonte-preta\\\/\",\"name\":\"Banqueta Belo Horizonte Preta - AJ Import\",\"isPartOf\":{\"@id\":\"https:\\\/\\\/ajimport.com.br\\\/#website\"},\"primaryImageOfPage\":{\"@id\":\"https:\\\/\\\/ajimport.com.br\\\/produto\\\/banqueta-belo-horizonte-preta\\\/#primaryimage\"},\"image\":{\"@id\":\"https:\\\/\\\/ajimport.com.br\\\/produto\\\/banqueta-belo-horizonte-preta\\\/#primaryimage\"},\"thumbnailUrl\":\"https:\\\/\\\/ajimport.com.br\\\/wp-content\\\/uploads\\\/2022\\\/11\\\/banqueta_belo_horizonte_preta_30793091_1_20191112093849.webp\",\"datePublished\":\"2022-11-03T17:59:06+00:00\",\"dateModified\":\"2026-02-26T14:46:33+00:00\",\"breadcrumb\":{\"@id\":\"https:\\\/\\\/ajimport.com.br\\\/produto\\\/banqueta-belo-horizonte-preta\\\/#breadcrumb\"},\"inLanguage\":\"en-US\",\"potentialAction\":[{\"@type\":\"ReadAction\",\"target\":[\"https:\\\/\\\/ajimport.com.br\\\/produto\\\/banqueta-belo-horizonte-preta\\\/\"]}]},{\"@type\":\"ImageObject\",\"inLanguage\":\"en-US\",\"@id\":\"https:\\\/\\\/ajimport.com.br\\\/produto\\\/banqueta-belo-horizonte-preta\\\/#primaryimage\",\"url\":\"https:\\\/\\\/ajimport.com.br\\\/wp-content\\\/uploads\\\/2022\\\/11\\\/banqueta_belo_horizonte_preta_30793091_1_20191112093849.webp\",\"contentUrl\":\"https:\\\/\\\/ajimport.com.br\\\/wp-content\\\/uploads\\\/2022\\\/11\\\/banqueta_belo_horizonte_preta_30793091_1_20191112093849.webp\",\"width\":1000,\"height\":1000},{\"@type\":\"BreadcrumbList\",\"@id\":\"https:\\\/\\\/ajimport.com.br\\\/produto\\\/banqueta-belo-horizonte-preta\\\/#breadcrumb\",\"itemListElement\":[{\"@type\":\"ListItem\",\"position\":1,\"name\":\"Home\",\"item\":\"https:\\\/\\\/ajimport.com.br\\\/\"},{\"@type\":\"ListItem\",\"position\":2,\"name\":\"Cat\u00e1logo\",\"item\":\"https:\\\/\\\/ajimport.com.br\\\/catalogo\\\/\"},{\"@type\":\"ListItem\",\"position\":3,\"name\":\"Banqueta Belo Horizonte Preta\"}]},{\"@type\":\"WebSite\",\"@id\":\"https:\\\/\\\/ajimport.com.br\\\/#website\",\"url\":\"https:\\\/\\\/ajimport.com.br\\\/\",\"name\":\"AJ Import\",\"description\":\"A maior especialista em cadeiras  importadas do pa\u00eds.\",\"publisher\":{\"@id\":\"https:\\\/\\\/ajimport.com.br\\\/#organization\"},\"potentialAction\":[{\"@type\":\"SearchAction\",\"target\":{\"@type\":\"EntryPoint\",\"urlTemplate\":\"https:\\\/\\\/ajimport.com.br\\\/?s={search_term_string}\"},\"query-input\":{\"@type\":\"PropertyValueSpecification\",\"valueRequired\":true,\"valueName\":\"search_term_string\"}}],\"inLanguage\":\"en-US\"},{\"@type\":\"Organization\",\"@id\":\"https:\\\/\\\/ajimport.com.br\\\/#organization\",\"name\":\"Grupo AJ Import\",\"url\":\"https:\\\/\\\/ajimport.com.br\\\/\",\"logo\":{\"@type\":\"ImageObject\",\"inLanguage\":\"en-US\",\"@id\":\"https:\\\/\\\/ajimport.com.br\\\/#\\\/schema\\\/logo\\\/image\\\/\",\"url\":\"https:\\\/\\\/ajimport.com.br\\\/wp-content\\\/uploads\\\/2022\\\/10\\\/Grupo-53-1.png\",\"contentUrl\":\"https:\\\/\\\/ajimport.com.br\\\/wp-content\\\/uploads\\\/2022\\\/10\\\/Grupo-53-1.png\",\"width\":80,\"height\":64,\"caption\":\"Grupo AJ Import\"},\"image\":{\"@id\":\"https:\\\/\\\/ajimport.com.br\\\/#\\\/schema\\\/logo\\\/image\\\/\"},\"sameAs\":[\"https:\\\/\\\/www.facebook.com\\\/grupoajimport\\\/?locale=pt_BR\",\"https:\\\/\\\/www.instagram.com\\\/grupoajimport\\\/\",\"https:\\\/\\\/br.linkedin.com\\\/company\\\/grupoajimport\"]}]}<\/script>\n<!-- \/ Yoast SEO Premium plugin. -->","yoast_head_json":{"title":"Banqueta Belo Horizonte Preta - AJ Import","robots":{"index":"index","follow":"follow","max-snippet":"max-snippet:-1","max-image-preview":"max-image-preview:large","max-video-preview":"max-video-preview:-1"},"canonical":"https:\/\/ajimport.com.br\/en\/product\/banqueta-belo-horizonte-preta\/","og_locale":"en_US","og_type":"article","og_title":"Banqueta Belo Horizonte Preta","og_description":"A Banqueta Belo Horizonte \u00e9 a uni\u00e3o ideal entre conforto, versatilidade e design contempor\u00e2neo. O seu visual moderno e funcional se adapta com facilidade a diferentes ambientes, desde cozinhas planejadas e \u00e1reas gourmet at\u00e9 balc\u00f5es de atendimento ou espa\u00e7os comerciais. Com um estilo sofisticado e minimalista, ela traz um toque elegante \u00e0 decora\u00e7\u00e3o, destacando-se por [&hellip;]","og_url":"https:\/\/ajimport.com.br\/en\/product\/banqueta-belo-horizonte-preta\/","og_site_name":"AJ Import","article_publisher":"https:\/\/www.facebook.com\/grupoajimport\/?locale=pt_BR","article_modified_time":"2026-02-26T14:46:33+00:00","og_image":[{"width":1000,"height":1000,"url":"https:\/\/ajimport.com.br\/wp-content\/uploads\/2022\/11\/banqueta_belo_horizonte_preta_30793091_1_20191112093849.webp","type":"image\/webp"}],"twitter_card":"summary_large_image","twitter_misc":{"Est. reading time":"4 minutes"},"schema":{"@context":"https:\/\/schema.org","@graph":[{"@type":"WebPage","@id":"https:\/\/ajimport.com.br\/produto\/banqueta-belo-horizonte-preta\/","url":"https:\/\/ajimport.com.br\/produto\/banqueta-belo-horizonte-preta\/","name":"Banqueta Belo Horizonte Preta - AJ Import","isPartOf":{"@id":"https:\/\/ajimport.com.br\/#website"},"primaryImageOfPage":{"@id":"https:\/\/ajimport.com.br\/produto\/banqueta-belo-horizonte-preta\/#primaryimage"},"image":{"@id":"https:\/\/ajimport.com.br\/produto\/banqueta-belo-horizonte-preta\/#primaryimage"},"thumbnailUrl":"https:\/\/ajimport.com.br\/wp-content\/uploads\/2022\/11\/banqueta_belo_horizonte_preta_30793091_1_20191112093849.webp","datePublished":"2022-11-03T17:59:06+00:00","dateModified":"2026-02-26T14:46:33+00:00","breadcrumb":{"@id":"https:\/\/ajimport.com.br\/produto\/banqueta-belo-horizonte-preta\/#breadcrumb"},"inLanguage":"en-US","potentialAction":[{"@type":"ReadAction","target":["https:\/\/ajimport.com.br\/produto\/banqueta-belo-horizonte-preta\/"]}]},{"@type":"ImageObject","inLanguage":"en-US","@id":"https:\/\/ajimport.com.br\/produto\/banqueta-belo-horizonte-preta\/#primaryimage","url":"https:\/\/ajimport.com.br\/wp-content\/uploads\/2022\/11\/banqueta_belo_horizonte_preta_30793091_1_20191112093849.webp","contentUrl":"https:\/\/ajimport.com.br\/wp-content\/uploads\/2022\/11\/banqueta_belo_horizonte_preta_30793091_1_20191112093849.webp","width":1000,"height":1000},{"@type":"BreadcrumbList","@id":"https:\/\/ajimport.com.br\/produto\/banqueta-belo-horizonte-preta\/#breadcrumb","itemListElement":[{"@type":"ListItem","position":1,"name":"Home","item":"https:\/\/ajimport.com.br\/"},{"@type":"ListItem","position":2,"name":"Cat\u00e1logo","item":"https:\/\/ajimport.com.br\/catalogo\/"},{"@type":"ListItem","position":3,"name":"Banqueta Belo Horizonte Preta"}]},{"@type":"WebSite","@id":"https:\/\/ajimport.com.br\/#website","url":"https:\/\/ajimport.com.br\/","name":"AJ Import","description":"A maior especialista em cadeiras  importadas do pa\u00eds.","publisher":{"@id":"https:\/\/ajimport.com.br\/#organization"},"potentialAction":[{"@type":"SearchAction","target":{"@type":"EntryPoint","urlTemplate":"https:\/\/ajimport.com.br\/?s={search_term_string}"},"query-input":{"@type":"PropertyValueSpecification","valueRequired":true,"valueName":"search_term_string"}}],"inLanguage":"en-US"},{"@type":"Organization","@id":"https:\/\/ajimport.com.br\/#organization","name":"Grupo AJ Import","url":"https:\/\/ajimport.com.br\/","logo":{"@type":"ImageObject","inLanguage":"en-US","@id":"https:\/\/ajimport.com.br\/#\/schema\/logo\/image\/","url":"https:\/\/ajimport.com.br\/wp-content\/uploads\/2022\/10\/Grupo-53-1.png","contentUrl":"https:\/\/ajimport.com.br\/wp-content\/uploads\/2022\/10\/Grupo-53-1.png","width":80,"height":64,"caption":"Grupo AJ Import"},"image":{"@id":"https:\/\/ajimport.com.br\/#\/schema\/logo\/image\/"},"sameAs":["https:\/\/www.facebook.com\/grupoajimport\/?locale=pt_BR","https:\/\/www.instagram.com\/grupoajimport\/","https:\/\/br.linkedin.com\/company\/grupoajimport"]}]}},"_links":{"self":[{"href":"https:\/\/ajimport.com.br\/en\/wp-json\/wp\/v2\/product\/3429","targetHints":{"allow":["GET"]}}],"collection":[{"href":"https:\/\/ajimport.com.br\/en\/wp-json\/wp\/v2\/product"}],"about":[{"href":"https:\/\/ajimport.com.br\/en\/wp-json\/wp\/v2\/types\/product"}],"replies":[{"embeddable":true,"href":"https:\/\/ajimport.com.br\/en\/wp-json\/wp\/v2\/comments?post=3429"}],"wp:featuredmedia":[{"embeddable":true,"href":"https:\/\/ajimport.com.br\/en\/wp-json\/wp\/v2\/media\/3433"}],"wp:attachment":[{"href":"https:\/\/ajimport.com.br\/en\/wp-json\/wp\/v2\/media?parent=3429"}],"wp:term":[{"taxonomy":"product_brand","embeddable":true,"href":"https:\/\/ajimport.com.br\/en\/wp-json\/wp\/v2\/product_brand?post=3429"},{"taxonomy":"product_cat","embeddable":true,"href":"https:\/\/ajimport.com.br\/en\/wp-json\/wp\/v2\/product_cat?post=3429"},{"taxonomy":"product_tag","embeddable":true,"href":"https:\/\/ajimport.com.br\/en\/wp-json\/wp\/v2\/product_tag?post=3429"},{"taxonomy":"e-destaque","embeddable":true,"href":"https:\/\/ajimport.com.br\/en\/wp-json\/wp\/v2\/e-destaque?post=3429"},{"taxonomy":"marca","embeddable":true,"href":"https:\/\/ajimport.com.br\/en\/wp-json\/wp\/v2\/marca?post=3429"}],"curies":[{"name":"wp","href":"https:\/\/api.w.org\/{rel}","templated":true}]}}