{"id":3404,"date":"2022-11-03T14:33:25","date_gmt":"2022-11-03T17:33:25","guid":{"rendered":"https:\/\/ajimport.com.br\/?post_type=product&#038;p=3404"},"modified":"2026-02-26T11:39:38","modified_gmt":"2026-02-26T14:39:38","slug":"banqueta-gomos-preta","status":"publish","type":"product","link":"https:\/\/ajimport.com.br\/en\/product\/banqueta-gomos-preta\/","title":{"rendered":"Banqueta Gomos Preta"},"content":{"rendered":"<p>A <strong>Banqueta Gomos <\/strong>combina modernidade, conforto e sofistica\u00e7\u00e3o em uma pe\u00e7a que valoriza qualquer ambiente. O seu design imponente, com estofado em formato de gomos, garante um visual arrojado e ao mesmo tempo acolhedor. Ideal para cozinhas gourmet, \u00e1reas de conviv\u00eancia e espa\u00e7os comerciais, ela se adapta com eleg\u00e2ncia e praticidade aos mais diversos estilos de decora\u00e7\u00e3o, proporcionando um toque de personalidade e requinte ao ambiente.<\/p>\n<p>&nbsp;<\/p>\n<p><img decoding=\"async\" class=\"size-full wp-image-4139 alignleft\" src=\"https:\/\/ajimport.com.br\/wp-content\/uploads\/2023\/02\/Icone-Office.jpg\" sizes=\"(max-width: 70px) 100vw, 70px\" srcset=\"https:\/\/ajimport.com.br\/wp-content\/uploads\/2023\/02\/Icone-Office.jpg 70w, https:\/\/ajimport.com.br\/wp-content\/uploads\/2023\/02\/Icone-Office-12x12.jpg 12w\" alt=\"\" width=\"70\" height=\"70\" \/><\/p>\n<h1><strong>Cadeira de escrit\u00f3rio de qualidade<\/strong><\/h1>\n<p>O diferencial da Banqueta Gomos est\u00e1 no seu assento e encosto <strong>totalmente estofados e revestidos em couro PU<\/strong>, que garantem uma experi\u00eancia de uso muito mais confort\u00e1vel e elegante. O seu sistema de <strong>ajuste de altura com pist\u00e3o a g\u00e1s<\/strong> permite total flexibilidade, adaptando-se a diferentes alturas de bancadas e ilhas. A <strong>base cromada <\/strong>confere estabilidade, brilho e resist\u00eancia ao conjunto, al\u00e9m de contar com apoio para os p\u00e9s, oferecendo conforto extra no uso di\u00e1rio. Com capacidade de at\u00e9 <strong>120 kg<\/strong>, ela une estrutura s\u00f3lida com design de alto padr\u00e3o.<\/p>\n<p>&nbsp;<\/p>\n<h2><strong><img decoding=\"async\" class=\"size-full wp-image-4146 alignleft\" src=\"https:\/\/ajimport.com.br\/wp-content\/uploads\/2023\/02\/Icone-Garantia-1.jpg\" sizes=\"(max-width: 70px) 100vw, 70px\" srcset=\"https:\/\/ajimport.com.br\/wp-content\/uploads\/2023\/02\/Icone-Garantia-1.jpg 70w, https:\/\/ajimport.com.br\/wp-content\/uploads\/2023\/02\/Icone-Garantia-1-12x12.jpg 12w\" alt=\"\" width=\"70\" height=\"70\" \/>Garantia:<\/strong><\/h2>\n<p>A <strong>Banqueta Gomos <\/strong><strong>da AJ IMPORT<\/strong>\u00a0conta com 3 meses de garantia.<\/p>\n<p>&nbsp;<\/p>\n<h1><img decoding=\"async\" class=\"size-full wp-image-4141 alignleft\" src=\"https:\/\/ajimport.com.br\/wp-content\/uploads\/2023\/02\/Icone-Design-Conforto.jpg\" sizes=\"(max-width: 70px) 100vw, 70px\" srcset=\"https:\/\/ajimport.com.br\/wp-content\/uploads\/2023\/02\/Icone-Design-Conforto.jpg 70w, https:\/\/ajimport.com.br\/wp-content\/uploads\/2023\/02\/Icone-Design-Conforto-12x12.jpg 12w\" alt=\"\" width=\"70\" height=\"70\" \/><\/h1>\n<h1><strong>Conforto e Design:<\/strong><\/h1>\n<p>Mais do que uma banqueta bonita, a Belo Horizonte foi pensada para oferecer <strong>praticidade, conforto e durabilidade. <\/strong>O apoio para os p\u00e9s integrado \u00e1 base cromada proporciona conforto extra, especialmente para quem permanece mais tempo sentado. Com estrutura ajust\u00e1vel e acabamento de alto padr\u00e3o, ela \u00e9 perfeita para quem busca uma solu\u00e7\u00e3o elegante e funcional para o dia a dia, seja em casa, no escrit\u00f3rio ou em ambientes comerciais.<\/p>\n<p>&nbsp;<\/p>\n<p><img loading=\"lazy\" decoding=\"async\" class=\"alignnone wp-image-19951 size-full\" src=\"https:\/\/ajimport.com.br\/wp-content\/uploads\/2022\/11\/Foto-ambientada-da-banqueta-gomos-preta.png\" alt=\"\" width=\"1200\" height=\"600\" srcset=\"https:\/\/ajimport.com.br\/wp-content\/uploads\/2022\/11\/Foto-ambientada-da-banqueta-gomos-preta.png 1200w, https:\/\/ajimport.com.br\/wp-content\/uploads\/2022\/11\/Foto-ambientada-da-banqueta-gomos-preta-300x150.png 300w, https:\/\/ajimport.com.br\/wp-content\/uploads\/2022\/11\/Foto-ambientada-da-banqueta-gomos-preta-1024x512.png 1024w, https:\/\/ajimport.com.br\/wp-content\/uploads\/2022\/11\/Foto-ambientada-da-banqueta-gomos-preta-768x384.png 768w, https:\/\/ajimport.com.br\/wp-content\/uploads\/2022\/11\/Foto-ambientada-da-banqueta-gomos-preta-18x9.png 18w, https:\/\/ajimport.com.br\/wp-content\/uploads\/2022\/11\/Foto-ambientada-da-banqueta-gomos-preta-600x300.png 600w\" sizes=\"(max-width: 1200px) 100vw, 1200px\" \/><\/p>\n<p>&nbsp;<\/p>\n<h1><img loading=\"lazy\" decoding=\"async\" class=\"size-full wp-image-4142 alignleft\" src=\"https:\/\/ajimport.com.br\/wp-content\/uploads\/2023\/02\/Icone-atendimento-posvenda.jpg\" sizes=\"(max-width: 70px) 100vw, 70px\" srcset=\"https:\/\/ajimport.com.br\/wp-content\/uploads\/2023\/02\/Icone-atendimento-posvenda.jpg 70w, https:\/\/ajimport.com.br\/wp-content\/uploads\/2023\/02\/Icone-atendimento-posvenda-12x12.jpg 12w\" alt=\"\" width=\"70\" height=\"70\" \/><strong>P\u00f3s-venda:<\/strong><\/h1>\n<p>A\u00a0<strong>AJ IMPORT<\/strong> oferece um P\u00f3s-venda que realmente funciona e se preocupa com cada cliente.\u00a0 O nosso atendimento n\u00e3o para no momento da venda, estamos 100% focados em longas parcerias e entendemos que para isso, cada especialista comercial precisa resolver as necessidades particulares de cada cliente.<br \/>\nNosso atendimento \u00e9 humanizado e centrado na resolu\u00e7\u00e3o de cada caso e estamos em constante processo de otimiza\u00e7\u00e3o no atendimento para melhorarmos a cada dia.<br \/>\nPode entrar em contato no WhatsApp: (11) 9 1755-0041, no telefone: \u00a0(11) 4126-7070, ou no telefone do seu representante ou especialista comercial, caso tenha sido atendimento.<\/p>\n<p>&nbsp;<\/p>\n<h2><img loading=\"lazy\" decoding=\"async\" class=\"size-full wp-image-4143 alignleft\" src=\"https:\/\/ajimport.com.br\/wp-content\/uploads\/2023\/02\/Icone-Qualidade.jpg\" sizes=\"(max-width: 70px) 100vw, 70px\" srcset=\"https:\/\/ajimport.com.br\/wp-content\/uploads\/2023\/02\/Icone-Qualidade.jpg 70w, https:\/\/ajimport.com.br\/wp-content\/uploads\/2023\/02\/Icone-Qualidade-12x12.jpg 12w\" alt=\"\" width=\"70\" height=\"70\" \/><strong>Qualidade, Resist\u00eancia e Fabrica\u00e7\u00e3o da Banqueta Belo Horizonte<\/strong><strong>.<\/strong><\/h2>\n<p>A\u00a0<strong>qualidade da AJ IMPORT<\/strong>\u00a0j\u00e1 \u00e9 reconhecida, importamos os modelos mais reconhecidos mundialmente e sempre com alta qualidade em cada pe\u00e7a para voc\u00ea.<br \/>\nEstamos no mercado h\u00e1 mais de 15 anos e estamos presentes em todo o Brasil, levando a mais alta qualidade em cada cadeira, mesa e banqueta.<br \/>\nA\u00a0<strong>Banqueta Gomos<\/strong>\u00a0permite at\u00e9 120 quilos.<\/p>\n<p>&nbsp;<\/p>\n<p>&nbsp;<\/p>\n<p>&nbsp;<\/p>","protected":false},"excerpt":{"rendered":"<p>https:\/\/youtu.be\/jrjOskdukAM?si=yxNjr8LE2eXUtW7R&amp;nbsp;<\/p>\n<p>&nbsp;<\/p>","protected":false},"featured_media":3405,"comment_status":"closed","ping_status":"closed","template":"","meta":[],"product_brand":[],"product_cat":[36],"product_tag":[],"e-destaque":[],"marca":[64],"class_list":{"0":"post-3404","1":"product","2":"type-product","3":"status-publish","4":"has-post-thumbnail","6":"product_cat-banquetas","7":"marca-aj-import","9":"first","10":"instock","11":"shipping-taxable","12":"purchasable","13":"product-type-simple"},"yoast_head":"<!-- This site is optimized with the Yoast SEO Premium plugin v24.7 (Yoast SEO v27.4) - https:\/\/yoast.com\/product\/yoast-seo-premium-wordpress\/ -->\n<title>Banqueta Gomos Preta - AJ Import<\/title>\n<meta name=\"robots\" content=\"index, follow, max-snippet:-1, max-image-preview:large, max-video-preview:-1\" \/>\n<link rel=\"canonical\" href=\"https:\/\/ajimport.com.br\/en\/product\/banqueta-gomos-preta\/\" \/>\n<meta property=\"og:locale\" content=\"en_US\" \/>\n<meta property=\"og:type\" content=\"article\" \/>\n<meta property=\"og:title\" content=\"Banqueta Gomos Preta\" \/>\n<meta property=\"og:description\" content=\"https:\/\/youtu.be\/jrjOskdukAM?si=yxNjr8LE2eXUtW7R&amp;nbsp;  &nbsp;\" \/>\n<meta property=\"og:url\" content=\"https:\/\/ajimport.com.br\/en\/product\/banqueta-gomos-preta\/\" \/>\n<meta property=\"og:site_name\" content=\"AJ Import\" \/>\n<meta property=\"article:publisher\" content=\"https:\/\/www.facebook.com\/grupoajimport\/?locale=pt_BR\" \/>\n<meta property=\"article:modified_time\" content=\"2026-02-26T14:39:38+00:00\" \/>\n<meta property=\"og:image\" content=\"https:\/\/ajimport.com.br\/wp-content\/uploads\/2022\/11\/banqueta_gomos_preta_30793157_1_20191112090714.webp\" \/>\n\t<meta property=\"og:image:width\" content=\"1000\" \/>\n\t<meta property=\"og:image:height\" content=\"1000\" \/>\n\t<meta property=\"og:image:type\" content=\"image\/webp\" \/>\n<meta name=\"twitter:card\" content=\"summary_large_image\" \/>\n<meta name=\"twitter:label1\" content=\"Est. reading time\" \/>\n\t<meta name=\"twitter:data1\" content=\"4 minutes\" \/>\n<script type=\"application\/ld+json\" class=\"yoast-schema-graph\">{\"@context\":\"https:\\\/\\\/schema.org\",\"@graph\":[{\"@type\":\"WebPage\",\"@id\":\"https:\\\/\\\/ajimport.com.br\\\/produto\\\/banqueta-gomos-preta\\\/\",\"url\":\"https:\\\/\\\/ajimport.com.br\\\/produto\\\/banqueta-gomos-preta\\\/\",\"name\":\"Banqueta Gomos Preta - AJ Import\",\"isPartOf\":{\"@id\":\"https:\\\/\\\/ajimport.com.br\\\/#website\"},\"primaryImageOfPage\":{\"@id\":\"https:\\\/\\\/ajimport.com.br\\\/produto\\\/banqueta-gomos-preta\\\/#primaryimage\"},\"image\":{\"@id\":\"https:\\\/\\\/ajimport.com.br\\\/produto\\\/banqueta-gomos-preta\\\/#primaryimage\"},\"thumbnailUrl\":\"https:\\\/\\\/ajimport.com.br\\\/wp-content\\\/uploads\\\/2022\\\/11\\\/banqueta_gomos_preta_30793157_1_20191112090714.webp\",\"datePublished\":\"2022-11-03T17:33:25+00:00\",\"dateModified\":\"2026-02-26T14:39:38+00:00\",\"breadcrumb\":{\"@id\":\"https:\\\/\\\/ajimport.com.br\\\/produto\\\/banqueta-gomos-preta\\\/#breadcrumb\"},\"inLanguage\":\"en-US\",\"potentialAction\":[{\"@type\":\"ReadAction\",\"target\":[\"https:\\\/\\\/ajimport.com.br\\\/produto\\\/banqueta-gomos-preta\\\/\"]}]},{\"@type\":\"ImageObject\",\"inLanguage\":\"en-US\",\"@id\":\"https:\\\/\\\/ajimport.com.br\\\/produto\\\/banqueta-gomos-preta\\\/#primaryimage\",\"url\":\"https:\\\/\\\/ajimport.com.br\\\/wp-content\\\/uploads\\\/2022\\\/11\\\/banqueta_gomos_preta_30793157_1_20191112090714.webp\",\"contentUrl\":\"https:\\\/\\\/ajimport.com.br\\\/wp-content\\\/uploads\\\/2022\\\/11\\\/banqueta_gomos_preta_30793157_1_20191112090714.webp\",\"width\":1000,\"height\":1000},{\"@type\":\"BreadcrumbList\",\"@id\":\"https:\\\/\\\/ajimport.com.br\\\/produto\\\/banqueta-gomos-preta\\\/#breadcrumb\",\"itemListElement\":[{\"@type\":\"ListItem\",\"position\":1,\"name\":\"Home\",\"item\":\"https:\\\/\\\/ajimport.com.br\\\/\"},{\"@type\":\"ListItem\",\"position\":2,\"name\":\"Cat\u00e1logo\",\"item\":\"https:\\\/\\\/ajimport.com.br\\\/catalogo\\\/\"},{\"@type\":\"ListItem\",\"position\":3,\"name\":\"Banqueta Gomos Preta\"}]},{\"@type\":\"WebSite\",\"@id\":\"https:\\\/\\\/ajimport.com.br\\\/#website\",\"url\":\"https:\\\/\\\/ajimport.com.br\\\/\",\"name\":\"AJ Import\",\"description\":\"A maior especialista em cadeiras  importadas do pa\u00eds.\",\"publisher\":{\"@id\":\"https:\\\/\\\/ajimport.com.br\\\/#organization\"},\"potentialAction\":[{\"@type\":\"SearchAction\",\"target\":{\"@type\":\"EntryPoint\",\"urlTemplate\":\"https:\\\/\\\/ajimport.com.br\\\/?s={search_term_string}\"},\"query-input\":{\"@type\":\"PropertyValueSpecification\",\"valueRequired\":true,\"valueName\":\"search_term_string\"}}],\"inLanguage\":\"en-US\"},{\"@type\":\"Organization\",\"@id\":\"https:\\\/\\\/ajimport.com.br\\\/#organization\",\"name\":\"Grupo AJ Import\",\"url\":\"https:\\\/\\\/ajimport.com.br\\\/\",\"logo\":{\"@type\":\"ImageObject\",\"inLanguage\":\"en-US\",\"@id\":\"https:\\\/\\\/ajimport.com.br\\\/#\\\/schema\\\/logo\\\/image\\\/\",\"url\":\"https:\\\/\\\/ajimport.com.br\\\/wp-content\\\/uploads\\\/2022\\\/10\\\/Grupo-53-1.png\",\"contentUrl\":\"https:\\\/\\\/ajimport.com.br\\\/wp-content\\\/uploads\\\/2022\\\/10\\\/Grupo-53-1.png\",\"width\":80,\"height\":64,\"caption\":\"Grupo AJ Import\"},\"image\":{\"@id\":\"https:\\\/\\\/ajimport.com.br\\\/#\\\/schema\\\/logo\\\/image\\\/\"},\"sameAs\":[\"https:\\\/\\\/www.facebook.com\\\/grupoajimport\\\/?locale=pt_BR\",\"https:\\\/\\\/www.instagram.com\\\/grupoajimport\\\/\",\"https:\\\/\\\/br.linkedin.com\\\/company\\\/grupoajimport\"]}]}<\/script>\n<!-- \/ Yoast SEO Premium plugin. -->","yoast_head_json":{"title":"Banqueta Gomos Preta - AJ Import","robots":{"index":"index","follow":"follow","max-snippet":"max-snippet:-1","max-image-preview":"max-image-preview:large","max-video-preview":"max-video-preview:-1"},"canonical":"https:\/\/ajimport.com.br\/en\/product\/banqueta-gomos-preta\/","og_locale":"en_US","og_type":"article","og_title":"Banqueta Gomos Preta","og_description":"https:\/\/youtu.be\/jrjOskdukAM?si=yxNjr8LE2eXUtW7R&amp;nbsp;  &nbsp;","og_url":"https:\/\/ajimport.com.br\/en\/product\/banqueta-gomos-preta\/","og_site_name":"AJ Import","article_publisher":"https:\/\/www.facebook.com\/grupoajimport\/?locale=pt_BR","article_modified_time":"2026-02-26T14:39:38+00:00","og_image":[{"width":1000,"height":1000,"url":"https:\/\/ajimport.com.br\/wp-content\/uploads\/2022\/11\/banqueta_gomos_preta_30793157_1_20191112090714.webp","type":"image\/webp"}],"twitter_card":"summary_large_image","twitter_misc":{"Est. reading time":"4 minutes"},"schema":{"@context":"https:\/\/schema.org","@graph":[{"@type":"WebPage","@id":"https:\/\/ajimport.com.br\/produto\/banqueta-gomos-preta\/","url":"https:\/\/ajimport.com.br\/produto\/banqueta-gomos-preta\/","name":"Banqueta Gomos Preta - AJ Import","isPartOf":{"@id":"https:\/\/ajimport.com.br\/#website"},"primaryImageOfPage":{"@id":"https:\/\/ajimport.com.br\/produto\/banqueta-gomos-preta\/#primaryimage"},"image":{"@id":"https:\/\/ajimport.com.br\/produto\/banqueta-gomos-preta\/#primaryimage"},"thumbnailUrl":"https:\/\/ajimport.com.br\/wp-content\/uploads\/2022\/11\/banqueta_gomos_preta_30793157_1_20191112090714.webp","datePublished":"2022-11-03T17:33:25+00:00","dateModified":"2026-02-26T14:39:38+00:00","breadcrumb":{"@id":"https:\/\/ajimport.com.br\/produto\/banqueta-gomos-preta\/#breadcrumb"},"inLanguage":"en-US","potentialAction":[{"@type":"ReadAction","target":["https:\/\/ajimport.com.br\/produto\/banqueta-gomos-preta\/"]}]},{"@type":"ImageObject","inLanguage":"en-US","@id":"https:\/\/ajimport.com.br\/produto\/banqueta-gomos-preta\/#primaryimage","url":"https:\/\/ajimport.com.br\/wp-content\/uploads\/2022\/11\/banqueta_gomos_preta_30793157_1_20191112090714.webp","contentUrl":"https:\/\/ajimport.com.br\/wp-content\/uploads\/2022\/11\/banqueta_gomos_preta_30793157_1_20191112090714.webp","width":1000,"height":1000},{"@type":"BreadcrumbList","@id":"https:\/\/ajimport.com.br\/produto\/banqueta-gomos-preta\/#breadcrumb","itemListElement":[{"@type":"ListItem","position":1,"name":"Home","item":"https:\/\/ajimport.com.br\/"},{"@type":"ListItem","position":2,"name":"Cat\u00e1logo","item":"https:\/\/ajimport.com.br\/catalogo\/"},{"@type":"ListItem","position":3,"name":"Banqueta Gomos Preta"}]},{"@type":"WebSite","@id":"https:\/\/ajimport.com.br\/#website","url":"https:\/\/ajimport.com.br\/","name":"AJ Import","description":"A maior especialista em cadeiras  importadas do pa\u00eds.","publisher":{"@id":"https:\/\/ajimport.com.br\/#organization"},"potentialAction":[{"@type":"SearchAction","target":{"@type":"EntryPoint","urlTemplate":"https:\/\/ajimport.com.br\/?s={search_term_string}"},"query-input":{"@type":"PropertyValueSpecification","valueRequired":true,"valueName":"search_term_string"}}],"inLanguage":"en-US"},{"@type":"Organization","@id":"https:\/\/ajimport.com.br\/#organization","name":"Grupo AJ Import","url":"https:\/\/ajimport.com.br\/","logo":{"@type":"ImageObject","inLanguage":"en-US","@id":"https:\/\/ajimport.com.br\/#\/schema\/logo\/image\/","url":"https:\/\/ajimport.com.br\/wp-content\/uploads\/2022\/10\/Grupo-53-1.png","contentUrl":"https:\/\/ajimport.com.br\/wp-content\/uploads\/2022\/10\/Grupo-53-1.png","width":80,"height":64,"caption":"Grupo AJ Import"},"image":{"@id":"https:\/\/ajimport.com.br\/#\/schema\/logo\/image\/"},"sameAs":["https:\/\/www.facebook.com\/grupoajimport\/?locale=pt_BR","https:\/\/www.instagram.com\/grupoajimport\/","https:\/\/br.linkedin.com\/company\/grupoajimport"]}]}},"_links":{"self":[{"href":"https:\/\/ajimport.com.br\/en\/wp-json\/wp\/v2\/product\/3404","targetHints":{"allow":["GET"]}}],"collection":[{"href":"https:\/\/ajimport.com.br\/en\/wp-json\/wp\/v2\/product"}],"about":[{"href":"https:\/\/ajimport.com.br\/en\/wp-json\/wp\/v2\/types\/product"}],"replies":[{"embeddable":true,"href":"https:\/\/ajimport.com.br\/en\/wp-json\/wp\/v2\/comments?post=3404"}],"wp:featuredmedia":[{"embeddable":true,"href":"https:\/\/ajimport.com.br\/en\/wp-json\/wp\/v2\/media\/3405"}],"wp:attachment":[{"href":"https:\/\/ajimport.com.br\/en\/wp-json\/wp\/v2\/media?parent=3404"}],"wp:term":[{"taxonomy":"product_brand","embeddable":true,"href":"https:\/\/ajimport.com.br\/en\/wp-json\/wp\/v2\/product_brand?post=3404"},{"taxonomy":"product_cat","embeddable":true,"href":"https:\/\/ajimport.com.br\/en\/wp-json\/wp\/v2\/product_cat?post=3404"},{"taxonomy":"product_tag","embeddable":true,"href":"https:\/\/ajimport.com.br\/en\/wp-json\/wp\/v2\/product_tag?post=3404"},{"taxonomy":"e-destaque","embeddable":true,"href":"https:\/\/ajimport.com.br\/en\/wp-json\/wp\/v2\/e-destaque?post=3404"},{"taxonomy":"marca","embeddable":true,"href":"https:\/\/ajimport.com.br\/en\/wp-json\/wp\/v2\/marca?post=3404"}],"curies":[{"name":"wp","href":"https:\/\/api.w.org\/{rel}","templated":true}]}}