{"id":3296,"date":"2022-11-01T19:36:36","date_gmt":"2022-11-01T22:36:36","guid":{"rendered":"https:\/\/ajimport.com.br\/?post_type=product&#038;p=3296"},"modified":"2025-01-15T08:58:24","modified_gmt":"2025-01-15T11:58:24","slug":"cadeira-escritorio-stripes-presidente-pu-branca","status":"publish","type":"product","link":"https:\/\/ajimport.com.br\/en\/product\/cadeira-escritorio-stripes-presidente-pu-branca\/","title":{"rendered":"Cadeira Escrit\u00f3rio Stripes Presidente PU Branca"},"content":{"rendered":"<p>A <strong>Cadeira Stripes Presidente Branca <\/strong>combina qualidade, conforto e eleg\u00e2ncia. Seu design moderno transforma o ambiente de trabalho com um toque de sofistica\u00e7\u00e3o. Ideal para quem passa longas horas no escrit\u00f3rio. \u00c9 perfeita para profissionais exigentes que buscam praticidade e estilo. Um item indispens\u00e1vel para elevar seu espa\u00e7o de trabalho, principalmente para cl\u00ednicas e hospitais, sendo uma grande preferida pelo setor da sa\u00fade. <strong>\u00c9 a cadeira ideal para cl\u00ednicas e hospitais.<\/strong><\/p>\n<p>&nbsp;<\/p>\n<p><img decoding=\"async\" class=\"size-full wp-image-4139 alignleft\" src=\"https:\/\/ajimport.com.br\/wp-content\/uploads\/2023\/02\/Icone-Office.jpg\" sizes=\"(max-width: 70px) 100vw, 70px\" srcset=\"https:\/\/ajimport.com.br\/wp-content\/uploads\/2023\/02\/Icone-Office.jpg 70w, https:\/\/ajimport.com.br\/wp-content\/uploads\/2023\/02\/Icone-Office-12x12.jpg 12w\" alt=\"\" width=\"70\" height=\"70\" \/><\/p>\n<h2><strong>Cadeira de escrit\u00f3rio de qualidade<\/strong><\/h2>\n<p>O <strong>assento revestido em PU<\/strong> proporciona maciez e um acabamento refinado. A <strong>base em a\u00e7o cromado<\/strong> combina resist\u00eancia e eleg\u00e2ncia, ideal para suportar o uso di\u00e1rio. Essa cadeira \u00e9 a jun\u00e7\u00e3o perfeita de durabilidade e est\u00e9tica. Pensada para ambientes que exigem um visual profissional e moderno. Um produto que agrega ao seu escrit\u00f3rio.<\/p>\n<p>&nbsp;<\/p>\n<h2><strong><img decoding=\"async\" class=\"size-full wp-image-4146 alignleft\" src=\"https:\/\/ajimport.com.br\/wp-content\/uploads\/2023\/02\/Icone-Garantia-1.jpg\" sizes=\"(max-width: 70px) 100vw, 70px\" srcset=\"https:\/\/ajimport.com.br\/wp-content\/uploads\/2023\/02\/Icone-Garantia-1.jpg 70w, https:\/\/ajimport.com.br\/wp-content\/uploads\/2023\/02\/Icone-Garantia-1-12x12.jpg 12w\" alt=\"\" width=\"70\" height=\"70\" \/>Garantia:<\/strong><\/h2>\n<p>A\u00a0<strong>Cadeira Escrit\u00f3rio Stripes Presidente Branca da AJ IMPORT<\/strong>\u00a0conta com 3 meses de garantia.<\/p>\n<p>&nbsp;<\/p>\n<h2><img decoding=\"async\" class=\"size-full wp-image-4141 alignleft\" src=\"https:\/\/ajimport.com.br\/wp-content\/uploads\/2023\/02\/Icone-Design-Conforto.jpg\" sizes=\"(max-width: 70px) 100vw, 70px\" srcset=\"https:\/\/ajimport.com.br\/wp-content\/uploads\/2023\/02\/Icone-Design-Conforto.jpg 70w, https:\/\/ajimport.com.br\/wp-content\/uploads\/2023\/02\/Icone-Design-Conforto-12x12.jpg 12w\" alt=\"\" width=\"70\" height=\"70\" \/><\/h2>\n<h1><strong>Conforto e Design:<\/strong><\/h1>\n<p>A cadeira Stripes Presidente Branca fornece conforto total com o <strong>sistema relax<\/strong> que permite inclina\u00e7\u00e3o ajust\u00e1vel, ideal para momentos de descanso e ajudando a reduzir o cansa\u00e7o ao longo do dia. O rod\u00edzio antirrisco garantem mobilidade sem danificar o piso. Al\u00e9m disso, adapta-se a diferentes superf\u00edcies, garantindo versatilidade. Funcionalidade e inova\u00e7\u00e3o juntas em um s\u00f3 produto.<\/p>\n<p>&nbsp;<\/p>\n<p><img loading=\"lazy\" decoding=\"async\" class=\"alignnone wp-image-19373 size-full\" src=\"https:\/\/ajimport.com.br\/wp-content\/uploads\/2022\/11\/Foto-Ambientada-Stripes-Presidente-Branca.png\" alt=\"\" width=\"1200\" height=\"600\" srcset=\"https:\/\/ajimport.com.br\/wp-content\/uploads\/2022\/11\/Foto-Ambientada-Stripes-Presidente-Branca.png 1200w, https:\/\/ajimport.com.br\/wp-content\/uploads\/2022\/11\/Foto-Ambientada-Stripes-Presidente-Branca-300x150.png 300w, https:\/\/ajimport.com.br\/wp-content\/uploads\/2022\/11\/Foto-Ambientada-Stripes-Presidente-Branca-1024x512.png 1024w, https:\/\/ajimport.com.br\/wp-content\/uploads\/2022\/11\/Foto-Ambientada-Stripes-Presidente-Branca-768x384.png 768w, https:\/\/ajimport.com.br\/wp-content\/uploads\/2022\/11\/Foto-Ambientada-Stripes-Presidente-Branca-18x9.png 18w, https:\/\/ajimport.com.br\/wp-content\/uploads\/2022\/11\/Foto-Ambientada-Stripes-Presidente-Branca-600x300.png 600w\" sizes=\"(max-width: 1200px) 100vw, 1200px\" \/><\/p>\n<p>&nbsp;<\/p>\n<h2><img loading=\"lazy\" decoding=\"async\" class=\"size-full wp-image-4142 alignleft\" src=\"https:\/\/ajimport.com.br\/wp-content\/uploads\/2023\/02\/Icone-atendimento-posvenda.jpg\" sizes=\"(max-width: 70px) 100vw, 70px\" srcset=\"https:\/\/ajimport.com.br\/wp-content\/uploads\/2023\/02\/Icone-atendimento-posvenda.jpg 70w, https:\/\/ajimport.com.br\/wp-content\/uploads\/2023\/02\/Icone-atendimento-posvenda-12x12.jpg 12w\" alt=\"\" width=\"70\" height=\"70\" \/><strong>P\u00f3s-venda:<\/strong><\/h2>\n<p>A\u00a0<strong>AJ IMPORT<\/strong>\u00a0oferece um P\u00f3s-venda que realmente funciona e se preocupa com cada cliente.\u00a0 O nosso atendimento n\u00e3o para no momento da venda, estamos 100% focados em longas parcerias e entendemos que para isso, cada especialista comercial precisa resolver as necessidades particulares de cada cliente.<br \/>\nNosso atendimento \u00e9 humanizado e centrado na resolu\u00e7\u00e3o de cada caso e estamos em constante processo de otimiza\u00e7\u00e3o no atendimento para melhorarmos a cada dia.<br \/>\nPode entrar em contato no WhatsApp: (11) 95940-0870, no telefone: \u00a0(11) 4126-7070, ou no telefone do seu representante ou especialista comercial, caso tenha sido atendimento.<\/p>\n<p>&nbsp;<\/p>\n<h2><img loading=\"lazy\" decoding=\"async\" class=\"size-full wp-image-4143 alignleft\" src=\"https:\/\/ajimport.com.br\/wp-content\/uploads\/2023\/02\/Icone-Qualidade.jpg\" sizes=\"(max-width: 70px) 100vw, 70px\" srcset=\"https:\/\/ajimport.com.br\/wp-content\/uploads\/2023\/02\/Icone-Qualidade.jpg 70w, https:\/\/ajimport.com.br\/wp-content\/uploads\/2023\/02\/Icone-Qualidade-12x12.jpg 12w\" alt=\"\" width=\"70\" height=\"70\" \/><strong>Qualidade, Resist\u00eancia e Fabrica\u00e7\u00e3o da cadeira Stripes Presidente Branca<\/strong><strong>.<\/strong><\/h2>\n<p>A\u00a0<strong>qualidade da AJ IMPORT<\/strong>\u00a0j\u00e1 \u00e9 reconhecida, importamos os modelos mais reconhecidos mundialmente e sempre com alta qualidade em cada pe\u00e7a para voc\u00ea.<br \/>\nEstamos no mercado h\u00e1 mais de 14 anos e estamos presentes em todo o Brasil, levando a mais alta qualidade em cada cadeira, mesa e banqueta.<br \/>\nA\u00a0<strong>Cadeira Escrit\u00f3rio Stripes Presidente Branca<\/strong>\u00a0permite at\u00e9 120 quilos.<\/p>\n<p>&nbsp;<\/p>\n<p>&nbsp;<\/p>\n<p>&nbsp;<\/p>","protected":false},"excerpt":{"rendered":"<p>A Cadeira Stripes Presidente Branca combina qualidade, conforto e eleg\u00e2ncia. Seu design moderno transforma o ambiente de trabalho com um toque de sofistica\u00e7\u00e3o. Ideal para quem passa longas horas no escrit\u00f3rio. \u00c9 perfeita para profissionais exigentes que buscam praticidade e estilo. Um item indispens\u00e1vel para elevar seu espa\u00e7o de trabalho, principalmente para cl\u00ednicas e hospitais, [&hellip;]<\/p>\n","protected":false},"featured_media":3300,"comment_status":"open","ping_status":"closed","template":"","meta":[],"product_brand":[],"product_cat":[20],"product_tag":[],"e-destaque":[],"marca":[65],"class_list":{"0":"post-3296","1":"product","2":"type-product","3":"status-publish","4":"has-post-thumbnail","6":"product_cat-office","7":"marca-futura-design","9":"first","10":"instock","11":"shipping-taxable","12":"purchasable","13":"product-type-simple"},"yoast_head":"<!-- This site is optimized with the Yoast SEO Premium plugin v24.7 (Yoast SEO v27.3) - https:\/\/yoast.com\/product\/yoast-seo-premium-wordpress\/ -->\n<title>Cadeira Escrit\u00f3rio Stripes Presidente PU Branca - AJ Import<\/title>\n<meta name=\"robots\" content=\"index, follow, max-snippet:-1, max-image-preview:large, max-video-preview:-1\" \/>\n<link rel=\"canonical\" href=\"https:\/\/ajimport.com.br\/en\/product\/cadeira-escritorio-stripes-presidente-pu-branca\/\" \/>\n<meta property=\"og:locale\" content=\"en_US\" \/>\n<meta property=\"og:type\" content=\"article\" \/>\n<meta property=\"og:title\" content=\"Cadeira Escrit\u00f3rio Stripes Presidente PU Branca\" \/>\n<meta property=\"og:description\" content=\"A Cadeira Stripes Presidente Branca combina qualidade, conforto e eleg\u00e2ncia. Seu design moderno transforma o ambiente de trabalho com um toque de sofistica\u00e7\u00e3o. Ideal para quem passa longas horas no escrit\u00f3rio. \u00c9 perfeita para profissionais exigentes que buscam praticidade e estilo. Um item indispens\u00e1vel para elevar seu espa\u00e7o de trabalho, principalmente para cl\u00ednicas e hospitais, [&hellip;]\" \/>\n<meta property=\"og:url\" content=\"https:\/\/ajimport.com.br\/en\/product\/cadeira-escritorio-stripes-presidente-pu-branca\/\" \/>\n<meta property=\"og:site_name\" content=\"AJ Import\" \/>\n<meta property=\"article:publisher\" content=\"https:\/\/www.facebook.com\/grupoajimport\/?locale=pt_BR\" \/>\n<meta property=\"article:modified_time\" content=\"2025-01-15T11:58:24+00:00\" \/>\n<meta property=\"og:image\" content=\"https:\/\/ajimport.com.br\/wp-content\/uploads\/2022\/11\/cadeira_escritorio_stripes_presidente_pu_branca_30793493_1_20200911174257.webp\" \/>\n\t<meta property=\"og:image:width\" content=\"1000\" \/>\n\t<meta property=\"og:image:height\" content=\"1000\" \/>\n\t<meta property=\"og:image:type\" content=\"image\/webp\" \/>\n<meta name=\"twitter:card\" content=\"summary_large_image\" \/>\n<meta name=\"twitter:label1\" content=\"Est. reading time\" \/>\n\t<meta name=\"twitter:data1\" content=\"4 minutes\" \/>\n<script type=\"application\/ld+json\" class=\"yoast-schema-graph\">{\"@context\":\"https:\\\/\\\/schema.org\",\"@graph\":[{\"@type\":\"WebPage\",\"@id\":\"https:\\\/\\\/ajimport.com.br\\\/produto\\\/cadeira-escritorio-stripes-presidente-pu-branca\\\/\",\"url\":\"https:\\\/\\\/ajimport.com.br\\\/produto\\\/cadeira-escritorio-stripes-presidente-pu-branca\\\/\",\"name\":\"Cadeira Escrit\u00f3rio Stripes Presidente PU Branca - AJ Import\",\"isPartOf\":{\"@id\":\"https:\\\/\\\/ajimport.com.br\\\/#website\"},\"primaryImageOfPage\":{\"@id\":\"https:\\\/\\\/ajimport.com.br\\\/produto\\\/cadeira-escritorio-stripes-presidente-pu-branca\\\/#primaryimage\"},\"image\":{\"@id\":\"https:\\\/\\\/ajimport.com.br\\\/produto\\\/cadeira-escritorio-stripes-presidente-pu-branca\\\/#primaryimage\"},\"thumbnailUrl\":\"https:\\\/\\\/ajimport.com.br\\\/wp-content\\\/uploads\\\/2022\\\/11\\\/cadeira_escritorio_stripes_presidente_pu_branca_30793493_1_20200911174257.webp\",\"datePublished\":\"2022-11-01T22:36:36+00:00\",\"dateModified\":\"2025-01-15T11:58:24+00:00\",\"breadcrumb\":{\"@id\":\"https:\\\/\\\/ajimport.com.br\\\/produto\\\/cadeira-escritorio-stripes-presidente-pu-branca\\\/#breadcrumb\"},\"inLanguage\":\"en-US\",\"potentialAction\":[{\"@type\":\"ReadAction\",\"target\":[\"https:\\\/\\\/ajimport.com.br\\\/produto\\\/cadeira-escritorio-stripes-presidente-pu-branca\\\/\"]}]},{\"@type\":\"ImageObject\",\"inLanguage\":\"en-US\",\"@id\":\"https:\\\/\\\/ajimport.com.br\\\/produto\\\/cadeira-escritorio-stripes-presidente-pu-branca\\\/#primaryimage\",\"url\":\"https:\\\/\\\/ajimport.com.br\\\/wp-content\\\/uploads\\\/2022\\\/11\\\/cadeira_escritorio_stripes_presidente_pu_branca_30793493_1_20200911174257.webp\",\"contentUrl\":\"https:\\\/\\\/ajimport.com.br\\\/wp-content\\\/uploads\\\/2022\\\/11\\\/cadeira_escritorio_stripes_presidente_pu_branca_30793493_1_20200911174257.webp\",\"width\":1000,\"height\":1000},{\"@type\":\"BreadcrumbList\",\"@id\":\"https:\\\/\\\/ajimport.com.br\\\/produto\\\/cadeira-escritorio-stripes-presidente-pu-branca\\\/#breadcrumb\",\"itemListElement\":[{\"@type\":\"ListItem\",\"position\":1,\"name\":\"Home\",\"item\":\"https:\\\/\\\/ajimport.com.br\\\/\"},{\"@type\":\"ListItem\",\"position\":2,\"name\":\"Cat\u00e1logo\",\"item\":\"https:\\\/\\\/ajimport.com.br\\\/catalogo\\\/\"},{\"@type\":\"ListItem\",\"position\":3,\"name\":\"Cadeira Escrit\u00f3rio Stripes Presidente PU Branca\"}]},{\"@type\":\"WebSite\",\"@id\":\"https:\\\/\\\/ajimport.com.br\\\/#website\",\"url\":\"https:\\\/\\\/ajimport.com.br\\\/\",\"name\":\"AJ Import\",\"description\":\"A maior especialista em cadeiras  importadas do pa\u00eds.\",\"publisher\":{\"@id\":\"https:\\\/\\\/ajimport.com.br\\\/#organization\"},\"potentialAction\":[{\"@type\":\"SearchAction\",\"target\":{\"@type\":\"EntryPoint\",\"urlTemplate\":\"https:\\\/\\\/ajimport.com.br\\\/?s={search_term_string}\"},\"query-input\":{\"@type\":\"PropertyValueSpecification\",\"valueRequired\":true,\"valueName\":\"search_term_string\"}}],\"inLanguage\":\"en-US\"},{\"@type\":\"Organization\",\"@id\":\"https:\\\/\\\/ajimport.com.br\\\/#organization\",\"name\":\"Grupo AJ Import\",\"url\":\"https:\\\/\\\/ajimport.com.br\\\/\",\"logo\":{\"@type\":\"ImageObject\",\"inLanguage\":\"en-US\",\"@id\":\"https:\\\/\\\/ajimport.com.br\\\/#\\\/schema\\\/logo\\\/image\\\/\",\"url\":\"https:\\\/\\\/ajimport.com.br\\\/wp-content\\\/uploads\\\/2022\\\/10\\\/Grupo-53-1.png\",\"contentUrl\":\"https:\\\/\\\/ajimport.com.br\\\/wp-content\\\/uploads\\\/2022\\\/10\\\/Grupo-53-1.png\",\"width\":80,\"height\":64,\"caption\":\"Grupo AJ Import\"},\"image\":{\"@id\":\"https:\\\/\\\/ajimport.com.br\\\/#\\\/schema\\\/logo\\\/image\\\/\"},\"sameAs\":[\"https:\\\/\\\/www.facebook.com\\\/grupoajimport\\\/?locale=pt_BR\",\"https:\\\/\\\/www.instagram.com\\\/grupoajimport\\\/\",\"https:\\\/\\\/br.linkedin.com\\\/company\\\/grupoajimport\"]}]}<\/script>\n<!-- \/ Yoast SEO Premium plugin. -->","yoast_head_json":{"title":"Cadeira Escrit\u00f3rio Stripes Presidente PU Branca - AJ Import","robots":{"index":"index","follow":"follow","max-snippet":"max-snippet:-1","max-image-preview":"max-image-preview:large","max-video-preview":"max-video-preview:-1"},"canonical":"https:\/\/ajimport.com.br\/en\/product\/cadeira-escritorio-stripes-presidente-pu-branca\/","og_locale":"en_US","og_type":"article","og_title":"Cadeira Escrit\u00f3rio Stripes Presidente PU Branca","og_description":"A Cadeira Stripes Presidente Branca combina qualidade, conforto e eleg\u00e2ncia. Seu design moderno transforma o ambiente de trabalho com um toque de sofistica\u00e7\u00e3o. Ideal para quem passa longas horas no escrit\u00f3rio. \u00c9 perfeita para profissionais exigentes que buscam praticidade e estilo. Um item indispens\u00e1vel para elevar seu espa\u00e7o de trabalho, principalmente para cl\u00ednicas e hospitais, [&hellip;]","og_url":"https:\/\/ajimport.com.br\/en\/product\/cadeira-escritorio-stripes-presidente-pu-branca\/","og_site_name":"AJ Import","article_publisher":"https:\/\/www.facebook.com\/grupoajimport\/?locale=pt_BR","article_modified_time":"2025-01-15T11:58:24+00:00","og_image":[{"width":1000,"height":1000,"url":"https:\/\/ajimport.com.br\/wp-content\/uploads\/2022\/11\/cadeira_escritorio_stripes_presidente_pu_branca_30793493_1_20200911174257.webp","type":"image\/webp"}],"twitter_card":"summary_large_image","twitter_misc":{"Est. reading time":"4 minutes"},"schema":{"@context":"https:\/\/schema.org","@graph":[{"@type":"WebPage","@id":"https:\/\/ajimport.com.br\/produto\/cadeira-escritorio-stripes-presidente-pu-branca\/","url":"https:\/\/ajimport.com.br\/produto\/cadeira-escritorio-stripes-presidente-pu-branca\/","name":"Cadeira Escrit\u00f3rio Stripes Presidente PU Branca - AJ Import","isPartOf":{"@id":"https:\/\/ajimport.com.br\/#website"},"primaryImageOfPage":{"@id":"https:\/\/ajimport.com.br\/produto\/cadeira-escritorio-stripes-presidente-pu-branca\/#primaryimage"},"image":{"@id":"https:\/\/ajimport.com.br\/produto\/cadeira-escritorio-stripes-presidente-pu-branca\/#primaryimage"},"thumbnailUrl":"https:\/\/ajimport.com.br\/wp-content\/uploads\/2022\/11\/cadeira_escritorio_stripes_presidente_pu_branca_30793493_1_20200911174257.webp","datePublished":"2022-11-01T22:36:36+00:00","dateModified":"2025-01-15T11:58:24+00:00","breadcrumb":{"@id":"https:\/\/ajimport.com.br\/produto\/cadeira-escritorio-stripes-presidente-pu-branca\/#breadcrumb"},"inLanguage":"en-US","potentialAction":[{"@type":"ReadAction","target":["https:\/\/ajimport.com.br\/produto\/cadeira-escritorio-stripes-presidente-pu-branca\/"]}]},{"@type":"ImageObject","inLanguage":"en-US","@id":"https:\/\/ajimport.com.br\/produto\/cadeira-escritorio-stripes-presidente-pu-branca\/#primaryimage","url":"https:\/\/ajimport.com.br\/wp-content\/uploads\/2022\/11\/cadeira_escritorio_stripes_presidente_pu_branca_30793493_1_20200911174257.webp","contentUrl":"https:\/\/ajimport.com.br\/wp-content\/uploads\/2022\/11\/cadeira_escritorio_stripes_presidente_pu_branca_30793493_1_20200911174257.webp","width":1000,"height":1000},{"@type":"BreadcrumbList","@id":"https:\/\/ajimport.com.br\/produto\/cadeira-escritorio-stripes-presidente-pu-branca\/#breadcrumb","itemListElement":[{"@type":"ListItem","position":1,"name":"Home","item":"https:\/\/ajimport.com.br\/"},{"@type":"ListItem","position":2,"name":"Cat\u00e1logo","item":"https:\/\/ajimport.com.br\/catalogo\/"},{"@type":"ListItem","position":3,"name":"Cadeira Escrit\u00f3rio Stripes Presidente PU Branca"}]},{"@type":"WebSite","@id":"https:\/\/ajimport.com.br\/#website","url":"https:\/\/ajimport.com.br\/","name":"AJ Import","description":"A maior especialista em cadeiras  importadas do pa\u00eds.","publisher":{"@id":"https:\/\/ajimport.com.br\/#organization"},"potentialAction":[{"@type":"SearchAction","target":{"@type":"EntryPoint","urlTemplate":"https:\/\/ajimport.com.br\/?s={search_term_string}"},"query-input":{"@type":"PropertyValueSpecification","valueRequired":true,"valueName":"search_term_string"}}],"inLanguage":"en-US"},{"@type":"Organization","@id":"https:\/\/ajimport.com.br\/#organization","name":"Grupo AJ Import","url":"https:\/\/ajimport.com.br\/","logo":{"@type":"ImageObject","inLanguage":"en-US","@id":"https:\/\/ajimport.com.br\/#\/schema\/logo\/image\/","url":"https:\/\/ajimport.com.br\/wp-content\/uploads\/2022\/10\/Grupo-53-1.png","contentUrl":"https:\/\/ajimport.com.br\/wp-content\/uploads\/2022\/10\/Grupo-53-1.png","width":80,"height":64,"caption":"Grupo AJ Import"},"image":{"@id":"https:\/\/ajimport.com.br\/#\/schema\/logo\/image\/"},"sameAs":["https:\/\/www.facebook.com\/grupoajimport\/?locale=pt_BR","https:\/\/www.instagram.com\/grupoajimport\/","https:\/\/br.linkedin.com\/company\/grupoajimport"]}]}},"_links":{"self":[{"href":"https:\/\/ajimport.com.br\/en\/wp-json\/wp\/v2\/product\/3296","targetHints":{"allow":["GET"]}}],"collection":[{"href":"https:\/\/ajimport.com.br\/en\/wp-json\/wp\/v2\/product"}],"about":[{"href":"https:\/\/ajimport.com.br\/en\/wp-json\/wp\/v2\/types\/product"}],"replies":[{"embeddable":true,"href":"https:\/\/ajimport.com.br\/en\/wp-json\/wp\/v2\/comments?post=3296"}],"wp:featuredmedia":[{"embeddable":true,"href":"https:\/\/ajimport.com.br\/en\/wp-json\/wp\/v2\/media\/3300"}],"wp:attachment":[{"href":"https:\/\/ajimport.com.br\/en\/wp-json\/wp\/v2\/media?parent=3296"}],"wp:term":[{"taxonomy":"product_brand","embeddable":true,"href":"https:\/\/ajimport.com.br\/en\/wp-json\/wp\/v2\/product_brand?post=3296"},{"taxonomy":"product_cat","embeddable":true,"href":"https:\/\/ajimport.com.br\/en\/wp-json\/wp\/v2\/product_cat?post=3296"},{"taxonomy":"product_tag","embeddable":true,"href":"https:\/\/ajimport.com.br\/en\/wp-json\/wp\/v2\/product_tag?post=3296"},{"taxonomy":"e-destaque","embeddable":true,"href":"https:\/\/ajimport.com.br\/en\/wp-json\/wp\/v2\/e-destaque?post=3296"},{"taxonomy":"marca","embeddable":true,"href":"https:\/\/ajimport.com.br\/en\/wp-json\/wp\/v2\/marca?post=3296"}],"curies":[{"name":"wp","href":"https:\/\/api.w.org\/{rel}","templated":true}]}}