{"id":2556,"date":"2022-10-28T14:39:48","date_gmt":"2022-10-28T17:39:48","guid":{"rendered":"https:\/\/ajimport.com.br\/?post_type=product&#038;p=2556"},"modified":"2025-03-05T11:03:31","modified_gmt":"2025-03-05T14:03:31","slug":"cadeira-escritorio-stripes-diretor-pu-cinza","status":"publish","type":"product","link":"https:\/\/ajimport.com.br\/en\/product\/cadeira-escritorio-stripes-diretor-pu-cinza\/","title":{"rendered":"Cadeira Escrit\u00f3rio Stripes Diretor PU Cinza"},"content":{"rendered":"<p>A<strong> cadeira<\/strong> <strong>Stripes Diretor na cor cinza<\/strong> \u00e9 a escolha ideal para ambientes corporativos que buscam um design sofisticado e moderno. O seu revestimento em PU oferece resist\u00eancia e conforto, enquanto a <strong>base cromada<\/strong> em a\u00e7o proporciona durabilidade e estabilidade. A cor neutra e elegante torna a cadeira vers\u00e1til, adequada para qualquer ambiente profissional, sem perder o toque de modernidade.<\/p>\n<p>&nbsp;<\/p>\n<p><img decoding=\"async\" class=\"size-full wp-image-4139 alignleft\" src=\"https:\/\/ajimport.com.br\/wp-content\/uploads\/2023\/02\/Icone-Office.jpg\" sizes=\"(max-width: 70px) 100vw, 70px\" srcset=\"https:\/\/ajimport.com.br\/wp-content\/uploads\/2023\/02\/Icone-Office.jpg 70w, https:\/\/ajimport.com.br\/wp-content\/uploads\/2023\/02\/Icone-Office-12x12.jpg 12w\" alt=\"\" width=\"70\" height=\"70\" \/><\/p>\n<h2><strong>Cadeira de escrit\u00f3rio de qualidade<\/strong><\/h2>\n<p>Com o <strong>sistema relax<\/strong>, a cadeira Stripes Diretor permite que voc\u00ea ajuste a sua posi\u00e7\u00e3o para maior conforto, tornando o trabalho mais agrad\u00e1vel. O mecanismo de reclina\u00e7\u00e3o garante suporte durante longas horas, enquanto o <strong>rod\u00edzio antirrisco<\/strong> permite um movimento suave sem danificar os pisos. Perfeita para profissionais que buscam funcionalidade e um design que combine com o ambiente de trabalho.<\/p>\n<p>&nbsp;<\/p>\n<h2><strong><img decoding=\"async\" class=\"size-full wp-image-4146 alignleft\" src=\"https:\/\/ajimport.com.br\/wp-content\/uploads\/2023\/02\/Icone-Garantia-1.jpg\" sizes=\"(max-width: 70px) 100vw, 70px\" srcset=\"https:\/\/ajimport.com.br\/wp-content\/uploads\/2023\/02\/Icone-Garantia-1.jpg 70w, https:\/\/ajimport.com.br\/wp-content\/uploads\/2023\/02\/Icone-Garantia-1-12x12.jpg 12w\" alt=\"\" width=\"70\" height=\"70\" \/>Garantia:<\/strong><\/h2>\n<p>A\u00a0<strong>Cadeira Escrit\u00f3rio Stripes Diretor Cinza da AJ IMPORT<\/strong>\u00a0conta com 3 meses de garantia.<\/p>\n<p>&nbsp;<\/p>\n<h2><img decoding=\"async\" class=\"size-full wp-image-4141 alignleft\" src=\"https:\/\/ajimport.com.br\/wp-content\/uploads\/2023\/02\/Icone-Design-Conforto.jpg\" sizes=\"(max-width: 70px) 100vw, 70px\" srcset=\"https:\/\/ajimport.com.br\/wp-content\/uploads\/2023\/02\/Icone-Design-Conforto.jpg 70w, https:\/\/ajimport.com.br\/wp-content\/uploads\/2023\/02\/Icone-Design-Conforto-12x12.jpg 12w\" alt=\"\" width=\"70\" height=\"70\" \/><\/h2>\n<h1><strong>Conforto e Design:<\/strong><\/h1>\n<p>A tonalidade cinza da cadeira adiciona um toque de eleg\u00e2ncia discreta a qualquer espa\u00e7o. A combina\u00e7\u00e3o da estrutura em a\u00e7o cromado com o <strong>revestimento em PU<\/strong> cria um equil\u00edbrio perfeito entre robustez e leveza, oferecendo um produto de alta qualidade e design arrojado. Seja para um escrit\u00f3rio executivo ou uma sala de reuni\u00f5es, a cadeira Stripes \u00e9 a escolha certa para quem busca durabilidade e estilo.<\/p>\n<p>&nbsp;<\/p>\n<p><img loading=\"lazy\" decoding=\"async\" class=\"alignnone wp-image-19489 size-full\" src=\"https:\/\/ajimport.com.br\/wp-content\/uploads\/2022\/10\/Foto-Ambientada-da-cadeira-Stripes-Diretor-Cinza.png\" alt=\"\" width=\"1200\" height=\"600\" srcset=\"https:\/\/ajimport.com.br\/wp-content\/uploads\/2022\/10\/Foto-Ambientada-da-cadeira-Stripes-Diretor-Cinza.png 1200w, https:\/\/ajimport.com.br\/wp-content\/uploads\/2022\/10\/Foto-Ambientada-da-cadeira-Stripes-Diretor-Cinza-300x150.png 300w, https:\/\/ajimport.com.br\/wp-content\/uploads\/2022\/10\/Foto-Ambientada-da-cadeira-Stripes-Diretor-Cinza-1024x512.png 1024w, https:\/\/ajimport.com.br\/wp-content\/uploads\/2022\/10\/Foto-Ambientada-da-cadeira-Stripes-Diretor-Cinza-768x384.png 768w, https:\/\/ajimport.com.br\/wp-content\/uploads\/2022\/10\/Foto-Ambientada-da-cadeira-Stripes-Diretor-Cinza-18x9.png 18w, https:\/\/ajimport.com.br\/wp-content\/uploads\/2022\/10\/Foto-Ambientada-da-cadeira-Stripes-Diretor-Cinza-600x300.png 600w\" sizes=\"(max-width: 1200px) 100vw, 1200px\" \/><\/p>\n<p>&nbsp;<\/p>\n<h2><img loading=\"lazy\" decoding=\"async\" class=\"size-full wp-image-4142 alignleft\" src=\"https:\/\/ajimport.com.br\/wp-content\/uploads\/2023\/02\/Icone-atendimento-posvenda.jpg\" sizes=\"(max-width: 70px) 100vw, 70px\" srcset=\"https:\/\/ajimport.com.br\/wp-content\/uploads\/2023\/02\/Icone-atendimento-posvenda.jpg 70w, https:\/\/ajimport.com.br\/wp-content\/uploads\/2023\/02\/Icone-atendimento-posvenda-12x12.jpg 12w\" alt=\"\" width=\"70\" height=\"70\" \/><strong>P\u00f3s-venda:<\/strong><\/h2>\n<p>A\u00a0<strong>AJ IMPORT<\/strong> oferece um P\u00f3s-venda que realmente funciona e se preocupa com cada cliente. O nosso atendimento n\u00e3o para no momento da venda, estamos 100% focados em longas parcerias e entendemos que para isso, cada especialista comercial precisa resolver as necessidades particulares de cada cliente.<br \/>\nO nosso atendimento \u00e9 humanizado e centrado na resolu\u00e7\u00e3o de cada caso e estamos em constante processo de otimiza\u00e7\u00e3o no atendimento para melhorarmos a cada dia.<br \/>\nPode entrar em contato no WhatsApp: (11) 95940-0870, no telefone: (11) 4126-7070, ou no telefone do seu representante, ou especialista comercial, caso tenha sido atendimento.<\/p>\n<p>&nbsp;<\/p>\n<h2><img loading=\"lazy\" decoding=\"async\" class=\"size-full wp-image-4143 alignleft\" src=\"https:\/\/ajimport.com.br\/wp-content\/uploads\/2023\/02\/Icone-Qualidade.jpg\" sizes=\"(max-width: 70px) 100vw, 70px\" srcset=\"https:\/\/ajimport.com.br\/wp-content\/uploads\/2023\/02\/Icone-Qualidade.jpg 70w, https:\/\/ajimport.com.br\/wp-content\/uploads\/2023\/02\/Icone-Qualidade-12x12.jpg 12w\" alt=\"\" width=\"70\" height=\"70\" \/><strong>Qualidade, Resist\u00eancia e Fabrica\u00e7\u00e3o da cadeira Stripes Diretor Cinza<\/strong><strong>.<\/strong><\/h2>\n<p>A\u00a0<strong>qualidade da AJ IMPORT<\/strong>\u00a0j\u00e1 \u00e9 reconhecida, importamos os modelos mais reconhecidos mundialmente e sempre com alta qualidade em cada pe\u00e7a para voc\u00ea.<br \/>\nEstamos no mercado h\u00e1 mais de 14 anos e estamos presentes em todo o Brasil, levando a mais alta qualidade em cada cadeira, mesa e banqueta.<br \/>\nA\u00a0<strong>Cadeira Escrit\u00f3rio Stripes Diretor Cinza<\/strong>\u00a0permite at\u00e9 120 quilos.<\/p>\n<p>&nbsp;<\/p>\n<p>&nbsp;<\/p>\n<p>&nbsp;<\/p>","protected":false},"excerpt":{"rendered":"<p>A cadeira Stripes Diretor na cor cinza \u00e9 a escolha ideal para ambientes corporativos que buscam um design sofisticado e moderno. O seu revestimento em PU oferece resist\u00eancia e conforto, enquanto a base cromada em a\u00e7o proporciona durabilidade e estabilidade. A cor neutra e elegante torna a cadeira vers\u00e1til, adequada para qualquer ambiente profissional, sem [&hellip;]<\/p>\n","protected":false},"featured_media":2557,"comment_status":"open","ping_status":"closed","template":"","meta":[],"product_brand":[],"product_cat":[20],"product_tag":[],"e-destaque":[],"marca":[65],"class_list":{"0":"post-2556","1":"product","2":"type-product","3":"status-publish","4":"has-post-thumbnail","6":"product_cat-office","7":"marca-futura-design","9":"first","10":"instock","11":"shipping-taxable","12":"purchasable","13":"product-type-simple"},"yoast_head":"<!-- This site is optimized with the Yoast SEO Premium plugin v24.7 (Yoast SEO v27.3) - https:\/\/yoast.com\/product\/yoast-seo-premium-wordpress\/ -->\n<title>Cadeira Escrit\u00f3rio Stripes Diretor PU Cinza - AJ Import<\/title>\n<meta name=\"robots\" content=\"index, follow, max-snippet:-1, max-image-preview:large, max-video-preview:-1\" \/>\n<link rel=\"canonical\" href=\"https:\/\/ajimport.com.br\/en\/product\/cadeira-escritorio-stripes-diretor-pu-cinza\/\" \/>\n<meta property=\"og:locale\" content=\"en_US\" \/>\n<meta property=\"og:type\" content=\"article\" \/>\n<meta property=\"og:title\" content=\"Cadeira Escrit\u00f3rio Stripes Diretor PU Cinza\" \/>\n<meta property=\"og:description\" content=\"A cadeira Stripes Diretor na cor cinza \u00e9 a escolha ideal para ambientes corporativos que buscam um design sofisticado e moderno. O seu revestimento em PU oferece resist\u00eancia e conforto, enquanto a base cromada em a\u00e7o proporciona durabilidade e estabilidade. A cor neutra e elegante torna a cadeira vers\u00e1til, adequada para qualquer ambiente profissional, sem [&hellip;]\" \/>\n<meta property=\"og:url\" content=\"https:\/\/ajimport.com.br\/en\/product\/cadeira-escritorio-stripes-diretor-pu-cinza\/\" \/>\n<meta property=\"og:site_name\" content=\"AJ Import\" \/>\n<meta property=\"article:publisher\" content=\"https:\/\/www.facebook.com\/grupoajimport\/?locale=pt_BR\" \/>\n<meta property=\"article:modified_time\" content=\"2025-03-05T14:03:31+00:00\" \/>\n<meta property=\"og:image\" content=\"https:\/\/ajimport.com.br\/wp-content\/uploads\/2022\/10\/cadeira_escritorio_stripes_diretor_pu_cinza_30793631_1_20201026095929.webp\" \/>\n\t<meta property=\"og:image:width\" content=\"1000\" \/>\n\t<meta property=\"og:image:height\" content=\"1000\" \/>\n\t<meta property=\"og:image:type\" content=\"image\/webp\" \/>\n<meta name=\"twitter:card\" content=\"summary_large_image\" \/>\n<meta name=\"twitter:label1\" content=\"Est. reading time\" \/>\n\t<meta name=\"twitter:data1\" content=\"4 minutes\" \/>\n<script type=\"application\/ld+json\" class=\"yoast-schema-graph\">{\"@context\":\"https:\\\/\\\/schema.org\",\"@graph\":[{\"@type\":\"WebPage\",\"@id\":\"https:\\\/\\\/ajimport.com.br\\\/produto\\\/cadeira-escritorio-stripes-diretor-pu-cinza\\\/\",\"url\":\"https:\\\/\\\/ajimport.com.br\\\/produto\\\/cadeira-escritorio-stripes-diretor-pu-cinza\\\/\",\"name\":\"Cadeira Escrit\u00f3rio Stripes Diretor PU Cinza - AJ Import\",\"isPartOf\":{\"@id\":\"https:\\\/\\\/ajimport.com.br\\\/#website\"},\"primaryImageOfPage\":{\"@id\":\"https:\\\/\\\/ajimport.com.br\\\/produto\\\/cadeira-escritorio-stripes-diretor-pu-cinza\\\/#primaryimage\"},\"image\":{\"@id\":\"https:\\\/\\\/ajimport.com.br\\\/produto\\\/cadeira-escritorio-stripes-diretor-pu-cinza\\\/#primaryimage\"},\"thumbnailUrl\":\"https:\\\/\\\/ajimport.com.br\\\/wp-content\\\/uploads\\\/2022\\\/10\\\/cadeira_escritorio_stripes_diretor_pu_cinza_30793631_1_20201026095929.webp\",\"datePublished\":\"2022-10-28T17:39:48+00:00\",\"dateModified\":\"2025-03-05T14:03:31+00:00\",\"breadcrumb\":{\"@id\":\"https:\\\/\\\/ajimport.com.br\\\/produto\\\/cadeira-escritorio-stripes-diretor-pu-cinza\\\/#breadcrumb\"},\"inLanguage\":\"en-US\",\"potentialAction\":[{\"@type\":\"ReadAction\",\"target\":[\"https:\\\/\\\/ajimport.com.br\\\/produto\\\/cadeira-escritorio-stripes-diretor-pu-cinza\\\/\"]}]},{\"@type\":\"ImageObject\",\"inLanguage\":\"en-US\",\"@id\":\"https:\\\/\\\/ajimport.com.br\\\/produto\\\/cadeira-escritorio-stripes-diretor-pu-cinza\\\/#primaryimage\",\"url\":\"https:\\\/\\\/ajimport.com.br\\\/wp-content\\\/uploads\\\/2022\\\/10\\\/cadeira_escritorio_stripes_diretor_pu_cinza_30793631_1_20201026095929.webp\",\"contentUrl\":\"https:\\\/\\\/ajimport.com.br\\\/wp-content\\\/uploads\\\/2022\\\/10\\\/cadeira_escritorio_stripes_diretor_pu_cinza_30793631_1_20201026095929.webp\",\"width\":1000,\"height\":1000},{\"@type\":\"BreadcrumbList\",\"@id\":\"https:\\\/\\\/ajimport.com.br\\\/produto\\\/cadeira-escritorio-stripes-diretor-pu-cinza\\\/#breadcrumb\",\"itemListElement\":[{\"@type\":\"ListItem\",\"position\":1,\"name\":\"Home\",\"item\":\"https:\\\/\\\/ajimport.com.br\\\/\"},{\"@type\":\"ListItem\",\"position\":2,\"name\":\"Cat\u00e1logo\",\"item\":\"https:\\\/\\\/ajimport.com.br\\\/catalogo\\\/\"},{\"@type\":\"ListItem\",\"position\":3,\"name\":\"Cadeira Escrit\u00f3rio Stripes Diretor PU Cinza\"}]},{\"@type\":\"WebSite\",\"@id\":\"https:\\\/\\\/ajimport.com.br\\\/#website\",\"url\":\"https:\\\/\\\/ajimport.com.br\\\/\",\"name\":\"AJ Import\",\"description\":\"A maior especialista em cadeiras  importadas do pa\u00eds.\",\"publisher\":{\"@id\":\"https:\\\/\\\/ajimport.com.br\\\/#organization\"},\"potentialAction\":[{\"@type\":\"SearchAction\",\"target\":{\"@type\":\"EntryPoint\",\"urlTemplate\":\"https:\\\/\\\/ajimport.com.br\\\/?s={search_term_string}\"},\"query-input\":{\"@type\":\"PropertyValueSpecification\",\"valueRequired\":true,\"valueName\":\"search_term_string\"}}],\"inLanguage\":\"en-US\"},{\"@type\":\"Organization\",\"@id\":\"https:\\\/\\\/ajimport.com.br\\\/#organization\",\"name\":\"Grupo AJ Import\",\"url\":\"https:\\\/\\\/ajimport.com.br\\\/\",\"logo\":{\"@type\":\"ImageObject\",\"inLanguage\":\"en-US\",\"@id\":\"https:\\\/\\\/ajimport.com.br\\\/#\\\/schema\\\/logo\\\/image\\\/\",\"url\":\"https:\\\/\\\/ajimport.com.br\\\/wp-content\\\/uploads\\\/2022\\\/10\\\/Grupo-53-1.png\",\"contentUrl\":\"https:\\\/\\\/ajimport.com.br\\\/wp-content\\\/uploads\\\/2022\\\/10\\\/Grupo-53-1.png\",\"width\":80,\"height\":64,\"caption\":\"Grupo AJ Import\"},\"image\":{\"@id\":\"https:\\\/\\\/ajimport.com.br\\\/#\\\/schema\\\/logo\\\/image\\\/\"},\"sameAs\":[\"https:\\\/\\\/www.facebook.com\\\/grupoajimport\\\/?locale=pt_BR\",\"https:\\\/\\\/www.instagram.com\\\/grupoajimport\\\/\",\"https:\\\/\\\/br.linkedin.com\\\/company\\\/grupoajimport\"]}]}<\/script>\n<!-- \/ Yoast SEO Premium plugin. -->","yoast_head_json":{"title":"Cadeira Escrit\u00f3rio Stripes Diretor PU Cinza - AJ Import","robots":{"index":"index","follow":"follow","max-snippet":"max-snippet:-1","max-image-preview":"max-image-preview:large","max-video-preview":"max-video-preview:-1"},"canonical":"https:\/\/ajimport.com.br\/en\/product\/cadeira-escritorio-stripes-diretor-pu-cinza\/","og_locale":"en_US","og_type":"article","og_title":"Cadeira Escrit\u00f3rio Stripes Diretor PU Cinza","og_description":"A cadeira Stripes Diretor na cor cinza \u00e9 a escolha ideal para ambientes corporativos que buscam um design sofisticado e moderno. O seu revestimento em PU oferece resist\u00eancia e conforto, enquanto a base cromada em a\u00e7o proporciona durabilidade e estabilidade. A cor neutra e elegante torna a cadeira vers\u00e1til, adequada para qualquer ambiente profissional, sem [&hellip;]","og_url":"https:\/\/ajimport.com.br\/en\/product\/cadeira-escritorio-stripes-diretor-pu-cinza\/","og_site_name":"AJ Import","article_publisher":"https:\/\/www.facebook.com\/grupoajimport\/?locale=pt_BR","article_modified_time":"2025-03-05T14:03:31+00:00","og_image":[{"width":1000,"height":1000,"url":"https:\/\/ajimport.com.br\/wp-content\/uploads\/2022\/10\/cadeira_escritorio_stripes_diretor_pu_cinza_30793631_1_20201026095929.webp","type":"image\/webp"}],"twitter_card":"summary_large_image","twitter_misc":{"Est. reading time":"4 minutes"},"schema":{"@context":"https:\/\/schema.org","@graph":[{"@type":"WebPage","@id":"https:\/\/ajimport.com.br\/produto\/cadeira-escritorio-stripes-diretor-pu-cinza\/","url":"https:\/\/ajimport.com.br\/produto\/cadeira-escritorio-stripes-diretor-pu-cinza\/","name":"Cadeira Escrit\u00f3rio Stripes Diretor PU Cinza - AJ Import","isPartOf":{"@id":"https:\/\/ajimport.com.br\/#website"},"primaryImageOfPage":{"@id":"https:\/\/ajimport.com.br\/produto\/cadeira-escritorio-stripes-diretor-pu-cinza\/#primaryimage"},"image":{"@id":"https:\/\/ajimport.com.br\/produto\/cadeira-escritorio-stripes-diretor-pu-cinza\/#primaryimage"},"thumbnailUrl":"https:\/\/ajimport.com.br\/wp-content\/uploads\/2022\/10\/cadeira_escritorio_stripes_diretor_pu_cinza_30793631_1_20201026095929.webp","datePublished":"2022-10-28T17:39:48+00:00","dateModified":"2025-03-05T14:03:31+00:00","breadcrumb":{"@id":"https:\/\/ajimport.com.br\/produto\/cadeira-escritorio-stripes-diretor-pu-cinza\/#breadcrumb"},"inLanguage":"en-US","potentialAction":[{"@type":"ReadAction","target":["https:\/\/ajimport.com.br\/produto\/cadeira-escritorio-stripes-diretor-pu-cinza\/"]}]},{"@type":"ImageObject","inLanguage":"en-US","@id":"https:\/\/ajimport.com.br\/produto\/cadeira-escritorio-stripes-diretor-pu-cinza\/#primaryimage","url":"https:\/\/ajimport.com.br\/wp-content\/uploads\/2022\/10\/cadeira_escritorio_stripes_diretor_pu_cinza_30793631_1_20201026095929.webp","contentUrl":"https:\/\/ajimport.com.br\/wp-content\/uploads\/2022\/10\/cadeira_escritorio_stripes_diretor_pu_cinza_30793631_1_20201026095929.webp","width":1000,"height":1000},{"@type":"BreadcrumbList","@id":"https:\/\/ajimport.com.br\/produto\/cadeira-escritorio-stripes-diretor-pu-cinza\/#breadcrumb","itemListElement":[{"@type":"ListItem","position":1,"name":"Home","item":"https:\/\/ajimport.com.br\/"},{"@type":"ListItem","position":2,"name":"Cat\u00e1logo","item":"https:\/\/ajimport.com.br\/catalogo\/"},{"@type":"ListItem","position":3,"name":"Cadeira Escrit\u00f3rio Stripes Diretor PU Cinza"}]},{"@type":"WebSite","@id":"https:\/\/ajimport.com.br\/#website","url":"https:\/\/ajimport.com.br\/","name":"AJ Import","description":"A maior especialista em cadeiras  importadas do pa\u00eds.","publisher":{"@id":"https:\/\/ajimport.com.br\/#organization"},"potentialAction":[{"@type":"SearchAction","target":{"@type":"EntryPoint","urlTemplate":"https:\/\/ajimport.com.br\/?s={search_term_string}"},"query-input":{"@type":"PropertyValueSpecification","valueRequired":true,"valueName":"search_term_string"}}],"inLanguage":"en-US"},{"@type":"Organization","@id":"https:\/\/ajimport.com.br\/#organization","name":"Grupo AJ Import","url":"https:\/\/ajimport.com.br\/","logo":{"@type":"ImageObject","inLanguage":"en-US","@id":"https:\/\/ajimport.com.br\/#\/schema\/logo\/image\/","url":"https:\/\/ajimport.com.br\/wp-content\/uploads\/2022\/10\/Grupo-53-1.png","contentUrl":"https:\/\/ajimport.com.br\/wp-content\/uploads\/2022\/10\/Grupo-53-1.png","width":80,"height":64,"caption":"Grupo AJ Import"},"image":{"@id":"https:\/\/ajimport.com.br\/#\/schema\/logo\/image\/"},"sameAs":["https:\/\/www.facebook.com\/grupoajimport\/?locale=pt_BR","https:\/\/www.instagram.com\/grupoajimport\/","https:\/\/br.linkedin.com\/company\/grupoajimport"]}]}},"_links":{"self":[{"href":"https:\/\/ajimport.com.br\/en\/wp-json\/wp\/v2\/product\/2556","targetHints":{"allow":["GET"]}}],"collection":[{"href":"https:\/\/ajimport.com.br\/en\/wp-json\/wp\/v2\/product"}],"about":[{"href":"https:\/\/ajimport.com.br\/en\/wp-json\/wp\/v2\/types\/product"}],"replies":[{"embeddable":true,"href":"https:\/\/ajimport.com.br\/en\/wp-json\/wp\/v2\/comments?post=2556"}],"wp:featuredmedia":[{"embeddable":true,"href":"https:\/\/ajimport.com.br\/en\/wp-json\/wp\/v2\/media\/2557"}],"wp:attachment":[{"href":"https:\/\/ajimport.com.br\/en\/wp-json\/wp\/v2\/media?parent=2556"}],"wp:term":[{"taxonomy":"product_brand","embeddable":true,"href":"https:\/\/ajimport.com.br\/en\/wp-json\/wp\/v2\/product_brand?post=2556"},{"taxonomy":"product_cat","embeddable":true,"href":"https:\/\/ajimport.com.br\/en\/wp-json\/wp\/v2\/product_cat?post=2556"},{"taxonomy":"product_tag","embeddable":true,"href":"https:\/\/ajimport.com.br\/en\/wp-json\/wp\/v2\/product_tag?post=2556"},{"taxonomy":"e-destaque","embeddable":true,"href":"https:\/\/ajimport.com.br\/en\/wp-json\/wp\/v2\/e-destaque?post=2556"},{"taxonomy":"marca","embeddable":true,"href":"https:\/\/ajimport.com.br\/en\/wp-json\/wp\/v2\/marca?post=2556"}],"curies":[{"name":"wp","href":"https:\/\/api.w.org\/{rel}","templated":true}]}}