{"id":2523,"date":"2022-10-28T11:22:16","date_gmt":"2022-10-28T14:22:16","guid":{"rendered":"https:\/\/ajimport.com.br\/?post_type=product&#038;p=2523"},"modified":"2026-01-07T10:57:26","modified_gmt":"2026-01-07T13:57:26","slug":"mesa-saarinen-tulipa-redonda-80cm-tampo-madeira-branca","status":"publish","type":"product","link":"https:\/\/ajimport.com.br\/en\/product\/mesa-saarinen-tulipa-redonda-80cm-tampo-madeira-branca\/","title":{"rendered":"Mesa Saarinen Tulipa Redonda 80cm Tampo Madeira Branca"},"content":{"rendered":"<p data-start=\"154\" data-end=\"513\">A <strong data-start=\"156\" data-end=\"185\">Mesa Saarinen Tulipa Redonda Branca <\/strong>foi criada para unir eleg\u00e2ncia e funcionalidade em uma \u00fanica pe\u00e7a. Ideal para quem busca um ambiente moderno, equilibrado e visualmente leve, ela se destaca por seu design atemporal que valoriza qualquer espa\u00e7o. Seja em salas de jantar, cozinhas, varandas gourmet ou ambientes corporativos, sua presen\u00e7a traz sofistica\u00e7\u00e3o, estilo e personalidade. O seu visual clean e a versatilidade das linhas tornam a mesa uma escolha perfeita para composi\u00e7\u00f5es que desejam unir beleza, conforto e praticidade no dia a dia.<\/p>\n<article class=\"text-token-text-primary w-full focus:outline-none [--shadow-height:45px] has-data-writing-block:pointer-events-none has-data-writing-block:-mt-(--shadow-height) has-data-writing-block:pt-(--shadow-height) [&amp;:has([data-writing-block])&gt;*]:pointer-events-auto scroll-mt-[calc(var(--header-height)+min(200px,max(70px,20svh)))]\" dir=\"auto\" tabindex=\"-1\" data-turn-id=\"request-WEB:a1328e56-1dcd-4a7a-803c-b0c201d2649b-7\" data-testid=\"conversation-turn-16\" data-scroll-anchor=\"true\" data-turn=\"assistant\">\n<div class=\"text-base my-auto mx-auto pb-10 [--thread-content-margin:--spacing(4)] thread-sm:[--thread-content-margin:--spacing(6)] thread-lg:[--thread-content-margin:--spacing(16)] px-(--thread-content-margin)\">\n<div class=\"[--thread-content-max-width:40rem] thread-lg:[--thread-content-max-width:48rem] mx-auto max-w-(--thread-content-max-width) flex-1 group\/turn-messages focus-visible:outline-hidden relative flex w-full min-w-0 flex-col agent-turn\" tabindex=\"-1\">\n<div class=\"z-0 flex min-h-[46px] justify-start\"><\/div>\n<div class=\"text-center\"><\/div>\n<\/div>\n<\/div>\n<\/article>\n<p><img decoding=\"async\" class=\"wp-image-21046 size-full alignleft\" src=\"https:\/\/ajimport.com.br\/wp-content\/uploads\/2025\/11\/Design-sem-nome-5.png\" alt=\"\" width=\"70\" height=\"70\" srcset=\"https:\/\/ajimport.com.br\/wp-content\/uploads\/2025\/11\/Design-sem-nome-5.png 70w, https:\/\/ajimport.com.br\/wp-content\/uploads\/2025\/11\/Design-sem-nome-5-12x12.png 12w\" sizes=\"(max-width: 70px) 100vw, 70px\" \/><\/p>\n<h2><strong>Mesa de qualidade<\/strong><\/h2>\n<p>Produzida com tampo em <strong>MDF com pintura em laca<\/strong>, a mesa oferece um acabamento refinado, resistente e f\u00e1cil de limpar, mantendo sua beleza e uniformidade por muito mais tempo. A <strong>base em a\u00e7o pintado<\/strong> complementa a pe\u00e7a com estabilidade e firmeza, refor\u00e7ando o charme ic\u00f4nico do design tulipa e garantindo durabilidade no uso di\u00e1rio.<\/p>\n<p>&nbsp;<\/p>\n<h2><strong><img decoding=\"async\" class=\"size-full wp-image-4146 alignleft\" src=\"https:\/\/ajimport.com.br\/wp-content\/uploads\/2023\/02\/Icone-Garantia-1.jpg\" sizes=\"(max-width: 70px) 100vw, 70px\" srcset=\"https:\/\/ajimport.com.br\/wp-content\/uploads\/2023\/02\/Icone-Garantia-1.jpg 70w, https:\/\/ajimport.com.br\/wp-content\/uploads\/2023\/02\/Icone-Garantia-1-12x12.jpg 12w\" alt=\"\" width=\"70\" height=\"70\" \/>Garantia:<\/strong><\/h2>\n<p>A <strong>Mesa Saarinen Tulipa Redonda Branca da AJ IMPORT<\/strong>\u00a0conta com 3 meses de garantia.<\/p>\n<p>&nbsp;<\/p>\n<h2><img decoding=\"async\" class=\"size-full wp-image-4141 alignleft\" src=\"https:\/\/ajimport.com.br\/wp-content\/uploads\/2023\/02\/Icone-Design-Conforto.jpg\" sizes=\"(max-width: 70px) 100vw, 70px\" srcset=\"https:\/\/ajimport.com.br\/wp-content\/uploads\/2023\/02\/Icone-Design-Conforto.jpg 70w, https:\/\/ajimport.com.br\/wp-content\/uploads\/2023\/02\/Icone-Design-Conforto-12x12.jpg 12w\" alt=\"\" width=\"70\" height=\"70\" \/><\/h2>\n<h1><strong>Conforto e Design:<\/strong><\/h1>\n<p>Com um visual clean e contempor\u00e2neo, a <strong>Mesa Saarinen Tulipa Redonda Branca<\/strong> harmoniza facilmente com diferentes estilos de decora\u00e7\u00e3o, do minimalista ao moderno. Seu design ic\u00f4nico valoriza o ambiente, criando uma composi\u00e7\u00e3o elegante e bem equilibrada. Mais do que um simples m\u00f3vel, ela se torna um ponto de destaque, elevando a est\u00e9tica de qualquer espa\u00e7o. Com altura de 75 cm e tampo de 80 cm, adapta-se perfeitamente a ambientes de variados tamanhos, garantindo funcionalidade e presen\u00e7a tanto em casas quanto em espa\u00e7os corporativos.<\/p>\n<p><img loading=\"lazy\" decoding=\"async\" class=\"alignnone wp-image-21272 size-full\" src=\"https:\/\/ajimport.com.br\/wp-content\/uploads\/2022\/10\/Mesa-Saarinen-Redonda-BRjpg.jpg\" alt=\"\" width=\"1200\" height=\"600\" srcset=\"https:\/\/ajimport.com.br\/wp-content\/uploads\/2022\/10\/Mesa-Saarinen-Redonda-BRjpg.jpg 1200w, https:\/\/ajimport.com.br\/wp-content\/uploads\/2022\/10\/Mesa-Saarinen-Redonda-BRjpg-300x150.jpg 300w, https:\/\/ajimport.com.br\/wp-content\/uploads\/2022\/10\/Mesa-Saarinen-Redonda-BRjpg-1024x512.jpg 1024w, https:\/\/ajimport.com.br\/wp-content\/uploads\/2022\/10\/Mesa-Saarinen-Redonda-BRjpg-768x384.jpg 768w, https:\/\/ajimport.com.br\/wp-content\/uploads\/2022\/10\/Mesa-Saarinen-Redonda-BRjpg-18x9.jpg 18w, https:\/\/ajimport.com.br\/wp-content\/uploads\/2022\/10\/Mesa-Saarinen-Redonda-BRjpg-600x300.jpg 600w\" sizes=\"(max-width: 1200px) 100vw, 1200px\" \/><\/p>\n<p>&nbsp;<\/p>\n<h2><img loading=\"lazy\" decoding=\"async\" class=\"size-full wp-image-4142 alignleft\" src=\"https:\/\/ajimport.com.br\/wp-content\/uploads\/2023\/02\/Icone-atendimento-posvenda.jpg\" sizes=\"(max-width: 70px) 100vw, 70px\" srcset=\"https:\/\/ajimport.com.br\/wp-content\/uploads\/2023\/02\/Icone-atendimento-posvenda.jpg 70w, https:\/\/ajimport.com.br\/wp-content\/uploads\/2023\/02\/Icone-atendimento-posvenda-12x12.jpg 12w\" alt=\"\" width=\"70\" height=\"70\" \/><strong>P\u00f3s-venda:<\/strong><\/h2>\n<p>A\u00a0<strong>AJ IMPORT<\/strong> oferece um P\u00f3s-venda que realmente funciona e se preocupa com cada cliente. O nosso atendimento n\u00e3o para no momento da venda, estamos 100% focados em longas parcerias e entendemos que para isso, cada especialista comercial precisa resolver as necessidades particulares de cada cliente. O nosso atendimento \u00e9 humanizado e centrado na resolu\u00e7\u00e3o de cada caso e estamos em constante processo de otimiza\u00e7\u00e3o no atendimento para melhorarmos a cada dia. Pode entrar em contato no WhatsApp: (11) 9 21267544, no telefone: (11) 4126-7070, ou no telefone do seu representante, ou especialista comercial, caso tenha sido atendimento.<\/p>\n<p>&nbsp;<\/p>\n<h2><img loading=\"lazy\" decoding=\"async\" class=\"size-full wp-image-4143 alignleft\" src=\"https:\/\/ajimport.com.br\/wp-content\/uploads\/2023\/02\/Icone-Qualidade.jpg\" sizes=\"(max-width: 70px) 100vw, 70px\" srcset=\"https:\/\/ajimport.com.br\/wp-content\/uploads\/2023\/02\/Icone-Qualidade.jpg 70w, https:\/\/ajimport.com.br\/wp-content\/uploads\/2023\/02\/Icone-Qualidade-12x12.jpg 12w\" alt=\"\" width=\"70\" height=\"70\" \/><strong>Qualidade, Resist\u00eancia e Fabrica\u00e7\u00e3o da Mesa Saarinen Tulipa Redonda Branca.<\/strong><\/h2>\n<p>A\u00a0<strong>qualidade da AJ IMPORT<\/strong> j\u00e1 \u00e9 reconhecida, importamos os modelos mais reconhecidos mundialmente e sempre com alta qualidade em cada pe\u00e7a para voc\u00ea. Estamos no mercado h\u00e1 mais de 15 anos e estamos presentes em todo o Brasil, levando a mais alta qualidade em cada cadeira, mesa e banqueta.<\/p>\n<p>&nbsp;<\/p>\n<p>&nbsp;<\/p>\n","protected":false},"excerpt":{"rendered":"<p>A Mesa Saarinen Tulipa Redonda Branca foi criada para unir eleg\u00e2ncia e funcionalidade em uma \u00fanica pe\u00e7a. Ideal para quem busca um ambiente moderno, equilibrado e visualmente leve, ela se destaca por seu design atemporal que valoriza qualquer espa\u00e7o. Seja em salas de jantar, cozinhas, varandas gourmet ou ambientes corporativos, sua presen\u00e7a traz sofistica\u00e7\u00e3o, estilo [&hellip;]<\/p>\n","protected":false},"featured_media":2524,"comment_status":"closed","ping_status":"closed","template":"","meta":[],"product_brand":[],"product_cat":[38],"product_tag":[],"e-destaque":[],"marca":[65],"class_list":{"0":"post-2523","1":"product","2":"type-product","3":"status-publish","4":"has-post-thumbnail","6":"product_cat-mesas","7":"marca-futura-design","9":"first","10":"instock","11":"shipping-taxable","12":"purchasable","13":"product-type-simple"},"yoast_head":"<!-- This site is optimized with the Yoast SEO Premium plugin v24.7 (Yoast SEO v27.4) - https:\/\/yoast.com\/product\/yoast-seo-premium-wordpress\/ -->\n<title>Mesa Saarinen Tulipa Redonda 80cm Tampo Madeira Branca - AJ Import<\/title>\n<meta name=\"robots\" content=\"index, follow, max-snippet:-1, max-image-preview:large, max-video-preview:-1\" \/>\n<link rel=\"canonical\" href=\"https:\/\/ajimport.com.br\/en\/product\/mesa-saarinen-tulipa-redonda-80cm-tampo-madeira-branca\/\" \/>\n<meta property=\"og:locale\" content=\"en_US\" \/>\n<meta property=\"og:type\" content=\"article\" \/>\n<meta property=\"og:title\" content=\"Mesa Saarinen Tulipa Redonda 80cm Tampo Madeira Branca\" \/>\n<meta property=\"og:description\" content=\"A Mesa Saarinen Tulipa Redonda Branca foi criada para unir eleg\u00e2ncia e funcionalidade em uma \u00fanica pe\u00e7a. Ideal para quem busca um ambiente moderno, equilibrado e visualmente leve, ela se destaca por seu design atemporal que valoriza qualquer espa\u00e7o. Seja em salas de jantar, cozinhas, varandas gourmet ou ambientes corporativos, sua presen\u00e7a traz sofistica\u00e7\u00e3o, estilo [&hellip;]\" \/>\n<meta property=\"og:url\" content=\"https:\/\/ajimport.com.br\/en\/product\/mesa-saarinen-tulipa-redonda-80cm-tampo-madeira-branca\/\" \/>\n<meta property=\"og:site_name\" content=\"AJ Import\" \/>\n<meta property=\"article:publisher\" content=\"https:\/\/www.facebook.com\/grupoajimport\/?locale=pt_BR\" \/>\n<meta property=\"article:modified_time\" content=\"2026-01-07T13:57:26+00:00\" \/>\n<meta property=\"og:image\" content=\"https:\/\/ajimport.com.br\/wp-content\/uploads\/2022\/10\/mesa_saarinen_tulipa_redonda_80cm_tampo_madeira_branca_sala_cozinha_jantar_30793633_1_2b3e76ec6ca2d04324b1979a77b490f4.jpg\" \/>\n\t<meta property=\"og:image:width\" content=\"1000\" \/>\n\t<meta property=\"og:image:height\" content=\"1000\" \/>\n\t<meta property=\"og:image:type\" content=\"image\/jpeg\" \/>\n<meta name=\"twitter:card\" content=\"summary_large_image\" \/>\n<meta name=\"twitter:label1\" content=\"Est. reading time\" \/>\n\t<meta name=\"twitter:data1\" content=\"4 minutes\" \/>\n<script type=\"application\/ld+json\" class=\"yoast-schema-graph\">{\"@context\":\"https:\\\/\\\/schema.org\",\"@graph\":[{\"@type\":\"WebPage\",\"@id\":\"https:\\\/\\\/ajimport.com.br\\\/produto\\\/mesa-saarinen-tulipa-redonda-80cm-tampo-madeira-branca\\\/\",\"url\":\"https:\\\/\\\/ajimport.com.br\\\/produto\\\/mesa-saarinen-tulipa-redonda-80cm-tampo-madeira-branca\\\/\",\"name\":\"Mesa Saarinen Tulipa Redonda 80cm Tampo Madeira Branca - AJ Import\",\"isPartOf\":{\"@id\":\"https:\\\/\\\/ajimport.com.br\\\/#website\"},\"primaryImageOfPage\":{\"@id\":\"https:\\\/\\\/ajimport.com.br\\\/produto\\\/mesa-saarinen-tulipa-redonda-80cm-tampo-madeira-branca\\\/#primaryimage\"},\"image\":{\"@id\":\"https:\\\/\\\/ajimport.com.br\\\/produto\\\/mesa-saarinen-tulipa-redonda-80cm-tampo-madeira-branca\\\/#primaryimage\"},\"thumbnailUrl\":\"https:\\\/\\\/ajimport.com.br\\\/wp-content\\\/uploads\\\/2022\\\/10\\\/mesa_saarinen_tulipa_redonda_80cm_tampo_madeira_branca_sala_cozinha_jantar_30793633_1_2b3e76ec6ca2d04324b1979a77b490f4.jpg\",\"datePublished\":\"2022-10-28T14:22:16+00:00\",\"dateModified\":\"2026-01-07T13:57:26+00:00\",\"breadcrumb\":{\"@id\":\"https:\\\/\\\/ajimport.com.br\\\/produto\\\/mesa-saarinen-tulipa-redonda-80cm-tampo-madeira-branca\\\/#breadcrumb\"},\"inLanguage\":\"en-US\",\"potentialAction\":[{\"@type\":\"ReadAction\",\"target\":[\"https:\\\/\\\/ajimport.com.br\\\/produto\\\/mesa-saarinen-tulipa-redonda-80cm-tampo-madeira-branca\\\/\"]}]},{\"@type\":\"ImageObject\",\"inLanguage\":\"en-US\",\"@id\":\"https:\\\/\\\/ajimport.com.br\\\/produto\\\/mesa-saarinen-tulipa-redonda-80cm-tampo-madeira-branca\\\/#primaryimage\",\"url\":\"https:\\\/\\\/ajimport.com.br\\\/wp-content\\\/uploads\\\/2022\\\/10\\\/mesa_saarinen_tulipa_redonda_80cm_tampo_madeira_branca_sala_cozinha_jantar_30793633_1_2b3e76ec6ca2d04324b1979a77b490f4.jpg\",\"contentUrl\":\"https:\\\/\\\/ajimport.com.br\\\/wp-content\\\/uploads\\\/2022\\\/10\\\/mesa_saarinen_tulipa_redonda_80cm_tampo_madeira_branca_sala_cozinha_jantar_30793633_1_2b3e76ec6ca2d04324b1979a77b490f4.jpg\",\"width\":1000,\"height\":1000},{\"@type\":\"BreadcrumbList\",\"@id\":\"https:\\\/\\\/ajimport.com.br\\\/produto\\\/mesa-saarinen-tulipa-redonda-80cm-tampo-madeira-branca\\\/#breadcrumb\",\"itemListElement\":[{\"@type\":\"ListItem\",\"position\":1,\"name\":\"Home\",\"item\":\"https:\\\/\\\/ajimport.com.br\\\/\"},{\"@type\":\"ListItem\",\"position\":2,\"name\":\"Cat\u00e1logo\",\"item\":\"https:\\\/\\\/ajimport.com.br\\\/catalogo\\\/\"},{\"@type\":\"ListItem\",\"position\":3,\"name\":\"Mesa Saarinen Tulipa Redonda 80cm Tampo Madeira Branca\"}]},{\"@type\":\"WebSite\",\"@id\":\"https:\\\/\\\/ajimport.com.br\\\/#website\",\"url\":\"https:\\\/\\\/ajimport.com.br\\\/\",\"name\":\"AJ Import\",\"description\":\"A maior especialista em cadeiras  importadas do pa\u00eds.\",\"publisher\":{\"@id\":\"https:\\\/\\\/ajimport.com.br\\\/#organization\"},\"potentialAction\":[{\"@type\":\"SearchAction\",\"target\":{\"@type\":\"EntryPoint\",\"urlTemplate\":\"https:\\\/\\\/ajimport.com.br\\\/?s={search_term_string}\"},\"query-input\":{\"@type\":\"PropertyValueSpecification\",\"valueRequired\":true,\"valueName\":\"search_term_string\"}}],\"inLanguage\":\"en-US\"},{\"@type\":\"Organization\",\"@id\":\"https:\\\/\\\/ajimport.com.br\\\/#organization\",\"name\":\"Grupo AJ Import\",\"url\":\"https:\\\/\\\/ajimport.com.br\\\/\",\"logo\":{\"@type\":\"ImageObject\",\"inLanguage\":\"en-US\",\"@id\":\"https:\\\/\\\/ajimport.com.br\\\/#\\\/schema\\\/logo\\\/image\\\/\",\"url\":\"https:\\\/\\\/ajimport.com.br\\\/wp-content\\\/uploads\\\/2022\\\/10\\\/Grupo-53-1.png\",\"contentUrl\":\"https:\\\/\\\/ajimport.com.br\\\/wp-content\\\/uploads\\\/2022\\\/10\\\/Grupo-53-1.png\",\"width\":80,\"height\":64,\"caption\":\"Grupo AJ Import\"},\"image\":{\"@id\":\"https:\\\/\\\/ajimport.com.br\\\/#\\\/schema\\\/logo\\\/image\\\/\"},\"sameAs\":[\"https:\\\/\\\/www.facebook.com\\\/grupoajimport\\\/?locale=pt_BR\",\"https:\\\/\\\/www.instagram.com\\\/grupoajimport\\\/\",\"https:\\\/\\\/br.linkedin.com\\\/company\\\/grupoajimport\"]}]}<\/script>\n<!-- \/ Yoast SEO Premium plugin. -->","yoast_head_json":{"title":"Mesa Saarinen Tulipa Redonda 80cm Tampo Madeira Branca - AJ Import","robots":{"index":"index","follow":"follow","max-snippet":"max-snippet:-1","max-image-preview":"max-image-preview:large","max-video-preview":"max-video-preview:-1"},"canonical":"https:\/\/ajimport.com.br\/en\/product\/mesa-saarinen-tulipa-redonda-80cm-tampo-madeira-branca\/","og_locale":"en_US","og_type":"article","og_title":"Mesa Saarinen Tulipa Redonda 80cm Tampo Madeira Branca","og_description":"A Mesa Saarinen Tulipa Redonda Branca foi criada para unir eleg\u00e2ncia e funcionalidade em uma \u00fanica pe\u00e7a. Ideal para quem busca um ambiente moderno, equilibrado e visualmente leve, ela se destaca por seu design atemporal que valoriza qualquer espa\u00e7o. Seja em salas de jantar, cozinhas, varandas gourmet ou ambientes corporativos, sua presen\u00e7a traz sofistica\u00e7\u00e3o, estilo [&hellip;]","og_url":"https:\/\/ajimport.com.br\/en\/product\/mesa-saarinen-tulipa-redonda-80cm-tampo-madeira-branca\/","og_site_name":"AJ Import","article_publisher":"https:\/\/www.facebook.com\/grupoajimport\/?locale=pt_BR","article_modified_time":"2026-01-07T13:57:26+00:00","og_image":[{"width":1000,"height":1000,"url":"https:\/\/ajimport.com.br\/wp-content\/uploads\/2022\/10\/mesa_saarinen_tulipa_redonda_80cm_tampo_madeira_branca_sala_cozinha_jantar_30793633_1_2b3e76ec6ca2d04324b1979a77b490f4.jpg","type":"image\/jpeg"}],"twitter_card":"summary_large_image","twitter_misc":{"Est. reading time":"4 minutes"},"schema":{"@context":"https:\/\/schema.org","@graph":[{"@type":"WebPage","@id":"https:\/\/ajimport.com.br\/produto\/mesa-saarinen-tulipa-redonda-80cm-tampo-madeira-branca\/","url":"https:\/\/ajimport.com.br\/produto\/mesa-saarinen-tulipa-redonda-80cm-tampo-madeira-branca\/","name":"Mesa Saarinen Tulipa Redonda 80cm Tampo Madeira Branca - AJ Import","isPartOf":{"@id":"https:\/\/ajimport.com.br\/#website"},"primaryImageOfPage":{"@id":"https:\/\/ajimport.com.br\/produto\/mesa-saarinen-tulipa-redonda-80cm-tampo-madeira-branca\/#primaryimage"},"image":{"@id":"https:\/\/ajimport.com.br\/produto\/mesa-saarinen-tulipa-redonda-80cm-tampo-madeira-branca\/#primaryimage"},"thumbnailUrl":"https:\/\/ajimport.com.br\/wp-content\/uploads\/2022\/10\/mesa_saarinen_tulipa_redonda_80cm_tampo_madeira_branca_sala_cozinha_jantar_30793633_1_2b3e76ec6ca2d04324b1979a77b490f4.jpg","datePublished":"2022-10-28T14:22:16+00:00","dateModified":"2026-01-07T13:57:26+00:00","breadcrumb":{"@id":"https:\/\/ajimport.com.br\/produto\/mesa-saarinen-tulipa-redonda-80cm-tampo-madeira-branca\/#breadcrumb"},"inLanguage":"en-US","potentialAction":[{"@type":"ReadAction","target":["https:\/\/ajimport.com.br\/produto\/mesa-saarinen-tulipa-redonda-80cm-tampo-madeira-branca\/"]}]},{"@type":"ImageObject","inLanguage":"en-US","@id":"https:\/\/ajimport.com.br\/produto\/mesa-saarinen-tulipa-redonda-80cm-tampo-madeira-branca\/#primaryimage","url":"https:\/\/ajimport.com.br\/wp-content\/uploads\/2022\/10\/mesa_saarinen_tulipa_redonda_80cm_tampo_madeira_branca_sala_cozinha_jantar_30793633_1_2b3e76ec6ca2d04324b1979a77b490f4.jpg","contentUrl":"https:\/\/ajimport.com.br\/wp-content\/uploads\/2022\/10\/mesa_saarinen_tulipa_redonda_80cm_tampo_madeira_branca_sala_cozinha_jantar_30793633_1_2b3e76ec6ca2d04324b1979a77b490f4.jpg","width":1000,"height":1000},{"@type":"BreadcrumbList","@id":"https:\/\/ajimport.com.br\/produto\/mesa-saarinen-tulipa-redonda-80cm-tampo-madeira-branca\/#breadcrumb","itemListElement":[{"@type":"ListItem","position":1,"name":"Home","item":"https:\/\/ajimport.com.br\/"},{"@type":"ListItem","position":2,"name":"Cat\u00e1logo","item":"https:\/\/ajimport.com.br\/catalogo\/"},{"@type":"ListItem","position":3,"name":"Mesa Saarinen Tulipa Redonda 80cm Tampo Madeira Branca"}]},{"@type":"WebSite","@id":"https:\/\/ajimport.com.br\/#website","url":"https:\/\/ajimport.com.br\/","name":"AJ Import","description":"A maior especialista em cadeiras  importadas do pa\u00eds.","publisher":{"@id":"https:\/\/ajimport.com.br\/#organization"},"potentialAction":[{"@type":"SearchAction","target":{"@type":"EntryPoint","urlTemplate":"https:\/\/ajimport.com.br\/?s={search_term_string}"},"query-input":{"@type":"PropertyValueSpecification","valueRequired":true,"valueName":"search_term_string"}}],"inLanguage":"en-US"},{"@type":"Organization","@id":"https:\/\/ajimport.com.br\/#organization","name":"Grupo AJ Import","url":"https:\/\/ajimport.com.br\/","logo":{"@type":"ImageObject","inLanguage":"en-US","@id":"https:\/\/ajimport.com.br\/#\/schema\/logo\/image\/","url":"https:\/\/ajimport.com.br\/wp-content\/uploads\/2022\/10\/Grupo-53-1.png","contentUrl":"https:\/\/ajimport.com.br\/wp-content\/uploads\/2022\/10\/Grupo-53-1.png","width":80,"height":64,"caption":"Grupo AJ Import"},"image":{"@id":"https:\/\/ajimport.com.br\/#\/schema\/logo\/image\/"},"sameAs":["https:\/\/www.facebook.com\/grupoajimport\/?locale=pt_BR","https:\/\/www.instagram.com\/grupoajimport\/","https:\/\/br.linkedin.com\/company\/grupoajimport"]}]}},"_links":{"self":[{"href":"https:\/\/ajimport.com.br\/en\/wp-json\/wp\/v2\/product\/2523","targetHints":{"allow":["GET"]}}],"collection":[{"href":"https:\/\/ajimport.com.br\/en\/wp-json\/wp\/v2\/product"}],"about":[{"href":"https:\/\/ajimport.com.br\/en\/wp-json\/wp\/v2\/types\/product"}],"replies":[{"embeddable":true,"href":"https:\/\/ajimport.com.br\/en\/wp-json\/wp\/v2\/comments?post=2523"}],"wp:featuredmedia":[{"embeddable":true,"href":"https:\/\/ajimport.com.br\/en\/wp-json\/wp\/v2\/media\/2524"}],"wp:attachment":[{"href":"https:\/\/ajimport.com.br\/en\/wp-json\/wp\/v2\/media?parent=2523"}],"wp:term":[{"taxonomy":"product_brand","embeddable":true,"href":"https:\/\/ajimport.com.br\/en\/wp-json\/wp\/v2\/product_brand?post=2523"},{"taxonomy":"product_cat","embeddable":true,"href":"https:\/\/ajimport.com.br\/en\/wp-json\/wp\/v2\/product_cat?post=2523"},{"taxonomy":"product_tag","embeddable":true,"href":"https:\/\/ajimport.com.br\/en\/wp-json\/wp\/v2\/product_tag?post=2523"},{"taxonomy":"e-destaque","embeddable":true,"href":"https:\/\/ajimport.com.br\/en\/wp-json\/wp\/v2\/e-destaque?post=2523"},{"taxonomy":"marca","embeddable":true,"href":"https:\/\/ajimport.com.br\/en\/wp-json\/wp\/v2\/marca?post=2523"}],"curies":[{"name":"wp","href":"https:\/\/api.w.org\/{rel}","templated":true}]}}