{"id":2291,"date":"2022-10-26T16:04:45","date_gmt":"2022-10-26T19:04:45","guid":{"rendered":"https:\/\/ajimport.com.br\/?post_type=product&#038;p=2291"},"modified":"2025-05-21T12:11:24","modified_gmt":"2025-05-21T15:11:24","slug":"cadeira-gruvyer-nude","status":"publish","type":"product","link":"https:\/\/ajimport.com.br\/en\/product\/cadeira-gruvyer-nude\/","title":{"rendered":"Cadeira Gruvyer Nude"},"content":{"rendered":"<p>A cadeira Gruvyer \u00e9 a escolha perfeita para quem busca um design moderno e funcional, aliado \u00e0 qualidade e <strong>certifica\u00e7\u00e3o do INMETRO. <\/strong>Fabricada em <strong>polipropileno<\/strong> de alta resist\u00eancia, ela destaca-se pelo seu visual vazado sofisticado, que adiciona leveza e estilo em qualquer ambiente. Ideal para espa\u00e7os residenciais, comerciais ou corporativos, a sua estrutura proporciona conforto e praticidade no dia a dia. Al\u00e9m de uma experi\u00eancia de uso mais agrad\u00e1vel. O seu formato facilita a integra\u00e7\u00e3o em diferentes layouts, tornando-a uma pe\u00e7a vers\u00e1til para diversos projetos.<\/p>\n<p>&nbsp;<\/p>\n<p><img decoding=\"async\" class=\"size-full wp-image-4139 alignleft\" src=\"https:\/\/ajimport.com.br\/wp-content\/uploads\/2023\/02\/Icone-Office.jpg\" sizes=\"(max-width: 70px) 100vw, 70px\" srcset=\"https:\/\/ajimport.com.br\/wp-content\/uploads\/2023\/02\/Icone-Office.jpg 70w, https:\/\/ajimport.com.br\/wp-content\/uploads\/2023\/02\/Icone-Office-12x12.jpg 12w\" alt=\"\" width=\"70\" height=\"70\" \/><\/p>\n<h1><strong>Cadeira de qualidade<\/strong><\/h1>\n<p>Desenvolvida para oferecer durabilidade e seguran\u00e7a, a Cadeira Gruvyer \u00e9 resistente ao uso cont\u00ednuo, sendo uma excelente op\u00e7\u00e3o para restaurantes, eventos e espa\u00e7os coletivos. O seu material de alta qualidade garante f\u00e1cil manuten\u00e7\u00e3o e grande vida \u00fatil, al\u00e9m de ser leve e f\u00e1cil de transportar. O design vazado n\u00e3o apenas confere um toque diferenciado, mas tamb\u00e9m facilita a ventila\u00e7\u00e3o, tornando-a ainda mais confort\u00e1vel para o uso prolongado. Com uma superf\u00edcie resistente a impactos e arranh\u00f5es, ela mant\u00e9m a sua apar\u00eancia impec\u00e1vel por muito mais tempo. O seu acabamento refinado refor\u00e7a a sensa\u00e7\u00e3o de sofistica\u00e7\u00e3o e bom gosto de qualquer ambiente.<\/p>\n<p>&nbsp;<\/p>\n<h2><strong><img decoding=\"async\" class=\"wp-image-19260 size-full alignleft\" src=\"https:\/\/ajimport.com.br\/wp-content\/uploads\/2022\/11\/Icone-Garantia-1.png\" alt=\"\" width=\"70\" height=\"70\" srcset=\"https:\/\/ajimport.com.br\/wp-content\/uploads\/2022\/11\/Icone-Garantia-1.png 70w, https:\/\/ajimport.com.br\/wp-content\/uploads\/2022\/11\/Icone-Garantia-1-12x12.png 12w\" sizes=\"(max-width: 70px) 100vw, 70px\" \/>Garantia:<\/strong><\/h2>\n<p>A\u00a0<strong>Cadeira Gruvyer Nude da AJ Import<\/strong> conta com 2 anos de garantia.<\/p>\n<p>&nbsp;<\/p>\n<h1><img decoding=\"async\" class=\"size-full wp-image-4141 alignleft\" src=\"https:\/\/ajimport.com.br\/wp-content\/uploads\/2023\/02\/Icone-Design-Conforto.jpg\" sizes=\"(max-width: 70px) 100vw, 70px\" srcset=\"https:\/\/ajimport.com.br\/wp-content\/uploads\/2023\/02\/Icone-Design-Conforto.jpg 70w, https:\/\/ajimport.com.br\/wp-content\/uploads\/2023\/02\/Icone-Design-Conforto-12x12.jpg 12w\" alt=\"\" width=\"70\" height=\"70\" \/><\/h1>\n<h1><strong>Conforto e Design:<\/strong><\/h1>\n<p>Mais do que uma simples cadeira, a Gruvyer \u00e9 uma express\u00e3o de estilo e praticidade. O seu formato anat\u00f4mico proporciona uma experi\u00eancia de uso confort\u00e1vel, enquanto o seu design vazado agrega sofistica\u00e7\u00e3o ao ambiente. Vers\u00e1til e funcional, ela combina perfeitamente com diversos estilos de decora\u00e7\u00e3o, do contempor\u00e2neo ao industrial, garantindo um toque de eleg\u00e2ncia em qualquer espa\u00e7o. O seu encosto bem estruturado favorece uma postura correta, evitando desconforto durante a utiliza\u00e7\u00e3o da mesma.<\/p>\n<p>&nbsp;<\/p>\n<p><img loading=\"lazy\" decoding=\"async\" class=\"alignnone wp-image-19807 size-full\" src=\"https:\/\/ajimport.com.br\/wp-content\/uploads\/2022\/10\/Cadeira-Gruvyer-Ambientada.png\" alt=\"\" width=\"1200\" height=\"600\" srcset=\"https:\/\/ajimport.com.br\/wp-content\/uploads\/2022\/10\/Cadeira-Gruvyer-Ambientada.png 1200w, https:\/\/ajimport.com.br\/wp-content\/uploads\/2022\/10\/Cadeira-Gruvyer-Ambientada-300x150.png 300w, https:\/\/ajimport.com.br\/wp-content\/uploads\/2022\/10\/Cadeira-Gruvyer-Ambientada-1024x512.png 1024w, https:\/\/ajimport.com.br\/wp-content\/uploads\/2022\/10\/Cadeira-Gruvyer-Ambientada-768x384.png 768w, https:\/\/ajimport.com.br\/wp-content\/uploads\/2022\/10\/Cadeira-Gruvyer-Ambientada-18x9.png 18w, https:\/\/ajimport.com.br\/wp-content\/uploads\/2022\/10\/Cadeira-Gruvyer-Ambientada-600x300.png 600w\" sizes=\"(max-width: 1200px) 100vw, 1200px\" \/><\/p>\n<p>&nbsp;<\/p>\n<h1><img loading=\"lazy\" decoding=\"async\" class=\"size-full wp-image-4142 alignleft\" src=\"https:\/\/ajimport.com.br\/wp-content\/uploads\/2023\/02\/Icone-atendimento-posvenda.jpg\" sizes=\"(max-width: 70px) 100vw, 70px\" srcset=\"https:\/\/ajimport.com.br\/wp-content\/uploads\/2023\/02\/Icone-atendimento-posvenda.jpg 70w, https:\/\/ajimport.com.br\/wp-content\/uploads\/2023\/02\/Icone-atendimento-posvenda-12x12.jpg 12w\" alt=\"\" width=\"70\" height=\"70\" \/><strong>P\u00f3s-venda:<\/strong><\/h1>\n<p>A\u00a0<strong>AJ IMPORT<\/strong>\u00a0oferece um P\u00f3s-venda que realmente funciona e se preocupa com cada cliente. O nosso atendimento n\u00e3o para no momento da venda, estamos 100% focados em longas parcerias e entendemos que para isso, cada especialista comercial precisa resolver as necessidades particulares de cada cliente.<br \/>\nO nosso atendimento \u00e9 humanizado e centrado na resolu\u00e7\u00e3o de cada caso e estamos em constante processo de otimiza\u00e7\u00e3o no atendimento para melhorarmos a cada dia.<br \/>\nPode entrar em contato no WhatsApp: (11) 95940-0870, no telefone: (11) 4126-7070, ou no telefone do seu representante, ou especialista comercial, caso tenha sido atendimento.<\/p>\n<p>&nbsp;<\/p>\n<h2><img loading=\"lazy\" decoding=\"async\" class=\"size-full wp-image-4143 alignleft\" src=\"https:\/\/ajimport.com.br\/wp-content\/uploads\/2023\/02\/Icone-Qualidade.jpg\" sizes=\"(max-width: 70px) 100vw, 70px\" srcset=\"https:\/\/ajimport.com.br\/wp-content\/uploads\/2023\/02\/Icone-Qualidade.jpg 70w, https:\/\/ajimport.com.br\/wp-content\/uploads\/2023\/02\/Icone-Qualidade-12x12.jpg 12w\" alt=\"\" width=\"70\" height=\"70\" \/><strong>Qualidade, Resist\u00eancia e Fabrica\u00e7\u00e3o da cadeira Gruvyer Nude<\/strong><strong>.<\/strong><\/h2>\n<p>A\u00a0<strong>qualidade da AJ IMPORT<\/strong>\u00a0j\u00e1 \u00e9 reconhecida, importamos os modelos mais reconhecidos mundialmente e sempre com alta qualidade em cada pe\u00e7a para voc\u00ea.<br \/>\nEstamos no mercado h\u00e1 mais de 14 anos e estamos presentes em todo o Brasil, levando a mais alta qualidade em cada cadeira, mesa e banqueta.<br \/>\nA\u00a0<strong>Cadeira Gruvyer Nude<\/strong> permite at\u00e9 154 quilos.<\/p>\n<p>&nbsp;<\/p>","protected":false},"excerpt":{"rendered":"<p>A cadeira Gruvyer \u00e9 a escolha perfeita para quem busca um design moderno e funcional, aliado \u00e0 qualidade e certifica\u00e7\u00e3o do INMETRO. Fabricada em polipropileno de alta resist\u00eancia, ela destaca-se pelo seu visual vazado sofisticado, que adiciona leveza e estilo em qualquer ambiente. Ideal para espa\u00e7os residenciais, comerciais ou corporativos, a sua estrutura proporciona conforto [&hellip;]<\/p>\n","protected":false},"featured_media":2295,"comment_status":"open","ping_status":"closed","template":"","meta":[],"product_brand":[],"product_cat":[34],"product_tag":[],"e-destaque":[],"marca":[65],"class_list":{"0":"post-2291","1":"product","2":"type-product","3":"status-publish","4":"has-post-thumbnail","6":"product_cat-cadeiras-design","7":"marca-futura-design","9":"first","10":"instock","11":"shipping-taxable","12":"purchasable","13":"product-type-simple"},"yoast_head":"<!-- This site is optimized with the Yoast SEO Premium plugin v24.7 (Yoast SEO v27.3) - https:\/\/yoast.com\/product\/yoast-seo-premium-wordpress\/ -->\n<title>Cadeira Gruvyer Nude - AJ Import<\/title>\n<meta name=\"robots\" content=\"index, follow, max-snippet:-1, max-image-preview:large, max-video-preview:-1\" \/>\n<link rel=\"canonical\" href=\"https:\/\/ajimport.com.br\/en\/product\/cadeira-gruvyer-nude\/\" \/>\n<meta property=\"og:locale\" content=\"en_US\" \/>\n<meta property=\"og:type\" content=\"article\" \/>\n<meta property=\"og:title\" content=\"Cadeira Gruvyer Nude\" \/>\n<meta property=\"og:description\" content=\"A cadeira Gruvyer \u00e9 a escolha perfeita para quem busca um design moderno e funcional, aliado \u00e0 qualidade e certifica\u00e7\u00e3o do INMETRO. Fabricada em polipropileno de alta resist\u00eancia, ela destaca-se pelo seu visual vazado sofisticado, que adiciona leveza e estilo em qualquer ambiente. Ideal para espa\u00e7os residenciais, comerciais ou corporativos, a sua estrutura proporciona conforto [&hellip;]\" \/>\n<meta property=\"og:url\" content=\"https:\/\/ajimport.com.br\/en\/product\/cadeira-gruvyer-nude\/\" \/>\n<meta property=\"og:site_name\" content=\"AJ Import\" \/>\n<meta property=\"article:publisher\" content=\"https:\/\/www.facebook.com\/grupoajimport\/?locale=pt_BR\" \/>\n<meta property=\"article:modified_time\" content=\"2025-05-21T15:11:24+00:00\" \/>\n<meta property=\"og:image\" content=\"https:\/\/ajimport.com.br\/wp-content\/uploads\/2022\/10\/cadeira_gruvyer_fendi_30793267_1_20191112084842.webp\" \/>\n\t<meta property=\"og:image:width\" content=\"1000\" \/>\n\t<meta property=\"og:image:height\" content=\"1000\" \/>\n\t<meta property=\"og:image:type\" content=\"image\/webp\" \/>\n<meta name=\"twitter:card\" content=\"summary_large_image\" \/>\n<meta name=\"twitter:label1\" content=\"Est. reading time\" \/>\n\t<meta name=\"twitter:data1\" content=\"4 minutes\" \/>\n<script type=\"application\/ld+json\" class=\"yoast-schema-graph\">{\"@context\":\"https:\\\/\\\/schema.org\",\"@graph\":[{\"@type\":\"WebPage\",\"@id\":\"https:\\\/\\\/ajimport.com.br\\\/produto\\\/cadeira-gruvyer-nude\\\/\",\"url\":\"https:\\\/\\\/ajimport.com.br\\\/produto\\\/cadeira-gruvyer-nude\\\/\",\"name\":\"Cadeira Gruvyer Nude - AJ Import\",\"isPartOf\":{\"@id\":\"https:\\\/\\\/ajimport.com.br\\\/#website\"},\"primaryImageOfPage\":{\"@id\":\"https:\\\/\\\/ajimport.com.br\\\/produto\\\/cadeira-gruvyer-nude\\\/#primaryimage\"},\"image\":{\"@id\":\"https:\\\/\\\/ajimport.com.br\\\/produto\\\/cadeira-gruvyer-nude\\\/#primaryimage\"},\"thumbnailUrl\":\"https:\\\/\\\/ajimport.com.br\\\/wp-content\\\/uploads\\\/2022\\\/10\\\/cadeira_gruvyer_fendi_30793267_1_20191112084842.webp\",\"datePublished\":\"2022-10-26T19:04:45+00:00\",\"dateModified\":\"2025-05-21T15:11:24+00:00\",\"breadcrumb\":{\"@id\":\"https:\\\/\\\/ajimport.com.br\\\/produto\\\/cadeira-gruvyer-nude\\\/#breadcrumb\"},\"inLanguage\":\"en-US\",\"potentialAction\":[{\"@type\":\"ReadAction\",\"target\":[\"https:\\\/\\\/ajimport.com.br\\\/produto\\\/cadeira-gruvyer-nude\\\/\"]}]},{\"@type\":\"ImageObject\",\"inLanguage\":\"en-US\",\"@id\":\"https:\\\/\\\/ajimport.com.br\\\/produto\\\/cadeira-gruvyer-nude\\\/#primaryimage\",\"url\":\"https:\\\/\\\/ajimport.com.br\\\/wp-content\\\/uploads\\\/2022\\\/10\\\/cadeira_gruvyer_fendi_30793267_1_20191112084842.webp\",\"contentUrl\":\"https:\\\/\\\/ajimport.com.br\\\/wp-content\\\/uploads\\\/2022\\\/10\\\/cadeira_gruvyer_fendi_30793267_1_20191112084842.webp\",\"width\":1000,\"height\":1000},{\"@type\":\"BreadcrumbList\",\"@id\":\"https:\\\/\\\/ajimport.com.br\\\/produto\\\/cadeira-gruvyer-nude\\\/#breadcrumb\",\"itemListElement\":[{\"@type\":\"ListItem\",\"position\":1,\"name\":\"Home\",\"item\":\"https:\\\/\\\/ajimport.com.br\\\/\"},{\"@type\":\"ListItem\",\"position\":2,\"name\":\"Cat\u00e1logo\",\"item\":\"https:\\\/\\\/ajimport.com.br\\\/catalogo\\\/\"},{\"@type\":\"ListItem\",\"position\":3,\"name\":\"Cadeira Gruvyer Nude\"}]},{\"@type\":\"WebSite\",\"@id\":\"https:\\\/\\\/ajimport.com.br\\\/#website\",\"url\":\"https:\\\/\\\/ajimport.com.br\\\/\",\"name\":\"AJ Import\",\"description\":\"A maior especialista em cadeiras  importadas do pa\u00eds.\",\"publisher\":{\"@id\":\"https:\\\/\\\/ajimport.com.br\\\/#organization\"},\"potentialAction\":[{\"@type\":\"SearchAction\",\"target\":{\"@type\":\"EntryPoint\",\"urlTemplate\":\"https:\\\/\\\/ajimport.com.br\\\/?s={search_term_string}\"},\"query-input\":{\"@type\":\"PropertyValueSpecification\",\"valueRequired\":true,\"valueName\":\"search_term_string\"}}],\"inLanguage\":\"en-US\"},{\"@type\":\"Organization\",\"@id\":\"https:\\\/\\\/ajimport.com.br\\\/#organization\",\"name\":\"Grupo AJ Import\",\"url\":\"https:\\\/\\\/ajimport.com.br\\\/\",\"logo\":{\"@type\":\"ImageObject\",\"inLanguage\":\"en-US\",\"@id\":\"https:\\\/\\\/ajimport.com.br\\\/#\\\/schema\\\/logo\\\/image\\\/\",\"url\":\"https:\\\/\\\/ajimport.com.br\\\/wp-content\\\/uploads\\\/2022\\\/10\\\/Grupo-53-1.png\",\"contentUrl\":\"https:\\\/\\\/ajimport.com.br\\\/wp-content\\\/uploads\\\/2022\\\/10\\\/Grupo-53-1.png\",\"width\":80,\"height\":64,\"caption\":\"Grupo AJ Import\"},\"image\":{\"@id\":\"https:\\\/\\\/ajimport.com.br\\\/#\\\/schema\\\/logo\\\/image\\\/\"},\"sameAs\":[\"https:\\\/\\\/www.facebook.com\\\/grupoajimport\\\/?locale=pt_BR\",\"https:\\\/\\\/www.instagram.com\\\/grupoajimport\\\/\",\"https:\\\/\\\/br.linkedin.com\\\/company\\\/grupoajimport\"]}]}<\/script>\n<!-- \/ Yoast SEO Premium plugin. -->","yoast_head_json":{"title":"Cadeira Gruvyer Nude - AJ Import","robots":{"index":"index","follow":"follow","max-snippet":"max-snippet:-1","max-image-preview":"max-image-preview:large","max-video-preview":"max-video-preview:-1"},"canonical":"https:\/\/ajimport.com.br\/en\/product\/cadeira-gruvyer-nude\/","og_locale":"en_US","og_type":"article","og_title":"Cadeira Gruvyer Nude","og_description":"A cadeira Gruvyer \u00e9 a escolha perfeita para quem busca um design moderno e funcional, aliado \u00e0 qualidade e certifica\u00e7\u00e3o do INMETRO. Fabricada em polipropileno de alta resist\u00eancia, ela destaca-se pelo seu visual vazado sofisticado, que adiciona leveza e estilo em qualquer ambiente. Ideal para espa\u00e7os residenciais, comerciais ou corporativos, a sua estrutura proporciona conforto [&hellip;]","og_url":"https:\/\/ajimport.com.br\/en\/product\/cadeira-gruvyer-nude\/","og_site_name":"AJ Import","article_publisher":"https:\/\/www.facebook.com\/grupoajimport\/?locale=pt_BR","article_modified_time":"2025-05-21T15:11:24+00:00","og_image":[{"width":1000,"height":1000,"url":"https:\/\/ajimport.com.br\/wp-content\/uploads\/2022\/10\/cadeira_gruvyer_fendi_30793267_1_20191112084842.webp","type":"image\/webp"}],"twitter_card":"summary_large_image","twitter_misc":{"Est. reading time":"4 minutes"},"schema":{"@context":"https:\/\/schema.org","@graph":[{"@type":"WebPage","@id":"https:\/\/ajimport.com.br\/produto\/cadeira-gruvyer-nude\/","url":"https:\/\/ajimport.com.br\/produto\/cadeira-gruvyer-nude\/","name":"Cadeira Gruvyer Nude - AJ Import","isPartOf":{"@id":"https:\/\/ajimport.com.br\/#website"},"primaryImageOfPage":{"@id":"https:\/\/ajimport.com.br\/produto\/cadeira-gruvyer-nude\/#primaryimage"},"image":{"@id":"https:\/\/ajimport.com.br\/produto\/cadeira-gruvyer-nude\/#primaryimage"},"thumbnailUrl":"https:\/\/ajimport.com.br\/wp-content\/uploads\/2022\/10\/cadeira_gruvyer_fendi_30793267_1_20191112084842.webp","datePublished":"2022-10-26T19:04:45+00:00","dateModified":"2025-05-21T15:11:24+00:00","breadcrumb":{"@id":"https:\/\/ajimport.com.br\/produto\/cadeira-gruvyer-nude\/#breadcrumb"},"inLanguage":"en-US","potentialAction":[{"@type":"ReadAction","target":["https:\/\/ajimport.com.br\/produto\/cadeira-gruvyer-nude\/"]}]},{"@type":"ImageObject","inLanguage":"en-US","@id":"https:\/\/ajimport.com.br\/produto\/cadeira-gruvyer-nude\/#primaryimage","url":"https:\/\/ajimport.com.br\/wp-content\/uploads\/2022\/10\/cadeira_gruvyer_fendi_30793267_1_20191112084842.webp","contentUrl":"https:\/\/ajimport.com.br\/wp-content\/uploads\/2022\/10\/cadeira_gruvyer_fendi_30793267_1_20191112084842.webp","width":1000,"height":1000},{"@type":"BreadcrumbList","@id":"https:\/\/ajimport.com.br\/produto\/cadeira-gruvyer-nude\/#breadcrumb","itemListElement":[{"@type":"ListItem","position":1,"name":"Home","item":"https:\/\/ajimport.com.br\/"},{"@type":"ListItem","position":2,"name":"Cat\u00e1logo","item":"https:\/\/ajimport.com.br\/catalogo\/"},{"@type":"ListItem","position":3,"name":"Cadeira Gruvyer Nude"}]},{"@type":"WebSite","@id":"https:\/\/ajimport.com.br\/#website","url":"https:\/\/ajimport.com.br\/","name":"AJ Import","description":"A maior especialista em cadeiras  importadas do pa\u00eds.","publisher":{"@id":"https:\/\/ajimport.com.br\/#organization"},"potentialAction":[{"@type":"SearchAction","target":{"@type":"EntryPoint","urlTemplate":"https:\/\/ajimport.com.br\/?s={search_term_string}"},"query-input":{"@type":"PropertyValueSpecification","valueRequired":true,"valueName":"search_term_string"}}],"inLanguage":"en-US"},{"@type":"Organization","@id":"https:\/\/ajimport.com.br\/#organization","name":"Grupo AJ Import","url":"https:\/\/ajimport.com.br\/","logo":{"@type":"ImageObject","inLanguage":"en-US","@id":"https:\/\/ajimport.com.br\/#\/schema\/logo\/image\/","url":"https:\/\/ajimport.com.br\/wp-content\/uploads\/2022\/10\/Grupo-53-1.png","contentUrl":"https:\/\/ajimport.com.br\/wp-content\/uploads\/2022\/10\/Grupo-53-1.png","width":80,"height":64,"caption":"Grupo AJ Import"},"image":{"@id":"https:\/\/ajimport.com.br\/#\/schema\/logo\/image\/"},"sameAs":["https:\/\/www.facebook.com\/grupoajimport\/?locale=pt_BR","https:\/\/www.instagram.com\/grupoajimport\/","https:\/\/br.linkedin.com\/company\/grupoajimport"]}]}},"_links":{"self":[{"href":"https:\/\/ajimport.com.br\/en\/wp-json\/wp\/v2\/product\/2291","targetHints":{"allow":["GET"]}}],"collection":[{"href":"https:\/\/ajimport.com.br\/en\/wp-json\/wp\/v2\/product"}],"about":[{"href":"https:\/\/ajimport.com.br\/en\/wp-json\/wp\/v2\/types\/product"}],"replies":[{"embeddable":true,"href":"https:\/\/ajimport.com.br\/en\/wp-json\/wp\/v2\/comments?post=2291"}],"wp:featuredmedia":[{"embeddable":true,"href":"https:\/\/ajimport.com.br\/en\/wp-json\/wp\/v2\/media\/2295"}],"wp:attachment":[{"href":"https:\/\/ajimport.com.br\/en\/wp-json\/wp\/v2\/media?parent=2291"}],"wp:term":[{"taxonomy":"product_brand","embeddable":true,"href":"https:\/\/ajimport.com.br\/en\/wp-json\/wp\/v2\/product_brand?post=2291"},{"taxonomy":"product_cat","embeddable":true,"href":"https:\/\/ajimport.com.br\/en\/wp-json\/wp\/v2\/product_cat?post=2291"},{"taxonomy":"product_tag","embeddable":true,"href":"https:\/\/ajimport.com.br\/en\/wp-json\/wp\/v2\/product_tag?post=2291"},{"taxonomy":"e-destaque","embeddable":true,"href":"https:\/\/ajimport.com.br\/en\/wp-json\/wp\/v2\/e-destaque?post=2291"},{"taxonomy":"marca","embeddable":true,"href":"https:\/\/ajimport.com.br\/en\/wp-json\/wp\/v2\/marca?post=2291"}],"curies":[{"name":"wp","href":"https:\/\/api.w.org\/{rel}","templated":true}]}}