{"id":22437,"date":"2026-02-23T14:40:21","date_gmt":"2026-02-23T17:40:21","guid":{"rendered":"https:\/\/ajimport.com.br\/?post_type=product&#038;p=22437"},"modified":"2026-02-23T14:45:32","modified_gmt":"2026-02-23T17:45:32","slug":"cadeira-office-riso","status":"publish","type":"product","link":"https:\/\/ajimport.com.br\/en\/product\/cadeira-office-riso\/","title":{"rendered":"Cadeira Escrit\u00f3rio Riso Alta Mesh"},"content":{"rendered":"<p><strong data-start=\"190\" data-end=\"220\">A Cadeira Escrit\u00f3rio Riso Alta Mesh\u00a0<\/strong>combina <strong>sofistica\u00e7\u00e3o, ergonomia e funcionalidade\u00a0<\/strong>para transformar o ambiente de trabalho em um espa\u00e7o mais confort\u00e1vel e produtivo. O seu <strong data-start=\"430\" data-end=\"454\">encosto em tela mesh<\/strong> proporciona <strong data-start=\"467\" data-end=\"515\">excelente respirabilidade e conforto t\u00e9rmico<\/strong>, mantendo o frescor mesmo em longos per\u00edodos de uso. O <strong>assento ergon\u00f4mico\u00a0<\/strong>oferece apoio adequado e maciez promovendo uma postura correta e confort\u00e1vel. J\u00e1 os <strong data-start=\"686\" data-end=\"720\">bra\u00e7os com regulagem de altura<\/strong> permitem ajustes personalizados, garantindo <strong data-start=\"765\" data-end=\"782\">suporte ideal<\/strong> para diferentes perfis de usu\u00e1rios. Al\u00e9m disso, conta com <strong data-start=\"843\" data-end=\"862\">mecanismo relax<\/strong>, perfeito para momentos de pausa, oferecendo uma experi\u00eancia completa de <strong data-start=\"936\" data-end=\"960\">bem-estar e descanso<\/strong> ao longo da rotina.<\/p>\n<p>&nbsp;<\/p>\n<p><img decoding=\"async\" class=\"size-full wp-image-4139 alignleft\" src=\"https:\/\/ajimport.com.br\/wp-content\/uploads\/2023\/02\/Icone-Office.jpg\" sizes=\"(max-width: 70px) 100vw, 70px\" srcset=\"https:\/\/ajimport.com.br\/wp-content\/uploads\/2023\/02\/Icone-Office.jpg 70w, https:\/\/ajimport.com.br\/wp-content\/uploads\/2023\/02\/Icone-Office-12x12.jpg 12w\" alt=\"\" width=\"70\" height=\"70\" \/><\/p>\n<h2><strong>Cadeira de escrit\u00f3rio de qualidade<\/strong><\/h2>\n<p data-start=\"1033\" data-end=\"1294\">Desenvolvida com foco em <strong data-start=\"1058\" data-end=\"1083\">desempenho e conforto<\/strong>, a Riso Alta Mesh \u00e9 ideal para <strong data-start=\"1115\" data-end=\"1156\">ambientes corporativos e home offices<\/strong>. Seu design moderno e refinado se destaca pela harmonia entre <strong data-start=\"1223\" data-end=\"1249\">est\u00e9tica e resist\u00eancia<\/strong>, valorizando qualquer espa\u00e7o profissional. Com <strong data-start=\"1300\" data-end=\"1364\">estrutura firme e base em polipropileno de alta durabilidade<\/strong>, garante estabilidade e seguran\u00e7a durante o uso di\u00e1rio. Trata-se de uma <strong data-start=\"185\" data-end=\"229\">cadeira vers\u00e1til, ergon\u00f4mica e confi\u00e1vel<\/strong>, que ainda conta com o <strong data-start=\"253\" data-end=\"282\">selo de conformidade NR17<\/strong>, oferecendo <strong data-start=\"295\" data-end=\"337\">total adequa\u00e7\u00e3o \u00e0s normas de ergonomia<\/strong> e garantindo <strong data-start=\"351\" data-end=\"390\">produtividade, conforto e seguran\u00e7a<\/strong> no dia a dia de trabalho.<\/p>\n<p>&nbsp;<\/p>\n<h2><strong><img decoding=\"async\" class=\"wp-image-19231 size-full alignleft\" src=\"https:\/\/ajimport.com.br\/wp-content\/uploads\/2024\/04\/Icone-Garantia-1.png\" alt=\"\" width=\"70\" height=\"70\" srcset=\"https:\/\/ajimport.com.br\/wp-content\/uploads\/2024\/04\/Icone-Garantia-1.png 70w, https:\/\/ajimport.com.br\/wp-content\/uploads\/2024\/04\/Icone-Garantia-1-12x12.png 12w\" sizes=\"(max-width: 70px) 100vw, 70px\" \/>Garantia:<\/strong><\/h2>\n<p>A <strong>Cadeira Escrit\u00f3rio Riso Alta Mesh<\/strong> conta com 1 ano de garantia.<\/p>\n<p>&nbsp;<\/p>\n<h2><img decoding=\"async\" class=\"size-full wp-image-4141 alignleft\" src=\"https:\/\/ajimport.com.br\/wp-content\/uploads\/2023\/02\/Icone-Design-Conforto.jpg\" sizes=\"(max-width: 70px) 100vw, 70px\" srcset=\"https:\/\/ajimport.com.br\/wp-content\/uploads\/2023\/02\/Icone-Design-Conforto.jpg 70w, https:\/\/ajimport.com.br\/wp-content\/uploads\/2023\/02\/Icone-Design-Conforto-12x12.jpg 12w\" alt=\"\" width=\"70\" height=\"70\" \/><\/h2>\n<h1><strong>Conforto e Design:<\/strong><\/h1>\n<p data-start=\"1212\" data-end=\"1533\">A <strong data-start=\"1813\" data-end=\"1839\">Cadeira Riso Alta Mesh<\/strong> une<strong data-start=\"1844\" data-end=\"1890\"> design contempor\u00e2neo e conforto ergon\u00f4mico<\/strong>, sendo perfeita para quem busca mais produtividade e bem-estar. O seu <strong data-start=\"1965\" data-end=\"1989\">encosto em tela mesh<\/strong> favorece a <strong data-start=\"2001\" data-end=\"2023\">ventila\u00e7\u00e3o natural<\/strong>, enquanto os <strong data-start=\"2037\" data-end=\"2071\">ajustes de altura, apoio de cabe\u00e7a e inclina\u00e7\u00e3o<\/strong> proporcionam uma experi\u00eancia de uso personalizada e agrad\u00e1vel. Com <strong data-start=\"2141\" data-end=\"2182\">visual elegante e estrutura funcional<\/strong>, \u00e9 a escolha certa para <strong data-start=\"2207\" data-end=\"2233\">ambientes corporativos<\/strong> que valorizam <strong data-start=\"2248\" data-end=\"2284\">ergonomia, durabilidade e estilo<\/strong>.<\/p>\n<p><img loading=\"lazy\" decoding=\"async\" class=\"alignnone wp-image-20812 size-full\" src=\"https:\/\/ajimport.com.br\/wp-content\/uploads\/2025\/10\/Modelo-da-cadeira-Riso-Alta-Mesh-3.png\" alt=\"\" width=\"1200\" height=\"600\" srcset=\"https:\/\/ajimport.com.br\/wp-content\/uploads\/2025\/10\/Modelo-da-cadeira-Riso-Alta-Mesh-3.png 1200w, https:\/\/ajimport.com.br\/wp-content\/uploads\/2025\/10\/Modelo-da-cadeira-Riso-Alta-Mesh-3-300x150.png 300w, https:\/\/ajimport.com.br\/wp-content\/uploads\/2025\/10\/Modelo-da-cadeira-Riso-Alta-Mesh-3-1024x512.png 1024w, https:\/\/ajimport.com.br\/wp-content\/uploads\/2025\/10\/Modelo-da-cadeira-Riso-Alta-Mesh-3-768x384.png 768w, https:\/\/ajimport.com.br\/wp-content\/uploads\/2025\/10\/Modelo-da-cadeira-Riso-Alta-Mesh-3-18x9.png 18w, https:\/\/ajimport.com.br\/wp-content\/uploads\/2025\/10\/Modelo-da-cadeira-Riso-Alta-Mesh-3-600x300.png 600w\" sizes=\"(max-width: 1200px) 100vw, 1200px\" \/><\/p>\n<h2><img loading=\"lazy\" decoding=\"async\" class=\"size-full wp-image-4142 alignleft\" src=\"https:\/\/ajimport.com.br\/wp-content\/uploads\/2023\/02\/Icone-atendimento-posvenda.jpg\" sizes=\"(max-width: 70px) 100vw, 70px\" srcset=\"https:\/\/ajimport.com.br\/wp-content\/uploads\/2023\/02\/Icone-atendimento-posvenda.jpg 70w, https:\/\/ajimport.com.br\/wp-content\/uploads\/2023\/02\/Icone-atendimento-posvenda-12x12.jpg 12w\" alt=\"\" width=\"70\" height=\"70\" \/><strong>P\u00f3s-venda:<\/strong><\/h2>\n<p>A\u00a0<strong>AJ IMPORT<\/strong> oferece um P\u00f3s-venda que realmente funciona e se preocupa com cada cliente. O nosso atendimento n\u00e3o para no momento da venda, estamos 100% focados em longas parcerias e entendemos que para isso, cada especialista comercial precisa resolver as necessidades particulares de cada cliente.<br \/>\nO nosso atendimento \u00e9 humanizado e centrado na resolu\u00e7\u00e3o de cada caso e estamos em constante processo de otimiza\u00e7\u00e3o no atendimento para melhorarmos a cada dia.<br \/>\nPode entrar em contato no WhatsApp: (11) 9 1755-0041, no telefone: (11) 4126-7070, ou no telefone do seu representante, ou especialista comercial, caso tenha sido atendimento.<\/p>\n<p>&nbsp;<\/p>\n<h2><img loading=\"lazy\" decoding=\"async\" class=\"size-full wp-image-4143 alignleft\" src=\"https:\/\/ajimport.com.br\/wp-content\/uploads\/2023\/02\/Icone-Qualidade.jpg\" sizes=\"(max-width: 70px) 100vw, 70px\" srcset=\"https:\/\/ajimport.com.br\/wp-content\/uploads\/2023\/02\/Icone-Qualidade.jpg 70w, https:\/\/ajimport.com.br\/wp-content\/uploads\/2023\/02\/Icone-Qualidade-12x12.jpg 12w\" alt=\"\" width=\"70\" height=\"70\" \/><strong>Qualidade, Resist\u00eancia e Fabrica\u00e7\u00e3o da cadeira Riso Alta Mesh<\/strong><strong>.<\/strong><\/h2>\n<p>A\u00a0<strong>qualidade da AJ IMPORT<\/strong>\u00a0j\u00e1 \u00e9 reconhecida, importamos os modelos mais reconhecidos mundialmente e sempre com alta qualidade em cada pe\u00e7a para voc\u00ea.<br \/>\nEstamos no mercado h\u00e1 mais de 15 anos e estamos presentes em todo o Brasil, levando a mais alta qualidade em cada cadeira, mesa e banqueta.<br \/>\nA\u00a0<strong>Cadeira Escrit\u00f3rio Riso Alta Mesh <\/strong>permite at\u00e9 120 quilos.<\/p>","protected":false},"excerpt":{"rendered":"<p>A Cadeira Escrit\u00f3rio Riso Alta Mesh\u00a0combina sofistica\u00e7\u00e3o, ergonomia e funcionalidade\u00a0para transformar o ambiente de trabalho em um espa\u00e7o mais confort\u00e1vel e produtivo. O seu encosto em tela mesh proporciona excelente respirabilidade e conforto t\u00e9rmico, mantendo o frescor mesmo em longos per\u00edodos de uso. O assento ergon\u00f4mico\u00a0oferece apoio adequado e maciez promovendo uma postura correta e [&hellip;]<\/p>\n","protected":false},"featured_media":22434,"comment_status":"closed","ping_status":"closed","template":"","meta":[],"product_brand":[],"product_cat":[20],"product_tag":[],"e-destaque":[559],"marca":[64],"class_list":{"0":"post-22437","1":"product","2":"type-product","3":"status-publish","4":"has-post-thumbnail","6":"product_cat-office","7":"e-destaque-sim","8":"marca-aj-import","10":"first","11":"instock","12":"shipping-taxable","13":"purchasable","14":"product-type-simple"},"yoast_head":"<!-- This site is optimized with the Yoast SEO Premium plugin v24.7 (Yoast SEO v27.3) - https:\/\/yoast.com\/product\/yoast-seo-premium-wordpress\/ -->\n<title>Cadeira Escrit\u00f3rio Riso Alta Mesh - AJ Import<\/title>\n<meta name=\"robots\" content=\"index, follow, max-snippet:-1, max-image-preview:large, max-video-preview:-1\" \/>\n<link rel=\"canonical\" href=\"https:\/\/ajimport.com.br\/en\/product\/cadeira-office-riso\/\" \/>\n<meta property=\"og:locale\" content=\"en_US\" \/>\n<meta property=\"og:type\" content=\"article\" \/>\n<meta property=\"og:title\" content=\"Cadeira Escrit\u00f3rio Riso Alta Mesh\" \/>\n<meta property=\"og:description\" content=\"A Cadeira Escrit\u00f3rio Riso Alta Mesh\u00a0combina sofistica\u00e7\u00e3o, ergonomia e funcionalidade\u00a0para transformar o ambiente de trabalho em um espa\u00e7o mais confort\u00e1vel e produtivo. O seu encosto em tela mesh proporciona excelente respirabilidade e conforto t\u00e9rmico, mantendo o frescor mesmo em longos per\u00edodos de uso. O assento ergon\u00f4mico\u00a0oferece apoio adequado e maciez promovendo uma postura correta e [&hellip;]\" \/>\n<meta property=\"og:url\" content=\"https:\/\/ajimport.com.br\/en\/product\/cadeira-office-riso\/\" \/>\n<meta property=\"og:site_name\" content=\"AJ Import\" \/>\n<meta property=\"article:publisher\" content=\"https:\/\/www.facebook.com\/grupoajimport\/?locale=pt_BR\" \/>\n<meta property=\"article:modified_time\" content=\"2026-02-23T17:45:32+00:00\" \/>\n<meta property=\"og:image\" content=\"https:\/\/ajimport.com.br\/wp-content\/uploads\/2025\/10\/FDA7549-Selo.png\" \/>\n\t<meta property=\"og:image:width\" content=\"1000\" \/>\n\t<meta property=\"og:image:height\" content=\"1000\" \/>\n\t<meta property=\"og:image:type\" content=\"image\/png\" \/>\n<meta name=\"twitter:card\" content=\"summary_large_image\" \/>\n<meta name=\"twitter:label1\" content=\"Est. reading time\" \/>\n\t<meta name=\"twitter:data1\" content=\"4 minutes\" \/>\n<script type=\"application\/ld+json\" class=\"yoast-schema-graph\">{\"@context\":\"https:\\\/\\\/schema.org\",\"@graph\":[{\"@type\":\"WebPage\",\"@id\":\"https:\\\/\\\/ajimport.com.br\\\/produto\\\/cadeira-office-riso\\\/\",\"url\":\"https:\\\/\\\/ajimport.com.br\\\/produto\\\/cadeira-office-riso\\\/\",\"name\":\"Cadeira Escrit\u00f3rio Riso Alta Mesh - AJ Import\",\"isPartOf\":{\"@id\":\"https:\\\/\\\/ajimport.com.br\\\/#website\"},\"primaryImageOfPage\":{\"@id\":\"https:\\\/\\\/ajimport.com.br\\\/produto\\\/cadeira-office-riso\\\/#primaryimage\"},\"image\":{\"@id\":\"https:\\\/\\\/ajimport.com.br\\\/produto\\\/cadeira-office-riso\\\/#primaryimage\"},\"thumbnailUrl\":\"https:\\\/\\\/ajimport.com.br\\\/wp-content\\\/uploads\\\/2025\\\/10\\\/FDA7549-Selo.png\",\"datePublished\":\"2026-02-23T17:40:21+00:00\",\"dateModified\":\"2026-02-23T17:45:32+00:00\",\"breadcrumb\":{\"@id\":\"https:\\\/\\\/ajimport.com.br\\\/produto\\\/cadeira-office-riso\\\/#breadcrumb\"},\"inLanguage\":\"en-US\",\"potentialAction\":[{\"@type\":\"ReadAction\",\"target\":[\"https:\\\/\\\/ajimport.com.br\\\/produto\\\/cadeira-office-riso\\\/\"]}]},{\"@type\":\"ImageObject\",\"inLanguage\":\"en-US\",\"@id\":\"https:\\\/\\\/ajimport.com.br\\\/produto\\\/cadeira-office-riso\\\/#primaryimage\",\"url\":\"https:\\\/\\\/ajimport.com.br\\\/wp-content\\\/uploads\\\/2025\\\/10\\\/FDA7549-Selo.png\",\"contentUrl\":\"https:\\\/\\\/ajimport.com.br\\\/wp-content\\\/uploads\\\/2025\\\/10\\\/FDA7549-Selo.png\",\"width\":1000,\"height\":1000,\"caption\":\"Cadeira Office Riso da AJ Import - FDA7549PR\"},{\"@type\":\"BreadcrumbList\",\"@id\":\"https:\\\/\\\/ajimport.com.br\\\/produto\\\/cadeira-office-riso\\\/#breadcrumb\",\"itemListElement\":[{\"@type\":\"ListItem\",\"position\":1,\"name\":\"Home\",\"item\":\"https:\\\/\\\/ajimport.com.br\\\/\"},{\"@type\":\"ListItem\",\"position\":2,\"name\":\"Cat\u00e1logo\",\"item\":\"https:\\\/\\\/ajimport.com.br\\\/catalogo\\\/\"},{\"@type\":\"ListItem\",\"position\":3,\"name\":\"Cadeira Escrit\u00f3rio Riso Alta Mesh\"}]},{\"@type\":\"WebSite\",\"@id\":\"https:\\\/\\\/ajimport.com.br\\\/#website\",\"url\":\"https:\\\/\\\/ajimport.com.br\\\/\",\"name\":\"AJ Import\",\"description\":\"A maior especialista em cadeiras  importadas do pa\u00eds.\",\"publisher\":{\"@id\":\"https:\\\/\\\/ajimport.com.br\\\/#organization\"},\"potentialAction\":[{\"@type\":\"SearchAction\",\"target\":{\"@type\":\"EntryPoint\",\"urlTemplate\":\"https:\\\/\\\/ajimport.com.br\\\/?s={search_term_string}\"},\"query-input\":{\"@type\":\"PropertyValueSpecification\",\"valueRequired\":true,\"valueName\":\"search_term_string\"}}],\"inLanguage\":\"en-US\"},{\"@type\":\"Organization\",\"@id\":\"https:\\\/\\\/ajimport.com.br\\\/#organization\",\"name\":\"Grupo AJ Import\",\"url\":\"https:\\\/\\\/ajimport.com.br\\\/\",\"logo\":{\"@type\":\"ImageObject\",\"inLanguage\":\"en-US\",\"@id\":\"https:\\\/\\\/ajimport.com.br\\\/#\\\/schema\\\/logo\\\/image\\\/\",\"url\":\"https:\\\/\\\/ajimport.com.br\\\/wp-content\\\/uploads\\\/2022\\\/10\\\/Grupo-53-1.png\",\"contentUrl\":\"https:\\\/\\\/ajimport.com.br\\\/wp-content\\\/uploads\\\/2022\\\/10\\\/Grupo-53-1.png\",\"width\":80,\"height\":64,\"caption\":\"Grupo AJ Import\"},\"image\":{\"@id\":\"https:\\\/\\\/ajimport.com.br\\\/#\\\/schema\\\/logo\\\/image\\\/\"},\"sameAs\":[\"https:\\\/\\\/www.facebook.com\\\/grupoajimport\\\/?locale=pt_BR\",\"https:\\\/\\\/www.instagram.com\\\/grupoajimport\\\/\",\"https:\\\/\\\/br.linkedin.com\\\/company\\\/grupoajimport\"]}]}<\/script>\n<!-- \/ Yoast SEO Premium plugin. -->","yoast_head_json":{"title":"Cadeira Escrit\u00f3rio Riso Alta Mesh - AJ Import","robots":{"index":"index","follow":"follow","max-snippet":"max-snippet:-1","max-image-preview":"max-image-preview:large","max-video-preview":"max-video-preview:-1"},"canonical":"https:\/\/ajimport.com.br\/en\/product\/cadeira-office-riso\/","og_locale":"en_US","og_type":"article","og_title":"Cadeira Escrit\u00f3rio Riso Alta Mesh","og_description":"A Cadeira Escrit\u00f3rio Riso Alta Mesh\u00a0combina sofistica\u00e7\u00e3o, ergonomia e funcionalidade\u00a0para transformar o ambiente de trabalho em um espa\u00e7o mais confort\u00e1vel e produtivo. O seu encosto em tela mesh proporciona excelente respirabilidade e conforto t\u00e9rmico, mantendo o frescor mesmo em longos per\u00edodos de uso. O assento ergon\u00f4mico\u00a0oferece apoio adequado e maciez promovendo uma postura correta e [&hellip;]","og_url":"https:\/\/ajimport.com.br\/en\/product\/cadeira-office-riso\/","og_site_name":"AJ Import","article_publisher":"https:\/\/www.facebook.com\/grupoajimport\/?locale=pt_BR","article_modified_time":"2026-02-23T17:45:32+00:00","og_image":[{"width":1000,"height":1000,"url":"https:\/\/ajimport.com.br\/wp-content\/uploads\/2025\/10\/FDA7549-Selo.png","type":"image\/png"}],"twitter_card":"summary_large_image","twitter_misc":{"Est. reading time":"4 minutes"},"schema":{"@context":"https:\/\/schema.org","@graph":[{"@type":"WebPage","@id":"https:\/\/ajimport.com.br\/produto\/cadeira-office-riso\/","url":"https:\/\/ajimport.com.br\/produto\/cadeira-office-riso\/","name":"Cadeira Escrit\u00f3rio Riso Alta Mesh - AJ Import","isPartOf":{"@id":"https:\/\/ajimport.com.br\/#website"},"primaryImageOfPage":{"@id":"https:\/\/ajimport.com.br\/produto\/cadeira-office-riso\/#primaryimage"},"image":{"@id":"https:\/\/ajimport.com.br\/produto\/cadeira-office-riso\/#primaryimage"},"thumbnailUrl":"https:\/\/ajimport.com.br\/wp-content\/uploads\/2025\/10\/FDA7549-Selo.png","datePublished":"2026-02-23T17:40:21+00:00","dateModified":"2026-02-23T17:45:32+00:00","breadcrumb":{"@id":"https:\/\/ajimport.com.br\/produto\/cadeira-office-riso\/#breadcrumb"},"inLanguage":"en-US","potentialAction":[{"@type":"ReadAction","target":["https:\/\/ajimport.com.br\/produto\/cadeira-office-riso\/"]}]},{"@type":"ImageObject","inLanguage":"en-US","@id":"https:\/\/ajimport.com.br\/produto\/cadeira-office-riso\/#primaryimage","url":"https:\/\/ajimport.com.br\/wp-content\/uploads\/2025\/10\/FDA7549-Selo.png","contentUrl":"https:\/\/ajimport.com.br\/wp-content\/uploads\/2025\/10\/FDA7549-Selo.png","width":1000,"height":1000,"caption":"Cadeira Office Riso da AJ Import - FDA7549PR"},{"@type":"BreadcrumbList","@id":"https:\/\/ajimport.com.br\/produto\/cadeira-office-riso\/#breadcrumb","itemListElement":[{"@type":"ListItem","position":1,"name":"Home","item":"https:\/\/ajimport.com.br\/"},{"@type":"ListItem","position":2,"name":"Cat\u00e1logo","item":"https:\/\/ajimport.com.br\/catalogo\/"},{"@type":"ListItem","position":3,"name":"Cadeira Escrit\u00f3rio Riso Alta Mesh"}]},{"@type":"WebSite","@id":"https:\/\/ajimport.com.br\/#website","url":"https:\/\/ajimport.com.br\/","name":"AJ Import","description":"A maior especialista em cadeiras  importadas do pa\u00eds.","publisher":{"@id":"https:\/\/ajimport.com.br\/#organization"},"potentialAction":[{"@type":"SearchAction","target":{"@type":"EntryPoint","urlTemplate":"https:\/\/ajimport.com.br\/?s={search_term_string}"},"query-input":{"@type":"PropertyValueSpecification","valueRequired":true,"valueName":"search_term_string"}}],"inLanguage":"en-US"},{"@type":"Organization","@id":"https:\/\/ajimport.com.br\/#organization","name":"Grupo AJ Import","url":"https:\/\/ajimport.com.br\/","logo":{"@type":"ImageObject","inLanguage":"en-US","@id":"https:\/\/ajimport.com.br\/#\/schema\/logo\/image\/","url":"https:\/\/ajimport.com.br\/wp-content\/uploads\/2022\/10\/Grupo-53-1.png","contentUrl":"https:\/\/ajimport.com.br\/wp-content\/uploads\/2022\/10\/Grupo-53-1.png","width":80,"height":64,"caption":"Grupo AJ Import"},"image":{"@id":"https:\/\/ajimport.com.br\/#\/schema\/logo\/image\/"},"sameAs":["https:\/\/www.facebook.com\/grupoajimport\/?locale=pt_BR","https:\/\/www.instagram.com\/grupoajimport\/","https:\/\/br.linkedin.com\/company\/grupoajimport"]}]}},"_links":{"self":[{"href":"https:\/\/ajimport.com.br\/en\/wp-json\/wp\/v2\/product\/22437","targetHints":{"allow":["GET"]}}],"collection":[{"href":"https:\/\/ajimport.com.br\/en\/wp-json\/wp\/v2\/product"}],"about":[{"href":"https:\/\/ajimport.com.br\/en\/wp-json\/wp\/v2\/types\/product"}],"replies":[{"embeddable":true,"href":"https:\/\/ajimport.com.br\/en\/wp-json\/wp\/v2\/comments?post=22437"}],"wp:featuredmedia":[{"embeddable":true,"href":"https:\/\/ajimport.com.br\/en\/wp-json\/wp\/v2\/media\/22434"}],"wp:attachment":[{"href":"https:\/\/ajimport.com.br\/en\/wp-json\/wp\/v2\/media?parent=22437"}],"wp:term":[{"taxonomy":"product_brand","embeddable":true,"href":"https:\/\/ajimport.com.br\/en\/wp-json\/wp\/v2\/product_brand?post=22437"},{"taxonomy":"product_cat","embeddable":true,"href":"https:\/\/ajimport.com.br\/en\/wp-json\/wp\/v2\/product_cat?post=22437"},{"taxonomy":"product_tag","embeddable":true,"href":"https:\/\/ajimport.com.br\/en\/wp-json\/wp\/v2\/product_tag?post=22437"},{"taxonomy":"e-destaque","embeddable":true,"href":"https:\/\/ajimport.com.br\/en\/wp-json\/wp\/v2\/e-destaque?post=22437"},{"taxonomy":"marca","embeddable":true,"href":"https:\/\/ajimport.com.br\/en\/wp-json\/wp\/v2\/marca?post=22437"}],"curies":[{"name":"wp","href":"https:\/\/api.w.org\/{rel}","templated":true}]}}