{"id":21135,"date":"2025-12-01T10:43:26","date_gmt":"2025-12-01T13:43:26","guid":{"rendered":"https:\/\/ajimport.com.br\/?post_type=product&#038;p=21135"},"modified":"2026-01-07T10:57:18","modified_gmt":"2026-01-07T13:57:18","slug":"mesa-saarinen-tulipa-marmore-artificial-80-cm-2","status":"publish","type":"product","link":"https:\/\/ajimport.com.br\/en\/product\/mesa-saarinen-tulipa-marmore-artificial-80-cm-2\/","title":{"rendered":"Mesa Saarinen Tulipa M\u00e1rmore Artificial 80 cm"},"content":{"rendered":"<p data-start=\"154\" data-end=\"513\">A <strong data-start=\"156\" data-end=\"185\">Mesa Saarinen Tulipa M\u00e1rmore Artificial Preta<\/strong> Criada para combinar eleg\u00e2ncia e praticidade em uma \u00fanica pe\u00e7a, esta mesa \u00e9 perfeita para quem deseja um ambiente moderno, sofisticado e harmonioso. O seu design atemporal se adapta a diferentes estilos, valorizando qualquer espa\u00e7o, seja na sala de jantar, na \u00e1rea gourmet ou em ambientes corporativos. Com presen\u00e7a leve e cheia de personalidade, ela traz requinte ao ambiente.<\/p>\n<p><img decoding=\"async\" class=\"wp-image-21046 size-full alignleft\" src=\"https:\/\/ajimport.com.br\/wp-content\/uploads\/2025\/11\/Design-sem-nome-5.png\" alt=\"\" width=\"70\" height=\"70\" srcset=\"https:\/\/ajimport.com.br\/wp-content\/uploads\/2025\/11\/Design-sem-nome-5.png 70w, https:\/\/ajimport.com.br\/wp-content\/uploads\/2025\/11\/Design-sem-nome-5-12x12.png 12w\" sizes=\"(max-width: 70px) 100vw, 70px\" \/><\/p>\n<h2><strong>Mesa de qualidade<\/strong><\/h2>\n<p>A combina\u00e7\u00e3o entre o tampo de m\u00e1rmore artificial e a base robusta cria uma mesa s\u00f3lida, est\u00e1vel e dur\u00e1vel. O <strong>design tulipa<\/strong>, livre de pernas laterais, oferece maior conforto e espa\u00e7o para as pernas, facilitando a circula\u00e7\u00e3o e proporcionando uma experi\u00eancia de uso mais agrad\u00e1vel. Cada detalhe foi pensado para unir estilo e funcionalidade, tornando a mesa perfeita tanto para o dia a dia quanto para momentos especiais. O material oferece alta durabilidade e um toque de sofistica\u00e7\u00e3o, sem perder a praticidade no dia a dia. A <strong>base em a\u00e7o pintado<\/strong> proporciona estabilidade e firmeza, al\u00e9m de adicionar um visual marcante inspirado no estilo Saarinen, conhecido por suas formas org\u00e2nicas e linhas suaves.<\/p>\n<div class=\"z-0 flex min-h-[46px] justify-start\"><\/div>\n<h2><\/h2>\n<h2><strong><img decoding=\"async\" class=\"size-full wp-image-4146 alignleft\" src=\"https:\/\/ajimport.com.br\/wp-content\/uploads\/2023\/02\/Icone-Garantia-1.jpg\" sizes=\"(max-width: 70px) 100vw, 70px\" srcset=\"https:\/\/ajimport.com.br\/wp-content\/uploads\/2023\/02\/Icone-Garantia-1.jpg 70w, https:\/\/ajimport.com.br\/wp-content\/uploads\/2023\/02\/Icone-Garantia-1-12x12.jpg 12w\" alt=\"\" width=\"70\" height=\"70\" \/>Garantia:<\/strong><\/h2>\n<p>A <strong>Mesa Saarinen Tulipa M\u00e1rmore Artificial da AJ IMPORT<\/strong>\u00a0conta com 3 meses de garantia.<\/p>\n<p>&nbsp;<\/p>\n<h2><img decoding=\"async\" class=\"size-full wp-image-4141 alignleft\" src=\"https:\/\/ajimport.com.br\/wp-content\/uploads\/2023\/02\/Icone-Design-Conforto.jpg\" sizes=\"(max-width: 70px) 100vw, 70px\" srcset=\"https:\/\/ajimport.com.br\/wp-content\/uploads\/2023\/02\/Icone-Design-Conforto.jpg 70w, https:\/\/ajimport.com.br\/wp-content\/uploads\/2023\/02\/Icone-Design-Conforto-12x12.jpg 12w\" alt=\"\" width=\"70\" height=\"70\" \/><\/h2>\n<h1><strong>Conforto e Design:<\/strong><\/h1>\n<p>Com um visual marcante e contempor\u00e2neo, a <strong>Mesa Saarinen Tulipa em M\u00e1rmore Artificial<\/strong> se integra com facilidade a diversos estilos de decora\u00e7\u00e3o do minimalista ao mais moderno. Seu design ic\u00f4nico enriquece o ambiente, proporcionando uma composi\u00e7\u00e3o equilibrada e sofisticada. Mais que um m\u00f3vel, ela se torna um ponto de destaque, elevando a atmosfera de qualquer espa\u00e7o, seja em casa ou no ambiente corporativo.<\/p>\n<p><img loading=\"lazy\" decoding=\"async\" class=\"alignnone wp-image-21268 size-full\" src=\"https:\/\/ajimport.com.br\/wp-content\/uploads\/2025\/12\/Mesa-Marmorizada-Preta.jpg\" alt=\"\" width=\"1200\" height=\"600\" srcset=\"https:\/\/ajimport.com.br\/wp-content\/uploads\/2025\/12\/Mesa-Marmorizada-Preta.jpg 1200w, https:\/\/ajimport.com.br\/wp-content\/uploads\/2025\/12\/Mesa-Marmorizada-Preta-300x150.jpg 300w, https:\/\/ajimport.com.br\/wp-content\/uploads\/2025\/12\/Mesa-Marmorizada-Preta-1024x512.jpg 1024w, https:\/\/ajimport.com.br\/wp-content\/uploads\/2025\/12\/Mesa-Marmorizada-Preta-768x384.jpg 768w, https:\/\/ajimport.com.br\/wp-content\/uploads\/2025\/12\/Mesa-Marmorizada-Preta-18x9.jpg 18w, https:\/\/ajimport.com.br\/wp-content\/uploads\/2025\/12\/Mesa-Marmorizada-Preta-600x300.jpg 600w\" sizes=\"(max-width: 1200px) 100vw, 1200px\" \/><\/p>\n<p>&nbsp;<\/p>\n<h2><img loading=\"lazy\" decoding=\"async\" class=\"size-full wp-image-4142 alignleft\" src=\"https:\/\/ajimport.com.br\/wp-content\/uploads\/2023\/02\/Icone-atendimento-posvenda.jpg\" sizes=\"(max-width: 70px) 100vw, 70px\" srcset=\"https:\/\/ajimport.com.br\/wp-content\/uploads\/2023\/02\/Icone-atendimento-posvenda.jpg 70w, https:\/\/ajimport.com.br\/wp-content\/uploads\/2023\/02\/Icone-atendimento-posvenda-12x12.jpg 12w\" alt=\"\" width=\"70\" height=\"70\" \/><strong>P\u00f3s-venda:<\/strong><\/h2>\n<p>A\u00a0<strong>AJ IMPORT<\/strong> oferece um P\u00f3s-venda que realmente funciona e se preocupa com cada cliente. O nosso atendimento n\u00e3o para no momento da venda, estamos 100% focados em longas parcerias e entendemos que para isso, cada especialista comercial precisa resolver as necessidades particulares de cada cliente. O nosso atendimento \u00e9 humanizado e centrado na resolu\u00e7\u00e3o de cada caso e estamos em constante processo de otimiza\u00e7\u00e3o no atendimento para melhorarmos a cada dia. Pode entrar em contato no WhatsApp: (11) 9 21267544, no telefone: (11) 4126-7070, ou no telefone do seu representante, ou especialista comercial, caso tenha sido atendimento.<\/p>\n<p>&nbsp;<\/p>\n<h2><img loading=\"lazy\" decoding=\"async\" class=\"size-full wp-image-4143 alignleft\" src=\"https:\/\/ajimport.com.br\/wp-content\/uploads\/2023\/02\/Icone-Qualidade.jpg\" sizes=\"(max-width: 70px) 100vw, 70px\" srcset=\"https:\/\/ajimport.com.br\/wp-content\/uploads\/2023\/02\/Icone-Qualidade.jpg 70w, https:\/\/ajimport.com.br\/wp-content\/uploads\/2023\/02\/Icone-Qualidade-12x12.jpg 12w\" alt=\"\" width=\"70\" height=\"70\" \/><strong>Qualidade, Resist\u00eancia e Fabrica\u00e7\u00e3o da Mesa Saarinen Tulipa M\u00e1rmore Artificial.<\/strong><\/h2>\n<p>A\u00a0<strong>qualidade da AJ IMPORT<\/strong> j\u00e1 \u00e9 reconhecida, importamos os modelos mais reconhecidos mundialmente e sempre com alta qualidade em cada pe\u00e7a para voc\u00ea. Estamos no mercado h\u00e1 mais de 15 anos e estamos presentes em todo o Brasil, levando a mais alta qualidade em cada cadeira, mesa e banqueta.<\/p>\n<p>&nbsp;<\/p>\n","protected":false},"excerpt":{"rendered":"<p>A Mesa Saarinen Tulipa M\u00e1rmore Artificial Preta Criada para combinar eleg\u00e2ncia e praticidade em uma \u00fanica pe\u00e7a, esta mesa \u00e9 perfeita para quem deseja um ambiente moderno, sofisticado e harmonioso. O seu design atemporal se adapta a diferentes estilos, valorizando qualquer espa\u00e7o, seja na sala de jantar, na \u00e1rea gourmet ou em ambientes corporativos. Com [&hellip;]<\/p>\n","protected":false},"featured_media":21136,"comment_status":"closed","ping_status":"closed","template":"","meta":[],"product_brand":[],"product_cat":[38],"product_tag":[],"e-destaque":[],"marca":[64],"class_list":{"0":"post-21135","1":"product","2":"type-product","3":"status-publish","4":"has-post-thumbnail","6":"product_cat-mesas","7":"marca-aj-import","9":"first","10":"instock","11":"shipping-taxable","12":"purchasable","13":"product-type-simple"},"yoast_head":"<!-- This site is optimized with the Yoast SEO Premium plugin v24.7 (Yoast SEO v27.4) - https:\/\/yoast.com\/product\/yoast-seo-premium-wordpress\/ -->\n<title>Mesa Saarinen Tulipa M\u00e1rmore Artificial 80 cm - AJ Import<\/title>\n<meta name=\"robots\" content=\"index, follow, max-snippet:-1, max-image-preview:large, max-video-preview:-1\" \/>\n<link rel=\"canonical\" href=\"https:\/\/ajimport.com.br\/en\/product\/mesa-saarinen-tulipa-marmore-artificial-80-cm-2\/\" \/>\n<meta property=\"og:locale\" content=\"en_US\" \/>\n<meta property=\"og:type\" content=\"article\" \/>\n<meta property=\"og:title\" content=\"Mesa Saarinen Tulipa M\u00e1rmore Artificial 80 cm\" \/>\n<meta property=\"og:description\" content=\"A Mesa Saarinen Tulipa M\u00e1rmore Artificial Preta Criada para combinar eleg\u00e2ncia e praticidade em uma \u00fanica pe\u00e7a, esta mesa \u00e9 perfeita para quem deseja um ambiente moderno, sofisticado e harmonioso. O seu design atemporal se adapta a diferentes estilos, valorizando qualquer espa\u00e7o, seja na sala de jantar, na \u00e1rea gourmet ou em ambientes corporativos. Com [&hellip;]\" \/>\n<meta property=\"og:url\" content=\"https:\/\/ajimport.com.br\/en\/product\/mesa-saarinen-tulipa-marmore-artificial-80-cm-2\/\" \/>\n<meta property=\"og:site_name\" content=\"AJ Import\" \/>\n<meta property=\"article:publisher\" content=\"https:\/\/www.facebook.com\/grupoajimport\/?locale=pt_BR\" \/>\n<meta property=\"article:modified_time\" content=\"2026-01-07T13:57:18+00:00\" \/>\n<meta property=\"og:image\" content=\"https:\/\/ajimport.com.br\/wp-content\/uploads\/2025\/12\/FD0560MAP_FRENTE.jpg\" \/>\n\t<meta property=\"og:image:width\" content=\"1200\" \/>\n\t<meta property=\"og:image:height\" content=\"1200\" \/>\n\t<meta property=\"og:image:type\" content=\"image\/jpeg\" \/>\n<meta name=\"twitter:card\" content=\"summary_large_image\" \/>\n<meta name=\"twitter:label1\" content=\"Est. reading time\" \/>\n\t<meta name=\"twitter:data1\" content=\"4 minutes\" \/>\n<script type=\"application\/ld+json\" class=\"yoast-schema-graph\">{\"@context\":\"https:\\\/\\\/schema.org\",\"@graph\":[{\"@type\":\"WebPage\",\"@id\":\"https:\\\/\\\/ajimport.com.br\\\/produto\\\/mesa-saarinen-tulipa-marmore-artificial-80-cm-2\\\/\",\"url\":\"https:\\\/\\\/ajimport.com.br\\\/produto\\\/mesa-saarinen-tulipa-marmore-artificial-80-cm-2\\\/\",\"name\":\"Mesa Saarinen Tulipa M\u00e1rmore Artificial 80 cm - AJ Import\",\"isPartOf\":{\"@id\":\"https:\\\/\\\/ajimport.com.br\\\/#website\"},\"primaryImageOfPage\":{\"@id\":\"https:\\\/\\\/ajimport.com.br\\\/produto\\\/mesa-saarinen-tulipa-marmore-artificial-80-cm-2\\\/#primaryimage\"},\"image\":{\"@id\":\"https:\\\/\\\/ajimport.com.br\\\/produto\\\/mesa-saarinen-tulipa-marmore-artificial-80-cm-2\\\/#primaryimage\"},\"thumbnailUrl\":\"https:\\\/\\\/ajimport.com.br\\\/wp-content\\\/uploads\\\/2025\\\/12\\\/FD0560MAP_FRENTE.jpg\",\"datePublished\":\"2025-12-01T13:43:26+00:00\",\"dateModified\":\"2026-01-07T13:57:18+00:00\",\"breadcrumb\":{\"@id\":\"https:\\\/\\\/ajimport.com.br\\\/produto\\\/mesa-saarinen-tulipa-marmore-artificial-80-cm-2\\\/#breadcrumb\"},\"inLanguage\":\"en-US\",\"potentialAction\":[{\"@type\":\"ReadAction\",\"target\":[\"https:\\\/\\\/ajimport.com.br\\\/produto\\\/mesa-saarinen-tulipa-marmore-artificial-80-cm-2\\\/\"]}]},{\"@type\":\"ImageObject\",\"inLanguage\":\"en-US\",\"@id\":\"https:\\\/\\\/ajimport.com.br\\\/produto\\\/mesa-saarinen-tulipa-marmore-artificial-80-cm-2\\\/#primaryimage\",\"url\":\"https:\\\/\\\/ajimport.com.br\\\/wp-content\\\/uploads\\\/2025\\\/12\\\/FD0560MAP_FRENTE.jpg\",\"contentUrl\":\"https:\\\/\\\/ajimport.com.br\\\/wp-content\\\/uploads\\\/2025\\\/12\\\/FD0560MAP_FRENTE.jpg\",\"width\":1200,\"height\":1200},{\"@type\":\"BreadcrumbList\",\"@id\":\"https:\\\/\\\/ajimport.com.br\\\/produto\\\/mesa-saarinen-tulipa-marmore-artificial-80-cm-2\\\/#breadcrumb\",\"itemListElement\":[{\"@type\":\"ListItem\",\"position\":1,\"name\":\"Home\",\"item\":\"https:\\\/\\\/ajimport.com.br\\\/\"},{\"@type\":\"ListItem\",\"position\":2,\"name\":\"Cat\u00e1logo\",\"item\":\"https:\\\/\\\/ajimport.com.br\\\/catalogo\\\/\"},{\"@type\":\"ListItem\",\"position\":3,\"name\":\"Mesa Saarinen Tulipa M\u00e1rmore Artificial 80 cm\"}]},{\"@type\":\"WebSite\",\"@id\":\"https:\\\/\\\/ajimport.com.br\\\/#website\",\"url\":\"https:\\\/\\\/ajimport.com.br\\\/\",\"name\":\"AJ Import\",\"description\":\"A maior especialista em cadeiras  importadas do pa\u00eds.\",\"publisher\":{\"@id\":\"https:\\\/\\\/ajimport.com.br\\\/#organization\"},\"potentialAction\":[{\"@type\":\"SearchAction\",\"target\":{\"@type\":\"EntryPoint\",\"urlTemplate\":\"https:\\\/\\\/ajimport.com.br\\\/?s={search_term_string}\"},\"query-input\":{\"@type\":\"PropertyValueSpecification\",\"valueRequired\":true,\"valueName\":\"search_term_string\"}}],\"inLanguage\":\"en-US\"},{\"@type\":\"Organization\",\"@id\":\"https:\\\/\\\/ajimport.com.br\\\/#organization\",\"name\":\"Grupo AJ Import\",\"url\":\"https:\\\/\\\/ajimport.com.br\\\/\",\"logo\":{\"@type\":\"ImageObject\",\"inLanguage\":\"en-US\",\"@id\":\"https:\\\/\\\/ajimport.com.br\\\/#\\\/schema\\\/logo\\\/image\\\/\",\"url\":\"https:\\\/\\\/ajimport.com.br\\\/wp-content\\\/uploads\\\/2022\\\/10\\\/Grupo-53-1.png\",\"contentUrl\":\"https:\\\/\\\/ajimport.com.br\\\/wp-content\\\/uploads\\\/2022\\\/10\\\/Grupo-53-1.png\",\"width\":80,\"height\":64,\"caption\":\"Grupo AJ Import\"},\"image\":{\"@id\":\"https:\\\/\\\/ajimport.com.br\\\/#\\\/schema\\\/logo\\\/image\\\/\"},\"sameAs\":[\"https:\\\/\\\/www.facebook.com\\\/grupoajimport\\\/?locale=pt_BR\",\"https:\\\/\\\/www.instagram.com\\\/grupoajimport\\\/\",\"https:\\\/\\\/br.linkedin.com\\\/company\\\/grupoajimport\"]}]}<\/script>\n<!-- \/ Yoast SEO Premium plugin. -->","yoast_head_json":{"title":"Mesa Saarinen Tulipa M\u00e1rmore Artificial 80 cm - AJ Import","robots":{"index":"index","follow":"follow","max-snippet":"max-snippet:-1","max-image-preview":"max-image-preview:large","max-video-preview":"max-video-preview:-1"},"canonical":"https:\/\/ajimport.com.br\/en\/product\/mesa-saarinen-tulipa-marmore-artificial-80-cm-2\/","og_locale":"en_US","og_type":"article","og_title":"Mesa Saarinen Tulipa M\u00e1rmore Artificial 80 cm","og_description":"A Mesa Saarinen Tulipa M\u00e1rmore Artificial Preta Criada para combinar eleg\u00e2ncia e praticidade em uma \u00fanica pe\u00e7a, esta mesa \u00e9 perfeita para quem deseja um ambiente moderno, sofisticado e harmonioso. O seu design atemporal se adapta a diferentes estilos, valorizando qualquer espa\u00e7o, seja na sala de jantar, na \u00e1rea gourmet ou em ambientes corporativos. Com [&hellip;]","og_url":"https:\/\/ajimport.com.br\/en\/product\/mesa-saarinen-tulipa-marmore-artificial-80-cm-2\/","og_site_name":"AJ Import","article_publisher":"https:\/\/www.facebook.com\/grupoajimport\/?locale=pt_BR","article_modified_time":"2026-01-07T13:57:18+00:00","og_image":[{"width":1200,"height":1200,"url":"https:\/\/ajimport.com.br\/wp-content\/uploads\/2025\/12\/FD0560MAP_FRENTE.jpg","type":"image\/jpeg"}],"twitter_card":"summary_large_image","twitter_misc":{"Est. reading time":"4 minutes"},"schema":{"@context":"https:\/\/schema.org","@graph":[{"@type":"WebPage","@id":"https:\/\/ajimport.com.br\/produto\/mesa-saarinen-tulipa-marmore-artificial-80-cm-2\/","url":"https:\/\/ajimport.com.br\/produto\/mesa-saarinen-tulipa-marmore-artificial-80-cm-2\/","name":"Mesa Saarinen Tulipa M\u00e1rmore Artificial 80 cm - AJ Import","isPartOf":{"@id":"https:\/\/ajimport.com.br\/#website"},"primaryImageOfPage":{"@id":"https:\/\/ajimport.com.br\/produto\/mesa-saarinen-tulipa-marmore-artificial-80-cm-2\/#primaryimage"},"image":{"@id":"https:\/\/ajimport.com.br\/produto\/mesa-saarinen-tulipa-marmore-artificial-80-cm-2\/#primaryimage"},"thumbnailUrl":"https:\/\/ajimport.com.br\/wp-content\/uploads\/2025\/12\/FD0560MAP_FRENTE.jpg","datePublished":"2025-12-01T13:43:26+00:00","dateModified":"2026-01-07T13:57:18+00:00","breadcrumb":{"@id":"https:\/\/ajimport.com.br\/produto\/mesa-saarinen-tulipa-marmore-artificial-80-cm-2\/#breadcrumb"},"inLanguage":"en-US","potentialAction":[{"@type":"ReadAction","target":["https:\/\/ajimport.com.br\/produto\/mesa-saarinen-tulipa-marmore-artificial-80-cm-2\/"]}]},{"@type":"ImageObject","inLanguage":"en-US","@id":"https:\/\/ajimport.com.br\/produto\/mesa-saarinen-tulipa-marmore-artificial-80-cm-2\/#primaryimage","url":"https:\/\/ajimport.com.br\/wp-content\/uploads\/2025\/12\/FD0560MAP_FRENTE.jpg","contentUrl":"https:\/\/ajimport.com.br\/wp-content\/uploads\/2025\/12\/FD0560MAP_FRENTE.jpg","width":1200,"height":1200},{"@type":"BreadcrumbList","@id":"https:\/\/ajimport.com.br\/produto\/mesa-saarinen-tulipa-marmore-artificial-80-cm-2\/#breadcrumb","itemListElement":[{"@type":"ListItem","position":1,"name":"Home","item":"https:\/\/ajimport.com.br\/"},{"@type":"ListItem","position":2,"name":"Cat\u00e1logo","item":"https:\/\/ajimport.com.br\/catalogo\/"},{"@type":"ListItem","position":3,"name":"Mesa Saarinen Tulipa M\u00e1rmore Artificial 80 cm"}]},{"@type":"WebSite","@id":"https:\/\/ajimport.com.br\/#website","url":"https:\/\/ajimport.com.br\/","name":"AJ Import","description":"A maior especialista em cadeiras  importadas do pa\u00eds.","publisher":{"@id":"https:\/\/ajimport.com.br\/#organization"},"potentialAction":[{"@type":"SearchAction","target":{"@type":"EntryPoint","urlTemplate":"https:\/\/ajimport.com.br\/?s={search_term_string}"},"query-input":{"@type":"PropertyValueSpecification","valueRequired":true,"valueName":"search_term_string"}}],"inLanguage":"en-US"},{"@type":"Organization","@id":"https:\/\/ajimport.com.br\/#organization","name":"Grupo AJ Import","url":"https:\/\/ajimport.com.br\/","logo":{"@type":"ImageObject","inLanguage":"en-US","@id":"https:\/\/ajimport.com.br\/#\/schema\/logo\/image\/","url":"https:\/\/ajimport.com.br\/wp-content\/uploads\/2022\/10\/Grupo-53-1.png","contentUrl":"https:\/\/ajimport.com.br\/wp-content\/uploads\/2022\/10\/Grupo-53-1.png","width":80,"height":64,"caption":"Grupo AJ Import"},"image":{"@id":"https:\/\/ajimport.com.br\/#\/schema\/logo\/image\/"},"sameAs":["https:\/\/www.facebook.com\/grupoajimport\/?locale=pt_BR","https:\/\/www.instagram.com\/grupoajimport\/","https:\/\/br.linkedin.com\/company\/grupoajimport"]}]}},"_links":{"self":[{"href":"https:\/\/ajimport.com.br\/en\/wp-json\/wp\/v2\/product\/21135","targetHints":{"allow":["GET"]}}],"collection":[{"href":"https:\/\/ajimport.com.br\/en\/wp-json\/wp\/v2\/product"}],"about":[{"href":"https:\/\/ajimport.com.br\/en\/wp-json\/wp\/v2\/types\/product"}],"replies":[{"embeddable":true,"href":"https:\/\/ajimport.com.br\/en\/wp-json\/wp\/v2\/comments?post=21135"}],"wp:featuredmedia":[{"embeddable":true,"href":"https:\/\/ajimport.com.br\/en\/wp-json\/wp\/v2\/media\/21136"}],"wp:attachment":[{"href":"https:\/\/ajimport.com.br\/en\/wp-json\/wp\/v2\/media?parent=21135"}],"wp:term":[{"taxonomy":"product_brand","embeddable":true,"href":"https:\/\/ajimport.com.br\/en\/wp-json\/wp\/v2\/product_brand?post=21135"},{"taxonomy":"product_cat","embeddable":true,"href":"https:\/\/ajimport.com.br\/en\/wp-json\/wp\/v2\/product_cat?post=21135"},{"taxonomy":"product_tag","embeddable":true,"href":"https:\/\/ajimport.com.br\/en\/wp-json\/wp\/v2\/product_tag?post=21135"},{"taxonomy":"e-destaque","embeddable":true,"href":"https:\/\/ajimport.com.br\/en\/wp-json\/wp\/v2\/e-destaque?post=21135"},{"taxonomy":"marca","embeddable":true,"href":"https:\/\/ajimport.com.br\/en\/wp-json\/wp\/v2\/marca?post=21135"}],"curies":[{"name":"wp","href":"https:\/\/api.w.org\/{rel}","templated":true}]}}