{"id":19477,"date":"2025-01-21T12:57:26","date_gmt":"2025-01-21T15:57:26","guid":{"rendered":"https:\/\/ajimport.com.br\/?post_type=product&#038;p=19477"},"modified":"2026-01-13T10:40:32","modified_gmt":"2026-01-13T13:40:32","slug":"cadeira-escritorio-stripes-diretor-pu-nude","status":"publish","type":"product","link":"https:\/\/ajimport.com.br\/en\/product\/cadeira-escritorio-stripes-diretor-pu-nude\/","title":{"rendered":"Cadeira Escrit\u00f3rio Stripes Diretor PU Nude"},"content":{"rendered":"<p>A<strong> cadeira Stripes Diretor<\/strong> na cor nude combina sofistica\u00e7\u00e3o e suavidade em um \u00fanico design. O seu revestimento em PU proporciona uma experi\u00eancia confort\u00e1vel, enquanto a base em a\u00e7o cromado assegura resist\u00eancia e uma apar\u00eancia moderna. A cor nude traz um toque de eleg\u00e2ncia discreta, sendo ideal para ambientes que buscam um estilo mais neutro e, ao mesmo tempo contempor\u00e2neo.<\/p>\n<p>&nbsp;<\/p>\n<p><img decoding=\"async\" class=\"size-full wp-image-4139 alignleft\" src=\"https:\/\/ajimport.com.br\/wp-content\/uploads\/2023\/02\/Icone-Office.jpg\" sizes=\"(max-width: 70px) 100vw, 70px\" srcset=\"https:\/\/ajimport.com.br\/wp-content\/uploads\/2023\/02\/Icone-Office.jpg 70w, https:\/\/ajimport.com.br\/wp-content\/uploads\/2023\/02\/Icone-Office-12x12.jpg 12w\" alt=\"\" width=\"70\" height=\"70\" \/><\/p>\n<h2><strong>Cadeira de escrit\u00f3rio de qualidade<\/strong><\/h2>\n<p>Equipado com o <strong>sistema relax<\/strong>, a cadeira Stripes Diretor oferece um conforto personalizado, permitindo que voc\u00ea ajuste a posi\u00e7\u00e3o para se adequar perfeitamente ao seu corpo. O mecanismo de reclina\u00e7\u00e3o torna a experi\u00eancia ainda mais agrad\u00e1vel, proporcionando suporte durante todo o dia de trabalho. O rod\u00edzio antirrisco oferece mobilidade suave sem comprometer a integridade do piso, tornando-a ainda mais pr\u00e1tica e funcional.<\/p>\n<p>&nbsp;<\/p>\n<h2><strong><img decoding=\"async\" class=\"size-full wp-image-4146 alignleft\" src=\"https:\/\/ajimport.com.br\/wp-content\/uploads\/2023\/02\/Icone-Garantia-1.jpg\" sizes=\"(max-width: 70px) 100vw, 70px\" srcset=\"https:\/\/ajimport.com.br\/wp-content\/uploads\/2023\/02\/Icone-Garantia-1.jpg 70w, https:\/\/ajimport.com.br\/wp-content\/uploads\/2023\/02\/Icone-Garantia-1-12x12.jpg 12w\" alt=\"\" width=\"70\" height=\"70\" \/>Garantia:<\/strong><\/h2>\n<p>A\u00a0<strong>Cadeira Escrit\u00f3rio Stripes Diretor Nude da AJ IMPORT<\/strong>\u00a0conta com 3 meses de garantia.<\/p>\n<p>&nbsp;<\/p>\n<h2><img decoding=\"async\" class=\"size-full wp-image-4141 alignleft\" src=\"https:\/\/ajimport.com.br\/wp-content\/uploads\/2023\/02\/Icone-Design-Conforto.jpg\" sizes=\"(max-width: 70px) 100vw, 70px\" srcset=\"https:\/\/ajimport.com.br\/wp-content\/uploads\/2023\/02\/Icone-Design-Conforto.jpg 70w, https:\/\/ajimport.com.br\/wp-content\/uploads\/2023\/02\/Icone-Design-Conforto-12x12.jpg 12w\" alt=\"\" width=\"70\" height=\"70\" \/><\/h2>\n<h1><strong>Conforto e Design:<\/strong><\/h1>\n<p>A cor nude traz um charme s\u00fatil, sendo uma op\u00e7\u00e3o vers\u00e1til que combina com qualquer decora\u00e7\u00e3o. A cadeira Stripes Diretor une design moderno e funcionalidade, tornando-a ideal para ambientes corporativos e profissionais. O seu equil\u00edbrio perfeito entre conforto, estilo e durabilidade faz dela uma escolha imbat\u00edvel para quem busca qualidade e eleg\u00e2ncia num \u00fanico produto.<\/p>\n<p>&nbsp;<\/p>\n<p><img loading=\"lazy\" decoding=\"async\" class=\"alignnone wp-image-19483 size-full\" src=\"https:\/\/ajimport.com.br\/wp-content\/uploads\/2025\/01\/Foto-Ambientada-da-cadeira-Stripes-Diretor-Nude.png\" alt=\"\" width=\"1200\" height=\"600\" srcset=\"https:\/\/ajimport.com.br\/wp-content\/uploads\/2025\/01\/Foto-Ambientada-da-cadeira-Stripes-Diretor-Nude.png 1200w, https:\/\/ajimport.com.br\/wp-content\/uploads\/2025\/01\/Foto-Ambientada-da-cadeira-Stripes-Diretor-Nude-300x150.png 300w, https:\/\/ajimport.com.br\/wp-content\/uploads\/2025\/01\/Foto-Ambientada-da-cadeira-Stripes-Diretor-Nude-1024x512.png 1024w, https:\/\/ajimport.com.br\/wp-content\/uploads\/2025\/01\/Foto-Ambientada-da-cadeira-Stripes-Diretor-Nude-768x384.png 768w, https:\/\/ajimport.com.br\/wp-content\/uploads\/2025\/01\/Foto-Ambientada-da-cadeira-Stripes-Diretor-Nude-18x9.png 18w, https:\/\/ajimport.com.br\/wp-content\/uploads\/2025\/01\/Foto-Ambientada-da-cadeira-Stripes-Diretor-Nude-600x300.png 600w\" sizes=\"(max-width: 1200px) 100vw, 1200px\" \/><\/p>\n<p>&nbsp;<\/p>\n<h2><img loading=\"lazy\" decoding=\"async\" class=\"size-full wp-image-4142 alignleft\" src=\"https:\/\/ajimport.com.br\/wp-content\/uploads\/2023\/02\/Icone-atendimento-posvenda.jpg\" sizes=\"(max-width: 70px) 100vw, 70px\" srcset=\"https:\/\/ajimport.com.br\/wp-content\/uploads\/2023\/02\/Icone-atendimento-posvenda.jpg 70w, https:\/\/ajimport.com.br\/wp-content\/uploads\/2023\/02\/Icone-atendimento-posvenda-12x12.jpg 12w\" alt=\"\" width=\"70\" height=\"70\" \/><strong>P\u00f3s-venda:<\/strong><\/h2>\n<p>A\u00a0<strong>AJ IMPORT<\/strong> oferece um P\u00f3s-venda que realmente funciona e se preocupa com cada cliente. O nosso atendimento n\u00e3o para no momento da venda, estamos 100% focados em longas parcerias e entendemos que para isso, cada especialista comercial precisa resolver as necessidades particulares de cada cliente.<br \/>\nO nosso atendimento \u00e9 humanizado e centrado na resolu\u00e7\u00e3o de cada caso e estamos em constante processo de otimiza\u00e7\u00e3o no atendimento para melhorarmos a cada dia.<br \/>\nPode entrar em contato no WhatsApp: (11) 95940-0870, no telefone: (11) 4126-7070, ou no telefone do seu representante ou especialista comercial, caso tenha sido atendimento.<\/p>\n<p>&nbsp;<\/p>\n<h2><img loading=\"lazy\" decoding=\"async\" class=\"size-full wp-image-4143 alignleft\" src=\"https:\/\/ajimport.com.br\/wp-content\/uploads\/2023\/02\/Icone-Qualidade.jpg\" sizes=\"(max-width: 70px) 100vw, 70px\" srcset=\"https:\/\/ajimport.com.br\/wp-content\/uploads\/2023\/02\/Icone-Qualidade.jpg 70w, https:\/\/ajimport.com.br\/wp-content\/uploads\/2023\/02\/Icone-Qualidade-12x12.jpg 12w\" alt=\"\" width=\"70\" height=\"70\" \/><strong>Qualidade, Resist\u00eancia e Fabrica\u00e7\u00e3o da cadeira Stripes Diretor Nude<\/strong><strong>.<\/strong><\/h2>\n<p>A\u00a0<strong>qualidade da AJ IMPORT<\/strong>\u00a0j\u00e1 \u00e9 reconhecida, importamos os modelos mais reconhecidos mundialmente e sempre com alta qualidade em cada pe\u00e7a para voc\u00ea.<br \/>\nEstamos no mercado h\u00e1 mais de 14 anos e estamos presentes em todo o Brasil, levando a mais alta qualidade em cada cadeira, mesa e banqueta.<br \/>\nA\u00a0<strong>Cadeira Escrit\u00f3rio Stripes Diretor Nude<\/strong>\u00a0permite at\u00e9 120 quilos.<\/p>\n<p>&nbsp;<\/p>","protected":false},"excerpt":{"rendered":"<p>A cadeira Stripes Diretor na cor nude combina sofistica\u00e7\u00e3o e suavidade em um \u00fanico design. O seu revestimento em PU proporciona uma experi\u00eancia confort\u00e1vel, enquanto a base em a\u00e7o cromado assegura resist\u00eancia e uma apar\u00eancia moderna. A cor nude traz um toque de eleg\u00e2ncia discreta, sendo ideal para ambientes que buscam um estilo mais neutro [&hellip;]<\/p>\n","protected":false},"featured_media":19479,"comment_status":"closed","ping_status":"closed","template":"","meta":[],"product_brand":[],"product_cat":[20],"product_tag":[],"e-destaque":[560],"marca":[65],"class_list":{"0":"post-19477","1":"product","2":"type-product","3":"status-publish","4":"has-post-thumbnail","6":"product_cat-office","7":"e-destaque-nao","8":"marca-futura-design","10":"first","11":"instock","12":"shipping-taxable","13":"purchasable","14":"product-type-simple"},"yoast_head":"<!-- This site is optimized with the Yoast SEO Premium plugin v24.7 (Yoast SEO v27.5) - https:\/\/yoast.com\/product\/yoast-seo-premium-wordpress\/ -->\n<title>Cadeira Escrit\u00f3rio Stripes Diretor PU Nude - AJ Import<\/title>\n<meta name=\"robots\" content=\"index, follow, max-snippet:-1, max-image-preview:large, max-video-preview:-1\" \/>\n<link rel=\"canonical\" href=\"https:\/\/ajimport.com.br\/en\/product\/cadeira-escritorio-stripes-diretor-pu-nude\/\" \/>\n<meta property=\"og:locale\" content=\"en_US\" \/>\n<meta property=\"og:type\" content=\"article\" \/>\n<meta property=\"og:title\" content=\"Cadeira Escrit\u00f3rio Stripes Diretor PU Nude\" \/>\n<meta property=\"og:description\" content=\"A cadeira Stripes Diretor na cor nude combina sofistica\u00e7\u00e3o e suavidade em um \u00fanico design. O seu revestimento em PU proporciona uma experi\u00eancia confort\u00e1vel, enquanto a base em a\u00e7o cromado assegura resist\u00eancia e uma apar\u00eancia moderna. A cor nude traz um toque de eleg\u00e2ncia discreta, sendo ideal para ambientes que buscam um estilo mais neutro [&hellip;]\" \/>\n<meta property=\"og:url\" content=\"https:\/\/ajimport.com.br\/en\/product\/cadeira-escritorio-stripes-diretor-pu-nude\/\" \/>\n<meta property=\"og:site_name\" content=\"AJ Import\" \/>\n<meta property=\"article:publisher\" content=\"https:\/\/www.facebook.com\/grupoajimport\/?locale=pt_BR\" \/>\n<meta property=\"article:modified_time\" content=\"2026-01-13T13:40:32+00:00\" \/>\n<meta property=\"og:image\" content=\"https:\/\/ajimport.com.br\/wp-content\/uploads\/2025\/01\/FDB6149DIAGONAL.jpeg\" \/>\n\t<meta property=\"og:image:width\" content=\"1000\" \/>\n\t<meta property=\"og:image:height\" content=\"1000\" \/>\n\t<meta property=\"og:image:type\" content=\"image\/jpeg\" \/>\n<meta name=\"twitter:card\" content=\"summary_large_image\" \/>\n<meta name=\"twitter:label1\" content=\"Est. reading time\" \/>\n\t<meta name=\"twitter:data1\" content=\"4 minutes\" \/>\n<script type=\"application\/ld+json\" class=\"yoast-schema-graph\">{\"@context\":\"https:\\\/\\\/schema.org\",\"@graph\":[{\"@type\":\"WebPage\",\"@id\":\"https:\\\/\\\/ajimport.com.br\\\/produto\\\/cadeira-escritorio-stripes-diretor-pu-nude\\\/\",\"url\":\"https:\\\/\\\/ajimport.com.br\\\/produto\\\/cadeira-escritorio-stripes-diretor-pu-nude\\\/\",\"name\":\"Cadeira Escrit\u00f3rio Stripes Diretor PU Nude - AJ Import\",\"isPartOf\":{\"@id\":\"https:\\\/\\\/ajimport.com.br\\\/#website\"},\"primaryImageOfPage\":{\"@id\":\"https:\\\/\\\/ajimport.com.br\\\/produto\\\/cadeira-escritorio-stripes-diretor-pu-nude\\\/#primaryimage\"},\"image\":{\"@id\":\"https:\\\/\\\/ajimport.com.br\\\/produto\\\/cadeira-escritorio-stripes-diretor-pu-nude\\\/#primaryimage\"},\"thumbnailUrl\":\"https:\\\/\\\/ajimport.com.br\\\/wp-content\\\/uploads\\\/2025\\\/01\\\/FDB6149DIAGONAL.jpeg\",\"datePublished\":\"2025-01-21T15:57:26+00:00\",\"dateModified\":\"2026-01-13T13:40:32+00:00\",\"breadcrumb\":{\"@id\":\"https:\\\/\\\/ajimport.com.br\\\/produto\\\/cadeira-escritorio-stripes-diretor-pu-nude\\\/#breadcrumb\"},\"inLanguage\":\"en-US\",\"potentialAction\":[{\"@type\":\"ReadAction\",\"target\":[\"https:\\\/\\\/ajimport.com.br\\\/produto\\\/cadeira-escritorio-stripes-diretor-pu-nude\\\/\"]}]},{\"@type\":\"ImageObject\",\"inLanguage\":\"en-US\",\"@id\":\"https:\\\/\\\/ajimport.com.br\\\/produto\\\/cadeira-escritorio-stripes-diretor-pu-nude\\\/#primaryimage\",\"url\":\"https:\\\/\\\/ajimport.com.br\\\/wp-content\\\/uploads\\\/2025\\\/01\\\/FDB6149DIAGONAL.jpeg\",\"contentUrl\":\"https:\\\/\\\/ajimport.com.br\\\/wp-content\\\/uploads\\\/2025\\\/01\\\/FDB6149DIAGONAL.jpeg\",\"width\":1000,\"height\":1000},{\"@type\":\"BreadcrumbList\",\"@id\":\"https:\\\/\\\/ajimport.com.br\\\/produto\\\/cadeira-escritorio-stripes-diretor-pu-nude\\\/#breadcrumb\",\"itemListElement\":[{\"@type\":\"ListItem\",\"position\":1,\"name\":\"Home\",\"item\":\"https:\\\/\\\/ajimport.com.br\\\/\"},{\"@type\":\"ListItem\",\"position\":2,\"name\":\"Cat\u00e1logo\",\"item\":\"https:\\\/\\\/ajimport.com.br\\\/catalogo\\\/\"},{\"@type\":\"ListItem\",\"position\":3,\"name\":\"Cadeira Escrit\u00f3rio Stripes Diretor PU Nude\"}]},{\"@type\":\"WebSite\",\"@id\":\"https:\\\/\\\/ajimport.com.br\\\/#website\",\"url\":\"https:\\\/\\\/ajimport.com.br\\\/\",\"name\":\"AJ Import\",\"description\":\"A maior especialista em cadeiras  importadas do pa\u00eds.\",\"publisher\":{\"@id\":\"https:\\\/\\\/ajimport.com.br\\\/#organization\"},\"potentialAction\":[{\"@type\":\"SearchAction\",\"target\":{\"@type\":\"EntryPoint\",\"urlTemplate\":\"https:\\\/\\\/ajimport.com.br\\\/?s={search_term_string}\"},\"query-input\":{\"@type\":\"PropertyValueSpecification\",\"valueRequired\":true,\"valueName\":\"search_term_string\"}}],\"inLanguage\":\"en-US\"},{\"@type\":\"Organization\",\"@id\":\"https:\\\/\\\/ajimport.com.br\\\/#organization\",\"name\":\"Grupo AJ Import\",\"url\":\"https:\\\/\\\/ajimport.com.br\\\/\",\"logo\":{\"@type\":\"ImageObject\",\"inLanguage\":\"en-US\",\"@id\":\"https:\\\/\\\/ajimport.com.br\\\/#\\\/schema\\\/logo\\\/image\\\/\",\"url\":\"https:\\\/\\\/ajimport.com.br\\\/wp-content\\\/uploads\\\/2022\\\/10\\\/Grupo-53-1.png\",\"contentUrl\":\"https:\\\/\\\/ajimport.com.br\\\/wp-content\\\/uploads\\\/2022\\\/10\\\/Grupo-53-1.png\",\"width\":80,\"height\":64,\"caption\":\"Grupo AJ Import\"},\"image\":{\"@id\":\"https:\\\/\\\/ajimport.com.br\\\/#\\\/schema\\\/logo\\\/image\\\/\"},\"sameAs\":[\"https:\\\/\\\/www.facebook.com\\\/grupoajimport\\\/?locale=pt_BR\",\"https:\\\/\\\/www.instagram.com\\\/grupoajimport\\\/\",\"https:\\\/\\\/br.linkedin.com\\\/company\\\/grupoajimport\"]}]}<\/script>\n<!-- \/ Yoast SEO Premium plugin. -->","yoast_head_json":{"title":"Cadeira Escrit\u00f3rio Stripes Diretor PU Nude - AJ Import","robots":{"index":"index","follow":"follow","max-snippet":"max-snippet:-1","max-image-preview":"max-image-preview:large","max-video-preview":"max-video-preview:-1"},"canonical":"https:\/\/ajimport.com.br\/en\/product\/cadeira-escritorio-stripes-diretor-pu-nude\/","og_locale":"en_US","og_type":"article","og_title":"Cadeira Escrit\u00f3rio Stripes Diretor PU Nude","og_description":"A cadeira Stripes Diretor na cor nude combina sofistica\u00e7\u00e3o e suavidade em um \u00fanico design. O seu revestimento em PU proporciona uma experi\u00eancia confort\u00e1vel, enquanto a base em a\u00e7o cromado assegura resist\u00eancia e uma apar\u00eancia moderna. A cor nude traz um toque de eleg\u00e2ncia discreta, sendo ideal para ambientes que buscam um estilo mais neutro [&hellip;]","og_url":"https:\/\/ajimport.com.br\/en\/product\/cadeira-escritorio-stripes-diretor-pu-nude\/","og_site_name":"AJ Import","article_publisher":"https:\/\/www.facebook.com\/grupoajimport\/?locale=pt_BR","article_modified_time":"2026-01-13T13:40:32+00:00","og_image":[{"width":1000,"height":1000,"url":"https:\/\/ajimport.com.br\/wp-content\/uploads\/2025\/01\/FDB6149DIAGONAL.jpeg","type":"image\/jpeg"}],"twitter_card":"summary_large_image","twitter_misc":{"Est. reading time":"4 minutes"},"schema":{"@context":"https:\/\/schema.org","@graph":[{"@type":"WebPage","@id":"https:\/\/ajimport.com.br\/produto\/cadeira-escritorio-stripes-diretor-pu-nude\/","url":"https:\/\/ajimport.com.br\/produto\/cadeira-escritorio-stripes-diretor-pu-nude\/","name":"Cadeira Escrit\u00f3rio Stripes Diretor PU Nude - AJ Import","isPartOf":{"@id":"https:\/\/ajimport.com.br\/#website"},"primaryImageOfPage":{"@id":"https:\/\/ajimport.com.br\/produto\/cadeira-escritorio-stripes-diretor-pu-nude\/#primaryimage"},"image":{"@id":"https:\/\/ajimport.com.br\/produto\/cadeira-escritorio-stripes-diretor-pu-nude\/#primaryimage"},"thumbnailUrl":"https:\/\/ajimport.com.br\/wp-content\/uploads\/2025\/01\/FDB6149DIAGONAL.jpeg","datePublished":"2025-01-21T15:57:26+00:00","dateModified":"2026-01-13T13:40:32+00:00","breadcrumb":{"@id":"https:\/\/ajimport.com.br\/produto\/cadeira-escritorio-stripes-diretor-pu-nude\/#breadcrumb"},"inLanguage":"en-US","potentialAction":[{"@type":"ReadAction","target":["https:\/\/ajimport.com.br\/produto\/cadeira-escritorio-stripes-diretor-pu-nude\/"]}]},{"@type":"ImageObject","inLanguage":"en-US","@id":"https:\/\/ajimport.com.br\/produto\/cadeira-escritorio-stripes-diretor-pu-nude\/#primaryimage","url":"https:\/\/ajimport.com.br\/wp-content\/uploads\/2025\/01\/FDB6149DIAGONAL.jpeg","contentUrl":"https:\/\/ajimport.com.br\/wp-content\/uploads\/2025\/01\/FDB6149DIAGONAL.jpeg","width":1000,"height":1000},{"@type":"BreadcrumbList","@id":"https:\/\/ajimport.com.br\/produto\/cadeira-escritorio-stripes-diretor-pu-nude\/#breadcrumb","itemListElement":[{"@type":"ListItem","position":1,"name":"Home","item":"https:\/\/ajimport.com.br\/"},{"@type":"ListItem","position":2,"name":"Cat\u00e1logo","item":"https:\/\/ajimport.com.br\/catalogo\/"},{"@type":"ListItem","position":3,"name":"Cadeira Escrit\u00f3rio Stripes Diretor PU Nude"}]},{"@type":"WebSite","@id":"https:\/\/ajimport.com.br\/#website","url":"https:\/\/ajimport.com.br\/","name":"AJ Import","description":"A maior especialista em cadeiras  importadas do pa\u00eds.","publisher":{"@id":"https:\/\/ajimport.com.br\/#organization"},"potentialAction":[{"@type":"SearchAction","target":{"@type":"EntryPoint","urlTemplate":"https:\/\/ajimport.com.br\/?s={search_term_string}"},"query-input":{"@type":"PropertyValueSpecification","valueRequired":true,"valueName":"search_term_string"}}],"inLanguage":"en-US"},{"@type":"Organization","@id":"https:\/\/ajimport.com.br\/#organization","name":"Grupo AJ Import","url":"https:\/\/ajimport.com.br\/","logo":{"@type":"ImageObject","inLanguage":"en-US","@id":"https:\/\/ajimport.com.br\/#\/schema\/logo\/image\/","url":"https:\/\/ajimport.com.br\/wp-content\/uploads\/2022\/10\/Grupo-53-1.png","contentUrl":"https:\/\/ajimport.com.br\/wp-content\/uploads\/2022\/10\/Grupo-53-1.png","width":80,"height":64,"caption":"Grupo AJ Import"},"image":{"@id":"https:\/\/ajimport.com.br\/#\/schema\/logo\/image\/"},"sameAs":["https:\/\/www.facebook.com\/grupoajimport\/?locale=pt_BR","https:\/\/www.instagram.com\/grupoajimport\/","https:\/\/br.linkedin.com\/company\/grupoajimport"]}]}},"_links":{"self":[{"href":"https:\/\/ajimport.com.br\/en\/wp-json\/wp\/v2\/product\/19477","targetHints":{"allow":["GET"]}}],"collection":[{"href":"https:\/\/ajimport.com.br\/en\/wp-json\/wp\/v2\/product"}],"about":[{"href":"https:\/\/ajimport.com.br\/en\/wp-json\/wp\/v2\/types\/product"}],"replies":[{"embeddable":true,"href":"https:\/\/ajimport.com.br\/en\/wp-json\/wp\/v2\/comments?post=19477"}],"wp:featuredmedia":[{"embeddable":true,"href":"https:\/\/ajimport.com.br\/en\/wp-json\/wp\/v2\/media\/19479"}],"wp:attachment":[{"href":"https:\/\/ajimport.com.br\/en\/wp-json\/wp\/v2\/media?parent=19477"}],"wp:term":[{"taxonomy":"product_brand","embeddable":true,"href":"https:\/\/ajimport.com.br\/en\/wp-json\/wp\/v2\/product_brand?post=19477"},{"taxonomy":"product_cat","embeddable":true,"href":"https:\/\/ajimport.com.br\/en\/wp-json\/wp\/v2\/product_cat?post=19477"},{"taxonomy":"product_tag","embeddable":true,"href":"https:\/\/ajimport.com.br\/en\/wp-json\/wp\/v2\/product_tag?post=19477"},{"taxonomy":"e-destaque","embeddable":true,"href":"https:\/\/ajimport.com.br\/en\/wp-json\/wp\/v2\/e-destaque?post=19477"},{"taxonomy":"marca","embeddable":true,"href":"https:\/\/ajimport.com.br\/en\/wp-json\/wp\/v2\/marca?post=19477"}],"curies":[{"name":"wp","href":"https:\/\/api.w.org\/{rel}","templated":true}]}}