{"id":19385,"date":"2025-01-11T01:39:54","date_gmt":"2025-01-11T04:39:54","guid":{"rendered":"https:\/\/ajimport.com.br\/?post_type=product&#038;p=19385"},"modified":"2026-01-13T10:34:00","modified_gmt":"2026-01-13T13:34:00","slug":"cadeira-church","status":"publish","type":"product","link":"https:\/\/ajimport.com.br\/en\/product\/cadeira-church\/","title":{"rendered":"Cadeira Church"},"content":{"rendered":"<p>A cadeira Church \u00e9 a solu\u00e7\u00e3o perfeita para quem busca praticidade e conforto em ambientes de grandes dimens\u00f5es. Com design funcional e compacto, ela facilita a organiza\u00e7\u00e3o e otimiza o uso do espa\u00e7o durante eventos e reuni\u00f5es prolongadas ou at\u00e9 mesmo cultos em igrejas. A sua estrutura foi cuidadosamente projetada para atender \u00e0s necessidades de ambientes onde \u00e9 necess\u00e1rio posicionar muitas cadeiras pr\u00f3ximas umas das outras, pois ela conta com um incr\u00edvel sistema de conex\u00e3o entre elas para formar linhas retas e bem fixadas de cadeiras. Onde o fluxo constante de pessoas exige durabilidade e praticidade, esta cadeira \u00e9 a escolha ideal.<\/p>\n<p>&nbsp;<\/p>\n<p><img decoding=\"async\" class=\"size-full wp-image-4139 alignleft\" src=\"https:\/\/ajimport.com.br\/wp-content\/uploads\/2023\/02\/Icone-Office.jpg\" sizes=\"(max-width: 70px) 100vw, 70px\" srcset=\"https:\/\/ajimport.com.br\/wp-content\/uploads\/2023\/02\/Icone-Office.jpg 70w, https:\/\/ajimport.com.br\/wp-content\/uploads\/2023\/02\/Icone-Office-12x12.jpg 12w\" alt=\"\" width=\"70\" height=\"70\" \/><\/p>\n<h1><strong>Cadeira de qualidade<\/strong><\/h1>\n<p>Com uma estrutura resistente, esta cadeira foi desenvolvida para suportar o uso intenso em ambientes como templos, igrejas, audit\u00f3rios, salas de confer\u00eancias e eventos corporativos. A sua constru\u00e7\u00e3o s\u00f3lida garante durabilidade, mesmo com o uso cont\u00ednuo, enquanto o assento oferece conforto adequado para longas horas de uso, proporcionando uma experi\u00eancia agrad\u00e1vel, sem comprometer a funcionalidade. Ideal para quem busca uma cadeira resistente e dur\u00e1vel para ambientes exigentes.<br \/>\nEla \u00e9 uma \u00f3tima op\u00e7\u00e3o de cadeira para igrejas e templos, pois cont\u00e9m um conector macho e f\u00eamea, onde podemos fixar uma cadeira na outra, o que permite criar grandes fileiras de cadeiras com grande velocidade e praticidade.<\/p>\n<p>&nbsp;<\/p>\n<h2><strong><img decoding=\"async\" class=\"size-full wp-image-4146 alignleft\" src=\"https:\/\/ajimport.com.br\/wp-content\/uploads\/2023\/02\/Icone-Garantia-1.jpg\" sizes=\"(max-width: 70px) 100vw, 70px\" srcset=\"https:\/\/ajimport.com.br\/wp-content\/uploads\/2023\/02\/Icone-Garantia-1.jpg 70w, https:\/\/ajimport.com.br\/wp-content\/uploads\/2023\/02\/Icone-Garantia-1-12x12.jpg 12w\" alt=\"\" width=\"70\" height=\"70\" \/>Garantia:<\/strong><\/h2>\n<p>A\u00a0<strong>Cadeira Audit\u00f3rio da AJ Import<\/strong>\u00a0conta com 3 meses de garantia.<\/p>\n<p>&nbsp;<\/p>\n<h1><img decoding=\"async\" class=\"size-full wp-image-4141 alignleft\" src=\"https:\/\/ajimport.com.br\/wp-content\/uploads\/2023\/02\/Icone-Design-Conforto.jpg\" sizes=\"(max-width: 70px) 100vw, 70px\" srcset=\"https:\/\/ajimport.com.br\/wp-content\/uploads\/2023\/02\/Icone-Design-Conforto.jpg 70w, https:\/\/ajimport.com.br\/wp-content\/uploads\/2023\/02\/Icone-Design-Conforto-12x12.jpg 12w\" alt=\"\" width=\"70\" height=\"70\" \/><\/h1>\n<h1><strong>Conforto e Design:<\/strong><\/h1>\n<p>Uma das grandes vantagens desta cadeira \u00e9 seu sistema de encaixe, que permite conectar v\u00e1rias unidades de maneira f\u00e1cil e r\u00e1pida. Esse design inovador facilita o agrupamento das cadeiras, otimizando o espa\u00e7o e tornando a organiza\u00e7\u00e3o muito mais pr\u00e1tica e eficiente. A possibilidade de conectar as cadeiras \u00e9 ideal para ambientes din\u00e2micos, permitindo ajustes r\u00e1pidos e pr\u00e1ticos conforme as necessidades do evento ou espa\u00e7o. Essa versatilidade garante que a cadeira se encaixe perfeitamente em qualquer ambiente corporativo ou de confer\u00eancias, agregando funcionalidade e praticidade.<\/p>\n<p><img loading=\"lazy\" decoding=\"async\" class=\"alignnone wp-image-19399 size-full\" src=\"https:\/\/ajimport.com.br\/wp-content\/uploads\/2025\/01\/Foto-ambientada-da-cadeira-Church.png\" alt=\"\" width=\"1200\" height=\"600\" srcset=\"https:\/\/ajimport.com.br\/wp-content\/uploads\/2025\/01\/Foto-ambientada-da-cadeira-Church.png 1200w, https:\/\/ajimport.com.br\/wp-content\/uploads\/2025\/01\/Foto-ambientada-da-cadeira-Church-300x150.png 300w, https:\/\/ajimport.com.br\/wp-content\/uploads\/2025\/01\/Foto-ambientada-da-cadeira-Church-1024x512.png 1024w, https:\/\/ajimport.com.br\/wp-content\/uploads\/2025\/01\/Foto-ambientada-da-cadeira-Church-768x384.png 768w, https:\/\/ajimport.com.br\/wp-content\/uploads\/2025\/01\/Foto-ambientada-da-cadeira-Church-18x9.png 18w, https:\/\/ajimport.com.br\/wp-content\/uploads\/2025\/01\/Foto-ambientada-da-cadeira-Church-600x300.png 600w\" sizes=\"(max-width: 1200px) 100vw, 1200px\" \/><\/p>\n<p>&nbsp;<\/p>\n<h1><img loading=\"lazy\" decoding=\"async\" class=\"size-full wp-image-4142 alignleft\" src=\"https:\/\/ajimport.com.br\/wp-content\/uploads\/2023\/02\/Icone-atendimento-posvenda.jpg\" sizes=\"(max-width: 70px) 100vw, 70px\" srcset=\"https:\/\/ajimport.com.br\/wp-content\/uploads\/2023\/02\/Icone-atendimento-posvenda.jpg 70w, https:\/\/ajimport.com.br\/wp-content\/uploads\/2023\/02\/Icone-atendimento-posvenda-12x12.jpg 12w\" alt=\"\" width=\"70\" height=\"70\" \/><strong>P\u00f3s-venda:<\/strong><\/h1>\n<p>A\u00a0<strong>AJ IMPORT<\/strong> oferece um P\u00f3s-venda que realmente funciona e se preocupa com cada cliente. O nosso atendimento n\u00e3o para no momento da venda, estamos 100% focados em longas parcerias e entendemos que para isso, cada especialista comercial precisa resolver as necessidades particulares de cada cliente.<br \/>\nO nosso atendimento \u00e9 humanizado e centrado na resolu\u00e7\u00e3o de cada caso e estamos em constante processo de otimiza\u00e7\u00e3o no atendimento para melhorarmos a cada dia.<br \/>\nPode entrar em contato no WhatsApp: (11) 9 21267544, no telefone: (11) 4126-7070, ou no telefone do seu representante, ou especialista comercial, caso tenha sido atendimento.<\/p>\n<p>&nbsp;<\/p>\n<h2><img loading=\"lazy\" decoding=\"async\" class=\"size-full wp-image-4143 alignleft\" src=\"https:\/\/ajimport.com.br\/wp-content\/uploads\/2023\/02\/Icone-Qualidade.jpg\" sizes=\"(max-width: 70px) 100vw, 70px\" srcset=\"https:\/\/ajimport.com.br\/wp-content\/uploads\/2023\/02\/Icone-Qualidade.jpg 70w, https:\/\/ajimport.com.br\/wp-content\/uploads\/2023\/02\/Icone-Qualidade-12x12.jpg 12w\" alt=\"\" width=\"70\" height=\"70\" \/><strong>Qualidade, Resist\u00eancia e Fabrica\u00e7\u00e3o da cadeira Church<\/strong><strong>.<\/strong><\/h2>\n<p>A\u00a0<strong>qualidade da AJ IMPORT<\/strong>\u00a0j\u00e1 \u00e9 reconhecida, importamos os modelos mais reconhecidos mundialmente e sempre com alta qualidade em cada pe\u00e7a para voc\u00ea.<br \/>\nEstamos no mercado h\u00e1 mais de 14 anos e estamos presentes em todo o Brasil, levando a mais alta qualidade em cada cadeira, mesa e banqueta.<br \/>\nA\u00a0<strong>Cadeira Church<\/strong>\u00a0permite at\u00e9 120 quilos.<\/p>\n<p>&nbsp;<\/p>\n<p>&nbsp;<\/p>","protected":false},"excerpt":{"rendered":"<p>A cadeira Church \u00e9 a solu\u00e7\u00e3o perfeita para quem busca praticidade e conforto em ambientes de grandes dimens\u00f5es. Com design funcional e compacto, ela facilita a organiza\u00e7\u00e3o e otimiza o uso do espa\u00e7o durante eventos e reuni\u00f5es prolongadas ou at\u00e9 mesmo cultos em igrejas. A sua estrutura foi cuidadosamente projetada para atender \u00e0s necessidades de [&hellip;]<\/p>\n","protected":false},"featured_media":19386,"comment_status":"closed","ping_status":"closed","template":"","meta":[],"product_brand":[],"product_cat":[20],"product_tag":[],"e-destaque":[560],"marca":[64],"class_list":{"0":"post-19385","1":"product","2":"type-product","3":"status-publish","4":"has-post-thumbnail","6":"product_cat-office","7":"e-destaque-nao","8":"marca-aj-import","10":"first","11":"instock","12":"shipping-taxable","13":"purchasable","14":"product-type-simple"},"yoast_head":"<!-- This site is optimized with the Yoast SEO Premium plugin v24.7 (Yoast SEO v27.4) - https:\/\/yoast.com\/product\/yoast-seo-premium-wordpress\/ -->\n<title>Cadeira Church - AJ Import<\/title>\n<meta name=\"robots\" content=\"index, follow, max-snippet:-1, max-image-preview:large, max-video-preview:-1\" \/>\n<link rel=\"canonical\" href=\"https:\/\/ajimport.com.br\/en\/product\/cadeira-church\/\" \/>\n<meta property=\"og:locale\" content=\"en_US\" \/>\n<meta property=\"og:type\" content=\"article\" \/>\n<meta property=\"og:title\" content=\"Cadeira Church\" \/>\n<meta property=\"og:description\" content=\"A cadeira Church \u00e9 a solu\u00e7\u00e3o perfeita para quem busca praticidade e conforto em ambientes de grandes dimens\u00f5es. Com design funcional e compacto, ela facilita a organiza\u00e7\u00e3o e otimiza o uso do espa\u00e7o durante eventos e reuni\u00f5es prolongadas ou at\u00e9 mesmo cultos em igrejas. A sua estrutura foi cuidadosamente projetada para atender \u00e0s necessidades de [&hellip;]\" \/>\n<meta property=\"og:url\" content=\"https:\/\/ajimport.com.br\/en\/product\/cadeira-church\/\" \/>\n<meta property=\"og:site_name\" content=\"AJ Import\" \/>\n<meta property=\"article:publisher\" content=\"https:\/\/www.facebook.com\/grupoajimport\/?locale=pt_BR\" \/>\n<meta property=\"article:modified_time\" content=\"2026-01-13T13:34:00+00:00\" \/>\n<meta property=\"og:image\" content=\"https:\/\/ajimport.com.br\/wp-content\/uploads\/2025\/01\/2-5.jpg\" \/>\n\t<meta property=\"og:image:width\" content=\"1000\" \/>\n\t<meta property=\"og:image:height\" content=\"1000\" \/>\n\t<meta property=\"og:image:type\" content=\"image\/jpeg\" \/>\n<meta name=\"twitter:card\" content=\"summary_large_image\" \/>\n<meta name=\"twitter:label1\" content=\"Est. reading time\" \/>\n\t<meta name=\"twitter:data1\" content=\"5 minutes\" \/>\n<script type=\"application\/ld+json\" class=\"yoast-schema-graph\">{\"@context\":\"https:\\\/\\\/schema.org\",\"@graph\":[{\"@type\":\"WebPage\",\"@id\":\"https:\\\/\\\/ajimport.com.br\\\/produto\\\/cadeira-church\\\/\",\"url\":\"https:\\\/\\\/ajimport.com.br\\\/produto\\\/cadeira-church\\\/\",\"name\":\"Cadeira Church - AJ Import\",\"isPartOf\":{\"@id\":\"https:\\\/\\\/ajimport.com.br\\\/#website\"},\"primaryImageOfPage\":{\"@id\":\"https:\\\/\\\/ajimport.com.br\\\/produto\\\/cadeira-church\\\/#primaryimage\"},\"image\":{\"@id\":\"https:\\\/\\\/ajimport.com.br\\\/produto\\\/cadeira-church\\\/#primaryimage\"},\"thumbnailUrl\":\"https:\\\/\\\/ajimport.com.br\\\/wp-content\\\/uploads\\\/2025\\\/01\\\/2-5.jpg\",\"datePublished\":\"2025-01-11T04:39:54+00:00\",\"dateModified\":\"2026-01-13T13:34:00+00:00\",\"breadcrumb\":{\"@id\":\"https:\\\/\\\/ajimport.com.br\\\/produto\\\/cadeira-church\\\/#breadcrumb\"},\"inLanguage\":\"en-US\",\"potentialAction\":[{\"@type\":\"ReadAction\",\"target\":[\"https:\\\/\\\/ajimport.com.br\\\/produto\\\/cadeira-church\\\/\"]}]},{\"@type\":\"ImageObject\",\"inLanguage\":\"en-US\",\"@id\":\"https:\\\/\\\/ajimport.com.br\\\/produto\\\/cadeira-church\\\/#primaryimage\",\"url\":\"https:\\\/\\\/ajimport.com.br\\\/wp-content\\\/uploads\\\/2025\\\/01\\\/2-5.jpg\",\"contentUrl\":\"https:\\\/\\\/ajimport.com.br\\\/wp-content\\\/uploads\\\/2025\\\/01\\\/2-5.jpg\",\"width\":1000,\"height\":1000},{\"@type\":\"BreadcrumbList\",\"@id\":\"https:\\\/\\\/ajimport.com.br\\\/produto\\\/cadeira-church\\\/#breadcrumb\",\"itemListElement\":[{\"@type\":\"ListItem\",\"position\":1,\"name\":\"Home\",\"item\":\"https:\\\/\\\/ajimport.com.br\\\/\"},{\"@type\":\"ListItem\",\"position\":2,\"name\":\"Cat\u00e1logo\",\"item\":\"https:\\\/\\\/ajimport.com.br\\\/catalogo\\\/\"},{\"@type\":\"ListItem\",\"position\":3,\"name\":\"Cadeira Church\"}]},{\"@type\":\"WebSite\",\"@id\":\"https:\\\/\\\/ajimport.com.br\\\/#website\",\"url\":\"https:\\\/\\\/ajimport.com.br\\\/\",\"name\":\"AJ Import\",\"description\":\"A maior especialista em cadeiras  importadas do pa\u00eds.\",\"publisher\":{\"@id\":\"https:\\\/\\\/ajimport.com.br\\\/#organization\"},\"potentialAction\":[{\"@type\":\"SearchAction\",\"target\":{\"@type\":\"EntryPoint\",\"urlTemplate\":\"https:\\\/\\\/ajimport.com.br\\\/?s={search_term_string}\"},\"query-input\":{\"@type\":\"PropertyValueSpecification\",\"valueRequired\":true,\"valueName\":\"search_term_string\"}}],\"inLanguage\":\"en-US\"},{\"@type\":\"Organization\",\"@id\":\"https:\\\/\\\/ajimport.com.br\\\/#organization\",\"name\":\"Grupo AJ Import\",\"url\":\"https:\\\/\\\/ajimport.com.br\\\/\",\"logo\":{\"@type\":\"ImageObject\",\"inLanguage\":\"en-US\",\"@id\":\"https:\\\/\\\/ajimport.com.br\\\/#\\\/schema\\\/logo\\\/image\\\/\",\"url\":\"https:\\\/\\\/ajimport.com.br\\\/wp-content\\\/uploads\\\/2022\\\/10\\\/Grupo-53-1.png\",\"contentUrl\":\"https:\\\/\\\/ajimport.com.br\\\/wp-content\\\/uploads\\\/2022\\\/10\\\/Grupo-53-1.png\",\"width\":80,\"height\":64,\"caption\":\"Grupo AJ Import\"},\"image\":{\"@id\":\"https:\\\/\\\/ajimport.com.br\\\/#\\\/schema\\\/logo\\\/image\\\/\"},\"sameAs\":[\"https:\\\/\\\/www.facebook.com\\\/grupoajimport\\\/?locale=pt_BR\",\"https:\\\/\\\/www.instagram.com\\\/grupoajimport\\\/\",\"https:\\\/\\\/br.linkedin.com\\\/company\\\/grupoajimport\"]}]}<\/script>\n<!-- \/ Yoast SEO Premium plugin. -->","yoast_head_json":{"title":"Cadeira Church - AJ Import","robots":{"index":"index","follow":"follow","max-snippet":"max-snippet:-1","max-image-preview":"max-image-preview:large","max-video-preview":"max-video-preview:-1"},"canonical":"https:\/\/ajimport.com.br\/en\/product\/cadeira-church\/","og_locale":"en_US","og_type":"article","og_title":"Cadeira Church","og_description":"A cadeira Church \u00e9 a solu\u00e7\u00e3o perfeita para quem busca praticidade e conforto em ambientes de grandes dimens\u00f5es. Com design funcional e compacto, ela facilita a organiza\u00e7\u00e3o e otimiza o uso do espa\u00e7o durante eventos e reuni\u00f5es prolongadas ou at\u00e9 mesmo cultos em igrejas. A sua estrutura foi cuidadosamente projetada para atender \u00e0s necessidades de [&hellip;]","og_url":"https:\/\/ajimport.com.br\/en\/product\/cadeira-church\/","og_site_name":"AJ Import","article_publisher":"https:\/\/www.facebook.com\/grupoajimport\/?locale=pt_BR","article_modified_time":"2026-01-13T13:34:00+00:00","og_image":[{"width":1000,"height":1000,"url":"https:\/\/ajimport.com.br\/wp-content\/uploads\/2025\/01\/2-5.jpg","type":"image\/jpeg"}],"twitter_card":"summary_large_image","twitter_misc":{"Est. reading time":"5 minutes"},"schema":{"@context":"https:\/\/schema.org","@graph":[{"@type":"WebPage","@id":"https:\/\/ajimport.com.br\/produto\/cadeira-church\/","url":"https:\/\/ajimport.com.br\/produto\/cadeira-church\/","name":"Cadeira Church - AJ Import","isPartOf":{"@id":"https:\/\/ajimport.com.br\/#website"},"primaryImageOfPage":{"@id":"https:\/\/ajimport.com.br\/produto\/cadeira-church\/#primaryimage"},"image":{"@id":"https:\/\/ajimport.com.br\/produto\/cadeira-church\/#primaryimage"},"thumbnailUrl":"https:\/\/ajimport.com.br\/wp-content\/uploads\/2025\/01\/2-5.jpg","datePublished":"2025-01-11T04:39:54+00:00","dateModified":"2026-01-13T13:34:00+00:00","breadcrumb":{"@id":"https:\/\/ajimport.com.br\/produto\/cadeira-church\/#breadcrumb"},"inLanguage":"en-US","potentialAction":[{"@type":"ReadAction","target":["https:\/\/ajimport.com.br\/produto\/cadeira-church\/"]}]},{"@type":"ImageObject","inLanguage":"en-US","@id":"https:\/\/ajimport.com.br\/produto\/cadeira-church\/#primaryimage","url":"https:\/\/ajimport.com.br\/wp-content\/uploads\/2025\/01\/2-5.jpg","contentUrl":"https:\/\/ajimport.com.br\/wp-content\/uploads\/2025\/01\/2-5.jpg","width":1000,"height":1000},{"@type":"BreadcrumbList","@id":"https:\/\/ajimport.com.br\/produto\/cadeira-church\/#breadcrumb","itemListElement":[{"@type":"ListItem","position":1,"name":"Home","item":"https:\/\/ajimport.com.br\/"},{"@type":"ListItem","position":2,"name":"Cat\u00e1logo","item":"https:\/\/ajimport.com.br\/catalogo\/"},{"@type":"ListItem","position":3,"name":"Cadeira Church"}]},{"@type":"WebSite","@id":"https:\/\/ajimport.com.br\/#website","url":"https:\/\/ajimport.com.br\/","name":"AJ Import","description":"A maior especialista em cadeiras  importadas do pa\u00eds.","publisher":{"@id":"https:\/\/ajimport.com.br\/#organization"},"potentialAction":[{"@type":"SearchAction","target":{"@type":"EntryPoint","urlTemplate":"https:\/\/ajimport.com.br\/?s={search_term_string}"},"query-input":{"@type":"PropertyValueSpecification","valueRequired":true,"valueName":"search_term_string"}}],"inLanguage":"en-US"},{"@type":"Organization","@id":"https:\/\/ajimport.com.br\/#organization","name":"Grupo AJ Import","url":"https:\/\/ajimport.com.br\/","logo":{"@type":"ImageObject","inLanguage":"en-US","@id":"https:\/\/ajimport.com.br\/#\/schema\/logo\/image\/","url":"https:\/\/ajimport.com.br\/wp-content\/uploads\/2022\/10\/Grupo-53-1.png","contentUrl":"https:\/\/ajimport.com.br\/wp-content\/uploads\/2022\/10\/Grupo-53-1.png","width":80,"height":64,"caption":"Grupo AJ Import"},"image":{"@id":"https:\/\/ajimport.com.br\/#\/schema\/logo\/image\/"},"sameAs":["https:\/\/www.facebook.com\/grupoajimport\/?locale=pt_BR","https:\/\/www.instagram.com\/grupoajimport\/","https:\/\/br.linkedin.com\/company\/grupoajimport"]}]}},"_links":{"self":[{"href":"https:\/\/ajimport.com.br\/en\/wp-json\/wp\/v2\/product\/19385","targetHints":{"allow":["GET"]}}],"collection":[{"href":"https:\/\/ajimport.com.br\/en\/wp-json\/wp\/v2\/product"}],"about":[{"href":"https:\/\/ajimport.com.br\/en\/wp-json\/wp\/v2\/types\/product"}],"replies":[{"embeddable":true,"href":"https:\/\/ajimport.com.br\/en\/wp-json\/wp\/v2\/comments?post=19385"}],"wp:featuredmedia":[{"embeddable":true,"href":"https:\/\/ajimport.com.br\/en\/wp-json\/wp\/v2\/media\/19386"}],"wp:attachment":[{"href":"https:\/\/ajimport.com.br\/en\/wp-json\/wp\/v2\/media?parent=19385"}],"wp:term":[{"taxonomy":"product_brand","embeddable":true,"href":"https:\/\/ajimport.com.br\/en\/wp-json\/wp\/v2\/product_brand?post=19385"},{"taxonomy":"product_cat","embeddable":true,"href":"https:\/\/ajimport.com.br\/en\/wp-json\/wp\/v2\/product_cat?post=19385"},{"taxonomy":"product_tag","embeddable":true,"href":"https:\/\/ajimport.com.br\/en\/wp-json\/wp\/v2\/product_tag?post=19385"},{"taxonomy":"e-destaque","embeddable":true,"href":"https:\/\/ajimport.com.br\/en\/wp-json\/wp\/v2\/e-destaque?post=19385"},{"taxonomy":"marca","embeddable":true,"href":"https:\/\/ajimport.com.br\/en\/wp-json\/wp\/v2\/marca?post=19385"}],"curies":[{"name":"wp","href":"https:\/\/api.w.org\/{rel}","templated":true}]}}