{"id":21421,"date":"2025-12-30T15:17:33","date_gmt":"2025-12-30T18:17:33","guid":{"rendered":"https:\/\/ajimport.com.br\/?page_id=21421"},"modified":"2025-12-31T15:23:47","modified_gmt":"2025-12-31T18:23:47","slug":"calendlyform-cloned-21333","status":"publish","type":"page","link":"https:\/\/ajimport.com.br\/en\/calendlyform-cloned-21333\/","title":{"rendered":"CalendlyForm &#8211; [Cloned #21333]"},"content":{"rendered":"<div data-elementor-type=\"wp-page\" data-elementor-id=\"21421\" class=\"elementor elementor-21421\" data-elementor-settings=\"{&quot;ha_cmc_init_switcher&quot;:&quot;no&quot;}\" data-elementor-post-type=\"page\">\n\t\t\t\t\t\t<section class=\"elementor-section elementor-top-section elementor-element elementor-element-e021c9b elementor-section-boxed elementor-section-height-default elementor-section-height-default\" data-id=\"e021c9b\" data-element_type=\"section\" data-settings=\"{&quot;jet_parallax_layout_list&quot;:[],&quot;_ha_eqh_enable&quot;:false}\">\n\t\t\t\t\t\t<div class=\"elementor-container elementor-column-gap-default\">\n\t\t\t\t\t<div class=\"elementor-column elementor-col-100 elementor-top-column elementor-element elementor-element-6c21655\" data-id=\"6c21655\" data-element_type=\"column\">\n\t\t\t<div class=\"elementor-widget-wrap elementor-element-populated\">\n\t\t\t\t\t\t<div class=\"elementor-element elementor-element-52aeae1 elementor-widget elementor-widget-shortcode\" data-id=\"52aeae1\" data-element_type=\"widget\" data-widget_type=\"shortcode.default\">\n\t\t\t\t<div class=\"elementor-widget-container\">\n\t\t\t\t\t\t\t<div class=\"elementor-shortcode\"><form id=\"form-parceria\" action=\"\">\n\n  <label>Nome completo<\/label>\n  <input type=\"text\" name=\"nome\" required>\n\n  <label>Nome da empresa ou opera\u00e7\u00e3o<\/label>\n  <input type=\"text\" name=\"empresa\" required>\n\n  <label>Seu segmento:<\/label>\n  <select name=\"segmento\" required>\n    <option value=\"\">Selecione<\/option>\n    <option value=\"Loja de m\u00f3veis\">Loja de m\u00f3veis<\/option>\n    <option value=\"Arquitetura ou engenharia\">Arquitetura ou engenharia<\/option>\n    <option value=\"Loca\u00e7\u00e3o para eventos\">Loca\u00e7\u00e3o para eventos<\/option>\n    <option value=\"Restaurante, cafeteria ou franquia\">Restaurante, cafeteria ou franquia<\/option>\n    <option value=\"Outro\">Outro<\/option>\n  <\/select>\n\n  <label>J\u00e1 compra m\u00f3veis com fornecedor fixo?<\/label>\n  <div class=\"radio-group\">\n    <label>\n      <input type=\"radio\" name=\"fornecedor\" value=\"Sim\" required> Sim\n    <\/label>\n    <label>\n      <input type=\"radio\" name=\"fornecedor\" value=\"N\u00e3o\"> N\u00e3o\n    <\/label>\n  <\/div>\n\n  <label>Localiza\u00e7\u00e3o da empresa<\/label>\n  <input type=\"text\" name=\"localizacao\" required>\n\n  <label>Qual seu WhatsApp para enviarmos a confirma\u00e7\u00e3o?<\/label>\n  <input type=\"tel\" name=\"whatsapp\" required placeholder=\"(DDD) 9xxxx-xxxx\">\n\n  <button type=\"submit\">Enviar<\/button>\n\n<input type=\"hidden\" name=\"trp-form-language\" value=\"en\"\/><\/form>\n<style>\n#form-parceria {\n  max-width: 520px;\n  font-family: inherit;\n}\n\n#form-parceria label {\n  display: block;\n  margin: 14px 0 6px;\n  font-weight: 600;\n}\n\n#form-parceria input,\n#form-parceria select {\n  width: 100%;\n  padding: 12px;\n  border: 1px solid #ccc;\n  border-radius: 6px;\n}\n\n.radio-group {\n  display: flex;\n  gap: 20px;\n  margin-top: 6px;\n}\n\n#form-parceria button {\n  margin-top: 20px;\n  padding: 14px;\n  width: 100%;\n  border: none;\n  border-radius: 6px;\n  background: #00e5cc;\n  color: #000;\n  font-weight: bold;\n  cursor: pointer;\n}\n<\/style>\n\n\n<script>\ndocument.getElementById('form-parceria').addEventListener('submit', function(e) {\n  e.preventDefault();\n\n  const form = e.target;\n\n  const data = {\n    nome: form.nome.value,\n    empresa: form.empresa.value,\n    segmento: form.segmento.value,\n    fornecedor: form.fornecedor.value,\n    localizacao: form.localizacao.value,\n    whatsapp: form.whatsapp.value\n  };\n\n  fetch('https:\/\/hook.us2.make.com\/io7m7vg6ealpewrxoegox9g268tsq5iy', {\n    method: 'POST',\n    mode: 'no-cors', \/\/ \ud83d\udd25 essencial para Make\n    headers: {\n      'Content-Type': 'application\/json'\n    },\n    body: JSON.stringify(data)\n  })\n  .finally(() => {\n    \/\/ \u2705 redireciona SEMPRE\n    window.location.href = 'https:\/\/seusite.com\/obrigado';\n  });\n});\n<\/script>\n\n<\/div>\n\t\t\t\t\t\t<\/div>\n\t\t\t\t<\/div>\n\t\t\t\t\t<\/div>\n\t\t<\/div>\n\t\t\t\t\t<\/div>\n\t\t<\/section>\n\t\t\t\t<\/div>","protected":false},"excerpt":{"rendered":"<p>Nome completo Nome da empresa ou opera\u00e7\u00e3o Seu segmento: SelecioneLoja de m\u00f3veisArquitetura ou engenhariaLoca\u00e7\u00e3o para eventosRestaurante, cafeteria ou franquiaOutro J\u00e1 compra m\u00f3veis com fornecedor fixo? Sim N\u00e3o Localiza\u00e7\u00e3o da empresa Qual seu WhatsApp para enviarmos a confirma\u00e7\u00e3o? Enviar<\/p>","protected":false},"author":19,"featured_media":0,"parent":0,"menu_order":0,"comment_status":"closed","ping_status":"closed","template":"elementor_canvas","meta":{"footnotes":""},"class_list":["post-21421","page","type-page","status-publish","hentry"],"yoast_head":"<!-- This site is optimized with the Yoast SEO Premium plugin v24.7 (Yoast SEO v27.4) - https:\/\/yoast.com\/product\/yoast-seo-premium-wordpress\/ -->\n<title>CalendlyForm - [Cloned #21333] - AJ Import<\/title>\n<meta name=\"robots\" content=\"index, follow, max-snippet:-1, max-image-preview:large, max-video-preview:-1\" \/>\n<link rel=\"canonical\" href=\"https:\/\/ajimport.com.br\/en\/calendlyform-cloned-21333\/\" \/>\n<meta property=\"og:locale\" content=\"en_US\" \/>\n<meta property=\"og:type\" content=\"article\" \/>\n<meta property=\"og:title\" content=\"CalendlyForm - [Cloned #21333]\" \/>\n<meta property=\"og:description\" content=\"Nome completo Nome da empresa ou opera\u00e7\u00e3o Seu segmento: SelecioneLoja de m\u00f3veisArquitetura ou engenhariaLoca\u00e7\u00e3o para eventosRestaurante, cafeteria ou franquiaOutro J\u00e1 compra m\u00f3veis com fornecedor fixo? Sim N\u00e3o Localiza\u00e7\u00e3o da empresa Qual seu WhatsApp para enviarmos a confirma\u00e7\u00e3o? Enviar\" \/>\n<meta property=\"og:url\" content=\"https:\/\/ajimport.com.br\/en\/calendlyform-cloned-21333\/\" \/>\n<meta property=\"og:site_name\" content=\"AJ Import\" \/>\n<meta property=\"article:publisher\" content=\"https:\/\/www.facebook.com\/grupoajimport\/?locale=pt_BR\" \/>\n<meta property=\"article:modified_time\" content=\"2025-12-31T18:23:47+00:00\" \/>\n<meta name=\"twitter:card\" content=\"summary_large_image\" \/>\n<script type=\"application\/ld+json\" class=\"yoast-schema-graph\">{\"@context\":\"https:\\\/\\\/schema.org\",\"@graph\":[{\"@type\":\"WebPage\",\"@id\":\"https:\\\/\\\/ajimport.com.br\\\/calendlyform-cloned-21333\\\/\",\"url\":\"https:\\\/\\\/ajimport.com.br\\\/calendlyform-cloned-21333\\\/\",\"name\":\"CalendlyForm - [Cloned #21333] - AJ Import\",\"isPartOf\":{\"@id\":\"https:\\\/\\\/ajimport.com.br\\\/#website\"},\"datePublished\":\"2025-12-30T18:17:33+00:00\",\"dateModified\":\"2025-12-31T18:23:47+00:00\",\"breadcrumb\":{\"@id\":\"https:\\\/\\\/ajimport.com.br\\\/calendlyform-cloned-21333\\\/#breadcrumb\"},\"inLanguage\":\"en-US\",\"potentialAction\":[{\"@type\":\"ReadAction\",\"target\":[\"https:\\\/\\\/ajimport.com.br\\\/calendlyform-cloned-21333\\\/\"]}]},{\"@type\":\"BreadcrumbList\",\"@id\":\"https:\\\/\\\/ajimport.com.br\\\/calendlyform-cloned-21333\\\/#breadcrumb\",\"itemListElement\":[{\"@type\":\"ListItem\",\"position\":1,\"name\":\"Home\",\"item\":\"https:\\\/\\\/ajimport.com.br\\\/\"},{\"@type\":\"ListItem\",\"position\":2,\"name\":\"CalendlyForm &#8211; [Cloned #21333]\"}]},{\"@type\":\"WebSite\",\"@id\":\"https:\\\/\\\/ajimport.com.br\\\/#website\",\"url\":\"https:\\\/\\\/ajimport.com.br\\\/\",\"name\":\"AJ Import\",\"description\":\"A maior especialista em cadeiras  importadas do pa\u00eds.\",\"publisher\":{\"@id\":\"https:\\\/\\\/ajimport.com.br\\\/#organization\"},\"potentialAction\":[{\"@type\":\"SearchAction\",\"target\":{\"@type\":\"EntryPoint\",\"urlTemplate\":\"https:\\\/\\\/ajimport.com.br\\\/?s={search_term_string}\"},\"query-input\":{\"@type\":\"PropertyValueSpecification\",\"valueRequired\":true,\"valueName\":\"search_term_string\"}}],\"inLanguage\":\"en-US\"},{\"@type\":\"Organization\",\"@id\":\"https:\\\/\\\/ajimport.com.br\\\/#organization\",\"name\":\"Grupo AJ Import\",\"url\":\"https:\\\/\\\/ajimport.com.br\\\/\",\"logo\":{\"@type\":\"ImageObject\",\"inLanguage\":\"en-US\",\"@id\":\"https:\\\/\\\/ajimport.com.br\\\/#\\\/schema\\\/logo\\\/image\\\/\",\"url\":\"https:\\\/\\\/ajimport.com.br\\\/wp-content\\\/uploads\\\/2022\\\/10\\\/Grupo-53-1.png\",\"contentUrl\":\"https:\\\/\\\/ajimport.com.br\\\/wp-content\\\/uploads\\\/2022\\\/10\\\/Grupo-53-1.png\",\"width\":80,\"height\":64,\"caption\":\"Grupo AJ Import\"},\"image\":{\"@id\":\"https:\\\/\\\/ajimport.com.br\\\/#\\\/schema\\\/logo\\\/image\\\/\"},\"sameAs\":[\"https:\\\/\\\/www.facebook.com\\\/grupoajimport\\\/?locale=pt_BR\",\"https:\\\/\\\/www.instagram.com\\\/grupoajimport\\\/\",\"https:\\\/\\\/br.linkedin.com\\\/company\\\/grupoajimport\"]}]}<\/script>\n<!-- \/ Yoast SEO Premium plugin. -->","yoast_head_json":{"title":"CalendlyForm - [Cloned #21333] - AJ Import","robots":{"index":"index","follow":"follow","max-snippet":"max-snippet:-1","max-image-preview":"max-image-preview:large","max-video-preview":"max-video-preview:-1"},"canonical":"https:\/\/ajimport.com.br\/en\/calendlyform-cloned-21333\/","og_locale":"en_US","og_type":"article","og_title":"CalendlyForm - [Cloned #21333]","og_description":"Nome completo Nome da empresa ou opera\u00e7\u00e3o Seu segmento: SelecioneLoja de m\u00f3veisArquitetura ou engenhariaLoca\u00e7\u00e3o para eventosRestaurante, cafeteria ou franquiaOutro J\u00e1 compra m\u00f3veis com fornecedor fixo? Sim N\u00e3o Localiza\u00e7\u00e3o da empresa Qual seu WhatsApp para enviarmos a confirma\u00e7\u00e3o? Enviar","og_url":"https:\/\/ajimport.com.br\/en\/calendlyform-cloned-21333\/","og_site_name":"AJ Import","article_publisher":"https:\/\/www.facebook.com\/grupoajimport\/?locale=pt_BR","article_modified_time":"2025-12-31T18:23:47+00:00","twitter_card":"summary_large_image","schema":{"@context":"https:\/\/schema.org","@graph":[{"@type":"WebPage","@id":"https:\/\/ajimport.com.br\/calendlyform-cloned-21333\/","url":"https:\/\/ajimport.com.br\/calendlyform-cloned-21333\/","name":"CalendlyForm - [Cloned #21333] - AJ Import","isPartOf":{"@id":"https:\/\/ajimport.com.br\/#website"},"datePublished":"2025-12-30T18:17:33+00:00","dateModified":"2025-12-31T18:23:47+00:00","breadcrumb":{"@id":"https:\/\/ajimport.com.br\/calendlyform-cloned-21333\/#breadcrumb"},"inLanguage":"en-US","potentialAction":[{"@type":"ReadAction","target":["https:\/\/ajimport.com.br\/calendlyform-cloned-21333\/"]}]},{"@type":"BreadcrumbList","@id":"https:\/\/ajimport.com.br\/calendlyform-cloned-21333\/#breadcrumb","itemListElement":[{"@type":"ListItem","position":1,"name":"Home","item":"https:\/\/ajimport.com.br\/"},{"@type":"ListItem","position":2,"name":"CalendlyForm &#8211; [Cloned #21333]"}]},{"@type":"WebSite","@id":"https:\/\/ajimport.com.br\/#website","url":"https:\/\/ajimport.com.br\/","name":"AJ Import","description":"A maior especialista em cadeiras  importadas do pa\u00eds.","publisher":{"@id":"https:\/\/ajimport.com.br\/#organization"},"potentialAction":[{"@type":"SearchAction","target":{"@type":"EntryPoint","urlTemplate":"https:\/\/ajimport.com.br\/?s={search_term_string}"},"query-input":{"@type":"PropertyValueSpecification","valueRequired":true,"valueName":"search_term_string"}}],"inLanguage":"en-US"},{"@type":"Organization","@id":"https:\/\/ajimport.com.br\/#organization","name":"Grupo AJ Import","url":"https:\/\/ajimport.com.br\/","logo":{"@type":"ImageObject","inLanguage":"en-US","@id":"https:\/\/ajimport.com.br\/#\/schema\/logo\/image\/","url":"https:\/\/ajimport.com.br\/wp-content\/uploads\/2022\/10\/Grupo-53-1.png","contentUrl":"https:\/\/ajimport.com.br\/wp-content\/uploads\/2022\/10\/Grupo-53-1.png","width":80,"height":64,"caption":"Grupo AJ Import"},"image":{"@id":"https:\/\/ajimport.com.br\/#\/schema\/logo\/image\/"},"sameAs":["https:\/\/www.facebook.com\/grupoajimport\/?locale=pt_BR","https:\/\/www.instagram.com\/grupoajimport\/","https:\/\/br.linkedin.com\/company\/grupoajimport"]}]}},"_links":{"self":[{"href":"https:\/\/ajimport.com.br\/en\/wp-json\/wp\/v2\/pages\/21421","targetHints":{"allow":["GET"]}}],"collection":[{"href":"https:\/\/ajimport.com.br\/en\/wp-json\/wp\/v2\/pages"}],"about":[{"href":"https:\/\/ajimport.com.br\/en\/wp-json\/wp\/v2\/types\/page"}],"author":[{"embeddable":true,"href":"https:\/\/ajimport.com.br\/en\/wp-json\/wp\/v2\/users\/19"}],"replies":[{"embeddable":true,"href":"https:\/\/ajimport.com.br\/en\/wp-json\/wp\/v2\/comments?post=21421"}],"version-history":[{"count":33,"href":"https:\/\/ajimport.com.br\/en\/wp-json\/wp\/v2\/pages\/21421\/revisions"}],"predecessor-version":[{"id":21465,"href":"https:\/\/ajimport.com.br\/en\/wp-json\/wp\/v2\/pages\/21421\/revisions\/21465"}],"wp:attachment":[{"href":"https:\/\/ajimport.com.br\/en\/wp-json\/wp\/v2\/media?parent=21421"}],"curies":[{"name":"wp","href":"https:\/\/api.w.org\/{rel}","templated":true}]}}